{"id":13915,"date":"2025-04-02T19:23:00","date_gmt":"2025-04-02T17:23:00","guid":{"rendered":"https:\/\/maksyboats.com\/?page_id=13915"},"modified":"2025-04-02T19:24:11","modified_gmt":"2025-04-02T17:24:11","slug":"colonia-sant-jordi","status":"publish","type":"page","link":"https:\/\/maksyboats.com\/es\/locations\/colonia-sant-jordi\/","title":{"rendered":"Colonia de Sant Jordi."},"content":{"rendered":"<div id=\"pl-13915\"  class=\"panel-layout\" ><div id=\"pg-13915-0\"  class=\"panel-grid panel-no-style\" ><div id=\"pgc-13915-0-0\"  class=\"panel-grid-cell panel-grid-cell-empty\" ><\/div><\/div><div id=\"pg-13915-1\"  class=\"panel-grid panel-no-style\" ><div id=\"pgc-13915-1-0\"  class=\"panel-grid-cell\" ><div id=\"panel-13915-1-0-0\" class=\"so-panel widget widget_sow-editor panel-first-child\" data-index=\"0\" ><div\n\t\t\t\n\t\t\tclass=\"so-widget-sow-editor so-widget-sow-editor-base\"\n\t\t\t\n\t\t><h3 class=\"widget-title\">Colonia de Sant Jordi.<\/h3>\n<div class=\"siteorigin-widget-tinymce textwidget\">\n\t<p>Ubicado en la impresionante costa sur de Mallorca, <strong data-start=\"47\" data-end=\"72\">Colonia de Sant Jordi.<\/strong> es una encantadora ciudad costera conocida por su <strong data-start=\"114\" data-end=\"160\">aguas cristalinas y playas v\u00edrgenes<\/strong>Su moderno puerto deportivo es la puerta de entrada perfecta a algunos de los lugares m\u00e1s impresionantes de la isla. Desde aqu\u00ed, puede zarpar hacia... <strong data-start=\"294\" data-end=\"339\">playas v\u00edrgenes de Es Trenc y Es Carb\u00f3<\/strong>, explorar las calas aisladas de la costa o aventurarse a la <strong data-start=\"404\" data-end=\"443\">reserva marina protegida de Cabrera<\/strong>Un para\u00edso de aguas turquesas y una rica vida marina. Tanto si buscas relax como aventura, el puerto deportivo de la Col\u00f2nia de Sant Jordi ofrece el punto de partida ideal para un d\u00eda inolvidable en el mar.<\/p>\n<\/div>\n<\/div><\/div><div id=\"panel-13915-1-0-1\" class=\"so-panel widget widget_sow-editor\" data-index=\"1\" ><div\n\t\t\t\n\t\t\tclass=\"so-widget-sow-editor so-widget-sow-editor-base\"\n\t\t\t\n\t\t><h3 class=\"widget-title\">MaksyBoats en la Colonia de Sant Jordi<\/h3>\n<div class=\"siteorigin-widget-tinymce textwidget\">\n\t<p><iframe src=\"https:\/\/www.google.com\/maps\/embed?pb=!1m18!1m12!1m3!1d2196.2749192025044!2d2.996612770720551!3d39.3160341637308!2m3!1f0!2f0!3f0!3m2!1i1024!2i768!4f13.1!3m3!1m2!1s0x1297a91ba8f14c6d%3A0x3c47c4df4bef67db!2sPort%20Col%C3%B2nia%20de%20Sant%20Jordi!5e1!3m2!1ses!2ses!4v1743614525953!5m2!1ses!2ses\" width=\"600\" height=\"450\" style=\"border:0;\" allowfullscreen=\"\" loading=\"lazy\" referrerpolicy=\"no-referrer-when-downgrade\"><\/iframe><\/p>\n<\/div>\n<\/div><\/div><div id=\"panel-13915-1-0-2\" class=\"so-panel widget widget_sow-editor panel-last-child\" data-index=\"2\" ><div\n\t\t\t\n\t\t\tclass=\"so-widget-sow-editor so-widget-sow-editor-base\"\n\t\t\t\n\t\t><h3 class=\"widget-title\">El tiempo en Colonia de Sant Jordi<\/h3>\n<div class=\"siteorigin-widget-tinymce textwidget\">\n\t<div id=\"c_a3e63ac9bbbaa6f576a177ff70b3cc8a\" class=\"alto\"><\/div>\n<p><script type=\"text\/javascript\" src=\"https:\/\/en.eltiempo.es\/widget\/widget_loader\/a3e63ac9bbbaa6f576a177ff70b3cc8a\"><\/script><\/p>\n<\/div>\n<\/div><\/div><\/div><\/div><\/div>","protected":false},"excerpt":{"rendered":"<p>Enclavada en la impresionante costa sur de Mallorca, la Col\u00f2nia de Sant Jordi es un encantador pueblo costero conocido por sus aguas cristalinas y playas v\u00edrgenes. Su moderno puerto deportivo es la puerta de entrada perfecta a algunos de los lugares m\u00e1s impresionantes de la isla. Desde aqu\u00ed, podr\u00e1 navegar hacia las playas v\u00edrgenes de Es Trenc y Es Carb\u00f3\u2026 <a title=\"Colonia de Sant Jordi.\" class=\"read-more\" href=\"https:\/\/maksyboats.com\/es\/locations\/colonia-sant-jordi\/\" aria-label=\"Leer m\u00e1s sobre Colonia de Sant Jordi\">Leer m\u00e1s \u00bb<\/a><\/p>","protected":false},"author":1,"featured_media":13916,"parent":11778,"menu_order":0,"comment_status":"closed","ping_status":"closed","template":"","meta":{"generate_page_header":"","jetpack_post_was_ever_published":false,"footnotes":""},"tags":[],"class_list":["post-13915","page","type-page","status-publish","has-post-thumbnail"],"yoast_head":"<!-- This site is optimized with the Yoast SEO plugin v27.3 - https:\/\/yoast.com\/product\/yoast-seo-wordpress\/ -->\n<title>Boat Hire &amp; Charters in Port de Pollen\u00e7a with MaksyBoats<\/title>\n<meta name=\"description\" content=\"Col\u00f2nia de Sant Jordi Nestled on Mallorca\u2019s stunning southern coast, Col\u00f2nia de Sant Jordi is a charming seaside town known for its crystal-clear waters\" \/>\n<meta name=\"robots\" content=\"index, follow, max-snippet:-1, max-image-preview:large, max-video-preview:-1\" \/>\n<link rel=\"canonical\" href=\"https:\/\/maksyboats.com\/es\/ubicaciones\/colonia-sant-jordi\/\" \/>\n<meta property=\"og:locale\" content=\"es_ES\" \/>\n<meta property=\"og:type\" content=\"article\" \/>\n<meta property=\"og:title\" content=\"Boat Hire &amp; Charters in Port de Pollen\u00e7a with MaksyBoats\" \/>\n<meta property=\"og:description\" content=\"Col\u00f2nia de Sant Jordi Nestled on Mallorca\u2019s stunning southern coast, Col\u00f2nia de Sant Jordi is a charming seaside town known for its crystal-clear waters\" \/>\n<meta property=\"og:url\" content=\"https:\/\/maksyboats.com\/es\/ubicaciones\/colonia-sant-jordi\/\" \/>\n<meta property=\"og:site_name\" content=\"MaksyBoats\" \/>\n<meta property=\"article:publisher\" content=\"https:\/\/www.facebook.com\/maksyboats\/\" \/>\n<meta property=\"article:modified_time\" content=\"2025-04-02T17:24:11+00:00\" \/>\n<meta property=\"og:image\" content=\"https:\/\/maksyboats.com\/wpm\/wp-content\/uploads\/2025\/04\/colonia-sant-jordi-mallorca.webp\" \/>\n\t<meta property=\"og:image:width\" content=\"1600\" \/>\n\t<meta property=\"og:image:height\" content=\"1060\" \/>\n\t<meta property=\"og:image:type\" content=\"image\/webp\" \/>\n<meta name=\"twitter:card\" content=\"summary_large_image\" \/>\n<meta name=\"twitter:site\" content=\"@maksyboats\" \/>\n<meta name=\"twitter:label1\" content=\"Tiempo de lectura\" \/>\n\t<meta name=\"twitter:data1\" content=\"1 minuto\" \/>\n<script type=\"application\/ld+json\" class=\"yoast-schema-graph\">{\"@context\":\"https:\\\/\\\/schema.org\",\"@graph\":[{\"@type\":\"WebPage\",\"@id\":\"https:\\\/\\\/maksyboats.com\\\/locations\\\/colonia-sant-jordi\\\/\",\"url\":\"https:\\\/\\\/maksyboats.com\\\/locations\\\/colonia-sant-jordi\\\/\",\"name\":\"Boat Hire & Charters in Port de Pollen\u00e7a with MaksyBoats\",\"isPartOf\":{\"@id\":\"https:\\\/\\\/maksyboats.com\\\/#website\"},\"primaryImageOfPage\":{\"@id\":\"https:\\\/\\\/maksyboats.com\\\/locations\\\/colonia-sant-jordi\\\/#primaryimage\"},\"image\":{\"@id\":\"https:\\\/\\\/maksyboats.com\\\/locations\\\/colonia-sant-jordi\\\/#primaryimage\"},\"thumbnailUrl\":\"https:\\\/\\\/i0.wp.com\\\/maksyboats.com\\\/wpm\\\/wp-content\\\/uploads\\\/2025\\\/04\\\/colonia-sant-jordi-mallorca.webp?fit=1600%2C1060&ssl=1\",\"datePublished\":\"2025-04-02T17:23:00+00:00\",\"dateModified\":\"2025-04-02T17:24:11+00:00\",\"description\":\"Col\u00f2nia de Sant Jordi Nestled on Mallorca\u2019s stunning southern coast, Col\u00f2nia de Sant Jordi is a charming seaside town known for its crystal-clear waters\",\"breadcrumb\":{\"@id\":\"https:\\\/\\\/maksyboats.com\\\/locations\\\/colonia-sant-jordi\\\/#breadcrumb\"},\"inLanguage\":\"es\",\"potentialAction\":[{\"@type\":\"ReadAction\",\"target\":[\"https:\\\/\\\/maksyboats.com\\\/locations\\\/colonia-sant-jordi\\\/\"]}]},{\"@type\":\"ImageObject\",\"inLanguage\":\"es\",\"@id\":\"https:\\\/\\\/maksyboats.com\\\/locations\\\/colonia-sant-jordi\\\/#primaryimage\",\"url\":\"https:\\\/\\\/i0.wp.com\\\/maksyboats.com\\\/wpm\\\/wp-content\\\/uploads\\\/2025\\\/04\\\/colonia-sant-jordi-mallorca.webp?fit=1600%2C1060&ssl=1\",\"contentUrl\":\"https:\\\/\\\/i0.wp.com\\\/maksyboats.com\\\/wpm\\\/wp-content\\\/uploads\\\/2025\\\/04\\\/colonia-sant-jordi-mallorca.webp?fit=1600%2C1060&ssl=1\",\"width\":1600,\"height\":1060,\"caption\":\"Colonia Sant Jordi, Mallorca\"},{\"@type\":\"BreadcrumbList\",\"@id\":\"https:\\\/\\\/maksyboats.com\\\/locations\\\/colonia-sant-jordi\\\/#breadcrumb\",\"itemListElement\":[{\"@type\":\"ListItem\",\"position\":1,\"name\":\"Home\",\"item\":\"https:\\\/\\\/maksyboats.com\\\/\"},{\"@type\":\"ListItem\",\"position\":2,\"name\":\"Locations\",\"item\":\"https:\\\/\\\/maksyboats.com\\\/es\\\/ubicaciones\\\/\"},{\"@type\":\"ListItem\",\"position\":3,\"name\":\"Col\u00f2nia de Sant Jordi\"}]},{\"@type\":\"WebSite\",\"@id\":\"https:\\\/\\\/maksyboats.com\\\/#website\",\"url\":\"https:\\\/\\\/maksyboats.com\\\/\",\"name\":\"MaksyBoats Boat Hire Mallorca\",\"description\":\"Boat Hire Mallorca, Charters, Trips &amp; much more\",\"publisher\":{\"@id\":\"https:\\\/\\\/maksyboats.com\\\/#organization\"},\"potentialAction\":[{\"@type\":\"SearchAction\",\"target\":{\"@type\":\"EntryPoint\",\"urlTemplate\":\"https:\\\/\\\/maksyboats.com\\\/?s={search_term_string}\"},\"query-input\":{\"@type\":\"PropertyValueSpecification\",\"valueRequired\":true,\"valueName\":\"search_term_string\"}}],\"inLanguage\":\"es\"},{\"@type\":\"Organization\",\"@id\":\"https:\\\/\\\/maksyboats.com\\\/#organization\",\"name\":\"MaksyBoats Boat Hire Mallorca\",\"url\":\"https:\\\/\\\/maksyboats.com\\\/\",\"logo\":{\"@type\":\"ImageObject\",\"inLanguage\":\"es\",\"@id\":\"https:\\\/\\\/maksyboats.com\\\/#\\\/schema\\\/logo\\\/image\\\/\",\"url\":\"https:\\\/\\\/i0.wp.com\\\/maksyboats.com\\\/wpm\\\/wp-content\\\/uploads\\\/2020\\\/05\\\/maksyboats-boat-hire-2020.png?fit=350%2C70&ssl=1\",\"contentUrl\":\"https:\\\/\\\/i0.wp.com\\\/maksyboats.com\\\/wpm\\\/wp-content\\\/uploads\\\/2020\\\/05\\\/maksyboats-boat-hire-2020.png?fit=350%2C70&ssl=1\",\"width\":350,\"height\":70,\"caption\":\"MaksyBoats Boat Hire Mallorca\"},\"image\":{\"@id\":\"https:\\\/\\\/maksyboats.com\\\/#\\\/schema\\\/logo\\\/image\\\/\"},\"sameAs\":[\"https:\\\/\\\/www.facebook.com\\\/maksyboats\\\/\",\"https:\\\/\\\/x.com\\\/maksyboats\",\"https:\\\/\\\/www.instagram.com\\\/maksyboats\\\/\"]}]}<\/script>\n<!-- \/ Yoast SEO plugin. -->","yoast_head_json":{"title":"Alquiler de barcos y ch\u00e1rters en Port de Pollen\u00e7a con MaksyBoats","description":"Col\u00f2nia de Sant Jordi Ubicada en la impresionante costa sur de Mallorca, Col\u00f2nia de Sant Jordi es una encantadora ciudad costera conocida por sus aguas cristalinas.","robots":{"index":"index","follow":"follow","max-snippet":"max-snippet:-1","max-image-preview":"max-image-preview:large","max-video-preview":"max-video-preview:-1"},"canonical":"https:\/\/maksyboats.com\/es\/ubicaciones\/colonia-sant-jordi\/","og_locale":"es_ES","og_type":"article","og_title":"Boat Hire & Charters in Port de Pollen\u00e7a with MaksyBoats","og_description":"Col\u00f2nia de Sant Jordi Nestled on Mallorca\u2019s stunning southern coast, Col\u00f2nia de Sant Jordi is a charming seaside town known for its crystal-clear waters","og_url":"https:\/\/maksyboats.com\/es\/ubicaciones\/colonia-sant-jordi\/","og_site_name":"MaksyBoats","article_publisher":"https:\/\/www.facebook.com\/maksyboats\/","article_modified_time":"2025-04-02T17:24:11+00:00","og_image":[{"width":1600,"height":1060,"url":"https:\/\/maksyboats.com\/wpm\/wp-content\/uploads\/2025\/04\/colonia-sant-jordi-mallorca.webp","type":"image\/webp"}],"twitter_card":"summary_large_image","twitter_site":"@maksyboats","twitter_misc":{"Tiempo de lectura":"1 minuto"},"schema":{"@context":"https:\/\/schema.org","@graph":[{"@type":"WebPage","@id":"https:\/\/maksyboats.com\/locations\/colonia-sant-jordi\/","url":"https:\/\/maksyboats.com\/locations\/colonia-sant-jordi\/","name":"Alquiler de barcos y ch\u00e1rters en Port de Pollen\u00e7a con MaksyBoats","isPartOf":{"@id":"https:\/\/maksyboats.com\/#website"},"primaryImageOfPage":{"@id":"https:\/\/maksyboats.com\/locations\/colonia-sant-jordi\/#primaryimage"},"image":{"@id":"https:\/\/maksyboats.com\/locations\/colonia-sant-jordi\/#primaryimage"},"thumbnailUrl":"https:\/\/i0.wp.com\/maksyboats.com\/wpm\/wp-content\/uploads\/2025\/04\/colonia-sant-jordi-mallorca.webp?fit=1600%2C1060&ssl=1","datePublished":"2025-04-02T17:23:00+00:00","dateModified":"2025-04-02T17:24:11+00:00","description":"Col\u00f2nia de Sant Jordi Ubicada en la impresionante costa sur de Mallorca, Col\u00f2nia de Sant Jordi es una encantadora ciudad costera conocida por sus aguas cristalinas.","breadcrumb":{"@id":"https:\/\/maksyboats.com\/locations\/colonia-sant-jordi\/#breadcrumb"},"inLanguage":"es","potentialAction":[{"@type":"ReadAction","target":["https:\/\/maksyboats.com\/locations\/colonia-sant-jordi\/"]}]},{"@type":"ImageObject","inLanguage":"es","@id":"https:\/\/maksyboats.com\/locations\/colonia-sant-jordi\/#primaryimage","url":"https:\/\/i0.wp.com\/maksyboats.com\/wpm\/wp-content\/uploads\/2025\/04\/colonia-sant-jordi-mallorca.webp?fit=1600%2C1060&ssl=1","contentUrl":"https:\/\/i0.wp.com\/maksyboats.com\/wpm\/wp-content\/uploads\/2025\/04\/colonia-sant-jordi-mallorca.webp?fit=1600%2C1060&ssl=1","width":1600,"height":1060,"caption":"Colonia Sant Jordi, Mallorca"},{"@type":"BreadcrumbList","@id":"https:\/\/maksyboats.com\/locations\/colonia-sant-jordi\/#breadcrumb","itemListElement":[{"@type":"ListItem","position":1,"name":"Home","item":"https:\/\/maksyboats.com\/"},{"@type":"ListItem","position":2,"name":"Locations","item":"https:\/\/maksyboats.com\/es\/ubicaciones\/"},{"@type":"ListItem","position":3,"name":"Col\u00f2nia de Sant Jordi"}]},{"@type":"WebSite","@id":"https:\/\/maksyboats.com\/#website","url":"https:\/\/maksyboats.com\/","name":"Alquiler de barcos MaksyBoats Mallorca","description":"Alquiler de barcos en Mallorca, charters, viajes y mucho m\u00e1s","publisher":{"@id":"https:\/\/maksyboats.com\/#organization"},"potentialAction":[{"@type":"SearchAction","target":{"@type":"EntryPoint","urlTemplate":"https:\/\/maksyboats.com\/?s={search_term_string}"},"query-input":{"@type":"PropertyValueSpecification","valueRequired":true,"valueName":"search_term_string"}}],"inLanguage":"es"},{"@type":"Organization","@id":"https:\/\/maksyboats.com\/#organization","name":"Alquiler de barcos MaksyBoats Mallorca","url":"https:\/\/maksyboats.com\/","logo":{"@type":"ImageObject","inLanguage":"es","@id":"https:\/\/maksyboats.com\/#\/schema\/logo\/image\/","url":"https:\/\/i0.wp.com\/maksyboats.com\/wpm\/wp-content\/uploads\/2020\/05\/maksyboats-boat-hire-2020.png?fit=350%2C70&ssl=1","contentUrl":"https:\/\/i0.wp.com\/maksyboats.com\/wpm\/wp-content\/uploads\/2020\/05\/maksyboats-boat-hire-2020.png?fit=350%2C70&ssl=1","width":350,"height":70,"caption":"MaksyBoats Boat Hire Mallorca"},"image":{"@id":"https:\/\/maksyboats.com\/#\/schema\/logo\/image\/"},"sameAs":["https:\/\/www.facebook.com\/maksyboats\/","https:\/\/x.com\/maksyboats","https:\/\/www.instagram.com\/maksyboats\/"]}]}},"jetpack_sharing_enabled":true,"_links":{"self":[{"href":"https:\/\/maksyboats.com\/es\/wp-json\/wp\/v2\/pages\/13915","targetHints":{"allow":["GET"]}}],"collection":[{"href":"https:\/\/maksyboats.com\/es\/wp-json\/wp\/v2\/pages"}],"about":[{"href":"https:\/\/maksyboats.com\/es\/wp-json\/wp\/v2\/types\/page"}],"author":[{"embeddable":true,"href":"https:\/\/maksyboats.com\/es\/wp-json\/wp\/v2\/users\/1"}],"replies":[{"embeddable":true,"href":"https:\/\/maksyboats.com\/es\/wp-json\/wp\/v2\/comments?post=13915"}],"version-history":[{"count":0,"href":"https:\/\/maksyboats.com\/es\/wp-json\/wp\/v2\/pages\/13915\/revisions"}],"up":[{"embeddable":true,"href":"https:\/\/maksyboats.com\/es\/wp-json\/wp\/v2\/pages\/11778"}],"wp:featuredmedia":[{"embeddable":true,"href":"https:\/\/maksyboats.com\/es\/wp-json\/wp\/v2\/media\/13916"}],"wp:attachment":[{"href":"https:\/\/maksyboats.com\/es\/wp-json\/wp\/v2\/media?parent=13915"}],"wp:term":[{"taxonomy":"post_tag","embeddable":true,"href":"https:\/\/maksyboats.com\/es\/wp-json\/wp\/v2\/tags?post=13915"}],"curies":[{"name":"Gracias","href":"https:\/\/api.w.org\/{rel}","templated":true}]}}