{"id":13901,"date":"2025-03-28T15:32:57","date_gmt":"2025-03-28T14:32:57","guid":{"rendered":"https:\/\/maksyboats.com\/?page_id=13901"},"modified":"2025-04-29T19:29:03","modified_gmt":"2025-04-29T17:29:03","slug":"nautico","status":"publish","type":"page","link":"https:\/\/maksyboats.com\/es\/nautical\/","title":{"rendered":"Gesti\u00f3n de yates en Mallorca"},"content":{"rendered":"<div id=\"pl-13901\"  class=\"panel-layout\" ><div id=\"pg-13901-0\"  class=\"panel-grid panel-no-style\" ><div id=\"pgc-13901-0-0\"  class=\"panel-grid-cell panel-grid-cell-empty\" ><\/div><\/div><div id=\"pg-13901-1\"  class=\"panel-grid panel-no-style\" ><div id=\"pgc-13901-1-0\"  class=\"panel-grid-cell panel-grid-cell-mobile-last\" ><div id=\"panel-13901-1-0-0\" class=\"so-panel widget widget_sow-editor panel-first-child panel-last-child\" data-index=\"0\" ><div\n\t\t\t\n\t\t\tclass=\"so-widget-sow-editor so-widget-sow-editor-base\"\n\t\t\t\n\t\t>\n<div class=\"siteorigin-widget-tinymce textwidget\">\n\t<h3 class=\"\" data-start=\"0\" data-end=\"40\">Asesoramiento en Compra y Venta de Embarcaciones<\/h3>\n<p class=\"\" data-start=\"41\" data-end=\"128\">Asesoramiento experto en la compra o venta de embarcaciones, garantizando una transacci\u00f3n fluida y segura.<\/p>\n<h3 class=\"\" data-start=\"130\" data-end=\"162\">Registros de embarcaciones extranjeras<\/h3>\n<p class=\"\" data-start=\"163\" data-end=\"261\">Asistencia en el registro de embarcaciones bajo banderas extranjeras, cumpliendo con la normativa internacional.<\/p>\n<h3 class=\"\" data-start=\"263\" data-end=\"313\">Registro de Embarcaciones de Recreo en Lista 6\u00aa \/ 7\u00aa<\/h3>\n<p class=\"\" data-start=\"314\" data-end=\"412\">Tramitaci\u00f3n del proceso de matriculaci\u00f3n de embarcaciones de recreo en las clasificaciones mar\u00edtimas espa\u00f1olas.<\/p>\n<h3 class=\"\" data-start=\"414\" data-end=\"457\">Renovaci\u00f3n de certificados de navegabilidad<\/h3>\n<p class=\"\" data-start=\"458\" data-end=\"559\">Garantizamos que su embarcaci\u00f3n siga cumpliendo la legislaci\u00f3n gestionando la renovaci\u00f3n de los certificados de navegabilidad.<\/p>\n<h3 class=\"\" data-start=\"561\" data-end=\"614\">Inspecci\u00f3n Peri\u00f3dica de Embarcaciones de Recreo (ITB)<\/h3>\n<p class=\"\" data-start=\"615\" data-end=\"716\">Coordinaci\u00f3n de inspecciones t\u00e9cnicas obligatorias para certificar la seguridad y estado de su embarcaci\u00f3n.<\/p>\n<h3 class=\"\" data-start=\"718\" data-end=\"777\">Duplicado de la documentaci\u00f3n de la embarcaci\u00f3n en caso de robo o p\u00e9rdida<\/h3>\n<p class=\"\" data-start=\"778\" data-end=\"865\">Tramitaci\u00f3n r\u00e1pida y eficiente de documentos duplicados de papeles de embarcaciones perdidos o robados.<\/p>\n<h3 class=\"\" data-start=\"867\" data-end=\"891\">Seguro N\u00e1utico<\/h3>\n<p class=\"\" data-start=\"892\" data-end=\"976\">Soluciones de seguros personalizadas para proteger su embarcaci\u00f3n y garantizar su tranquilidad en el mar.<\/p>\n<h3 class=\"\" data-start=\"978\" data-end=\"1000\">Licencias de pesca<\/h3>\n<p class=\"\" data-start=\"1001\" data-end=\"1096\">Facilitaci\u00f3n de la solicitud de licencias de pesca, que le permitir\u00e1n pescar legalmente en aguas espa\u00f1olas.<\/p>\n<h3 class=\"\" data-start=\"1098\" data-end=\"1153\">Licencias Recreativas y Certificaciones N\u00e1uticas<\/h3>\n<p class=\"\" data-start=\"1154\" data-end=\"1248\">Apoyo en la obtenci\u00f3n de licencias de navegaci\u00f3n recreativa y titulaciones n\u00e1uticas profesionales.<\/p>\n<h3 class=\"\" data-start=\"1250\" data-end=\"1308\">Gesti\u00f3n de Amarres: Compra\/Venta y Alquiler de Amarres<\/h3>\n<p class=\"\" data-start=\"1309\" data-end=\"1393\">Servicios integrales de amarre, incluyendo compra, venta y alquiler.<\/p>\n<h3 class=\"\" data-start=\"1395\" data-end=\"1415\">Otros servicios<\/h3>\n<p class=\"\" data-start=\"1416\" data-end=\"1531\">Servicios adicionales como cambios de propiedad y nombre, administraci\u00f3n y mantenimiento de embarcaciones y almacenamiento seguro durante el invierno.<\/p>\n<\/div>\n<\/div><\/div><\/div><div id=\"pgc-13901-1-1\"  class=\"panel-grid-cell panel-grid-cell-empty\" ><\/div><\/div><div id=\"pg-13901-2\"  class=\"panel-grid panel-no-style\" ><div id=\"pgc-13901-2-0\"  class=\"panel-grid-cell panel-grid-cell-empty panel-grid-cell-mobile-last\" ><\/div><div id=\"pgc-13901-2-1\"  class=\"panel-grid-cell panel-grid-cell-empty\" ><\/div><\/div><div id=\"pg-13901-3\"  class=\"panel-grid panel-no-style\" ><div id=\"pgc-13901-3-0\"  class=\"panel-grid-cell panel-grid-cell-empty panel-grid-cell-mobile-last\" ><\/div><div id=\"pgc-13901-3-1\"  class=\"panel-grid-cell panel-grid-cell-empty\" ><\/div><\/div><div id=\"pg-13901-4\"  class=\"panel-grid panel-no-style\" ><div id=\"pgc-13901-4-0\"  class=\"panel-grid-cell panel-grid-cell-empty\" ><\/div><div id=\"pgc-13901-4-1\"  class=\"panel-grid-cell panel-grid-cell-empty panel-grid-cell-mobile-last\" ><\/div><div id=\"pgc-13901-4-2\"  class=\"panel-grid-cell panel-grid-cell-empty\" ><\/div><\/div><div id=\"pg-13901-5\"  class=\"panel-grid panel-no-style\" ><div id=\"pgc-13901-5-0\"  class=\"panel-grid-cell panel-grid-cell-empty\" ><\/div><\/div><\/div>","protected":false},"excerpt":{"rendered":"<p>Asesoramiento en la compraventa de embarcaciones. Asesoramiento experto en la compraventa de embarcaciones, garantizando una transacci\u00f3n fluida y segura. Matr\u00edculas de embarcaciones extranjeras. Asistencia para el registro de embarcaciones bajo banderas extranjeras, cumpliendo con la normativa internacional. Registro de Embarcaciones de Recreo (Listas 6 y 7). Gesti\u00f3n del proceso de matriculaci\u00f3n de embarcaciones de recreo bajo las clasificaciones mar\u00edtimas espa\u00f1olas. Renovaci\u00f3n de Certificados de Navegabilidad. <a title=\"Gesti\u00f3n de yates en Mallorca\" class=\"read-more\" href=\"https:\/\/maksyboats.com\/es\/nautical\/\" aria-label=\"Leer m\u00e1s sobre Gesti\u00f3n de Yates en Mallorca\">Leer m\u00e1s \u00bb<\/a><\/p>","protected":false},"author":1,"featured_media":13848,"parent":0,"menu_order":0,"comment_status":"closed","ping_status":"closed","template":"","meta":{"generate_page_header":"","jetpack_post_was_ever_published":false,"footnotes":""},"tags":[],"class_list":["post-13901","page","type-page","status-publish","has-post-thumbnail"],"yoast_head":"<!-- This site is optimized with the Yoast SEO plugin v27.4 - https:\/\/yoast.com\/product\/yoast-seo-wordpress\/ -->\n<title>Yacht Management in Mallorca - MaksyBoats<\/title>\n<meta name=\"description\" content=\"Advice on Boat Purchases and Sales Expert guidance on buying or selling boats, ensuring a smooth and secure transaction. Foreign Boat Registrations\" \/>\n<meta name=\"robots\" content=\"index, follow, max-snippet:-1, max-image-preview:large, max-video-preview:-1\" \/>\n<link rel=\"canonical\" href=\"https:\/\/maksyboats.com\/es\/nautico\/\" \/>\n<meta property=\"og:locale\" content=\"es_ES\" \/>\n<meta property=\"og:type\" content=\"article\" \/>\n<meta property=\"og:title\" content=\"Yacht Management in Mallorca - MaksyBoats\" \/>\n<meta property=\"og:description\" content=\"Advice on Boat Purchases and Sales Expert guidance on buying or selling boats, ensuring a smooth and secure transaction. Foreign Boat Registrations\" \/>\n<meta property=\"og:url\" content=\"https:\/\/maksyboats.com\/es\/nautico\/\" \/>\n<meta property=\"og:site_name\" content=\"MaksyBoats\" \/>\n<meta property=\"article:publisher\" content=\"https:\/\/www.facebook.com\/maksyboats\/\" \/>\n<meta property=\"article:modified_time\" content=\"2025-04-29T17:29:03+00:00\" \/>\n<meta property=\"og:image\" content=\"https:\/\/maksyboats.com\/wpm\/wp-content\/uploads\/2024\/09\/princess-s62-luxury-yacht-mallorca-006.webp\" \/>\n\t<meta property=\"og:image:width\" content=\"960\" \/>\n\t<meta property=\"og:image:height\" content=\"638\" \/>\n\t<meta property=\"og:image:type\" content=\"image\/webp\" \/>\n<meta name=\"twitter:card\" content=\"summary_large_image\" \/>\n<meta name=\"twitter:site\" content=\"@maksyboats\" \/>\n<meta name=\"twitter:label1\" content=\"Tiempo de lectura\" \/>\n\t<meta name=\"twitter:data1\" content=\"2 minutos\" \/>\n<script type=\"application\/ld+json\" class=\"yoast-schema-graph\">{\"@context\":\"https:\\\/\\\/schema.org\",\"@graph\":[{\"@type\":\"WebPage\",\"@id\":\"https:\\\/\\\/maksyboats.com\\\/nautical\\\/\",\"url\":\"https:\\\/\\\/maksyboats.com\\\/nautical\\\/\",\"name\":\"Yacht Management in Mallorca - MaksyBoats\",\"isPartOf\":{\"@id\":\"https:\\\/\\\/maksyboats.com\\\/#website\"},\"primaryImageOfPage\":{\"@id\":\"https:\\\/\\\/maksyboats.com\\\/nautical\\\/#primaryimage\"},\"image\":{\"@id\":\"https:\\\/\\\/maksyboats.com\\\/nautical\\\/#primaryimage\"},\"thumbnailUrl\":\"https:\\\/\\\/i0.wp.com\\\/maksyboats.com\\\/wpm\\\/wp-content\\\/uploads\\\/2024\\\/09\\\/princess-s62-luxury-yacht-mallorca-006.webp?fit=960%2C638&ssl=1\",\"datePublished\":\"2025-03-28T14:32:57+00:00\",\"dateModified\":\"2025-04-29T17:29:03+00:00\",\"description\":\"Advice on Boat Purchases and Sales Expert guidance on buying or selling boats, ensuring a smooth and secure transaction. Foreign Boat Registrations\",\"breadcrumb\":{\"@id\":\"https:\\\/\\\/maksyboats.com\\\/nautical\\\/#breadcrumb\"},\"inLanguage\":\"es\",\"potentialAction\":[{\"@type\":\"ReadAction\",\"target\":[\"https:\\\/\\\/maksyboats.com\\\/nautical\\\/\"]}]},{\"@type\":\"ImageObject\",\"inLanguage\":\"es\",\"@id\":\"https:\\\/\\\/maksyboats.com\\\/nautical\\\/#primaryimage\",\"url\":\"https:\\\/\\\/i0.wp.com\\\/maksyboats.com\\\/wpm\\\/wp-content\\\/uploads\\\/2024\\\/09\\\/princess-s62-luxury-yacht-mallorca-006.webp?fit=960%2C638&ssl=1\",\"contentUrl\":\"https:\\\/\\\/i0.wp.com\\\/maksyboats.com\\\/wpm\\\/wp-content\\\/uploads\\\/2024\\\/09\\\/princess-s62-luxury-yacht-mallorca-006.webp?fit=960%2C638&ssl=1\",\"width\":960,\"height\":638,\"caption\":\"Princess S62 Luxury Yacht Port de S\u00f3ller\"},{\"@type\":\"BreadcrumbList\",\"@id\":\"https:\\\/\\\/maksyboats.com\\\/nautical\\\/#breadcrumb\",\"itemListElement\":[{\"@type\":\"ListItem\",\"position\":1,\"name\":\"Home\",\"item\":\"https:\\\/\\\/maksyboats.com\\\/\"},{\"@type\":\"ListItem\",\"position\":2,\"name\":\"Yacht Management in Mallorca\"}]},{\"@type\":\"WebSite\",\"@id\":\"https:\\\/\\\/maksyboats.com\\\/#website\",\"url\":\"https:\\\/\\\/maksyboats.com\\\/\",\"name\":\"MaksyBoats Boat Hire Mallorca\",\"description\":\"Boat Hire Mallorca, Charters, Trips &amp; much more\",\"publisher\":{\"@id\":\"https:\\\/\\\/maksyboats.com\\\/#organization\"},\"potentialAction\":[{\"@type\":\"SearchAction\",\"target\":{\"@type\":\"EntryPoint\",\"urlTemplate\":\"https:\\\/\\\/maksyboats.com\\\/?s={search_term_string}\"},\"query-input\":{\"@type\":\"PropertyValueSpecification\",\"valueRequired\":true,\"valueName\":\"search_term_string\"}}],\"inLanguage\":\"es\"},{\"@type\":\"Organization\",\"@id\":\"https:\\\/\\\/maksyboats.com\\\/#organization\",\"name\":\"MaksyBoats Boat Hire Mallorca\",\"url\":\"https:\\\/\\\/maksyboats.com\\\/\",\"logo\":{\"@type\":\"ImageObject\",\"inLanguage\":\"es\",\"@id\":\"https:\\\/\\\/maksyboats.com\\\/#\\\/schema\\\/logo\\\/image\\\/\",\"url\":\"https:\\\/\\\/i0.wp.com\\\/maksyboats.com\\\/wpm\\\/wp-content\\\/uploads\\\/2020\\\/05\\\/maksyboats-boat-hire-2020.png?fit=350%2C70&ssl=1\",\"contentUrl\":\"https:\\\/\\\/i0.wp.com\\\/maksyboats.com\\\/wpm\\\/wp-content\\\/uploads\\\/2020\\\/05\\\/maksyboats-boat-hire-2020.png?fit=350%2C70&ssl=1\",\"width\":350,\"height\":70,\"caption\":\"MaksyBoats Boat Hire Mallorca\"},\"image\":{\"@id\":\"https:\\\/\\\/maksyboats.com\\\/#\\\/schema\\\/logo\\\/image\\\/\"},\"sameAs\":[\"https:\\\/\\\/www.facebook.com\\\/maksyboats\\\/\",\"https:\\\/\\\/x.com\\\/maksyboats\",\"https:\\\/\\\/www.instagram.com\\\/maksyboats\\\/\"]}]}<\/script>\n<!-- \/ Yoast SEO plugin. -->","yoast_head_json":{"title":"Gesti\u00f3n de Yates en Mallorca - MaksyBoats","description":"Asesoramiento en la compraventa de embarcaciones. Asesoramiento experto en la compraventa de embarcaciones, garantizando una transacci\u00f3n fluida y segura. Matr\u00edculas de embarcaciones extranjeras.","robots":{"index":"index","follow":"follow","max-snippet":"max-snippet:-1","max-image-preview":"max-image-preview:large","max-video-preview":"max-video-preview:-1"},"canonical":"https:\/\/maksyboats.com\/es\/nautico\/","og_locale":"es_ES","og_type":"article","og_title":"Yacht Management in Mallorca - MaksyBoats","og_description":"Advice on Boat Purchases and Sales Expert guidance on buying or selling boats, ensuring a smooth and secure transaction. Foreign Boat Registrations","og_url":"https:\/\/maksyboats.com\/es\/nautico\/","og_site_name":"MaksyBoats","article_publisher":"https:\/\/www.facebook.com\/maksyboats\/","article_modified_time":"2025-04-29T17:29:03+00:00","og_image":[{"width":960,"height":638,"url":"https:\/\/maksyboats.com\/wpm\/wp-content\/uploads\/2024\/09\/princess-s62-luxury-yacht-mallorca-006.webp","type":"image\/webp"}],"twitter_card":"summary_large_image","twitter_site":"@maksyboats","twitter_misc":{"Tiempo de lectura":"2 minutos"},"schema":{"@context":"https:\/\/schema.org","@graph":[{"@type":"WebPage","@id":"https:\/\/maksyboats.com\/nautical\/","url":"https:\/\/maksyboats.com\/nautical\/","name":"Gesti\u00f3n de Yates en Mallorca - MaksyBoats","isPartOf":{"@id":"https:\/\/maksyboats.com\/#website"},"primaryImageOfPage":{"@id":"https:\/\/maksyboats.com\/nautical\/#primaryimage"},"image":{"@id":"https:\/\/maksyboats.com\/nautical\/#primaryimage"},"thumbnailUrl":"https:\/\/i0.wp.com\/maksyboats.com\/wpm\/wp-content\/uploads\/2024\/09\/princess-s62-luxury-yacht-mallorca-006.webp?fit=960%2C638&ssl=1","datePublished":"2025-03-28T14:32:57+00:00","dateModified":"2025-04-29T17:29:03+00:00","description":"Asesoramiento en la compraventa de embarcaciones. Asesoramiento experto en la compraventa de embarcaciones, garantizando una transacci\u00f3n fluida y segura. Matr\u00edculas de embarcaciones extranjeras.","breadcrumb":{"@id":"https:\/\/maksyboats.com\/nautical\/#breadcrumb"},"inLanguage":"es","potentialAction":[{"@type":"ReadAction","target":["https:\/\/maksyboats.com\/nautical\/"]}]},{"@type":"ImageObject","inLanguage":"es","@id":"https:\/\/maksyboats.com\/nautical\/#primaryimage","url":"https:\/\/i0.wp.com\/maksyboats.com\/wpm\/wp-content\/uploads\/2024\/09\/princess-s62-luxury-yacht-mallorca-006.webp?fit=960%2C638&ssl=1","contentUrl":"https:\/\/i0.wp.com\/maksyboats.com\/wpm\/wp-content\/uploads\/2024\/09\/princess-s62-luxury-yacht-mallorca-006.webp?fit=960%2C638&ssl=1","width":960,"height":638,"caption":"Princess S62 Luxury Yacht Port de S\u00f3ller"},{"@type":"BreadcrumbList","@id":"https:\/\/maksyboats.com\/nautical\/#breadcrumb","itemListElement":[{"@type":"ListItem","position":1,"name":"Home","item":"https:\/\/maksyboats.com\/"},{"@type":"ListItem","position":2,"name":"Yacht Management in Mallorca"}]},{"@type":"WebSite","@id":"https:\/\/maksyboats.com\/#website","url":"https:\/\/maksyboats.com\/","name":"Alquiler de barcos MaksyBoats Mallorca","description":"Alquiler de barcos en Mallorca, charters, viajes y mucho m\u00e1s","publisher":{"@id":"https:\/\/maksyboats.com\/#organization"},"potentialAction":[{"@type":"SearchAction","target":{"@type":"EntryPoint","urlTemplate":"https:\/\/maksyboats.com\/?s={search_term_string}"},"query-input":{"@type":"PropertyValueSpecification","valueRequired":true,"valueName":"search_term_string"}}],"inLanguage":"es"},{"@type":"Organization","@id":"https:\/\/maksyboats.com\/#organization","name":"Alquiler de barcos MaksyBoats Mallorca","url":"https:\/\/maksyboats.com\/","logo":{"@type":"ImageObject","inLanguage":"es","@id":"https:\/\/maksyboats.com\/#\/schema\/logo\/image\/","url":"https:\/\/i0.wp.com\/maksyboats.com\/wpm\/wp-content\/uploads\/2020\/05\/maksyboats-boat-hire-2020.png?fit=350%2C70&ssl=1","contentUrl":"https:\/\/i0.wp.com\/maksyboats.com\/wpm\/wp-content\/uploads\/2020\/05\/maksyboats-boat-hire-2020.png?fit=350%2C70&ssl=1","width":350,"height":70,"caption":"MaksyBoats Boat Hire Mallorca"},"image":{"@id":"https:\/\/maksyboats.com\/#\/schema\/logo\/image\/"},"sameAs":["https:\/\/www.facebook.com\/maksyboats\/","https:\/\/x.com\/maksyboats","https:\/\/www.instagram.com\/maksyboats\/"]}]}},"jetpack_sharing_enabled":true,"_links":{"self":[{"href":"https:\/\/maksyboats.com\/es\/wp-json\/wp\/v2\/pages\/13901","targetHints":{"allow":["GET"]}}],"collection":[{"href":"https:\/\/maksyboats.com\/es\/wp-json\/wp\/v2\/pages"}],"about":[{"href":"https:\/\/maksyboats.com\/es\/wp-json\/wp\/v2\/types\/page"}],"author":[{"embeddable":true,"href":"https:\/\/maksyboats.com\/es\/wp-json\/wp\/v2\/users\/1"}],"replies":[{"embeddable":true,"href":"https:\/\/maksyboats.com\/es\/wp-json\/wp\/v2\/comments?post=13901"}],"version-history":[{"count":0,"href":"https:\/\/maksyboats.com\/es\/wp-json\/wp\/v2\/pages\/13901\/revisions"}],"wp:featuredmedia":[{"embeddable":true,"href":"https:\/\/maksyboats.com\/es\/wp-json\/wp\/v2\/media\/13848"}],"wp:attachment":[{"href":"https:\/\/maksyboats.com\/es\/wp-json\/wp\/v2\/media?parent=13901"}],"wp:term":[{"taxonomy":"post_tag","embeddable":true,"href":"https:\/\/maksyboats.com\/es\/wp-json\/wp\/v2\/tags?post=13901"}],"curies":[{"name":"Gracias","href":"https:\/\/api.w.org\/{rel}","templated":true}]}}