{"id":13586,"date":"2023-06-01T12:09:36","date_gmt":"2023-06-01T10:09:36","guid":{"rendered":"https:\/\/maksyboats.com\/?page_id=13586"},"modified":"2025-01-29T18:13:40","modified_gmt":"2025-01-29T17:13:40","slug":"himares","status":"publish","type":"page","link":"https:\/\/maksyboats.com\/es\/without-license\/himars\/","title":{"rendered":"Himars"},"content":{"rendered":"<div id=\"pl-13586\"  class=\"panel-layout\" ><div id=\"pg-13586-0\"  class=\"panel-grid panel-no-style\" ><div id=\"pgc-13586-0-0\"  class=\"panel-grid-cell\" ><div id=\"panel-13586-0-0-0\" class=\"so-panel widget widget_sow-editor panel-first-child panel-last-child\" data-index=\"0\" ><div\n\t\t\t\n\t\t\tclass=\"so-widget-sow-editor so-widget-sow-editor-base\"\n\t\t\t\n\t\t>\n<div class=\"siteorigin-widget-tinymce textwidget\">\n\t<div id=\"breadcrumbs\"><span><span><a href=\"https:\/\/maksyboats.com\/\">Home<\/a><\/span><\/span><\/div>\n<\/div>\n<\/div><\/div><\/div><\/div><div id=\"pg-13586-1\"  class=\"panel-grid panel-no-style\" ><div id=\"pgc-13586-1-0\"  class=\"panel-grid-cell\" ><div id=\"panel-13586-1-0-0\" class=\"so-panel widget widget_sow-editor panel-first-child panel-last-child\" data-index=\"1\" ><div\n\t\t\t\n\t\t\tclass=\"so-widget-sow-editor so-widget-sow-editor-base\"\n\t\t\t\n\t\t><h3 class=\"widget-title\">Boat Description<\/h3>\n<div class=\"siteorigin-widget-tinymce textwidget\">\n\t<p>Discover the joy of sailing in Port de Soller, Mallorca with our accessible, everyone-friendly boat hire!<\/p>\n<p><strong>No licence is needed<\/strong> for this easy-to-pilot vessel provided with a <strong>15 HP outboard engine<\/strong> that comfortably accommodates up to 6 people, making seafaring adventures effortless and inclusive for all.<\/p>\n<p>Embark on a <a style=\"color: #217fd7; border-bottom: 1px solid #217fd7;\" href=\"https:\/\/maksyboats.com\/discover-mallorca-boat-hire\/\">journey to explore the stunning coastline<\/a>, hidden coves, and azure waters at your own pace. Our boat is perfect for families, groups of friends, or a unique romantic getaway. Set sail today and create your own maritime memories under the enchanting Mallorcan sun!<\/p>\n<\/div>\n<\/div><\/div><\/div><div id=\"pgc-13586-1-1\"  class=\"panel-grid-cell\" ><div id=\"panel-13586-1-1-0\" class=\"so-panel widget widget_sow-editor panel-first-child panel-last-child\" data-index=\"2\" ><div\n\t\t\t\n\t\t\tclass=\"so-widget-sow-editor so-widget-sow-editor-base\"\n\t\t\t\n\t\t><h3 class=\"widget-title\">Technical Details<\/h3>\n<div class=\"siteorigin-widget-tinymce textwidget\">\n\t<table class=\"table table-striped\" width=\"100%\">\n<thead>\n<tr>\n<th>Model<\/th>\n<th>Himars V2<\/th>\n<\/tr>\n<\/thead>\n<tbody>\n<tr>\n<td>Length<\/td>\n<td>5,00 meters<\/td>\n<\/tr>\n<tr>\n<td>Engine<\/td>\n<td>outboard, 15 HP<\/td>\n<\/tr>\n<tr>\n<td>Capacity<\/td>\n<td>6 pax<\/td>\n<\/tr>\n<tr>\n<td>Rental<\/td>\n<td>No Licence<\/td>\n<\/tr>\n<tr>\n<td>Location<\/td>\n<td><a href=\"http:\/\/maksyboats.com\/locations\/port-de-soller\/\">Port de S\u00f3ller<\/a><\/td>\n<\/tr>\n<\/tbody>\n<\/table>\n<\/div>\n<\/div><\/div><\/div><\/div><div id=\"pg-13586-2\"  class=\"panel-grid panel-no-style\" ><div id=\"pgc-13586-2-0\"  class=\"panel-grid-cell\" ><div id=\"panel-13586-2-0-0\" class=\"so-panel widget widget_sow-editor panel-first-child panel-last-child\" data-index=\"3\" ><div\n\t\t\t\n\t\t\tclass=\"so-widget-sow-editor so-widget-sow-editor-base\"\n\t\t\t\n\t\t><h3 class=\"widget-title\">Gallery<\/h3>\n<div class=\"siteorigin-widget-tinymce textwidget\">\n\t<p><p class=\"jetpack-slideshow-noscript robots-nocontent\">El pase de diapositivas requiere JavaScript.<\/p>\n<div id=\"gallery-13586-1-slideshow\" class=\"jetpack-slideshow-window jetpack-slideshow jetpack-slideshow-black\" data-trans=\"fade\" data-autostart=\"1\" data-gallery=\"[{&quot;src&quot;:&quot;https:\\\/\\\/i0.wp.com\\\/maksyboats.com\\\/wpm\\\/wp-content\\\/uploads\\\/2023\\\/06\\\/himars-boat-hire-without-licence-port-soller-001.webp?fit=960%2C638\\u0026ssl=1&quot;,&quot;id&quot;:&quot;13587&quot;,&quot;title&quot;:&quot;Himars Boat hire without licence in Port de S\\u00f3ller&quot;,&quot;alt&quot;:&quot;Himars Boat hire without licence in Port de S\\u00f3ller&quot;,&quot;caption&quot;:&quot;&quot;,&quot;itemprop&quot;:&quot;image&quot;},{&quot;src&quot;:&quot;https:\\\/\\\/i0.wp.com\\\/maksyboats.com\\\/wpm\\\/wp-content\\\/uploads\\\/2023\\\/06\\\/himars-boat-hire-port-soller-004.webp?fit=960%2C638\\u0026ssl=1&quot;,&quot;id&quot;:&quot;13592&quot;,&quot;title&quot;:&quot;Himars Boat hire without licence in Port de S\\u00f3ller&quot;,&quot;alt&quot;:&quot;Himars Boat hire without licence in Port de S\\u00f3ller&quot;,&quot;caption&quot;:&quot;&quot;,&quot;itemprop&quot;:&quot;image&quot;}]\" itemscope itemtype=\"https:\/\/schema.org\/ImageGallery\"><\/div><\/p>\n<\/div>\n<\/div><\/div><\/div><\/div><div id=\"pg-13586-3\"  class=\"panel-grid panel-no-style\" ><div id=\"pgc-13586-3-0\"  class=\"panel-grid-cell\" ><div id=\"panel-13586-3-0-0\" class=\"so-panel widget widget_sow-editor panel-first-child\" data-index=\"4\" ><div\n\t\t\t\n\t\t\tclass=\"so-widget-sow-editor so-widget-sow-editor-base\"\n\t\t\t\n\t\t><h3 class=\"widget-title\">Pricing<\/h3>\n<div class=\"siteorigin-widget-tinymce textwidget\">\n\t<table class=\"buildpress-table\" width=\"100%\">\n<thead>\n<tr>\n<th>Charter<\/th>\n<th>Low Season<\/th>\n<th>High Season<\/th>\n<\/tr>\n<\/thead>\n<tbody>\n<tr>\n<td>Half\u00a0Day, 4 hours<\/td>\n<td><strong>\u20ac 260<\/strong><\/td>\n<td><strong>\u20ac 300<\/strong><\/td>\n<\/tr>\n<tr>\n<td>Full Day, 8 hours<\/td>\n<td><strong>\u20ac 360<\/strong><\/td>\n<td><strong>\u20ac 390<\/strong><\/td>\n<\/tr>\n<tr>\n<td>Other<\/td>\n<td>Ask for a quote<\/td>\n<td>Ask for a quote<\/td>\n<\/tr>\n<\/tbody>\n<\/table>\n<p>* Deposit: \u20ac 500<br \/>\n* Fuel is NOT included in price<br \/>\n* VAT is included in price<\/p>\n<\/div>\n<\/div><\/div><div id=\"panel-13586-3-0-1\" class=\"so-panel widget widget_sow-button panel-last-child\" data-index=\"5\" ><div\n\t\t\t\n\t\t\tclass=\"so-widget-sow-button so-widget-sow-button-atom-09d9fcd77112-13586\"\n\t\t\t\n\t\t><div class=\"ow-button-base ow-button-align-center\"\n>\n\t\t\t<a\n\t\t\t\t\thref=\"#booking_form_row\"\n\t\t\t\t\tclass=\"sowb-button ow-icon-placement-left ow-button-hover\" \t>\n\t\t<span>\n\t\t\t<span class=\"sow-icon-fontawesome sow-fas\" data-sow-icon=\"&#xf00c;\"\n\t\tstyle=\"color: #39b237\" \n\t\taria-hidden=\"true\"><\/span>\n\t\t\tBook now!\t\t<\/span>\n\t\t\t<\/a>\n\t<\/div>\n<\/div><\/div><\/div><div id=\"pgc-13586-3-1\"  class=\"panel-grid-cell panel-grid-cell-empty\" ><\/div><div id=\"pgc-13586-3-2\"  class=\"panel-grid-cell\" ><div id=\"panel-13586-3-2-0\" class=\"so-panel widget widget_sow-editor panel-first-child\" data-index=\"6\" ><div\n\t\t\t\n\t\t\tclass=\"so-widget-sow-editor so-widget-sow-editor-base\"\n\t\t\t\n\t\t><h3 class=\"widget-title\">What's Included?<\/h3>\n<div class=\"siteorigin-widget-tinymce textwidget\">\n\t<h4>\u2713\u00a0Life vest for all occupants<\/h4>\n<h4>\u2713 Folding sun canopy<\/h4>\n<h4>\u2713 Solarium &amp; Bathing ladder<\/h4>\n<h4>\u2713 Insurance &amp; fishing licence<\/h4>\n<h4>\u2713 VAT included in price<\/h4>\n<\/div>\n<\/div><\/div><div id=\"panel-13586-3-2-1\" class=\"so-panel widget widget_sow-editor panel-last-child\" data-index=\"7\" ><div\n\t\t\t\n\t\t\tclass=\"so-widget-sow-editor so-widget-sow-editor-base\"\n\t\t\t\n\t\t><h3 class=\"widget-title\">Accesories<\/h3>\n<div class=\"siteorigin-widget-tinymce textwidget\">\n\t<p>We also provide with this boat:<\/p>\n<h4>\u2713 Snorkeling gear<\/h4>\n<h4>\u2713 Cooler<\/h4>\n<h4>\u2713 Bluetooth music<\/h4>\n<\/div>\n<\/div><\/div><\/div><\/div><div id=\"pg-13586-4\"  class=\"panel-grid panel-no-style\" ><div id=\"pgc-13586-4-0\"  class=\"panel-grid-cell\" ><div id=\"panel-13586-4-0-0\" class=\"so-panel widget widget_sow-editor panel-first-child panel-last-child\" data-index=\"8\" ><div\n\t\t\t\n\t\t\tclass=\"so-widget-sow-editor so-widget-sow-editor-base\"\n\t\t\t\n\t\t><h3 class=\"widget-title\">Location<\/h3>\n<div class=\"siteorigin-widget-tinymce textwidget\">\n\t<h3>Port de S\u00f3ller<\/h3>\n<p><a href=\"http:\/\/maksyboats.com\/locations\/port-de-soller\/\">View more details about this location \u00bb<\/a><\/p>\n<p><a href=\"https:\/\/maksyboats.com\/discover-mallorca-boat-hire\/\">View boat routes you can enjoy from Port de S\u00f3ller \u00bb<\/a><\/p>\n<p><iframe style=\"border: 0;\" src=\"https:\/\/www.google.com\/maps\/embed?pb=!1m18!1m12!1m3!1d3065.4573425158487!2d2.6934293156820996!3d39.796731979442015!2m3!1f0!2f0!3f0!3m2!1i1024!2i768!4f13.1!3m3!1m2!1s0x1297e5e297382553%3A0x1a662c6dd9e5d7ca!2sMaksyBoats!5e0!3m2!1ses!2ses!4v1477645777004\" width=\"100%\" height=\"300\" frameborder=\"0\" allowfullscreen=\"allowfullscreen\"><\/iframe><\/p>\n<\/div>\n<\/div><\/div><\/div><\/div><div id=\"pg-13586-5\"  class=\"panel-grid panel-has-style\" ><div id=\"booking_form_row\" class=\"panel-row-style panel-row-style-for-13586-5\" ><div id=\"pgc-13586-5-0\"  class=\"panel-grid-cell\" ><div id=\"panel-13586-5-0-0\" class=\"so-panel widget widget_sow-editor panel-first-child\" data-index=\"9\" ><div\n\t\t\t\n\t\t\tclass=\"so-widget-sow-editor so-widget-sow-editor-base\"\n\t\t\t\n\t\t><h3 class=\"widget-title\">Book it now!<\/h3>\n<div class=\"siteorigin-widget-tinymce textwidget\">\n\t<p><img fetchpriority=\"high\" data-recalc-dims=\"1\" fetchpriority=\"high\" decoding=\"async\" class=\"alignnone wp-image-13587 size-medium\" src=\"https:\/\/i0.wp.com\/maksyboats.com\/wpm\/wp-content\/uploads\/2023\/06\/himars-boat-hire-without-licence-port-soller-001.webp?resize=500%2C332&#038;ssl=1\" alt=\"Himars Boat hire without licence in Port de S\u00f3ller\" width=\"500\" height=\"332\" srcset=\"https:\/\/i0.wp.com\/maksyboats.com\/wpm\/wp-content\/uploads\/2023\/06\/himars-boat-hire-without-licence-port-soller-001.webp?resize=500%2C332&amp;ssl=1 500w, https:\/\/i0.wp.com\/maksyboats.com\/wpm\/wp-content\/uploads\/2023\/06\/himars-boat-hire-without-licence-port-soller-001.webp?resize=768%2C510&amp;ssl=1 768w, https:\/\/i0.wp.com\/maksyboats.com\/wpm\/wp-content\/uploads\/2023\/06\/himars-boat-hire-without-licence-port-soller-001.webp?resize=18%2C12&amp;ssl=1 18w, https:\/\/i0.wp.com\/maksyboats.com\/wpm\/wp-content\/uploads\/2023\/06\/himars-boat-hire-without-licence-port-soller-001.webp?resize=272%2C182&amp;ssl=1 272w, https:\/\/i0.wp.com\/maksyboats.com\/wpm\/wp-content\/uploads\/2023\/06\/himars-boat-hire-without-licence-port-soller-001.webp?w=960&amp;ssl=1 960w\" sizes=\"(max-width: 500px) 100vw, 500px\" \/><\/p>\n<\/div>\n<\/div><\/div><div id=\"panel-13586-5-0-1\" class=\"so-panel widget widget_sow-editor\" data-index=\"10\" ><div\n\t\t\t\n\t\t\tclass=\"so-widget-sow-editor so-widget-sow-editor-base\"\n\t\t\t\n\t\t>\n<div class=\"siteorigin-widget-tinymce textwidget\">\n\t<div data-elementor-type=\"section\" data-elementor-id=\"13450\" class=\"elementor elementor-13450\" data-elementor-post-type=\"elementor_library\">\n<section class=\"elementor-section elementor-top-section elementor-element elementor-element-b263559 elementor-section-boxed elementor-section-height-default elementor-section-height-default\" data-id=\"b263559\" data-element_type=\"section\" data-e-type=\"section\" data-settings=\"{&quot;background_background&quot;:&quot;classic&quot;}\">\n<div class=\"elementor-container elementor-column-gap-no\">\n<div class=\"elementor-column elementor-col-100 elementor-top-column elementor-element elementor-element-923df82\" data-id=\"923df82\" data-element_type=\"column\" data-e-type=\"column\">\n<div class=\"elementor-widget-wrap elementor-element-populated\">\n<div class=\"elementor-element elementor-element-8910595 elementor-widget elementor-widget-text-editor\" data-id=\"8910595\" data-element_type=\"widget\" data-e-type=\"widget\" data-widget_type=\"text-editor.default\">\n<div class=\"elementor-widget-container\">\n<p>We recommend making the reservation with a minimum of two days in advance.<\/p>\n<\/p><\/div>\n<\/p><\/div>\n<\/p><\/div>\n<\/p><\/div>\n<\/p><\/div>\n<\/section><\/div><\/p>\n<\/div>\n<\/div><\/div><div id=\"panel-13586-5-0-2\" class=\"so-panel widget widget_sow-button\" data-index=\"11\" ><div\n\t\t\t\n\t\t\tclass=\"so-widget-sow-button so-widget-sow-button-atom-1dfb7a76b3c2-13586\"\n\t\t\t\n\t\t><div class=\"ow-button-base ow-button-align-center\"\n>\n\t\t\t<a\n\t\t\t\t\thref=\"https:\/\/api.whatsapp.com\/send?phone=34634833688&#038;text=Hello%2C%20I%20am%20interested%20in%20booking%20this%20boat%3A%20HIMARS\"\n\t\t\t\t\tclass=\"sowb-button ow-icon-placement-left ow-button-hover\" \t>\n\t\t<span>\n\t\t\t<span class=\"sow-icon-icomoon\" data-sow-icon=\"&#xea93;\"\n\t\tstyle=\"color: #ffffff\" \n\t\taria-hidden=\"true\"><\/span>\n\t\t\tWhatsApp Booking\t\t<\/span>\n\t\t\t<\/a>\n\t<\/div>\n<\/div><\/div><div id=\"panel-13586-5-0-3\" class=\"so-panel widget widget_sow-button\" data-index=\"12\" ><div\n\t\t\t\n\t\t\tclass=\"so-widget-sow-button so-widget-sow-button-atom-95179db4e194-13586\"\n\t\t\t\n\t\t><div class=\"ow-button-base ow-button-align-center\"\n>\n\t\t\t<a\n\t\t\t\t\thref=\"tel:+34634833688\"\n\t\t\t\t\tclass=\"sowb-button ow-icon-placement-left ow-button-hover\" \t>\n\t\t<span>\n\t\t\t<span class=\"sow-icon-fontawesome sow-fas\" data-sow-icon=\"&#xf095;\"\n\t\tstyle=\"color: #ffffff\" \n\t\taria-hidden=\"true\"><\/span>\n\t\t\tPhone Booking\t\t<\/span>\n\t\t\t<\/a>\n\t<\/div>\n<\/div><\/div><div id=\"panel-13586-5-0-4\" class=\"so-panel widget widget_sow-editor panel-last-child\" data-index=\"13\" ><div\n\t\t\t\n\t\t\tclass=\"so-widget-sow-editor so-widget-sow-editor-base\"\n\t\t\t\n\t\t>\n<div class=\"siteorigin-widget-tinymce textwidget\">\n\t<h4 style=\"margin-bottom: 15px;\">About the booking process<\/h4>\n<p><strong>1.<\/strong> You decide which day (or days) you want to book the boat, and send the reservation request<\/p>\n<p><strong>2.<\/strong> In a few minutes we review your request, we talk to you, we specify details and...<\/p>\n<p><strong>3.<\/strong> You enjoy your boat!<\/p>\n<p>* If you have any questions, please <a href=\"http:\/\/maksyboats.com\/contact\/\">contact us<\/a><\/p>\n<\/div>\n<\/div><\/div><\/div><div id=\"pgc-13586-5-1\"  class=\"panel-grid-cell panel-grid-cell-empty panel-grid-cell-mobile-last\" ><\/div><div id=\"pgc-13586-5-2\"  class=\"panel-grid-cell panel-grid-cell-empty\" ><\/div><\/div><\/div><\/div>","protected":false},"excerpt":{"rendered":"<p>\u00a1Descubre el placer de navegar en Port de Soller, Mallorca, con nuestro alquiler de barcos accesible y apto para todos! No se necesita licencia para esta embarcaci\u00f3n f\u00e1cil de pilotar provista de un motor fueraborda de 15 HP que puede alojar c\u00f3modamente hasta 6 personas, haciendo que las aventuras mar\u00edtimas sean f\u00e1ciles e inclusivas para todos. Emb\u00e1rquese en un viaje para explorar la impresionante costa,\u2026 <a title=\"Himars\" class=\"read-more\" href=\"https:\/\/maksyboats.com\/es\/without-license\/himars\/\" aria-label=\"Leer m\u00e1s sobre Himars\">Leer m\u00e1s \u00bb<\/a><\/p>","protected":false},"author":1,"featured_media":13589,"parent":11732,"menu_order":0,"comment_status":"closed","ping_status":"closed","template":"","meta":{"generate_page_header":"","jetpack_post_was_ever_published":false,"footnotes":""},"tags":[],"class_list":["post-13586","page","type-page","status-publish","has-post-thumbnail"],"yoast_head":"<!-- This site is optimized with the Yoast SEO plugin v27.5 - https:\/\/yoast.com\/product\/yoast-seo-wordpress\/ -->\n<title>Himars boat hire in Port de S\u00f3ller - MaksyBoats<\/title>\n<meta name=\"description\" content=\"Home Boat Description Discover the joy of sailing in Port de Soller, Mallorca with our accessible, everyone-friendly boat hire! No licence is needed for\" \/>\n<meta name=\"robots\" content=\"index, follow, max-snippet:-1, max-image-preview:large, max-video-preview:-1\" \/>\n<link rel=\"canonical\" href=\"https:\/\/maksyboats.com\/es\/sin-licencia\/himares\/\" \/>\n<meta property=\"og:locale\" content=\"es_ES\" \/>\n<meta property=\"og:type\" content=\"article\" \/>\n<meta property=\"og:title\" content=\"Himars boat hire in Port de S\u00f3ller - MaksyBoats\" \/>\n<meta property=\"og:description\" content=\"Home Boat Description Discover the joy of sailing in Port de Soller, Mallorca with our accessible, everyone-friendly boat hire! No licence is needed for\" \/>\n<meta property=\"og:url\" content=\"https:\/\/maksyboats.com\/es\/sin-licencia\/himares\/\" \/>\n<meta property=\"og:site_name\" content=\"MaksyBoats\" \/>\n<meta property=\"article:publisher\" content=\"https:\/\/www.facebook.com\/maksyboats\/\" \/>\n<meta property=\"article:modified_time\" content=\"2025-01-29T17:13:40+00:00\" \/>\n<meta property=\"og:image\" content=\"https:\/\/maksyboats.com\/wpm\/wp-content\/uploads\/2023\/06\/himars-boat-hire.webp\" \/>\n\t<meta property=\"og:image:width\" content=\"1400\" \/>\n\t<meta property=\"og:image:height\" content=\"559\" \/>\n\t<meta property=\"og:image:type\" content=\"image\/webp\" \/>\n<meta name=\"twitter:card\" content=\"summary_large_image\" \/>\n<meta name=\"twitter:site\" content=\"@maksyboats\" \/>\n<meta name=\"twitter:label1\" content=\"Tiempo de lectura\" \/>\n\t<meta name=\"twitter:data1\" content=\"2 minutos\" \/>\n<script type=\"application\/ld+json\" class=\"yoast-schema-graph\">{\"@context\":\"https:\\\/\\\/schema.org\",\"@graph\":[{\"@type\":\"WebPage\",\"@id\":\"https:\\\/\\\/maksyboats.com\\\/without-license\\\/himars\\\/\",\"url\":\"https:\\\/\\\/maksyboats.com\\\/without-license\\\/himars\\\/\",\"name\":\"Himars boat hire in Port de S\u00f3ller - MaksyBoats\",\"isPartOf\":{\"@id\":\"https:\\\/\\\/maksyboats.com\\\/#website\"},\"primaryImageOfPage\":{\"@id\":\"https:\\\/\\\/maksyboats.com\\\/without-license\\\/himars\\\/#primaryimage\"},\"image\":{\"@id\":\"https:\\\/\\\/maksyboats.com\\\/without-license\\\/himars\\\/#primaryimage\"},\"thumbnailUrl\":\"https:\\\/\\\/i0.wp.com\\\/maksyboats.com\\\/wpm\\\/wp-content\\\/uploads\\\/2023\\\/06\\\/himars-boat-hire.webp?fit=1400%2C559&ssl=1\",\"datePublished\":\"2023-06-01T10:09:36+00:00\",\"dateModified\":\"2025-01-29T17:13:40+00:00\",\"description\":\"Home Boat Description Discover the joy of sailing in Port de Soller, Mallorca with our accessible, everyone-friendly boat hire! No licence is needed for\",\"breadcrumb\":{\"@id\":\"https:\\\/\\\/maksyboats.com\\\/without-license\\\/himars\\\/#breadcrumb\"},\"inLanguage\":\"es\",\"potentialAction\":[{\"@type\":\"ReadAction\",\"target\":[\"https:\\\/\\\/maksyboats.com\\\/without-license\\\/himars\\\/\"]}]},{\"@type\":\"ImageObject\",\"inLanguage\":\"es\",\"@id\":\"https:\\\/\\\/maksyboats.com\\\/without-license\\\/himars\\\/#primaryimage\",\"url\":\"https:\\\/\\\/i0.wp.com\\\/maksyboats.com\\\/wpm\\\/wp-content\\\/uploads\\\/2023\\\/06\\\/himars-boat-hire.webp?fit=1400%2C559&ssl=1\",\"contentUrl\":\"https:\\\/\\\/i0.wp.com\\\/maksyboats.com\\\/wpm\\\/wp-content\\\/uploads\\\/2023\\\/06\\\/himars-boat-hire.webp?fit=1400%2C559&ssl=1\",\"width\":1400,\"height\":559,\"caption\":\"Himars boat hire in Port de S\u00f3ller\"},{\"@type\":\"BreadcrumbList\",\"@id\":\"https:\\\/\\\/maksyboats.com\\\/without-license\\\/himars\\\/#breadcrumb\",\"itemListElement\":[{\"@type\":\"ListItem\",\"position\":1,\"name\":\"Home\",\"item\":\"https:\\\/\\\/maksyboats.com\\\/\"},{\"@type\":\"ListItem\",\"position\":2,\"name\":\"Boat Hire without Licence in Mallorca\",\"item\":\"https:\\\/\\\/maksyboats.com\\\/without-license\\\/\"},{\"@type\":\"ListItem\",\"position\":3,\"name\":\"Himars\"}]},{\"@type\":\"WebSite\",\"@id\":\"https:\\\/\\\/maksyboats.com\\\/#website\",\"url\":\"https:\\\/\\\/maksyboats.com\\\/\",\"name\":\"MaksyBoats Boat Hire Mallorca\",\"description\":\"Boat Hire Mallorca, Charters, Trips &amp; much more\",\"publisher\":{\"@id\":\"https:\\\/\\\/maksyboats.com\\\/#organization\"},\"potentialAction\":[{\"@type\":\"SearchAction\",\"target\":{\"@type\":\"EntryPoint\",\"urlTemplate\":\"https:\\\/\\\/maksyboats.com\\\/?s={search_term_string}\"},\"query-input\":{\"@type\":\"PropertyValueSpecification\",\"valueRequired\":true,\"valueName\":\"search_term_string\"}}],\"inLanguage\":\"es\"},{\"@type\":\"Organization\",\"@id\":\"https:\\\/\\\/maksyboats.com\\\/#organization\",\"name\":\"MaksyBoats Boat Hire Mallorca\",\"url\":\"https:\\\/\\\/maksyboats.com\\\/\",\"logo\":{\"@type\":\"ImageObject\",\"inLanguage\":\"es\",\"@id\":\"https:\\\/\\\/maksyboats.com\\\/#\\\/schema\\\/logo\\\/image\\\/\",\"url\":\"https:\\\/\\\/i0.wp.com\\\/maksyboats.com\\\/wpm\\\/wp-content\\\/uploads\\\/2020\\\/05\\\/maksyboats-boat-hire-2020.png?fit=350%2C70&ssl=1\",\"contentUrl\":\"https:\\\/\\\/i0.wp.com\\\/maksyboats.com\\\/wpm\\\/wp-content\\\/uploads\\\/2020\\\/05\\\/maksyboats-boat-hire-2020.png?fit=350%2C70&ssl=1\",\"width\":350,\"height\":70,\"caption\":\"MaksyBoats Boat Hire Mallorca\"},\"image\":{\"@id\":\"https:\\\/\\\/maksyboats.com\\\/#\\\/schema\\\/logo\\\/image\\\/\"},\"sameAs\":[\"https:\\\/\\\/www.facebook.com\\\/maksyboats\\\/\",\"https:\\\/\\\/x.com\\\/maksyboats\",\"https:\\\/\\\/www.instagram.com\\\/maksyboats\\\/\"]}]}<\/script>\n<!-- \/ Yoast SEO plugin. -->","yoast_head_json":{"title":"Alquiler de barcos Himars en Port de S\u00f3ller - MaksyBoats","description":"Inicio Descripci\u00f3n del barco \u00a1Descubra el placer de navegar en Port de Soller, Mallorca, con nuestro alquiler de barco accesible y apto para todos! No se necesita licencia para","robots":{"index":"index","follow":"follow","max-snippet":"max-snippet:-1","max-image-preview":"max-image-preview:large","max-video-preview":"max-video-preview:-1"},"canonical":"https:\/\/maksyboats.com\/es\/sin-licencia\/himares\/","og_locale":"es_ES","og_type":"article","og_title":"Himars boat hire in Port de S\u00f3ller - MaksyBoats","og_description":"Home Boat Description Discover the joy of sailing in Port de Soller, Mallorca with our accessible, everyone-friendly boat hire! No licence is needed for","og_url":"https:\/\/maksyboats.com\/es\/sin-licencia\/himares\/","og_site_name":"MaksyBoats","article_publisher":"https:\/\/www.facebook.com\/maksyboats\/","article_modified_time":"2025-01-29T17:13:40+00:00","og_image":[{"width":1400,"height":559,"url":"https:\/\/maksyboats.com\/wpm\/wp-content\/uploads\/2023\/06\/himars-boat-hire.webp","type":"image\/webp"}],"twitter_card":"summary_large_image","twitter_site":"@maksyboats","twitter_misc":{"Tiempo de lectura":"2 minutos"},"schema":{"@context":"https:\/\/schema.org","@graph":[{"@type":"WebPage","@id":"https:\/\/maksyboats.com\/without-license\/himars\/","url":"https:\/\/maksyboats.com\/without-license\/himars\/","name":"Alquiler de barcos Himars en Port de S\u00f3ller - MaksyBoats","isPartOf":{"@id":"https:\/\/maksyboats.com\/#website"},"primaryImageOfPage":{"@id":"https:\/\/maksyboats.com\/without-license\/himars\/#primaryimage"},"image":{"@id":"https:\/\/maksyboats.com\/without-license\/himars\/#primaryimage"},"thumbnailUrl":"https:\/\/i0.wp.com\/maksyboats.com\/wpm\/wp-content\/uploads\/2023\/06\/himars-boat-hire.webp?fit=1400%2C559&ssl=1","datePublished":"2023-06-01T10:09:36+00:00","dateModified":"2025-01-29T17:13:40+00:00","description":"Inicio Descripci\u00f3n del barco \u00a1Descubra el placer de navegar en Port de Soller, Mallorca, con nuestro alquiler de barco accesible y apto para todos! No se necesita licencia para","breadcrumb":{"@id":"https:\/\/maksyboats.com\/without-license\/himars\/#breadcrumb"},"inLanguage":"es","potentialAction":[{"@type":"ReadAction","target":["https:\/\/maksyboats.com\/without-license\/himars\/"]}]},{"@type":"ImageObject","inLanguage":"es","@id":"https:\/\/maksyboats.com\/without-license\/himars\/#primaryimage","url":"https:\/\/i0.wp.com\/maksyboats.com\/wpm\/wp-content\/uploads\/2023\/06\/himars-boat-hire.webp?fit=1400%2C559&ssl=1","contentUrl":"https:\/\/i0.wp.com\/maksyboats.com\/wpm\/wp-content\/uploads\/2023\/06\/himars-boat-hire.webp?fit=1400%2C559&ssl=1","width":1400,"height":559,"caption":"Himars boat hire in Port de S\u00f3ller"},{"@type":"BreadcrumbList","@id":"https:\/\/maksyboats.com\/without-license\/himars\/#breadcrumb","itemListElement":[{"@type":"ListItem","position":1,"name":"Home","item":"https:\/\/maksyboats.com\/"},{"@type":"ListItem","position":2,"name":"Boat Hire without Licence in Mallorca","item":"https:\/\/maksyboats.com\/without-license\/"},{"@type":"ListItem","position":3,"name":"Himars"}]},{"@type":"WebSite","@id":"https:\/\/maksyboats.com\/#website","url":"https:\/\/maksyboats.com\/","name":"Alquiler de barcos MaksyBoats Mallorca","description":"Alquiler de barcos en Mallorca, charters, viajes y mucho m\u00e1s","publisher":{"@id":"https:\/\/maksyboats.com\/#organization"},"potentialAction":[{"@type":"SearchAction","target":{"@type":"EntryPoint","urlTemplate":"https:\/\/maksyboats.com\/?s={search_term_string}"},"query-input":{"@type":"PropertyValueSpecification","valueRequired":true,"valueName":"search_term_string"}}],"inLanguage":"es"},{"@type":"Organization","@id":"https:\/\/maksyboats.com\/#organization","name":"Alquiler de barcos MaksyBoats Mallorca","url":"https:\/\/maksyboats.com\/","logo":{"@type":"ImageObject","inLanguage":"es","@id":"https:\/\/maksyboats.com\/#\/schema\/logo\/image\/","url":"https:\/\/i0.wp.com\/maksyboats.com\/wpm\/wp-content\/uploads\/2020\/05\/maksyboats-boat-hire-2020.png?fit=350%2C70&ssl=1","contentUrl":"https:\/\/i0.wp.com\/maksyboats.com\/wpm\/wp-content\/uploads\/2020\/05\/maksyboats-boat-hire-2020.png?fit=350%2C70&ssl=1","width":350,"height":70,"caption":"MaksyBoats Boat Hire Mallorca"},"image":{"@id":"https:\/\/maksyboats.com\/#\/schema\/logo\/image\/"},"sameAs":["https:\/\/www.facebook.com\/maksyboats\/","https:\/\/x.com\/maksyboats","https:\/\/www.instagram.com\/maksyboats\/"]}]}},"jetpack_sharing_enabled":true,"_links":{"self":[{"href":"https:\/\/maksyboats.com\/es\/wp-json\/wp\/v2\/pages\/13586","targetHints":{"allow":["GET"]}}],"collection":[{"href":"https:\/\/maksyboats.com\/es\/wp-json\/wp\/v2\/pages"}],"about":[{"href":"https:\/\/maksyboats.com\/es\/wp-json\/wp\/v2\/types\/page"}],"author":[{"embeddable":true,"href":"https:\/\/maksyboats.com\/es\/wp-json\/wp\/v2\/users\/1"}],"replies":[{"embeddable":true,"href":"https:\/\/maksyboats.com\/es\/wp-json\/wp\/v2\/comments?post=13586"}],"version-history":[{"count":0,"href":"https:\/\/maksyboats.com\/es\/wp-json\/wp\/v2\/pages\/13586\/revisions"}],"up":[{"embeddable":true,"href":"https:\/\/maksyboats.com\/es\/wp-json\/wp\/v2\/pages\/11732"}],"wp:featuredmedia":[{"embeddable":true,"href":"https:\/\/maksyboats.com\/es\/wp-json\/wp\/v2\/media\/13589"}],"wp:attachment":[{"href":"https:\/\/maksyboats.com\/es\/wp-json\/wp\/v2\/media?parent=13586"}],"wp:term":[{"taxonomy":"post_tag","embeddable":true,"href":"https:\/\/maksyboats.com\/es\/wp-json\/wp\/v2\/tags?post=13586"}],"curies":[{"name":"Gracias","href":"https:\/\/api.w.org\/{rel}","templated":true}]}}