{"id":13289,"date":"2021-02-22T17:33:10","date_gmt":"2021-02-22T16:33:10","guid":{"rendered":"https:\/\/maksyboats.com\/?page_id=13289"},"modified":"2021-02-22T18:19:38","modified_gmt":"2021-02-22T17:19:38","slug":"medidas-de-seguridad-covid-19","status":"publish","type":"page","link":"https:\/\/maksyboats.com\/es\/covid-19-security-measures\/","title":{"rendered":"Medidas de seguridad COVID-19"},"content":{"rendered":"<div data-elementor-type=\"wp-page\" data-elementor-id=\"13289\" class=\"elementor elementor-13289\" data-elementor-post-type=\"page\">\n\t\t\t\t\t\t<section class=\"elementor-section elementor-top-section elementor-element elementor-element-03286c1 elementor-section-boxed elementor-section-height-default elementor-section-height-default\" data-id=\"03286c1\" data-element_type=\"section\" data-e-type=\"section\" data-settings=\"{&quot;background_background&quot;:&quot;classic&quot;}\">\n\t\t\t\t\t\t<div class=\"elementor-container elementor-column-gap-wide\">\n\t\t\t\t\t<div class=\"elementor-column elementor-col-100 elementor-top-column elementor-element elementor-element-ec291f6\" data-id=\"ec291f6\" data-element_type=\"column\" data-e-type=\"column\">\n\t\t\t<div class=\"elementor-widget-wrap elementor-element-populated\">\n\t\t\t\t\t\t<div class=\"elementor-element elementor-element-87a5ded elementor-widget elementor-widget-heading\" data-id=\"87a5ded\" data-element_type=\"widget\" data-e-type=\"widget\" data-widget_type=\"heading.default\">\n\t\t\t\t<div class=\"elementor-widget-container\">\n\t\t\t\t\t<h1 class=\"elementor-heading-title elementor-size-default\">Medidas de seguridad COVID-19<\/h1>\t\t\t\t<\/div>\n\t\t\t\t<\/div>\n\t\t\t\t\t<\/div>\n\t\t<\/div>\n\t\t\t\t\t<\/div>\n\t\t<\/section>\n\t\t\t\t<section class=\"elementor-section elementor-top-section elementor-element elementor-element-f35747a elementor-section-boxed elementor-section-height-default elementor-section-height-default\" data-id=\"f35747a\" data-element_type=\"section\" data-e-type=\"section\" data-settings=\"{&quot;background_background&quot;:&quot;classic&quot;}\">\n\t\t\t\t\t\t<div class=\"elementor-container elementor-column-gap-wide\">\n\t\t\t\t\t<div class=\"elementor-column elementor-col-100 elementor-top-column elementor-element elementor-element-36a0e1a\" data-id=\"36a0e1a\" data-element_type=\"column\" data-e-type=\"column\">\n\t\t\t<div class=\"elementor-widget-wrap elementor-element-populated\">\n\t\t\t\t\t\t<div class=\"elementor-element elementor-element-15675ba elementor-widget elementor-widget-text-editor\" data-id=\"15675ba\" data-element_type=\"widget\" data-e-type=\"widget\" data-widget_type=\"text-editor.default\">\n\t\t\t\t<div class=\"elementor-widget-container\">\n\t\t\t\t\t\t\t\t\t<p>En MaksyBoats nos tomamos las medidas de prevenci\u00f3n contra el COVID-19 <strong>muy serio<\/strong>.<\/p><p>Queremos seguir ofreciendo la <strong>la mejor experiencia posible<\/strong> a nuestros clientes, tomando todas las medidas necesarias para <strong>minimizar los riesgos<\/strong> de contagio.<\/p><p>Desde la temporada 2020, hemos incorporado a nuestro procedimiento <strong>todas las buenas pr\u00e1cticas<\/strong> establecidas por el <strong>Ministerio de Salud<\/strong> para las atracciones tur\u00edsticas.<\/p>\t\t\t\t\t\t\t\t<\/div>\n\t\t\t\t<\/div>\n\t\t\t\t\t<\/div>\n\t\t<\/div>\n\t\t\t\t\t<\/div>\n\t\t<\/section>\n\t\t\t\t<section class=\"elementor-section elementor-top-section elementor-element elementor-element-da95325 elementor-section-boxed elementor-section-height-default elementor-section-height-default\" data-id=\"da95325\" data-element_type=\"section\" data-e-type=\"section\">\n\t\t\t\t\t\t<div class=\"elementor-container elementor-column-gap-wide\">\n\t\t\t\t\t<div class=\"elementor-column elementor-col-100 elementor-top-column elementor-element elementor-element-7581f7c\" data-id=\"7581f7c\" data-element_type=\"column\" data-e-type=\"column\">\n\t\t\t<div class=\"elementor-widget-wrap elementor-element-populated\">\n\t\t\t\t\t\t<div class=\"elementor-element elementor-element-039d915 elementor-widget elementor-widget-text-editor\" data-id=\"039d915\" data-element_type=\"widget\" data-e-type=\"widget\" data-widget_type=\"text-editor.default\">\n\t\t\t\t<div class=\"elementor-widget-container\">\n\t\t\t\t\t\t\t\t\t<p>Te contamos algunas de las medidas imprescindibles que hemos aplicado:<\/p><p><strong>\u2713 Recepci\u00f3n en nuestro local<\/strong> (nueva apertura en 2021) en Port de S\u00f3ller. Para acceder a nuestra tienda, debe utilizar el <strong>gel hidroalcoh\u00f3lico<\/strong> ubicado en la entrada. Contamos con indicadores para recordarte respetar la <strong>distancia de seguridad interpersonal<\/strong>.<\/p><p><strong>\u2713 Puntos de higiene<\/strong>. Adem\u00e1s de la recepci\u00f3n, encontrar\u00e1s gel hidroalcoh\u00f3lico y pa\u00f1uelos en el muelle de embarque.<\/p><p><strong>\u2713 Limpieza y saneamiento<\/strong>. Hemos reforzado nuestras medidas de limpieza y desinfecci\u00f3n despu\u00e9s de cada uso de nuestros barcos, as\u00ed como de nuestro local. Peri\u00f3dicamente todas las superficies se vuelven a desinfectar.<\/p><p><strong>\u2713 Mascarilla facial<\/strong>. Uso obligatorio en nuestra tienda, as\u00ed como en el muelle de embarque. Si no dispone de mascarilla, le proporcionaremos el modelo quir\u00fargico.<\/p><p><strong>\u2713 Distancia de seguridad interpersonal<\/strong>. Siempre se respetar\u00e1 la distancia de seguridad entre personas de 2 metros, tanto en nuestra tienda como en el muelle de embarque, hasta que los clientes se hayan acomodado en el interior del barco.<\/p>\t\t\t\t\t\t\t\t<\/div>\n\t\t\t\t<\/div>\n\t\t\t\t\t<\/div>\n\t\t<\/div>\n\t\t\t\t\t<\/div>\n\t\t<\/section>\n\t\t\t\t<section class=\"elementor-section elementor-top-section elementor-element elementor-element-6296072 elementor-section-boxed elementor-section-height-default elementor-section-height-default\" data-id=\"6296072\" data-element_type=\"section\" data-e-type=\"section\" data-settings=\"{&quot;background_background&quot;:&quot;classic&quot;}\">\n\t\t\t\t\t\t<div class=\"elementor-container elementor-column-gap-wide\">\n\t\t\t\t\t<div class=\"elementor-column elementor-col-100 elementor-top-column elementor-element elementor-element-02477ea\" data-id=\"02477ea\" data-element_type=\"column\" data-e-type=\"column\">\n\t\t\t<div class=\"elementor-widget-wrap elementor-element-populated\">\n\t\t\t\t\t\t<div class=\"elementor-element elementor-element-9794e3e elementor-widget elementor-widget-heading\" data-id=\"9794e3e\" data-element_type=\"widget\" data-e-type=\"widget\" data-widget_type=\"heading.default\">\n\t\t\t\t<div class=\"elementor-widget-container\">\n\t\t\t\t\t<h2 class=\"elementor-heading-title elementor-size-default\">\u00bfPor qu\u00e9 elegir MaksyBoats?<\/h2>\t\t\t\t<\/div>\n\t\t\t\t<\/div>\n\t\t\t\t<div class=\"elementor-element elementor-element-45e86ba elementor-widget elementor-widget-text-editor\" data-id=\"45e86ba\" data-element_type=\"widget\" data-e-type=\"widget\" data-widget_type=\"text-editor.default\">\n\t\t\t\t<div class=\"elementor-widget-container\">\n\t\t\t\t\t\t\t\t\t<p>No somos <strong>una agencia de reservas online, sino personas reales.<\/strong> Un equipo de profesionales con muchos a\u00f1os de experiencia y comprometidos con su trabajo. <strong>Nos encanta lo que hacemos<\/strong>. Para nosotros, cada reserva es especial y <strong>\u00fanico<\/strong>, porque sabemos que nuestros clientes quieren vivir experiencias \u00fanicas. Siempre damos el 100% y la atenci\u00f3n a cada cliente (para nosotros, amigos) es totalmente personalizada.<\/p>\t\t\t\t\t\t\t\t<\/div>\n\t\t\t\t<\/div>\n\t\t\t\t<div class=\"elementor-element elementor-element-f08ce24 elementor-star-rating--align-center elementor--star-style-star_fontawesome elementor-widget elementor-widget-star-rating\" data-id=\"f08ce24\" data-element_type=\"widget\" data-e-type=\"widget\" data-widget_type=\"star-rating.default\">\n\t\t\t\t<div class=\"elementor-widget-container\">\n\t\t\t\t\t\t\t<div class=\"elementor-star-rating__wrapper\">\n\t\t\t\t\t\t\t<div class=\"elementor-star-rating__title\">5 de 5<\/div>\n\t\t\t\t\t\t<div class=\"elementor-star-rating\" itemtype=\"http:\/\/schema.org\/Rating\" itemscope=\"\" itemprop=\"reviewRating\">\n\t\t\t\t<i class=\"elementor-star-full\" aria-hidden=\"true\">\ue934<\/i><i class=\"elementor-star-full\" aria-hidden=\"true\">\ue934<\/i><i class=\"elementor-star-full\" aria-hidden=\"true\">\ue934<\/i><i class=\"elementor-star-full\" aria-hidden=\"true\">\ue934<\/i><i class=\"elementor-star-full\" aria-hidden=\"true\">\ue934<\/i>\t\t\t\t<span itemprop=\"ratingValue\" class=\"elementor-screen-only\">Valorado con 5 de 5<\/span>\n\t\t\t<\/div>\n\t\t<\/div>\n\t\t\t\t\t\t<\/div>\n\t\t\t\t<\/div>\n\t\t\t\t<div class=\"elementor-element elementor-element-de286ad elementor-widget elementor-widget-text-editor\" data-id=\"de286ad\" data-element_type=\"widget\" data-e-type=\"widget\" data-widget_type=\"text-editor.default\">\n\t\t\t\t<div class=\"elementor-widget-container\">\n\t\t\t\t\t\t\t\t\t<p>120 Opiniones positivas sobre <a href=\"https:\/\/www.tripadvisor.es\/Attraction_Review-g3607602-d11777165-Reviews-MaksyBoats-Port_de_Soller_Soller_Majorca_Balearic_Islands.html\" target=\"_blank\" rel=\"noopener\">TripAdvisor<\/a><\/p>\t\t\t\t\t\t\t\t<\/div>\n\t\t\t\t<\/div>\n\t\t\t\t\t<\/div>\n\t\t<\/div>\n\t\t\t\t\t<\/div>\n\t\t<\/section>\n\t\t\t\t<\/div>","protected":false},"excerpt":{"rendered":"<p>En MaksyBoats nos tomamos muy en serio las medidas de prevenci\u00f3n del COVID-19. Queremos seguir ofreciendo la mejor experiencia posible a nuestros clientes tomando todas las medidas necesarias para minimizar los riesgos de contagio. Desde la temporada 2020 hemos incorporado a nuestro procedimiento todas las buenas pr\u00e1cticas establecidas por el Ministerio de Sanidad para el turismo\u2026 <a title=\"Medidas de seguridad COVID-19\" class=\"read-more\" href=\"https:\/\/maksyboats.com\/es\/covid-19-security-measures\/\" aria-label=\"Leer m\u00e1s sobre Medidas de Seguridad COVID-19\">Leer m\u00e1s \u00bb<\/a><\/p>","protected":false},"author":1,"featured_media":0,"parent":0,"menu_order":0,"comment_status":"closed","ping_status":"closed","template":"elementor_header_footer","meta":{"generate_page_header":"","jetpack_post_was_ever_published":false,"footnotes":""},"tags":[],"class_list":["post-13289","page","type-page","status-publish"],"yoast_head":"<!-- This site is optimized with the Yoast SEO plugin v27.5 - https:\/\/yoast.com\/product\/yoast-seo-wordpress\/ -->\n<title>COVID-19 Security Measures - MaksyBoats<\/title>\n<meta name=\"description\" content=\"At MaksyBoats we take prevention measures for COVID-19 very seriously.We want to continue offering the best possible experience to our clients while\" \/>\n<meta name=\"robots\" content=\"index, follow, max-snippet:-1, max-image-preview:large, max-video-preview:-1\" \/>\n<link rel=\"canonical\" href=\"https:\/\/maksyboats.com\/es\/covid-19-medidas-de-seguridad\/\" \/>\n<meta property=\"og:locale\" content=\"es_ES\" \/>\n<meta property=\"og:type\" content=\"article\" \/>\n<meta property=\"og:title\" content=\"COVID-19 Security Measures - MaksyBoats\" \/>\n<meta property=\"og:description\" content=\"At MaksyBoats we take prevention measures for COVID-19 very seriously.We want to continue offering the best possible experience to our clients while\" \/>\n<meta property=\"og:url\" content=\"https:\/\/maksyboats.com\/es\/covid-19-medidas-de-seguridad\/\" \/>\n<meta property=\"og:site_name\" content=\"MaksyBoats\" \/>\n<meta property=\"article:publisher\" content=\"https:\/\/www.facebook.com\/maksyboats\/\" \/>\n<meta property=\"article:modified_time\" content=\"2021-02-22T17:19:38+00:00\" \/>\n<meta name=\"twitter:card\" content=\"summary_large_image\" \/>\n<meta name=\"twitter:site\" content=\"@maksyboats\" \/>\n<meta name=\"twitter:label1\" content=\"Tiempo de lectura\" \/>\n\t<meta name=\"twitter:data1\" content=\"2 minutos\" \/>\n<script type=\"application\/ld+json\" class=\"yoast-schema-graph\">{\"@context\":\"https:\\\/\\\/schema.org\",\"@graph\":[{\"@type\":\"WebPage\",\"@id\":\"https:\\\/\\\/maksyboats.com\\\/es\\\/covid-19-medidas-de-seguridad\\\/\",\"url\":\"https:\\\/\\\/maksyboats.com\\\/es\\\/covid-19-medidas-de-seguridad\\\/\",\"name\":\"COVID-19 Security Measures - MaksyBoats\",\"isPartOf\":{\"@id\":\"https:\\\/\\\/maksyboats.com\\\/#website\"},\"datePublished\":\"2021-02-22T16:33:10+00:00\",\"dateModified\":\"2021-02-22T17:19:38+00:00\",\"description\":\"At MaksyBoats we take prevention measures for COVID-19 very seriously.We want to continue offering the best possible experience to our clients while\",\"breadcrumb\":{\"@id\":\"https:\\\/\\\/maksyboats.com\\\/es\\\/covid-19-medidas-de-seguridad\\\/#breadcrumb\"},\"inLanguage\":\"es\",\"potentialAction\":[{\"@type\":\"ReadAction\",\"target\":[\"https:\\\/\\\/maksyboats.com\\\/es\\\/covid-19-medidas-de-seguridad\\\/\"]}]},{\"@type\":\"BreadcrumbList\",\"@id\":\"https:\\\/\\\/maksyboats.com\\\/es\\\/covid-19-medidas-de-seguridad\\\/#breadcrumb\",\"itemListElement\":[{\"@type\":\"ListItem\",\"position\":1,\"name\":\"Home\",\"item\":\"https:\\\/\\\/maksyboats.com\\\/\"},{\"@type\":\"ListItem\",\"position\":2,\"name\":\"COVID-19 Security Measures\"}]},{\"@type\":\"WebSite\",\"@id\":\"https:\\\/\\\/maksyboats.com\\\/#website\",\"url\":\"https:\\\/\\\/maksyboats.com\\\/\",\"name\":\"MaksyBoats Boat Hire Mallorca\",\"description\":\"Boat Hire Mallorca, Charters, Trips &amp; much more\",\"publisher\":{\"@id\":\"https:\\\/\\\/maksyboats.com\\\/#organization\"},\"potentialAction\":[{\"@type\":\"SearchAction\",\"target\":{\"@type\":\"EntryPoint\",\"urlTemplate\":\"https:\\\/\\\/maksyboats.com\\\/?s={search_term_string}\"},\"query-input\":{\"@type\":\"PropertyValueSpecification\",\"valueRequired\":true,\"valueName\":\"search_term_string\"}}],\"inLanguage\":\"es\"},{\"@type\":\"Organization\",\"@id\":\"https:\\\/\\\/maksyboats.com\\\/#organization\",\"name\":\"MaksyBoats Boat Hire Mallorca\",\"url\":\"https:\\\/\\\/maksyboats.com\\\/\",\"logo\":{\"@type\":\"ImageObject\",\"inLanguage\":\"es\",\"@id\":\"https:\\\/\\\/maksyboats.com\\\/#\\\/schema\\\/logo\\\/image\\\/\",\"url\":\"https:\\\/\\\/i0.wp.com\\\/maksyboats.com\\\/wpm\\\/wp-content\\\/uploads\\\/2020\\\/05\\\/maksyboats-boat-hire-2020.png?fit=350%2C70&ssl=1\",\"contentUrl\":\"https:\\\/\\\/i0.wp.com\\\/maksyboats.com\\\/wpm\\\/wp-content\\\/uploads\\\/2020\\\/05\\\/maksyboats-boat-hire-2020.png?fit=350%2C70&ssl=1\",\"width\":350,\"height\":70,\"caption\":\"MaksyBoats Boat Hire Mallorca\"},\"image\":{\"@id\":\"https:\\\/\\\/maksyboats.com\\\/#\\\/schema\\\/logo\\\/image\\\/\"},\"sameAs\":[\"https:\\\/\\\/www.facebook.com\\\/maksyboats\\\/\",\"https:\\\/\\\/x.com\\\/maksyboats\",\"https:\\\/\\\/www.instagram.com\\\/maksyboats\\\/\"]}]}<\/script>\n<!-- \/ Yoast SEO plugin. -->","yoast_head_json":{"title":"Medidas de seguridad COVID-19 - MaksyBoats","description":"En MaksyBoats nos tomamos muy en serio las medidas de prevenci\u00f3n del COVID-19. Queremos seguir ofreciendo la mejor experiencia posible a nuestros clientes mientras","robots":{"index":"index","follow":"follow","max-snippet":"max-snippet:-1","max-image-preview":"max-image-preview:large","max-video-preview":"max-video-preview:-1"},"canonical":"https:\/\/maksyboats.com\/es\/covid-19-medidas-de-seguridad\/","og_locale":"es_ES","og_type":"article","og_title":"COVID-19 Security Measures - MaksyBoats","og_description":"At MaksyBoats we take prevention measures for COVID-19 very seriously.We want to continue offering the best possible experience to our clients while","og_url":"https:\/\/maksyboats.com\/es\/covid-19-medidas-de-seguridad\/","og_site_name":"MaksyBoats","article_publisher":"https:\/\/www.facebook.com\/maksyboats\/","article_modified_time":"2021-02-22T17:19:38+00:00","twitter_card":"summary_large_image","twitter_site":"@maksyboats","twitter_misc":{"Tiempo de lectura":"2 minutos"},"schema":{"@context":"https:\/\/schema.org","@graph":[{"@type":"WebPage","@id":"https:\/\/maksyboats.com\/es\/covid-19-medidas-de-seguridad\/","url":"https:\/\/maksyboats.com\/es\/covid-19-medidas-de-seguridad\/","name":"Medidas de seguridad COVID-19 - MaksyBoats","isPartOf":{"@id":"https:\/\/maksyboats.com\/#website"},"datePublished":"2021-02-22T16:33:10+00:00","dateModified":"2021-02-22T17:19:38+00:00","description":"En MaksyBoats nos tomamos muy en serio las medidas de prevenci\u00f3n del COVID-19. Queremos seguir ofreciendo la mejor experiencia posible a nuestros clientes mientras","breadcrumb":{"@id":"https:\/\/maksyboats.com\/es\/covid-19-medidas-de-seguridad\/#breadcrumb"},"inLanguage":"es","potentialAction":[{"@type":"ReadAction","target":["https:\/\/maksyboats.com\/es\/covid-19-medidas-de-seguridad\/"]}]},{"@type":"BreadcrumbList","@id":"https:\/\/maksyboats.com\/es\/covid-19-medidas-de-seguridad\/#breadcrumb","itemListElement":[{"@type":"ListItem","position":1,"name":"Home","item":"https:\/\/maksyboats.com\/"},{"@type":"ListItem","position":2,"name":"COVID-19 Security Measures"}]},{"@type":"WebSite","@id":"https:\/\/maksyboats.com\/#website","url":"https:\/\/maksyboats.com\/","name":"Alquiler de barcos MaksyBoats Mallorca","description":"Alquiler de barcos en Mallorca, charters, viajes y mucho m\u00e1s","publisher":{"@id":"https:\/\/maksyboats.com\/#organization"},"potentialAction":[{"@type":"SearchAction","target":{"@type":"EntryPoint","urlTemplate":"https:\/\/maksyboats.com\/?s={search_term_string}"},"query-input":{"@type":"PropertyValueSpecification","valueRequired":true,"valueName":"search_term_string"}}],"inLanguage":"es"},{"@type":"Organization","@id":"https:\/\/maksyboats.com\/#organization","name":"Alquiler de barcos MaksyBoats Mallorca","url":"https:\/\/maksyboats.com\/","logo":{"@type":"ImageObject","inLanguage":"es","@id":"https:\/\/maksyboats.com\/#\/schema\/logo\/image\/","url":"https:\/\/i0.wp.com\/maksyboats.com\/wpm\/wp-content\/uploads\/2020\/05\/maksyboats-boat-hire-2020.png?fit=350%2C70&ssl=1","contentUrl":"https:\/\/i0.wp.com\/maksyboats.com\/wpm\/wp-content\/uploads\/2020\/05\/maksyboats-boat-hire-2020.png?fit=350%2C70&ssl=1","width":350,"height":70,"caption":"MaksyBoats Boat Hire Mallorca"},"image":{"@id":"https:\/\/maksyboats.com\/#\/schema\/logo\/image\/"},"sameAs":["https:\/\/www.facebook.com\/maksyboats\/","https:\/\/x.com\/maksyboats","https:\/\/www.instagram.com\/maksyboats\/"]}]}},"jetpack_sharing_enabled":true,"_links":{"self":[{"href":"https:\/\/maksyboats.com\/es\/wp-json\/wp\/v2\/pages\/13289","targetHints":{"allow":["GET"]}}],"collection":[{"href":"https:\/\/maksyboats.com\/es\/wp-json\/wp\/v2\/pages"}],"about":[{"href":"https:\/\/maksyboats.com\/es\/wp-json\/wp\/v2\/types\/page"}],"author":[{"embeddable":true,"href":"https:\/\/maksyboats.com\/es\/wp-json\/wp\/v2\/users\/1"}],"replies":[{"embeddable":true,"href":"https:\/\/maksyboats.com\/es\/wp-json\/wp\/v2\/comments?post=13289"}],"version-history":[{"count":0,"href":"https:\/\/maksyboats.com\/es\/wp-json\/wp\/v2\/pages\/13289\/revisions"}],"wp:attachment":[{"href":"https:\/\/maksyboats.com\/es\/wp-json\/wp\/v2\/media?parent=13289"}],"wp:term":[{"taxonomy":"post_tag","embeddable":true,"href":"https:\/\/maksyboats.com\/es\/wp-json\/wp\/v2\/tags?post=13289"}],"curies":[{"name":"Gracias","href":"https:\/\/api.w.org\/{rel}","templated":true}]}}