{"id":12819,"date":"2019-07-10T00:50:15","date_gmt":"2019-07-09T22:50:15","guid":{"rendered":"https:\/\/maksyboats.com\/?page_id=12819"},"modified":"2019-07-10T00:56:00","modified_gmt":"2019-07-09T22:56:00","slug":"formulario-de-reserva-2019","status":"publish","type":"page","link":"https:\/\/maksyboats.com\/es\/booking-form-2019\/","title":{"rendered":"formulario de reserva 2019"},"content":{"rendered":"<div id=\"pl-12819\"  class=\"panel-layout\" ><div id=\"pg-12819-0\"  class=\"panel-grid panel-has-style\" ><div id=\"booking_form_row\" class=\"panel-row-style panel-row-style-for-12819-0\" ><div id=\"pgc-12819-0-0\"  class=\"panel-grid-cell\" ><div id=\"panel-12819-0-0-0\" class=\"so-panel widget widget_sow-editor panel-first-child\" data-index=\"0\" ><div\n\t\t\t\n\t\t\tclass=\"so-widget-sow-editor so-widget-sow-editor-base\"\n\t\t\t\n\t\t>\n<div class=\"siteorigin-widget-tinymce textwidget\">\n\t<div id=\"booking_form\">\n<p>[contact-form-7 id=\"12818\" title=\"Booking Request New\"]<\/p>\n<\/div>\n<\/div>\n<\/div><\/div><div id=\"panel-12819-0-0-1\" class=\"so-panel widget widget_sow-editor panel-last-child\" data-index=\"1\" ><div\n\t\t\t\n\t\t\tclass=\"so-widget-sow-editor so-widget-sow-editor-base\"\n\t\t\t\n\t\t>\n<div class=\"siteorigin-widget-tinymce textwidget\">\n\t<h3 style=\"margin-bottom: 15px;\">About the booking process<\/h3>\n<p><strong>1.<\/strong> You decide which day (or days) you want to book the boat, and send the reservation request<\/p>\n<p><strong>2.<\/strong> As soon as possible, we will contact you to specify the details.<\/p>\n<p><strong>3. <\/strong>We will ask you to make a payment of 10% of the total to confirm your reservation.<\/p>\n<p><strong>4.<\/strong> You enjoy your boat!<\/p>\n<p>* If you have any questions, please <a href=\"http:\/\/maksyboats.com\/contact\/\">contact us<\/a><\/p>\n<\/div>\n<\/div><\/div><\/div><div id=\"pgc-12819-0-1\"  class=\"panel-grid-cell panel-grid-cell-empty panel-grid-cell-mobile-last\" ><\/div><div id=\"pgc-12819-0-2\"  class=\"panel-grid-cell panel-grid-cell-empty\" ><\/div><\/div><\/div><\/div>","protected":false},"excerpt":{"rendered":"<p>[contact-form-7 id=&#8221;12818&#8243; title=&#8221;Booking Request New&#8221;] About the booking process 1. You decide which day (or days) you want to book the boat, and send the reservation request 2. As soon as possible, we will contact you to specify the details. 3. We will ask you to make a payment of 10% of the total to &#8230; <a title=\"booking form 2019\" class=\"read-more\" href=\"https:\/\/maksyboats.com\/es\/booking-form-2019\/\" aria-label=\"Leer m\u00e1s sobre booking form 2019\">Read more \u00bb<\/a><\/p>\n","protected":false},"author":1,"featured_media":0,"parent":0,"menu_order":0,"comment_status":"closed","ping_status":"closed","template":"","meta":{"generate_page_header":"","jetpack_post_was_ever_published":false,"footnotes":""},"tags":[],"class_list":["post-12819","page","type-page","status-publish"],"yoast_head":"<!-- This site is optimized with the Yoast SEO plugin v27.5 - https:\/\/yoast.com\/product\/yoast-seo-wordpress\/ -->\n<title>booking form 2019 - MaksyBoats<\/title>\n<meta name=\"description\" content=\"About the booking process 1. You decide which day (or days) you want to book the boat, and send the reservation request 2. As soon as possible, we will\" \/>\n<meta name=\"robots\" content=\"index, follow, max-snippet:-1, max-image-preview:large, max-video-preview:-1\" \/>\n<link rel=\"canonical\" href=\"https:\/\/maksyboats.com\/es\/formulario-de-reserva-2019\/\" \/>\n<meta property=\"og:locale\" content=\"es_ES\" \/>\n<meta property=\"og:type\" content=\"article\" \/>\n<meta property=\"og:title\" content=\"booking form 2019 - MaksyBoats\" \/>\n<meta property=\"og:description\" content=\"About the booking process 1. You decide which day (or days) you want to book the boat, and send the reservation request 2. As soon as possible, we will\" \/>\n<meta property=\"og:url\" content=\"https:\/\/maksyboats.com\/es\/formulario-de-reserva-2019\/\" \/>\n<meta property=\"og:site_name\" content=\"MaksyBoats\" \/>\n<meta property=\"article:publisher\" content=\"https:\/\/www.facebook.com\/maksyboats\/\" \/>\n<meta property=\"article:modified_time\" content=\"2019-07-09T22:56:00+00:00\" \/>\n<meta name=\"twitter:card\" content=\"summary_large_image\" \/>\n<meta name=\"twitter:site\" content=\"@maksyboats\" \/>\n<script type=\"application\/ld+json\" class=\"yoast-schema-graph\">{\"@context\":\"https:\\\/\\\/schema.org\",\"@graph\":[{\"@type\":\"WebPage\",\"@id\":\"https:\\\/\\\/maksyboats.com\\\/es\\\/booking-form-2019\\\/\",\"url\":\"https:\\\/\\\/maksyboats.com\\\/es\\\/booking-form-2019\\\/\",\"name\":\"booking form 2019 - MaksyBoats\",\"isPartOf\":{\"@id\":\"https:\\\/\\\/maksyboats.com\\\/#website\"},\"datePublished\":\"2019-07-09T22:50:15+00:00\",\"dateModified\":\"2019-07-09T22:56:00+00:00\",\"description\":\"About the booking process 1. You decide which day (or days) you want to book the boat, and send the reservation request 2. As soon as possible, we will\",\"breadcrumb\":{\"@id\":\"https:\\\/\\\/maksyboats.com\\\/es\\\/booking-form-2019\\\/#breadcrumb\"},\"inLanguage\":\"es\",\"potentialAction\":[{\"@type\":\"ReadAction\",\"target\":[\"https:\\\/\\\/maksyboats.com\\\/es\\\/booking-form-2019\\\/\"]}]},{\"@type\":\"BreadcrumbList\",\"@id\":\"https:\\\/\\\/maksyboats.com\\\/es\\\/booking-form-2019\\\/#breadcrumb\",\"itemListElement\":[{\"@type\":\"ListItem\",\"position\":1,\"name\":\"Home\",\"item\":\"https:\\\/\\\/maksyboats.com\\\/\"},{\"@type\":\"ListItem\",\"position\":2,\"name\":\"booking form 2019\"}]},{\"@type\":\"WebSite\",\"@id\":\"https:\\\/\\\/maksyboats.com\\\/#website\",\"url\":\"https:\\\/\\\/maksyboats.com\\\/\",\"name\":\"MaksyBoats Boat Hire Mallorca\",\"description\":\"Boat Hire Mallorca, Charters, Trips &amp; much more\",\"publisher\":{\"@id\":\"https:\\\/\\\/maksyboats.com\\\/#organization\"},\"potentialAction\":[{\"@type\":\"SearchAction\",\"target\":{\"@type\":\"EntryPoint\",\"urlTemplate\":\"https:\\\/\\\/maksyboats.com\\\/?s={search_term_string}\"},\"query-input\":{\"@type\":\"PropertyValueSpecification\",\"valueRequired\":true,\"valueName\":\"search_term_string\"}}],\"inLanguage\":\"es\"},{\"@type\":\"Organization\",\"@id\":\"https:\\\/\\\/maksyboats.com\\\/#organization\",\"name\":\"MaksyBoats Boat Hire Mallorca\",\"url\":\"https:\\\/\\\/maksyboats.com\\\/\",\"logo\":{\"@type\":\"ImageObject\",\"inLanguage\":\"es\",\"@id\":\"https:\\\/\\\/maksyboats.com\\\/#\\\/schema\\\/logo\\\/image\\\/\",\"url\":\"https:\\\/\\\/i0.wp.com\\\/maksyboats.com\\\/wpm\\\/wp-content\\\/uploads\\\/2020\\\/05\\\/maksyboats-boat-hire-2020.png?fit=350%2C70&ssl=1\",\"contentUrl\":\"https:\\\/\\\/i0.wp.com\\\/maksyboats.com\\\/wpm\\\/wp-content\\\/uploads\\\/2020\\\/05\\\/maksyboats-boat-hire-2020.png?fit=350%2C70&ssl=1\",\"width\":350,\"height\":70,\"caption\":\"MaksyBoats Boat Hire Mallorca\"},\"image\":{\"@id\":\"https:\\\/\\\/maksyboats.com\\\/#\\\/schema\\\/logo\\\/image\\\/\"},\"sameAs\":[\"https:\\\/\\\/www.facebook.com\\\/maksyboats\\\/\",\"https:\\\/\\\/x.com\\\/maksyboats\",\"https:\\\/\\\/www.instagram.com\\\/maksyboats\\\/\"]}]}<\/script>\n<!-- \/ Yoast SEO plugin. -->","yoast_head_json":{"title":"formulario de reserva 2019 - MaksyBoats","description":"Sobre el proceso de reserva 1. T\u00fa decides qu\u00e9 d\u00eda (o d\u00edas) quieres reservar el barco, y env\u00edas la solicitud de reserva 2. A la mayor brevedad nos pondremos en contacto","robots":{"index":"index","follow":"follow","max-snippet":"max-snippet:-1","max-image-preview":"max-image-preview:large","max-video-preview":"max-video-preview:-1"},"canonical":"https:\/\/maksyboats.com\/es\/formulario-de-reserva-2019\/","og_locale":"es_ES","og_type":"article","og_title":"booking form 2019 - MaksyBoats","og_description":"About the booking process 1. You decide which day (or days) you want to book the boat, and send the reservation request 2. As soon as possible, we will","og_url":"https:\/\/maksyboats.com\/es\/formulario-de-reserva-2019\/","og_site_name":"MaksyBoats","article_publisher":"https:\/\/www.facebook.com\/maksyboats\/","article_modified_time":"2019-07-09T22:56:00+00:00","twitter_card":"summary_large_image","twitter_site":"@maksyboats","schema":{"@context":"https:\/\/schema.org","@graph":[{"@type":"WebPage","@id":"https:\/\/maksyboats.com\/es\/booking-form-2019\/","url":"https:\/\/maksyboats.com\/es\/booking-form-2019\/","name":"formulario de reserva 2019 - MaksyBoats","isPartOf":{"@id":"https:\/\/maksyboats.com\/#website"},"datePublished":"2019-07-09T22:50:15+00:00","dateModified":"2019-07-09T22:56:00+00:00","description":"Sobre el proceso de reserva 1. T\u00fa decides qu\u00e9 d\u00eda (o d\u00edas) quieres reservar el barco, y env\u00edas la solicitud de reserva 2. A la mayor brevedad nos pondremos en contacto","breadcrumb":{"@id":"https:\/\/maksyboats.com\/es\/booking-form-2019\/#breadcrumb"},"inLanguage":"es","potentialAction":[{"@type":"ReadAction","target":["https:\/\/maksyboats.com\/es\/booking-form-2019\/"]}]},{"@type":"BreadcrumbList","@id":"https:\/\/maksyboats.com\/es\/booking-form-2019\/#breadcrumb","itemListElement":[{"@type":"ListItem","position":1,"name":"Home","item":"https:\/\/maksyboats.com\/"},{"@type":"ListItem","position":2,"name":"booking form 2019"}]},{"@type":"WebSite","@id":"https:\/\/maksyboats.com\/#website","url":"https:\/\/maksyboats.com\/","name":"Alquiler de barcos MaksyBoats Mallorca","description":"Alquiler de barcos en Mallorca, charters, viajes y mucho m\u00e1s","publisher":{"@id":"https:\/\/maksyboats.com\/#organization"},"potentialAction":[{"@type":"SearchAction","target":{"@type":"EntryPoint","urlTemplate":"https:\/\/maksyboats.com\/?s={search_term_string}"},"query-input":{"@type":"PropertyValueSpecification","valueRequired":true,"valueName":"search_term_string"}}],"inLanguage":"es"},{"@type":"Organization","@id":"https:\/\/maksyboats.com\/#organization","name":"Alquiler de barcos MaksyBoats Mallorca","url":"https:\/\/maksyboats.com\/","logo":{"@type":"ImageObject","inLanguage":"es","@id":"https:\/\/maksyboats.com\/#\/schema\/logo\/image\/","url":"https:\/\/i0.wp.com\/maksyboats.com\/wpm\/wp-content\/uploads\/2020\/05\/maksyboats-boat-hire-2020.png?fit=350%2C70&ssl=1","contentUrl":"https:\/\/i0.wp.com\/maksyboats.com\/wpm\/wp-content\/uploads\/2020\/05\/maksyboats-boat-hire-2020.png?fit=350%2C70&ssl=1","width":350,"height":70,"caption":"MaksyBoats Boat Hire Mallorca"},"image":{"@id":"https:\/\/maksyboats.com\/#\/schema\/logo\/image\/"},"sameAs":["https:\/\/www.facebook.com\/maksyboats\/","https:\/\/x.com\/maksyboats","https:\/\/www.instagram.com\/maksyboats\/"]}]}},"jetpack_sharing_enabled":true,"_links":{"self":[{"href":"https:\/\/maksyboats.com\/es\/wp-json\/wp\/v2\/pages\/12819","targetHints":{"allow":["GET"]}}],"collection":[{"href":"https:\/\/maksyboats.com\/es\/wp-json\/wp\/v2\/pages"}],"about":[{"href":"https:\/\/maksyboats.com\/es\/wp-json\/wp\/v2\/types\/page"}],"author":[{"embeddable":true,"href":"https:\/\/maksyboats.com\/es\/wp-json\/wp\/v2\/users\/1"}],"replies":[{"embeddable":true,"href":"https:\/\/maksyboats.com\/es\/wp-json\/wp\/v2\/comments?post=12819"}],"version-history":[{"count":0,"href":"https:\/\/maksyboats.com\/es\/wp-json\/wp\/v2\/pages\/12819\/revisions"}],"wp:attachment":[{"href":"https:\/\/maksyboats.com\/es\/wp-json\/wp\/v2\/media?parent=12819"}],"wp:term":[{"taxonomy":"post_tag","embeddable":true,"href":"https:\/\/maksyboats.com\/es\/wp-json\/wp\/v2\/tags?post=12819"}],"curies":[{"name":"Gracias","href":"https:\/\/api.w.org\/{rel}","templated":true}]}}