{"id":12730,"date":"2019-02-21T21:04:40","date_gmt":"2019-02-21T20:04:40","guid":{"rendered":"https:\/\/maksyboats.com\/?page_id=12730"},"modified":"2021-05-24T16:25:38","modified_gmt":"2021-05-24T14:25:38","slug":"cala-nova-mallorca","status":"publish","type":"page","link":"https:\/\/maksyboats.com\/es\/locations\/cala-nova-mallorca\/","title":{"rendered":"Cala Nova"},"content":{"rendered":"<div id=\"pl-12730\"  class=\"panel-layout\" ><div id=\"pg-12730-0\"  class=\"panel-grid panel-no-style\" ><div id=\"pgc-12730-0-0\"  class=\"panel-grid-cell panel-grid-cell-empty\" ><\/div><\/div><div id=\"pg-12730-1\"  class=\"panel-grid panel-no-style\" ><div id=\"pgc-12730-1-0\"  class=\"panel-grid-cell\" ><div id=\"panel-12730-1-0-0\" class=\"so-panel widget widget_sow-editor panel-first-child panel-last-child\" data-index=\"0\" ><div\n\t\t\t\n\t\t\tclass=\"so-widget-sow-editor so-widget-sow-editor-base\"\n\t\t\t\n\t\t><h3 class=\"widget-title\">Cala Nova<\/h3>\n<div class=\"siteorigin-widget-tinymce textwidget\">\n\t<p>El puerto de\u00a0<strong>Cala Nova<\/strong> (Port Calanova) tiene una ubicaci\u00f3n inmejorable en Mallorca, as\u00ed como instalaciones completamente renovadas.<\/p>\n<p>Una de las cosas que hace que el puerto de Cala Nova sea uno de los mejores puertos de Mallorca es la gran cantidad de servicios que ofrece a sus clientes. El personal del puerto facilitar\u00e1 su estad\u00eda y la convertir\u00e1 en una experiencia inolvidable.<\/p>\n<p><img fetchpriority=\"high\" data-recalc-dims=\"1\" decoding=\"async\" class=\"alignnone size-full wp-image-12734\" src=\"https:\/\/i0.wp.com\/maksyboats.com\/wpm\/wp-content\/uploads\/2019\/02\/port-cala-nova-mallorca-boat-hire-03.jpg?resize=960%2C540&#038;ssl=1\" alt=\"Cala Nova, Mallorca alquiler de barcos con MaksyBoats\" width=\"960\" height=\"540\" srcset=\"https:\/\/i0.wp.com\/maksyboats.com\/wpm\/wp-content\/uploads\/2019\/02\/port-cala-nova-mallorca-boat-hire-03.jpg?w=960&amp;ssl=1 960w, https:\/\/i0.wp.com\/maksyboats.com\/wpm\/wp-content\/uploads\/2019\/02\/port-cala-nova-mallorca-boat-hire-03.jpg?resize=300%2C169&amp;ssl=1 300w, https:\/\/i0.wp.com\/maksyboats.com\/wpm\/wp-content\/uploads\/2019\/02\/port-cala-nova-mallorca-boat-hire-03.jpg?resize=768%2C432&amp;ssl=1 768w, https:\/\/i0.wp.com\/maksyboats.com\/wpm\/wp-content\/uploads\/2019\/02\/port-cala-nova-mallorca-boat-hire-03.jpg?resize=30%2C17&amp;ssl=1 30w\" sizes=\"(max-width: 960px) 100vw, 960px\" \/><\/p>\n<\/div>\n<\/div><\/div><\/div><\/div><div id=\"pg-12730-2\"  class=\"panel-grid panel-no-style\" ><div id=\"pgc-12730-2-0\"  class=\"panel-grid-cell\" ><div id=\"panel-12730-2-0-0\" class=\"so-panel widget widget_sow-editor panel-first-child panel-last-child\" data-index=\"1\" ><div\n\t\t\t\n\t\t\tclass=\"so-widget-sow-editor so-widget-sow-editor-base\"\n\t\t\t\n\t\t><h3 class=\"widget-title\">Alquiler de barcos en Cala Nova<\/h3>\n<div class=\"siteorigin-widget-tinymce textwidget\">\n\t<\/div>\n<\/div><\/div><\/div><\/div><div id=\"pg-12730-3\"  class=\"panel-grid panel-no-style\" ><div id=\"pgc-12730-3-0\"  class=\"panel-grid-cell\" ><div id=\"panel-12730-3-0-0\" class=\"so-panel widget widget_sow-editor panel-first-child panel-last-child\" data-index=\"2\" ><div\n\t\t\t\n\t\t\tclass=\"so-widget-sow-editor so-widget-sow-editor-base\"\n\t\t\t\n\t\t>\n<div class=\"siteorigin-widget-tinymce textwidget\">\n\t<h3>Rib Tarpon 590 LX<\/h3>\n<p><a href=\"https:\/\/maksyboats.com\/es\/boats-rental\/con-licencia\/costilla-de-sabalo-590\/\" target=\"_blank\" rel=\"noopener\"><img loading=\"lazy\" data-recalc-dims=\"1\" decoding=\"async\" class=\"alignnone wp-image-12697 size-full\" src=\"https:\/\/i0.wp.com\/maksyboats.com\/wpm\/wp-content\/uploads\/2019\/01\/rib-tarpon-590-boat-hire-license-port-soller-mallorca-01.jpg?resize=960%2C638&#038;ssl=1\" alt=\"rib-tarpon-590-licencia-alquiler-barco-puerto-soller-mallorca-01\" width=\"960\" height=\"638\" srcset=\"https:\/\/i0.wp.com\/maksyboats.com\/wpm\/wp-content\/uploads\/2019\/01\/rib-tarpon-590-boat-hire-license-port-soller-mallorca-01.jpg?w=960&amp;ssl=1 960w, https:\/\/i0.wp.com\/maksyboats.com\/wpm\/wp-content\/uploads\/2019\/01\/rib-tarpon-590-boat-hire-license-port-soller-mallorca-01.jpg?resize=300%2C199&amp;ssl=1 300w, https:\/\/i0.wp.com\/maksyboats.com\/wpm\/wp-content\/uploads\/2019\/01\/rib-tarpon-590-boat-hire-license-port-soller-mallorca-01.jpg?resize=768%2C510&amp;ssl=1 768w, https:\/\/i0.wp.com\/maksyboats.com\/wpm\/wp-content\/uploads\/2019\/01\/rib-tarpon-590-boat-hire-license-port-soller-mallorca-01.jpg?resize=30%2C20&amp;ssl=1 30w, https:\/\/i0.wp.com\/maksyboats.com\/wpm\/wp-content\/uploads\/2019\/01\/rib-tarpon-590-boat-hire-license-port-soller-mallorca-01.jpg?resize=272%2C182&amp;ssl=1 272w\" sizes=\"(max-width: 960px) 100vw, 960px\" \/><\/a><\/p>\n<table class=\"table table-condensed table-striped\" width=\"100%\">\n<thead>\n<tr>\n<th>Modelo<\/th>\n<th>Rib Tarpon 590 LX<\/th>\n<\/tr>\n<\/thead>\n<tbody>\n<tr>\n<td>Eslora<\/td>\n<td>5,90 metros<\/td>\n<\/tr>\n<tr>\n<td>Motor<\/td>\n<td>Fueraborda Suzuki, 115 CV<\/td>\n<\/tr>\n<tr>\n<td>Capacidad<\/td>\n<td>8 pax<\/td>\n<\/tr>\n<tr>\n<td>Ubicaci\u00f3n<\/td>\n<td>Cala Nova<\/td>\n<\/tr>\n<\/tbody>\n<\/table>\n<p><a class=\"btn btn-primary\" href=\"https:\/\/maksyboats.com\/es\/boats-rental\/con-licencia\/costilla-de-sabalo-590\/\">Ver detalles \u00bb<\/a><\/p>\n<\/div>\n<\/div><\/div><\/div><div id=\"pgc-12730-3-1\"  class=\"panel-grid-cell panel-grid-cell-mobile-last\" ><div id=\"panel-12730-3-1-0\" class=\"so-panel widget widget_sow-editor panel-first-child panel-last-child\" data-index=\"3\" ><div\n\t\t\t\n\t\t\tclass=\"so-widget-sow-editor so-widget-sow-editor-base\"\n\t\t\t\n\t\t>\n<div class=\"siteorigin-widget-tinymce textwidget\">\n\t<h3>Rib Tarpon 790 LX<\/h3>\n<p><a href=\"https:\/\/maksyboats.com\/es\/boats-rental\/con-licencia\/costilla-tarpon-790-luxe\/\"><img loading=\"lazy\" data-recalc-dims=\"1\" decoding=\"async\" class=\"alignnone wp-image-12708 size-full\" src=\"https:\/\/i0.wp.com\/maksyboats.com\/wpm\/wp-content\/uploads\/2019\/01\/rib-tarpon-790-boat-charter-port-soller-maksyboats-02.jpg?resize=960%2C638&#038;ssl=1\" alt=\"rib-tarpon-790-barco-charter-port-soller-maksyboats\" width=\"960\" height=\"638\" srcset=\"https:\/\/i0.wp.com\/maksyboats.com\/wpm\/wp-content\/uploads\/2019\/01\/rib-tarpon-790-boat-charter-port-soller-maksyboats-02.jpg?w=960&amp;ssl=1 960w, https:\/\/i0.wp.com\/maksyboats.com\/wpm\/wp-content\/uploads\/2019\/01\/rib-tarpon-790-boat-charter-port-soller-maksyboats-02.jpg?resize=300%2C199&amp;ssl=1 300w, https:\/\/i0.wp.com\/maksyboats.com\/wpm\/wp-content\/uploads\/2019\/01\/rib-tarpon-790-boat-charter-port-soller-maksyboats-02.jpg?resize=768%2C510&amp;ssl=1 768w, https:\/\/i0.wp.com\/maksyboats.com\/wpm\/wp-content\/uploads\/2019\/01\/rib-tarpon-790-boat-charter-port-soller-maksyboats-02.jpg?resize=30%2C20&amp;ssl=1 30w, https:\/\/i0.wp.com\/maksyboats.com\/wpm\/wp-content\/uploads\/2019\/01\/rib-tarpon-790-boat-charter-port-soller-maksyboats-02.jpg?resize=272%2C182&amp;ssl=1 272w\" sizes=\"(max-width: 960px) 100vw, 960px\" \/><\/a><\/p>\n<table class=\"table table-condensed table-striped\" width=\"100%\">\n<thead>\n<tr>\n<th>Modelo<\/th>\n<th>Rib Tarpon 790 LX<\/th>\n<\/tr>\n<\/thead>\n<tbody>\n<tr>\n<td>Eslora<\/td>\n<td>7,90 metros<\/td>\n<\/tr>\n<tr>\n<td>Motor<\/td>\n<td>Fueraborda Suzuki, 250 CV<\/td>\n<\/tr>\n<tr>\n<td>Capacidad<\/td>\n<td>12 pax<\/td>\n<\/tr>\n<tr>\n<td>Ubicaci\u00f3n<\/td>\n<td><strong>Cala Nova<\/strong><\/td>\n<\/tr>\n<\/tbody>\n<\/table>\n<p><a class=\"btn btn-primary\" href=\"https:\/\/maksyboats.com\/es\/boats-rental\/con-licencia\/costilla-tarpon-790-luxe\/\">Ver detalles \u00bb<\/a><\/p>\n<\/div>\n<\/div><\/div><\/div><div id=\"pgc-12730-3-2\"  class=\"panel-grid-cell panel-grid-cell-empty\" ><\/div><\/div><div id=\"pg-12730-4\"  class=\"panel-grid panel-no-style\" ><div id=\"pgc-12730-4-0\"  class=\"panel-grid-cell\" ><div id=\"panel-12730-4-0-0\" class=\"so-panel widget widget_sow-editor panel-first-child\" data-index=\"4\" ><div\n\t\t\t\n\t\t\tclass=\"so-widget-sow-editor so-widget-sow-editor-base\"\n\t\t\t\n\t\t><h3 class=\"widget-title\">Ubicaci\u00f3n<\/h3>\n<div class=\"siteorigin-widget-tinymce textwidget\">\n\t<p><iframe style=\"border: 0;\" src=\"https:\/\/www.google.com\/maps\/embed?pb=!1m18!1m12!1m3!1d12305.765472459305!2d2.590685940759988!3d39.549654467091386!2m3!1f0!2f0!3f0!3m2!1i1024!2i768!4f13.1!3m3!1m2!1s0x12978de7f145ae77%3A0x3f427456e90421c8!2sCala+Nova!5e0!3m2!1ses!2ses!4v1551033394607\" width=\"700\" height=\"350\" frameborder=\"0\" allowfullscreen=\"allowfullscreen\"><\/iframe><\/p>\n<\/div>\n<\/div><\/div><div id=\"panel-12730-4-0-1\" class=\"so-panel widget widget_sow-editor\" data-index=\"5\" ><div\n\t\t\t\n\t\t\tclass=\"so-widget-sow-editor so-widget-sow-editor-base\"\n\t\t\t\n\t\t><h3 class=\"widget-title\">El tiempo en Cala Nova<\/h3>\n<div class=\"siteorigin-widget-tinymce textwidget\">\n\t<div id=\"c_09e904c756a63ea338fe1767b283b893\" class=\"normal\"><\/div>\n<p><script type=\"text\/javascript\" src=\"https:\/\/en.eltiempo.es\/widget\/widget_loader\/09e904c756a63ea338fe1767b283b893\"><\/script><\/p>\n<\/div>\n<\/div><\/div><div id=\"panel-12730-4-0-2\" class=\"so-panel widget widget_sow-editor panel-last-child\" data-index=\"6\" ><div\n\t\t\t\n\t\t\tclass=\"so-widget-sow-editor so-widget-sow-editor-base\"\n\t\t\t\n\t\t><h3 class=\"widget-title\">Enlaces de interes<\/h3>\n<div class=\"siteorigin-widget-tinymce textwidget\">\n\t<ul>\n<li><a href=\"https:\/\/www.portcalanova.com\/es\" target=\"_blank\" rel=\"noopener\">Sitio web de Port Calanova<\/a>. Conozca todos los detalles del puerto en el sitio web oficial: servicios, instalaciones, etc.<\/li>\n<li><a href=\"http:\/\/www.platgesdebalears.com\/caplaibFront\/playa_basico.es.jsp?cPla=113&amp;cMun=24&amp;cIsl=MA\" target=\"_blank\" rel=\"noopener\">Playa Cala Nova<\/a>. Con informaci\u00f3n y fotos de esta playa.<\/li>\n<\/ul>\n<\/div>\n<\/div><\/div><\/div><\/div><div id=\"pg-12730-5\"  class=\"panel-grid panel-no-style\" ><div id=\"pgc-12730-5-0\"  class=\"panel-grid-cell panel-grid-cell-empty\" ><\/div><\/div><\/div>","protected":false},"excerpt":{"rendered":"<p>El puerto de Cala Nova (Port Calanova) cuenta con una ubicaci\u00f3n inmejorable en Mallorca adem\u00e1s de unas instalaciones totalmente renovadas. Una de las cosas que hace del puerto de Cala Nova uno de los mejores puertos de Mallorca es la gran cantidad de servicios que ofrece a sus clientes. El personal del puerto facilitar\u00e1 su estancia y har\u00e1 \u2026 <a title=\"Cala Nova\" class=\"read-more\" href=\"https:\/\/maksyboats.com\/es\/locations\/cala-nova-mallorca\/\" aria-label=\"Leer m\u00e1s sobre Cala Nueva\">Leer m\u00e1s \u00bb<\/a><\/p>","protected":false},"author":1,"featured_media":12731,"parent":11778,"menu_order":0,"comment_status":"closed","ping_status":"closed","template":"","meta":{"generate_page_header":"","jetpack_post_was_ever_published":false,"footnotes":""},"tags":[],"class_list":["post-12730","page","type-page","status-publish","has-post-thumbnail"],"yoast_head":"<!-- This site is optimized with the Yoast SEO plugin v27.3 - https:\/\/yoast.com\/product\/yoast-seo-wordpress\/ -->\n<title>Best Boat Hire in Cala Nova, Mallorca - MaksyBoats<\/title>\n<meta name=\"description\" content=\"Boat Hire Without License, and Boat Charters in Cala Nova, Mallorca. Find the boat hire that best suits your needs in the most beautiful city in Mallorca.\" \/>\n<meta name=\"robots\" content=\"index, follow, max-snippet:-1, max-image-preview:large, max-video-preview:-1\" \/>\n<link rel=\"canonical\" href=\"https:\/\/maksyboats.com\/es\/ubicaciones\/cala-nova-mallorca\/\" \/>\n<meta property=\"og:locale\" content=\"es_ES\" \/>\n<meta property=\"og:type\" content=\"article\" \/>\n<meta property=\"og:title\" content=\"Best Boat Hire in Cala Nova, Mallorca - MaksyBoats\" \/>\n<meta property=\"og:description\" content=\"Boat Hire Without License, and Boat Charters in Cala Nova, Mallorca. Find the boat hire that best suits your needs in the most beautiful city in Mallorca.\" \/>\n<meta property=\"og:url\" content=\"https:\/\/maksyboats.com\/es\/ubicaciones\/cala-nova-mallorca\/\" \/>\n<meta property=\"og:site_name\" content=\"MaksyBoats\" \/>\n<meta property=\"article:publisher\" content=\"https:\/\/www.facebook.com\/maksyboats\/\" \/>\n<meta property=\"article:modified_time\" content=\"2021-05-24T14:25:38+00:00\" \/>\n<meta property=\"og:image\" content=\"https:\/\/i1.wp.com\/maksyboats.com\/wpm\/wp-content\/uploads\/2019\/02\/port-cala-nova-mallorca-boat-hire-header.jpg?fit=1200%2C500&ssl=1\" \/>\n\t<meta property=\"og:image:width\" content=\"1200\" \/>\n\t<meta property=\"og:image:height\" content=\"500\" \/>\n\t<meta property=\"og:image:type\" content=\"image\/jpeg\" \/>\n<meta name=\"twitter:card\" content=\"summary_large_image\" \/>\n<meta name=\"twitter:site\" content=\"@maksyboats\" \/>\n<meta name=\"twitter:label1\" content=\"Tiempo de lectura\" \/>\n\t<meta name=\"twitter:data1\" content=\"1 minuto\" \/>\n<script type=\"application\/ld+json\" class=\"yoast-schema-graph\">{\"@context\":\"https:\\\/\\\/schema.org\",\"@graph\":[{\"@type\":\"WebPage\",\"@id\":\"https:\\\/\\\/maksyboats.com\\\/es\\\/ubicaciones\\\/cala-nova-mallorca\\\/\",\"url\":\"https:\\\/\\\/maksyboats.com\\\/es\\\/ubicaciones\\\/cala-nova-mallorca\\\/\",\"name\":\"Best Boat Hire in Cala Nova, Mallorca - MaksyBoats\",\"isPartOf\":{\"@id\":\"https:\\\/\\\/maksyboats.com\\\/#website\"},\"primaryImageOfPage\":{\"@id\":\"https:\\\/\\\/maksyboats.com\\\/es\\\/ubicaciones\\\/cala-nova-mallorca\\\/#primaryimage\"},\"image\":{\"@id\":\"https:\\\/\\\/maksyboats.com\\\/es\\\/ubicaciones\\\/cala-nova-mallorca\\\/#primaryimage\"},\"thumbnailUrl\":\"https:\\\/\\\/i0.wp.com\\\/maksyboats.com\\\/wpm\\\/wp-content\\\/uploads\\\/2019\\\/02\\\/port-cala-nova-mallorca-boat-hire-header.jpg?fit=1200%2C500&ssl=1\",\"datePublished\":\"2019-02-21T20:04:40+00:00\",\"dateModified\":\"2021-05-24T14:25:38+00:00\",\"description\":\"Boat Hire Without License, and Boat Charters in Cala Nova, Mallorca. Find the boat hire that best suits your needs in the most beautiful city in Mallorca.\",\"breadcrumb\":{\"@id\":\"https:\\\/\\\/maksyboats.com\\\/es\\\/ubicaciones\\\/cala-nova-mallorca\\\/#breadcrumb\"},\"inLanguage\":\"es\",\"potentialAction\":[{\"@type\":\"ReadAction\",\"target\":[\"https:\\\/\\\/maksyboats.com\\\/es\\\/ubicaciones\\\/cala-nova-mallorca\\\/\"]}]},{\"@type\":\"ImageObject\",\"inLanguage\":\"es\",\"@id\":\"https:\\\/\\\/maksyboats.com\\\/es\\\/ubicaciones\\\/cala-nova-mallorca\\\/#primaryimage\",\"url\":\"https:\\\/\\\/i0.wp.com\\\/maksyboats.com\\\/wpm\\\/wp-content\\\/uploads\\\/2019\\\/02\\\/port-cala-nova-mallorca-boat-hire-header.jpg?fit=1200%2C500&ssl=1\",\"contentUrl\":\"https:\\\/\\\/i0.wp.com\\\/maksyboats.com\\\/wpm\\\/wp-content\\\/uploads\\\/2019\\\/02\\\/port-cala-nova-mallorca-boat-hire-header.jpg?fit=1200%2C500&ssl=1\",\"width\":1200,\"height\":500,\"caption\":\"Cala Nova, Mallorca boat hire with MaksyBoats\"},{\"@type\":\"BreadcrumbList\",\"@id\":\"https:\\\/\\\/maksyboats.com\\\/es\\\/ubicaciones\\\/cala-nova-mallorca\\\/#breadcrumb\",\"itemListElement\":[{\"@type\":\"ListItem\",\"position\":1,\"name\":\"Home\",\"item\":\"https:\\\/\\\/maksyboats.com\\\/\"},{\"@type\":\"ListItem\",\"position\":2,\"name\":\"Locations\",\"item\":\"https:\\\/\\\/maksyboats.com\\\/es\\\/ubicaciones\\\/\"},{\"@type\":\"ListItem\",\"position\":3,\"name\":\"Cala Nova\"}]},{\"@type\":\"WebSite\",\"@id\":\"https:\\\/\\\/maksyboats.com\\\/#website\",\"url\":\"https:\\\/\\\/maksyboats.com\\\/\",\"name\":\"MaksyBoats Boat Hire Mallorca\",\"description\":\"Boat Hire Mallorca, Charters, Trips &amp; much more\",\"publisher\":{\"@id\":\"https:\\\/\\\/maksyboats.com\\\/#organization\"},\"potentialAction\":[{\"@type\":\"SearchAction\",\"target\":{\"@type\":\"EntryPoint\",\"urlTemplate\":\"https:\\\/\\\/maksyboats.com\\\/?s={search_term_string}\"},\"query-input\":{\"@type\":\"PropertyValueSpecification\",\"valueRequired\":true,\"valueName\":\"search_term_string\"}}],\"inLanguage\":\"es\"},{\"@type\":\"Organization\",\"@id\":\"https:\\\/\\\/maksyboats.com\\\/#organization\",\"name\":\"MaksyBoats Boat Hire Mallorca\",\"url\":\"https:\\\/\\\/maksyboats.com\\\/\",\"logo\":{\"@type\":\"ImageObject\",\"inLanguage\":\"es\",\"@id\":\"https:\\\/\\\/maksyboats.com\\\/#\\\/schema\\\/logo\\\/image\\\/\",\"url\":\"https:\\\/\\\/i0.wp.com\\\/maksyboats.com\\\/wpm\\\/wp-content\\\/uploads\\\/2020\\\/05\\\/maksyboats-boat-hire-2020.png?fit=350%2C70&ssl=1\",\"contentUrl\":\"https:\\\/\\\/i0.wp.com\\\/maksyboats.com\\\/wpm\\\/wp-content\\\/uploads\\\/2020\\\/05\\\/maksyboats-boat-hire-2020.png?fit=350%2C70&ssl=1\",\"width\":350,\"height\":70,\"caption\":\"MaksyBoats Boat Hire Mallorca\"},\"image\":{\"@id\":\"https:\\\/\\\/maksyboats.com\\\/#\\\/schema\\\/logo\\\/image\\\/\"},\"sameAs\":[\"https:\\\/\\\/www.facebook.com\\\/maksyboats\\\/\",\"https:\\\/\\\/x.com\\\/maksyboats\",\"https:\\\/\\\/www.instagram.com\\\/maksyboats\\\/\"]}]}<\/script>\n<!-- \/ Yoast SEO plugin. -->","yoast_head_json":{"title":"El mejor alquiler de barcos en Cala Nova, Mallorca - MaksyBoats","description":"Alquiler de embarcaciones sin licencia y alquiler de embarcaciones en Cala Nova, Mallorca. Encuentra el alquiler de barcos que mejor se adapte a tus necesidades en la ciudad m\u00e1s bella de Mallorca.","robots":{"index":"index","follow":"follow","max-snippet":"max-snippet:-1","max-image-preview":"max-image-preview:large","max-video-preview":"max-video-preview:-1"},"canonical":"https:\/\/maksyboats.com\/es\/ubicaciones\/cala-nova-mallorca\/","og_locale":"es_ES","og_type":"article","og_title":"Best Boat Hire in Cala Nova, Mallorca - MaksyBoats","og_description":"Boat Hire Without License, and Boat Charters in Cala Nova, Mallorca. Find the boat hire that best suits your needs in the most beautiful city in Mallorca.","og_url":"https:\/\/maksyboats.com\/es\/ubicaciones\/cala-nova-mallorca\/","og_site_name":"MaksyBoats","article_publisher":"https:\/\/www.facebook.com\/maksyboats\/","article_modified_time":"2021-05-24T14:25:38+00:00","og_image":[{"width":1200,"height":500,"url":"https:\/\/i1.wp.com\/maksyboats.com\/wpm\/wp-content\/uploads\/2019\/02\/port-cala-nova-mallorca-boat-hire-header.jpg?fit=1200%2C500&ssl=1","type":"image\/jpeg"}],"twitter_card":"summary_large_image","twitter_site":"@maksyboats","twitter_misc":{"Tiempo de lectura":"1 minuto"},"schema":{"@context":"https:\/\/schema.org","@graph":[{"@type":"WebPage","@id":"https:\/\/maksyboats.com\/es\/ubicaciones\/cala-nova-mallorca\/","url":"https:\/\/maksyboats.com\/es\/ubicaciones\/cala-nova-mallorca\/","name":"El mejor alquiler de barcos en Cala Nova, Mallorca - MaksyBoats","isPartOf":{"@id":"https:\/\/maksyboats.com\/#website"},"primaryImageOfPage":{"@id":"https:\/\/maksyboats.com\/es\/ubicaciones\/cala-nova-mallorca\/#primaryimage"},"image":{"@id":"https:\/\/maksyboats.com\/es\/ubicaciones\/cala-nova-mallorca\/#primaryimage"},"thumbnailUrl":"https:\/\/i0.wp.com\/maksyboats.com\/wpm\/wp-content\/uploads\/2019\/02\/port-cala-nova-mallorca-boat-hire-header.jpg?fit=1200%2C500&ssl=1","datePublished":"2019-02-21T20:04:40+00:00","dateModified":"2021-05-24T14:25:38+00:00","description":"Alquiler de embarcaciones sin licencia y alquiler de embarcaciones en Cala Nova, Mallorca. Encuentra el alquiler de barcos que mejor se adapte a tus necesidades en la ciudad m\u00e1s bella de Mallorca.","breadcrumb":{"@id":"https:\/\/maksyboats.com\/es\/ubicaciones\/cala-nova-mallorca\/#breadcrumb"},"inLanguage":"es","potentialAction":[{"@type":"ReadAction","target":["https:\/\/maksyboats.com\/es\/ubicaciones\/cala-nova-mallorca\/"]}]},{"@type":"ImageObject","inLanguage":"es","@id":"https:\/\/maksyboats.com\/es\/ubicaciones\/cala-nova-mallorca\/#primaryimage","url":"https:\/\/i0.wp.com\/maksyboats.com\/wpm\/wp-content\/uploads\/2019\/02\/port-cala-nova-mallorca-boat-hire-header.jpg?fit=1200%2C500&ssl=1","contentUrl":"https:\/\/i0.wp.com\/maksyboats.com\/wpm\/wp-content\/uploads\/2019\/02\/port-cala-nova-mallorca-boat-hire-header.jpg?fit=1200%2C500&ssl=1","width":1200,"height":500,"caption":"Cala Nova, Mallorca boat hire with MaksyBoats"},{"@type":"BreadcrumbList","@id":"https:\/\/maksyboats.com\/es\/ubicaciones\/cala-nova-mallorca\/#breadcrumb","itemListElement":[{"@type":"ListItem","position":1,"name":"Home","item":"https:\/\/maksyboats.com\/"},{"@type":"ListItem","position":2,"name":"Locations","item":"https:\/\/maksyboats.com\/es\/ubicaciones\/"},{"@type":"ListItem","position":3,"name":"Cala Nova"}]},{"@type":"WebSite","@id":"https:\/\/maksyboats.com\/#website","url":"https:\/\/maksyboats.com\/","name":"Alquiler de barcos MaksyBoats Mallorca","description":"Alquiler de barcos en Mallorca, charters, viajes y mucho m\u00e1s","publisher":{"@id":"https:\/\/maksyboats.com\/#organization"},"potentialAction":[{"@type":"SearchAction","target":{"@type":"EntryPoint","urlTemplate":"https:\/\/maksyboats.com\/?s={search_term_string}"},"query-input":{"@type":"PropertyValueSpecification","valueRequired":true,"valueName":"search_term_string"}}],"inLanguage":"es"},{"@type":"Organization","@id":"https:\/\/maksyboats.com\/#organization","name":"Alquiler de barcos MaksyBoats Mallorca","url":"https:\/\/maksyboats.com\/","logo":{"@type":"ImageObject","inLanguage":"es","@id":"https:\/\/maksyboats.com\/#\/schema\/logo\/image\/","url":"https:\/\/i0.wp.com\/maksyboats.com\/wpm\/wp-content\/uploads\/2020\/05\/maksyboats-boat-hire-2020.png?fit=350%2C70&ssl=1","contentUrl":"https:\/\/i0.wp.com\/maksyboats.com\/wpm\/wp-content\/uploads\/2020\/05\/maksyboats-boat-hire-2020.png?fit=350%2C70&ssl=1","width":350,"height":70,"caption":"MaksyBoats Boat Hire Mallorca"},"image":{"@id":"https:\/\/maksyboats.com\/#\/schema\/logo\/image\/"},"sameAs":["https:\/\/www.facebook.com\/maksyboats\/","https:\/\/x.com\/maksyboats","https:\/\/www.instagram.com\/maksyboats\/"]}]}},"jetpack_sharing_enabled":true,"_links":{"self":[{"href":"https:\/\/maksyboats.com\/es\/wp-json\/wp\/v2\/pages\/12730","targetHints":{"allow":["GET"]}}],"collection":[{"href":"https:\/\/maksyboats.com\/es\/wp-json\/wp\/v2\/pages"}],"about":[{"href":"https:\/\/maksyboats.com\/es\/wp-json\/wp\/v2\/types\/page"}],"author":[{"embeddable":true,"href":"https:\/\/maksyboats.com\/es\/wp-json\/wp\/v2\/users\/1"}],"replies":[{"embeddable":true,"href":"https:\/\/maksyboats.com\/es\/wp-json\/wp\/v2\/comments?post=12730"}],"version-history":[{"count":0,"href":"https:\/\/maksyboats.com\/es\/wp-json\/wp\/v2\/pages\/12730\/revisions"}],"up":[{"embeddable":true,"href":"https:\/\/maksyboats.com\/es\/wp-json\/wp\/v2\/pages\/11778"}],"wp:featuredmedia":[{"embeddable":true,"href":"https:\/\/maksyboats.com\/es\/wp-json\/wp\/v2\/media\/12731"}],"wp:attachment":[{"href":"https:\/\/maksyboats.com\/es\/wp-json\/wp\/v2\/media?parent=12730"}],"wp:term":[{"taxonomy":"post_tag","embeddable":true,"href":"https:\/\/maksyboats.com\/es\/wp-json\/wp\/v2\/tags?post=12730"}],"curies":[{"name":"Gracias","href":"https:\/\/api.w.org\/{rel}","templated":true}]}}