{"id":12684,"date":"2018-12-07T19:34:05","date_gmt":"2018-12-07T18:34:05","guid":{"rendered":"https:\/\/maksyboats.com\/?page_id=12684"},"modified":"2019-01-16T21:11:02","modified_gmt":"2019-01-16T20:11:02","slug":"confirmar-suscripcion","status":"publish","type":"page","link":"https:\/\/maksyboats.com\/es\/confirm-subscription\/","title":{"rendered":"Confirma tu Suscripci\u00f3n a MaksyBoats"},"content":{"rendered":"<div data-elementor-type=\"wp-post\" data-elementor-id=\"12684\" class=\"elementor elementor-12684 elementor-bc-flex-widget\" data-elementor-post-type=\"page\">\n\t\t\t\t\t\t<section class=\"elementor-section elementor-top-section elementor-element elementor-element-8193a2a elementor-section-boxed elementor-section-height-default elementor-section-height-default\" data-id=\"8193a2a\" data-element_type=\"section\" data-e-type=\"section\">\n\t\t\t\t\t\t<div class=\"elementor-container elementor-column-gap-default\">\n\t\t\t\t\t<div class=\"elementor-column elementor-col-100 elementor-top-column elementor-element elementor-element-c8b5dbb\" data-id=\"c8b5dbb\" data-element_type=\"column\" data-e-type=\"column\">\n\t\t\t<div class=\"elementor-widget-wrap elementor-element-populated\">\n\t\t\t\t\t\t<div class=\"elementor-element elementor-element-579ec2f elementor-widget elementor-widget-image\" data-id=\"579ec2f\" data-element_type=\"widget\" data-e-type=\"widget\" data-widget_type=\"image.default\">\n\t\t\t\t<div class=\"elementor-widget-container\">\n\t\t\t\t\t\t\t\t\t\t\t\t\t\t\t<img decoding=\"async\" width=\"359\" height=\"65\" src=\"https:\/\/i0.wp.com\/maksyboats.com\/wpm\/wp-content\/uploads\/2018\/12\/maksy-boats-3.png?fit=359%2C65&amp;ssl=1\" class=\"attachment-large size-large wp-image-12686\" alt=\"MaksyBoats Alquiler de Barcos\" srcset=\"https:\/\/i0.wp.com\/maksyboats.com\/wpm\/wp-content\/uploads\/2018\/12\/maksy-boats-3.png?w=359&amp;ssl=1 359w, https:\/\/i0.wp.com\/maksyboats.com\/wpm\/wp-content\/uploads\/2018\/12\/maksy-boats-3.png?resize=300%2C54&amp;ssl=1 300w, https:\/\/i0.wp.com\/maksyboats.com\/wpm\/wp-content\/uploads\/2018\/12\/maksy-boats-3.png?resize=30%2C5&amp;ssl=1 30w\" sizes=\"(max-width: 359px) 100vw, 359px\" \/>\t\t\t\t\t\t\t\t\t\t\t\t\t\t\t<\/div>\n\t\t\t\t<\/div>\n\t\t\t\t<div class=\"elementor-element elementor-element-4a0030a elementor-widget elementor-widget-spacer\" data-id=\"4a0030a\" data-element_type=\"widget\" data-e-type=\"widget\" data-widget_type=\"spacer.default\">\n\t\t\t\t<div class=\"elementor-widget-container\">\n\t\t\t\t\t\t\t<div class=\"elementor-spacer\">\n\t\t\t<div class=\"elementor-spacer-inner\"><\/div>\n\t\t<\/div>\n\t\t\t\t\t\t<\/div>\n\t\t\t\t<\/div>\n\t\t\t\t<div class=\"elementor-element elementor-element-036b94c elementor-widget elementor-widget-heading\" data-id=\"036b94c\" data-element_type=\"widget\" data-e-type=\"widget\" data-widget_type=\"heading.default\">\n\t\t\t\t<div class=\"elementor-widget-container\">\n\t\t\t\t\t<h1 class=\"elementor-heading-title elementor-size-default\">Por favor, revise su bandeja de entrada de correo electr\u00f3nico<\/h1>\t\t\t\t<\/div>\n\t\t\t\t<\/div>\n\t\t\t\t<div class=\"elementor-element elementor-element-abf0bfc elementor-widget elementor-widget-heading\" data-id=\"abf0bfc\" data-element_type=\"widget\" data-e-type=\"widget\" data-widget_type=\"heading.default\">\n\t\t\t\t<div class=\"elementor-widget-container\">\n\t\t\t\t\t<h2 class=\"elementor-heading-title elementor-size-default\">Le hemos enviado un correo electr\u00f3nico para confirmar su suscripci\u00f3n a MaksyBoats.<\/h2>\t\t\t\t<\/div>\n\t\t\t\t<\/div>\n\t\t\t\t<section class=\"elementor-section elementor-inner-section elementor-element elementor-element-b014bd2 elementor-section-boxed elementor-section-height-default elementor-section-height-default\" data-id=\"b014bd2\" data-element_type=\"section\" data-e-type=\"section\">\n\t\t\t\t\t\t<div class=\"elementor-container elementor-column-gap-default\">\n\t\t\t\t\t<div class=\"elementor-column elementor-col-50 elementor-inner-column elementor-element elementor-element-0e4a620\" data-id=\"0e4a620\" data-element_type=\"column\" data-e-type=\"column\">\n\t\t\t<div class=\"elementor-widget-wrap elementor-element-populated\">\n\t\t\t\t\t\t<div class=\"elementor-element elementor-element-74256b2 elementor-widget elementor-widget-image\" data-id=\"74256b2\" data-element_type=\"widget\" data-e-type=\"widget\" data-widget_type=\"image.default\">\n\t\t\t\t<div class=\"elementor-widget-container\">\n\t\t\t\t\t\t\t\t\t\t\t\t\t\t\t<img fetchpriority=\"high\" decoding=\"async\" width=\"960\" height=\"638\" src=\"https:\/\/i0.wp.com\/maksyboats.com\/wpm\/wp-content\/uploads\/2017\/07\/sailing-boat-charters-mallorca-port-soller-3.jpg?fit=960%2C638&amp;ssl=1\" class=\"attachment-large size-large wp-image-12106\" alt=\"\" srcset=\"https:\/\/i0.wp.com\/maksyboats.com\/wpm\/wp-content\/uploads\/2017\/07\/sailing-boat-charters-mallorca-port-soller-3.jpg?w=960&amp;ssl=1 960w, https:\/\/i0.wp.com\/maksyboats.com\/wpm\/wp-content\/uploads\/2017\/07\/sailing-boat-charters-mallorca-port-soller-3.jpg?resize=300%2C199&amp;ssl=1 300w, https:\/\/i0.wp.com\/maksyboats.com\/wpm\/wp-content\/uploads\/2017\/07\/sailing-boat-charters-mallorca-port-soller-3.jpg?resize=768%2C510&amp;ssl=1 768w, https:\/\/i0.wp.com\/maksyboats.com\/wpm\/wp-content\/uploads\/2017\/07\/sailing-boat-charters-mallorca-port-soller-3.jpg?resize=30%2C20&amp;ssl=1 30w, https:\/\/i0.wp.com\/maksyboats.com\/wpm\/wp-content\/uploads\/2017\/07\/sailing-boat-charters-mallorca-port-soller-3.jpg?resize=360%2C240&amp;ssl=1 360w, https:\/\/i0.wp.com\/maksyboats.com\/wpm\/wp-content\/uploads\/2017\/07\/sailing-boat-charters-mallorca-port-soller-3.jpg?resize=555%2C369&amp;ssl=1 555w, https:\/\/i0.wp.com\/maksyboats.com\/wpm\/wp-content\/uploads\/2017\/07\/sailing-boat-charters-mallorca-port-soller-3.jpg?resize=272%2C182&amp;ssl=1 272w\" sizes=\"(max-width: 960px) 100vw, 960px\" \/>\t\t\t\t\t\t\t\t\t\t\t\t\t\t\t<\/div>\n\t\t\t\t<\/div>\n\t\t\t\t\t<\/div>\n\t\t<\/div>\n\t\t\t\t<div class=\"elementor-column elementor-col-50 elementor-inner-column elementor-element elementor-element-34366b1\" data-id=\"34366b1\" data-element_type=\"column\" data-e-type=\"column\">\n\t\t\t<div class=\"elementor-widget-wrap elementor-element-populated\">\n\t\t\t\t\t\t<div class=\"elementor-element elementor-element-8d88bad elementor-widget elementor-widget-text-editor\" data-id=\"8d88bad\" data-element_type=\"widget\" data-e-type=\"widget\" data-widget_type=\"text-editor.default\">\n\t\t\t\t<div class=\"elementor-widget-container\">\n\t\t\t\t\t\t\t\t\t<p>Una vez que localice nuestro correo electr\u00f3nico, haga clic en el bot\u00f3n \u201c<strong>Confirmar mi suscripci\u00f3n<\/strong>\u201d para unirse a la comunidad MaksyBoats.<\/p><p>Si no localizas nuestro correo revisa la carpeta de SPAM o Promociones, quiz\u00e1s haya ido ah\u00ed por error<\/p><p>\u00a1Nos vemos dentro!<\/p>\t\t\t\t\t\t\t\t<\/div>\n\t\t\t\t<\/div>\n\t\t\t\t\t<\/div>\n\t\t<\/div>\n\t\t\t\t\t<\/div>\n\t\t<\/section>\n\t\t\t\t<div class=\"elementor-element elementor-element-d1198f2 elementor-align-center elementor-widget elementor-widget-button\" data-id=\"d1198f2\" data-element_type=\"widget\" data-e-type=\"widget\" data-widget_type=\"button.default\">\n\t\t\t\t<div class=\"elementor-widget-container\">\n\t\t\t\t\t\t\t\t\t<div class=\"elementor-button-wrapper\">\n\t\t\t\t\t<a class=\"elementor-button elementor-button-link elementor-size-lg\" href=\"https:\/\/maksyboats.com\/es\/\">\n\t\t\t\t\t\t<span class=\"elementor-button-content-wrapper\">\n\t\t\t\t\t\t\t\t\t<span class=\"elementor-button-text\">Volver a la p\u00e1gina de inicio &quot;<\/span>\n\t\t\t\t\t<\/span>\n\t\t\t\t\t<\/a>\n\t\t\t\t<\/div>\n\t\t\t\t\t\t\t\t<\/div>\n\t\t\t\t<\/div>\n\t\t\t\t\t<\/div>\n\t\t<\/div>\n\t\t\t\t\t<\/div>\n\t\t<\/section>\n\t\t\t\t<\/div>","protected":false},"excerpt":{"rendered":"<p>Por favor, revisa tu bandeja de entrada de correo electr\u00f3nico. Te hemos enviado un correo electr\u00f3nico para confirmar tu suscripci\u00f3n a MaksyBoats. Una vez que localice nuestro correo electr\u00f3nico, haga clic en el bot\u00f3n &quot;Confirmar mi suscripci\u00f3n&quot; para unirse a la comunidad MaksyBoats. Si no localizas nuestro correo revisa la carpeta de SPAM o Promociones, quiz\u00e1s haya ido ah\u00ed por error Ver\u2026 <a title=\"Confirma tu Suscripci\u00f3n a MaksyBoats\" class=\"read-more\" href=\"https:\/\/maksyboats.com\/es\/confirm-subscription\/\" aria-label=\"Leer m\u00e1s sobre Confirm your Subscription to MaksyBoats\">Leer m\u00e1s \u00bb<\/a><\/p>","protected":false},"author":1,"featured_media":0,"parent":0,"menu_order":0,"comment_status":"closed","ping_status":"closed","template":"elementor_canvas","meta":{"generate_page_header":"","jetpack_post_was_ever_published":false,"footnotes":""},"tags":[],"class_list":["post-12684","page","type-page","status-publish"],"yoast_head":"<!-- This site is optimized with the Yoast SEO plugin v27.5 - https:\/\/yoast.com\/product\/yoast-seo-wordpress\/ -->\n<title>Confirm your Subscription to MaksyBoats - MaksyBoats<\/title>\n<meta name=\"description\" content=\"Please, check your email Inbox We have sent you an email to confirm your subscription to MaksyBoats. Once you locate our email, click on the &quot;Confirm my\" \/>\n<meta name=\"robots\" content=\"index, follow, max-snippet:-1, max-image-preview:large, max-video-preview:-1\" \/>\n<link rel=\"canonical\" href=\"https:\/\/maksyboats.com\/es\/confirmar-suscripcion\/\" \/>\n<meta property=\"og:locale\" content=\"es_ES\" \/>\n<meta property=\"og:type\" content=\"article\" \/>\n<meta property=\"og:title\" content=\"Confirm your Subscription to MaksyBoats - MaksyBoats\" \/>\n<meta property=\"og:description\" content=\"Please, check your email Inbox We have sent you an email to confirm your subscription to MaksyBoats. Once you locate our email, click on the &quot;Confirm my\" \/>\n<meta property=\"og:url\" content=\"https:\/\/maksyboats.com\/es\/confirmar-suscripcion\/\" \/>\n<meta property=\"og:site_name\" content=\"MaksyBoats\" \/>\n<meta property=\"article:publisher\" content=\"https:\/\/www.facebook.com\/maksyboats\/\" \/>\n<meta property=\"article:modified_time\" content=\"2019-01-16T20:11:02+00:00\" \/>\n<meta property=\"og:image\" content=\"https:\/\/maksyboats.com\/wpm\/wp-content\/uploads\/2018\/12\/maksy-boats-3.png\" \/>\n<meta name=\"twitter:card\" content=\"summary_large_image\" \/>\n<meta name=\"twitter:site\" content=\"@maksyboats\" \/>\n<script type=\"application\/ld+json\" class=\"yoast-schema-graph\">{\"@context\":\"https:\\\/\\\/schema.org\",\"@graph\":[{\"@type\":\"WebPage\",\"@id\":\"https:\\\/\\\/maksyboats.com\\\/es\\\/confirm-subscription\\\/\",\"url\":\"https:\\\/\\\/maksyboats.com\\\/es\\\/confirm-subscription\\\/\",\"name\":\"Confirm your Subscription to MaksyBoats - MaksyBoats\",\"isPartOf\":{\"@id\":\"https:\\\/\\\/maksyboats.com\\\/#website\"},\"primaryImageOfPage\":{\"@id\":\"https:\\\/\\\/maksyboats.com\\\/es\\\/confirm-subscription\\\/#primaryimage\"},\"image\":{\"@id\":\"https:\\\/\\\/maksyboats.com\\\/es\\\/confirm-subscription\\\/#primaryimage\"},\"thumbnailUrl\":\"https:\\\/\\\/maksyboats.com\\\/wpm\\\/wp-content\\\/uploads\\\/2018\\\/12\\\/maksy-boats-3.png\",\"datePublished\":\"2018-12-07T18:34:05+00:00\",\"dateModified\":\"2019-01-16T20:11:02+00:00\",\"description\":\"Please, check your email Inbox We have sent you an email to confirm your subscription to MaksyBoats. Once you locate our email, click on the \\\"Confirm my\",\"breadcrumb\":{\"@id\":\"https:\\\/\\\/maksyboats.com\\\/es\\\/confirm-subscription\\\/#breadcrumb\"},\"inLanguage\":\"es\",\"potentialAction\":[{\"@type\":\"ReadAction\",\"target\":[\"https:\\\/\\\/maksyboats.com\\\/es\\\/confirm-subscription\\\/\"]}]},{\"@type\":\"ImageObject\",\"inLanguage\":\"es\",\"@id\":\"https:\\\/\\\/maksyboats.com\\\/es\\\/confirm-subscription\\\/#primaryimage\",\"url\":\"https:\\\/\\\/maksyboats.com\\\/wpm\\\/wp-content\\\/uploads\\\/2018\\\/12\\\/maksy-boats-3.png\",\"contentUrl\":\"https:\\\/\\\/maksyboats.com\\\/wpm\\\/wp-content\\\/uploads\\\/2018\\\/12\\\/maksy-boats-3.png\"},{\"@type\":\"BreadcrumbList\",\"@id\":\"https:\\\/\\\/maksyboats.com\\\/es\\\/confirm-subscription\\\/#breadcrumb\",\"itemListElement\":[{\"@type\":\"ListItem\",\"position\":1,\"name\":\"Home\",\"item\":\"https:\\\/\\\/maksyboats.com\\\/\"},{\"@type\":\"ListItem\",\"position\":2,\"name\":\"Confirm your Subscription to MaksyBoats\"}]},{\"@type\":\"WebSite\",\"@id\":\"https:\\\/\\\/maksyboats.com\\\/#website\",\"url\":\"https:\\\/\\\/maksyboats.com\\\/\",\"name\":\"MaksyBoats Boat Hire Mallorca\",\"description\":\"Boat Hire Mallorca, Charters, Trips &amp; much more\",\"publisher\":{\"@id\":\"https:\\\/\\\/maksyboats.com\\\/#organization\"},\"potentialAction\":[{\"@type\":\"SearchAction\",\"target\":{\"@type\":\"EntryPoint\",\"urlTemplate\":\"https:\\\/\\\/maksyboats.com\\\/?s={search_term_string}\"},\"query-input\":{\"@type\":\"PropertyValueSpecification\",\"valueRequired\":true,\"valueName\":\"search_term_string\"}}],\"inLanguage\":\"es\"},{\"@type\":\"Organization\",\"@id\":\"https:\\\/\\\/maksyboats.com\\\/#organization\",\"name\":\"MaksyBoats Boat Hire Mallorca\",\"url\":\"https:\\\/\\\/maksyboats.com\\\/\",\"logo\":{\"@type\":\"ImageObject\",\"inLanguage\":\"es\",\"@id\":\"https:\\\/\\\/maksyboats.com\\\/#\\\/schema\\\/logo\\\/image\\\/\",\"url\":\"https:\\\/\\\/i0.wp.com\\\/maksyboats.com\\\/wpm\\\/wp-content\\\/uploads\\\/2020\\\/05\\\/maksyboats-boat-hire-2020.png?fit=350%2C70&ssl=1\",\"contentUrl\":\"https:\\\/\\\/i0.wp.com\\\/maksyboats.com\\\/wpm\\\/wp-content\\\/uploads\\\/2020\\\/05\\\/maksyboats-boat-hire-2020.png?fit=350%2C70&ssl=1\",\"width\":350,\"height\":70,\"caption\":\"MaksyBoats Boat Hire Mallorca\"},\"image\":{\"@id\":\"https:\\\/\\\/maksyboats.com\\\/#\\\/schema\\\/logo\\\/image\\\/\"},\"sameAs\":[\"https:\\\/\\\/www.facebook.com\\\/maksyboats\\\/\",\"https:\\\/\\\/x.com\\\/maksyboats\",\"https:\\\/\\\/www.instagram.com\\\/maksyboats\\\/\"]}]}<\/script>\n<!-- \/ Yoast SEO plugin. -->","yoast_head_json":{"title":"Confirma tu Suscripci\u00f3n a MaksyBoats - MaksyBoats","description":"Por favor, revisa tu bandeja de entrada de correo electr\u00f3nico. Te hemos enviado un correo electr\u00f3nico para confirmar tu suscripci\u00f3n a MaksyBoats. Una vez que localice nuestro correo electr\u00f3nico, haga clic en &quot;Confirmar mi","robots":{"index":"index","follow":"follow","max-snippet":"max-snippet:-1","max-image-preview":"max-image-preview:large","max-video-preview":"max-video-preview:-1"},"canonical":"https:\/\/maksyboats.com\/es\/confirmar-suscripcion\/","og_locale":"es_ES","og_type":"article","og_title":"Confirm your Subscription to MaksyBoats - MaksyBoats","og_description":"Please, check your email Inbox We have sent you an email to confirm your subscription to MaksyBoats. Once you locate our email, click on the \"Confirm my","og_url":"https:\/\/maksyboats.com\/es\/confirmar-suscripcion\/","og_site_name":"MaksyBoats","article_publisher":"https:\/\/www.facebook.com\/maksyboats\/","article_modified_time":"2019-01-16T20:11:02+00:00","og_image":[{"url":"https:\/\/maksyboats.com\/wpm\/wp-content\/uploads\/2018\/12\/maksy-boats-3.png","type":"","width":"","height":""}],"twitter_card":"summary_large_image","twitter_site":"@maksyboats","schema":{"@context":"https:\/\/schema.org","@graph":[{"@type":"WebPage","@id":"https:\/\/maksyboats.com\/es\/confirm-subscription\/","url":"https:\/\/maksyboats.com\/es\/confirm-subscription\/","name":"Confirma tu Suscripci\u00f3n a MaksyBoats - MaksyBoats","isPartOf":{"@id":"https:\/\/maksyboats.com\/#website"},"primaryImageOfPage":{"@id":"https:\/\/maksyboats.com\/es\/confirm-subscription\/#primaryimage"},"image":{"@id":"https:\/\/maksyboats.com\/es\/confirm-subscription\/#primaryimage"},"thumbnailUrl":"https:\/\/maksyboats.com\/wpm\/wp-content\/uploads\/2018\/12\/maksy-boats-3.png","datePublished":"2018-12-07T18:34:05+00:00","dateModified":"2019-01-16T20:11:02+00:00","description":"Por favor, revisa tu bandeja de entrada de correo electr\u00f3nico. Te hemos enviado un correo electr\u00f3nico para confirmar tu suscripci\u00f3n a MaksyBoats. Una vez que localice nuestro correo electr\u00f3nico, haga clic en &quot;Confirmar mi","breadcrumb":{"@id":"https:\/\/maksyboats.com\/es\/confirm-subscription\/#breadcrumb"},"inLanguage":"es","potentialAction":[{"@type":"ReadAction","target":["https:\/\/maksyboats.com\/es\/confirm-subscription\/"]}]},{"@type":"ImageObject","inLanguage":"es","@id":"https:\/\/maksyboats.com\/es\/confirm-subscription\/#primaryimage","url":"https:\/\/maksyboats.com\/wpm\/wp-content\/uploads\/2018\/12\/maksy-boats-3.png","contentUrl":"https:\/\/maksyboats.com\/wpm\/wp-content\/uploads\/2018\/12\/maksy-boats-3.png"},{"@type":"BreadcrumbList","@id":"https:\/\/maksyboats.com\/es\/confirm-subscription\/#breadcrumb","itemListElement":[{"@type":"ListItem","position":1,"name":"Home","item":"https:\/\/maksyboats.com\/"},{"@type":"ListItem","position":2,"name":"Confirm your Subscription to MaksyBoats"}]},{"@type":"WebSite","@id":"https:\/\/maksyboats.com\/#website","url":"https:\/\/maksyboats.com\/","name":"Alquiler de barcos MaksyBoats Mallorca","description":"Alquiler de barcos en Mallorca, charters, viajes y mucho m\u00e1s","publisher":{"@id":"https:\/\/maksyboats.com\/#organization"},"potentialAction":[{"@type":"SearchAction","target":{"@type":"EntryPoint","urlTemplate":"https:\/\/maksyboats.com\/?s={search_term_string}"},"query-input":{"@type":"PropertyValueSpecification","valueRequired":true,"valueName":"search_term_string"}}],"inLanguage":"es"},{"@type":"Organization","@id":"https:\/\/maksyboats.com\/#organization","name":"Alquiler de barcos MaksyBoats Mallorca","url":"https:\/\/maksyboats.com\/","logo":{"@type":"ImageObject","inLanguage":"es","@id":"https:\/\/maksyboats.com\/#\/schema\/logo\/image\/","url":"https:\/\/i0.wp.com\/maksyboats.com\/wpm\/wp-content\/uploads\/2020\/05\/maksyboats-boat-hire-2020.png?fit=350%2C70&ssl=1","contentUrl":"https:\/\/i0.wp.com\/maksyboats.com\/wpm\/wp-content\/uploads\/2020\/05\/maksyboats-boat-hire-2020.png?fit=350%2C70&ssl=1","width":350,"height":70,"caption":"MaksyBoats Boat Hire Mallorca"},"image":{"@id":"https:\/\/maksyboats.com\/#\/schema\/logo\/image\/"},"sameAs":["https:\/\/www.facebook.com\/maksyboats\/","https:\/\/x.com\/maksyboats","https:\/\/www.instagram.com\/maksyboats\/"]}]}},"jetpack_sharing_enabled":true,"_links":{"self":[{"href":"https:\/\/maksyboats.com\/es\/wp-json\/wp\/v2\/pages\/12684","targetHints":{"allow":["GET"]}}],"collection":[{"href":"https:\/\/maksyboats.com\/es\/wp-json\/wp\/v2\/pages"}],"about":[{"href":"https:\/\/maksyboats.com\/es\/wp-json\/wp\/v2\/types\/page"}],"author":[{"embeddable":true,"href":"https:\/\/maksyboats.com\/es\/wp-json\/wp\/v2\/users\/1"}],"replies":[{"embeddable":true,"href":"https:\/\/maksyboats.com\/es\/wp-json\/wp\/v2\/comments?post=12684"}],"version-history":[{"count":0,"href":"https:\/\/maksyboats.com\/es\/wp-json\/wp\/v2\/pages\/12684\/revisions"}],"wp:attachment":[{"href":"https:\/\/maksyboats.com\/es\/wp-json\/wp\/v2\/media?parent=12684"}],"wp:term":[{"taxonomy":"post_tag","embeddable":true,"href":"https:\/\/maksyboats.com\/es\/wp-json\/wp\/v2\/tags?post=12684"}],"curies":[{"name":"Gracias","href":"https:\/\/api.w.org\/{rel}","templated":true}]}}