{"id":12586,"date":"2018-06-23T17:41:38","date_gmt":"2018-06-23T15:41:38","guid":{"rendered":"http:\/\/maksyboats.com\/?page_id=12586"},"modified":"2022-02-02T19:31:42","modified_gmt":"2022-02-02T18:31:42","slug":"palma-de-mallorca","status":"publish","type":"page","link":"https:\/\/maksyboats.com\/es\/locations\/palma-de-mallorca\/","title":{"rendered":"Palma de Mallorca"},"content":{"rendered":"<div id=\"pl-12586\"  class=\"panel-layout\" ><div id=\"pg-12586-0\"  class=\"panel-grid panel-no-style\" ><div id=\"pgc-12586-0-0\"  class=\"panel-grid-cell panel-grid-cell-empty\" ><\/div><\/div><div id=\"pg-12586-1\"  class=\"panel-grid panel-no-style\" ><div id=\"pgc-12586-1-0\"  class=\"panel-grid-cell\" ><div id=\"panel-12586-1-0-0\" class=\"so-panel widget widget_sow-editor panel-first-child panel-last-child\" data-index=\"0\" ><div\n\t\t\t\n\t\t\tclass=\"so-widget-sow-editor so-widget-sow-editor-base\"\n\t\t\t\n\t\t><h3 class=\"widget-title\">Palma de Mallorca<\/h3>\n<div class=\"siteorigin-widget-tinymce textwidget\">\n\t<p><strong>Palma <\/strong>(Palma de Mallorca) es la capital y ciudad m\u00e1s grande de Mallorca, Islas Baleares. Palma es una ciudad moderna y cosmopolita, y su puerto, que se abre a la bah\u00eda del mismo nombre, ha tenido una gran importancia en el Mediterr\u00e1neo durante cientos de a\u00f1os.<\/p>\n<p><img fetchpriority=\"high\" data-recalc-dims=\"1\" decoding=\"async\" class=\"alignnone size-full wp-image-12599\" src=\"https:\/\/i0.wp.com\/maksyboats.com\/wpm\/wp-content\/uploads\/2018\/06\/palma-048.jpg?resize=900%2C568&#038;ssl=1\" alt=\"\" width=\"900\" height=\"568\" srcset=\"https:\/\/i0.wp.com\/maksyboats.com\/wpm\/wp-content\/uploads\/2018\/06\/palma-048.jpg?w=900&amp;ssl=1 900w, https:\/\/i0.wp.com\/maksyboats.com\/wpm\/wp-content\/uploads\/2018\/06\/palma-048.jpg?resize=300%2C189&amp;ssl=1 300w, https:\/\/i0.wp.com\/maksyboats.com\/wpm\/wp-content\/uploads\/2018\/06\/palma-048.jpg?resize=768%2C485&amp;ssl=1 768w, https:\/\/i0.wp.com\/maksyboats.com\/wpm\/wp-content\/uploads\/2018\/06\/palma-048.jpg?resize=30%2C19&amp;ssl=1 30w\" sizes=\"(max-width: 900px) 100vw, 900px\" \/><\/p>\n<\/div>\n<\/div><\/div><\/div><\/div><div id=\"pg-12586-2\"  class=\"panel-grid panel-no-style\" ><div id=\"pgc-12586-2-0\"  class=\"panel-grid-cell\" ><div id=\"panel-12586-2-0-0\" class=\"so-panel widget widget_sow-editor panel-first-child panel-last-child\" data-index=\"1\" ><div\n\t\t\t\n\t\t\tclass=\"so-widget-sow-editor so-widget-sow-editor-base\"\n\t\t\t\n\t\t><h3 class=\"widget-title\">Alquiler de barcos en Palma de Mallorca<\/h3>\n<div class=\"siteorigin-widget-tinymce textwidget\">\n\t<\/div>\n<\/div><\/div><\/div><\/div><div id=\"pg-12586-3\"  class=\"panel-grid panel-no-style\" ><div id=\"pgc-12586-3-0\"  class=\"panel-grid-cell panel-grid-cell-empty\" ><\/div><div id=\"pgc-12586-3-1\"  class=\"panel-grid-cell panel-grid-cell-empty panel-grid-cell-mobile-last\" ><\/div><div id=\"pgc-12586-3-2\"  class=\"panel-grid-cell panel-grid-cell-empty\" ><\/div><\/div><div id=\"pg-12586-4\"  class=\"panel-grid panel-no-style\" ><div id=\"pgc-12586-4-0\"  class=\"panel-grid-cell\" ><div id=\"panel-12586-4-0-0\" class=\"so-panel widget widget_sow-editor panel-first-child panel-last-child\" data-index=\"2\" ><div\n\t\t\t\n\t\t\tclass=\"so-widget-sow-editor so-widget-sow-editor-base\"\n\t\t\t\n\t\t><h3 class=\"widget-title\">El clima en Palma de Mallorca<\/h3>\n<div class=\"siteorigin-widget-tinymce textwidget\">\n\t<div id=\"c_0b58156a36f69fd45434f8a5f4898df7\" class=\"normal\"><\/div>\n<p><script type=\"text\/javascript\" src=\"https:\/\/en.eltiempo.es\/widget\/widget_loader\/0b58156a36f69fd45434f8a5f4898df7\"><\/script><\/p>\n<\/div>\n<\/div><\/div><\/div><\/div><div id=\"pg-12586-5\"  class=\"panel-grid panel-no-style\" ><div id=\"pgc-12586-5-0\"  class=\"panel-grid-cell panel-grid-cell-empty\" ><\/div><\/div><\/div>","protected":false},"excerpt":{"rendered":"<p>Palma (Palma de Mallorca) es la capital y ciudad m\u00e1s grande de Mallorca, Islas Baleares. Palma es una ciudad moderna y cosmopolita, y su puerto, que se abre a la bah\u00eda del mismo nombre, ha tenido una gran importancia en el Mediterr\u00e1neo durante cientos de a\u00f1os.<\/p>","protected":false},"author":1,"featured_media":12602,"parent":11778,"menu_order":0,"comment_status":"closed","ping_status":"closed","template":"","meta":{"generate_page_header":"","jetpack_post_was_ever_published":false,"footnotes":""},"tags":[],"class_list":["post-12586","page","type-page","status-publish","has-post-thumbnail"],"yoast_head":"<!-- This site is optimized with the Yoast SEO plugin v27.3 - https:\/\/yoast.com\/product\/yoast-seo-wordpress\/ -->\n<title>Boat Hire in Palma de Mallorca - MaksyBoats<\/title>\n<meta name=\"description\" content=\"Boat Hire Without License, and Boat Charters in Palma de Mallorca. Find the boat hire that best suits your needs in the most beautiful city in Mallorca.\" \/>\n<meta name=\"robots\" content=\"index, follow, max-snippet:-1, max-image-preview:large, max-video-preview:-1\" \/>\n<link rel=\"canonical\" href=\"https:\/\/maksyboats.com\/es\/ubicaciones\/palma-de-mallorca\/\" \/>\n<meta property=\"og:locale\" content=\"es_ES\" \/>\n<meta property=\"og:type\" content=\"article\" \/>\n<meta property=\"og:title\" content=\"Boat Hire in Palma de Mallorca - MaksyBoats\" \/>\n<meta property=\"og:description\" content=\"Boat Hire Without License, and Boat Charters in Palma de Mallorca. Find the boat hire that best suits your needs in the most beautiful city in Mallorca.\" \/>\n<meta property=\"og:url\" content=\"https:\/\/maksyboats.com\/es\/ubicaciones\/palma-de-mallorca\/\" \/>\n<meta property=\"og:site_name\" content=\"MaksyBoats\" \/>\n<meta property=\"article:publisher\" content=\"https:\/\/www.facebook.com\/maksyboats\/\" \/>\n<meta property=\"article:modified_time\" content=\"2022-02-02T18:31:42+00:00\" \/>\n<meta property=\"og:image\" content=\"https:\/\/maksyboats.com\/wpm\/wp-content\/uploads\/2018\/06\/palma-mallorca-sunset-cathedral.jpg\" \/>\n\t<meta property=\"og:image:width\" content=\"1024\" \/>\n\t<meta property=\"og:image:height\" content=\"327\" \/>\n\t<meta property=\"og:image:type\" content=\"image\/jpeg\" \/>\n<meta name=\"twitter:card\" content=\"summary_large_image\" \/>\n<meta name=\"twitter:site\" content=\"@maksyboats\" \/>\n<meta name=\"twitter:label1\" content=\"Tiempo de lectura\" \/>\n\t<meta name=\"twitter:data1\" content=\"1 minuto\" \/>\n<script type=\"application\/ld+json\" class=\"yoast-schema-graph\">{\"@context\":\"https:\\\/\\\/schema.org\",\"@graph\":[{\"@type\":\"WebPage\",\"@id\":\"https:\\\/\\\/maksyboats.com\\\/locations\\\/palma-de-mallorca\\\/\",\"url\":\"https:\\\/\\\/maksyboats.com\\\/locations\\\/palma-de-mallorca\\\/\",\"name\":\"Boat Hire in Palma de Mallorca - MaksyBoats\",\"isPartOf\":{\"@id\":\"https:\\\/\\\/maksyboats.com\\\/#website\"},\"primaryImageOfPage\":{\"@id\":\"https:\\\/\\\/maksyboats.com\\\/locations\\\/palma-de-mallorca\\\/#primaryimage\"},\"image\":{\"@id\":\"https:\\\/\\\/maksyboats.com\\\/locations\\\/palma-de-mallorca\\\/#primaryimage\"},\"thumbnailUrl\":\"https:\\\/\\\/i0.wp.com\\\/maksyboats.com\\\/wpm\\\/wp-content\\\/uploads\\\/2018\\\/06\\\/palma-mallorca-sunset-cathedral.jpg?fit=1024%2C327&ssl=1\",\"datePublished\":\"2018-06-23T15:41:38+00:00\",\"dateModified\":\"2022-02-02T18:31:42+00:00\",\"description\":\"Boat Hire Without License, and Boat Charters in Palma de Mallorca. Find the boat hire that best suits your needs in the most beautiful city in Mallorca.\",\"breadcrumb\":{\"@id\":\"https:\\\/\\\/maksyboats.com\\\/locations\\\/palma-de-mallorca\\\/#breadcrumb\"},\"inLanguage\":\"es\",\"potentialAction\":[{\"@type\":\"ReadAction\",\"target\":[\"https:\\\/\\\/maksyboats.com\\\/locations\\\/palma-de-mallorca\\\/\"]}]},{\"@type\":\"ImageObject\",\"inLanguage\":\"es\",\"@id\":\"https:\\\/\\\/maksyboats.com\\\/locations\\\/palma-de-mallorca\\\/#primaryimage\",\"url\":\"https:\\\/\\\/i0.wp.com\\\/maksyboats.com\\\/wpm\\\/wp-content\\\/uploads\\\/2018\\\/06\\\/palma-mallorca-sunset-cathedral.jpg?fit=1024%2C327&ssl=1\",\"contentUrl\":\"https:\\\/\\\/i0.wp.com\\\/maksyboats.com\\\/wpm\\\/wp-content\\\/uploads\\\/2018\\\/06\\\/palma-mallorca-sunset-cathedral.jpg?fit=1024%2C327&ssl=1\",\"width\":\"1024\",\"height\":\"327\"},{\"@type\":\"BreadcrumbList\",\"@id\":\"https:\\\/\\\/maksyboats.com\\\/locations\\\/palma-de-mallorca\\\/#breadcrumb\",\"itemListElement\":[{\"@type\":\"ListItem\",\"position\":1,\"name\":\"Home\",\"item\":\"https:\\\/\\\/maksyboats.com\\\/\"},{\"@type\":\"ListItem\",\"position\":2,\"name\":\"Locations\",\"item\":\"https:\\\/\\\/maksyboats.com\\\/es\\\/ubicaciones\\\/\"},{\"@type\":\"ListItem\",\"position\":3,\"name\":\"Palma de Mallorca\"}]},{\"@type\":\"WebSite\",\"@id\":\"https:\\\/\\\/maksyboats.com\\\/#website\",\"url\":\"https:\\\/\\\/maksyboats.com\\\/\",\"name\":\"MaksyBoats Boat Hire Mallorca\",\"description\":\"Boat Hire Mallorca, Charters, Trips &amp; much more\",\"publisher\":{\"@id\":\"https:\\\/\\\/maksyboats.com\\\/#organization\"},\"potentialAction\":[{\"@type\":\"SearchAction\",\"target\":{\"@type\":\"EntryPoint\",\"urlTemplate\":\"https:\\\/\\\/maksyboats.com\\\/?s={search_term_string}\"},\"query-input\":{\"@type\":\"PropertyValueSpecification\",\"valueRequired\":true,\"valueName\":\"search_term_string\"}}],\"inLanguage\":\"es\"},{\"@type\":\"Organization\",\"@id\":\"https:\\\/\\\/maksyboats.com\\\/#organization\",\"name\":\"MaksyBoats Boat Hire Mallorca\",\"url\":\"https:\\\/\\\/maksyboats.com\\\/\",\"logo\":{\"@type\":\"ImageObject\",\"inLanguage\":\"es\",\"@id\":\"https:\\\/\\\/maksyboats.com\\\/#\\\/schema\\\/logo\\\/image\\\/\",\"url\":\"https:\\\/\\\/i0.wp.com\\\/maksyboats.com\\\/wpm\\\/wp-content\\\/uploads\\\/2020\\\/05\\\/maksyboats-boat-hire-2020.png?fit=350%2C70&ssl=1\",\"contentUrl\":\"https:\\\/\\\/i0.wp.com\\\/maksyboats.com\\\/wpm\\\/wp-content\\\/uploads\\\/2020\\\/05\\\/maksyboats-boat-hire-2020.png?fit=350%2C70&ssl=1\",\"width\":350,\"height\":70,\"caption\":\"MaksyBoats Boat Hire Mallorca\"},\"image\":{\"@id\":\"https:\\\/\\\/maksyboats.com\\\/#\\\/schema\\\/logo\\\/image\\\/\"},\"sameAs\":[\"https:\\\/\\\/www.facebook.com\\\/maksyboats\\\/\",\"https:\\\/\\\/x.com\\\/maksyboats\",\"https:\\\/\\\/www.instagram.com\\\/maksyboats\\\/\"]}]}<\/script>\n<!-- \/ Yoast SEO plugin. -->","yoast_head_json":{"title":"Alquiler de barcos en Palma de Mallorca - MaksyBoats","description":"Alquiler de embarcaciones sin licencia y alquiler de embarcaciones en Palma de Mallorca. Encuentra el alquiler de barcos que mejor se adapte a tus necesidades en la ciudad m\u00e1s bella de Mallorca.","robots":{"index":"index","follow":"follow","max-snippet":"max-snippet:-1","max-image-preview":"max-image-preview:large","max-video-preview":"max-video-preview:-1"},"canonical":"https:\/\/maksyboats.com\/es\/ubicaciones\/palma-de-mallorca\/","og_locale":"es_ES","og_type":"article","og_title":"Boat Hire in Palma de Mallorca - MaksyBoats","og_description":"Boat Hire Without License, and Boat Charters in Palma de Mallorca. Find the boat hire that best suits your needs in the most beautiful city in Mallorca.","og_url":"https:\/\/maksyboats.com\/es\/ubicaciones\/palma-de-mallorca\/","og_site_name":"MaksyBoats","article_publisher":"https:\/\/www.facebook.com\/maksyboats\/","article_modified_time":"2022-02-02T18:31:42+00:00","og_image":[{"width":1024,"height":327,"url":"https:\/\/maksyboats.com\/wpm\/wp-content\/uploads\/2018\/06\/palma-mallorca-sunset-cathedral.jpg","type":"image\/jpeg"}],"twitter_card":"summary_large_image","twitter_site":"@maksyboats","twitter_misc":{"Tiempo de lectura":"1 minuto"},"schema":{"@context":"https:\/\/schema.org","@graph":[{"@type":"WebPage","@id":"https:\/\/maksyboats.com\/locations\/palma-de-mallorca\/","url":"https:\/\/maksyboats.com\/locations\/palma-de-mallorca\/","name":"Alquiler de barcos en Palma de Mallorca - MaksyBoats","isPartOf":{"@id":"https:\/\/maksyboats.com\/#website"},"primaryImageOfPage":{"@id":"https:\/\/maksyboats.com\/locations\/palma-de-mallorca\/#primaryimage"},"image":{"@id":"https:\/\/maksyboats.com\/locations\/palma-de-mallorca\/#primaryimage"},"thumbnailUrl":"https:\/\/i0.wp.com\/maksyboats.com\/wpm\/wp-content\/uploads\/2018\/06\/palma-mallorca-sunset-cathedral.jpg?fit=1024%2C327&ssl=1","datePublished":"2018-06-23T15:41:38+00:00","dateModified":"2022-02-02T18:31:42+00:00","description":"Alquiler de embarcaciones sin licencia y alquiler de embarcaciones en Palma de Mallorca. Encuentra el alquiler de barcos que mejor se adapte a tus necesidades en la ciudad m\u00e1s bella de Mallorca.","breadcrumb":{"@id":"https:\/\/maksyboats.com\/locations\/palma-de-mallorca\/#breadcrumb"},"inLanguage":"es","potentialAction":[{"@type":"ReadAction","target":["https:\/\/maksyboats.com\/locations\/palma-de-mallorca\/"]}]},{"@type":"ImageObject","inLanguage":"es","@id":"https:\/\/maksyboats.com\/locations\/palma-de-mallorca\/#primaryimage","url":"https:\/\/i0.wp.com\/maksyboats.com\/wpm\/wp-content\/uploads\/2018\/06\/palma-mallorca-sunset-cathedral.jpg?fit=1024%2C327&ssl=1","contentUrl":"https:\/\/i0.wp.com\/maksyboats.com\/wpm\/wp-content\/uploads\/2018\/06\/palma-mallorca-sunset-cathedral.jpg?fit=1024%2C327&ssl=1","width":"1024","height":"327"},{"@type":"BreadcrumbList","@id":"https:\/\/maksyboats.com\/locations\/palma-de-mallorca\/#breadcrumb","itemListElement":[{"@type":"ListItem","position":1,"name":"Home","item":"https:\/\/maksyboats.com\/"},{"@type":"ListItem","position":2,"name":"Locations","item":"https:\/\/maksyboats.com\/es\/ubicaciones\/"},{"@type":"ListItem","position":3,"name":"Palma de Mallorca"}]},{"@type":"WebSite","@id":"https:\/\/maksyboats.com\/#website","url":"https:\/\/maksyboats.com\/","name":"Alquiler de barcos MaksyBoats Mallorca","description":"Alquiler de barcos en Mallorca, charters, viajes y mucho m\u00e1s","publisher":{"@id":"https:\/\/maksyboats.com\/#organization"},"potentialAction":[{"@type":"SearchAction","target":{"@type":"EntryPoint","urlTemplate":"https:\/\/maksyboats.com\/?s={search_term_string}"},"query-input":{"@type":"PropertyValueSpecification","valueRequired":true,"valueName":"search_term_string"}}],"inLanguage":"es"},{"@type":"Organization","@id":"https:\/\/maksyboats.com\/#organization","name":"Alquiler de barcos MaksyBoats Mallorca","url":"https:\/\/maksyboats.com\/","logo":{"@type":"ImageObject","inLanguage":"es","@id":"https:\/\/maksyboats.com\/#\/schema\/logo\/image\/","url":"https:\/\/i0.wp.com\/maksyboats.com\/wpm\/wp-content\/uploads\/2020\/05\/maksyboats-boat-hire-2020.png?fit=350%2C70&ssl=1","contentUrl":"https:\/\/i0.wp.com\/maksyboats.com\/wpm\/wp-content\/uploads\/2020\/05\/maksyboats-boat-hire-2020.png?fit=350%2C70&ssl=1","width":350,"height":70,"caption":"MaksyBoats Boat Hire Mallorca"},"image":{"@id":"https:\/\/maksyboats.com\/#\/schema\/logo\/image\/"},"sameAs":["https:\/\/www.facebook.com\/maksyboats\/","https:\/\/x.com\/maksyboats","https:\/\/www.instagram.com\/maksyboats\/"]}]}},"jetpack_sharing_enabled":true,"_links":{"self":[{"href":"https:\/\/maksyboats.com\/es\/wp-json\/wp\/v2\/pages\/12586","targetHints":{"allow":["GET"]}}],"collection":[{"href":"https:\/\/maksyboats.com\/es\/wp-json\/wp\/v2\/pages"}],"about":[{"href":"https:\/\/maksyboats.com\/es\/wp-json\/wp\/v2\/types\/page"}],"author":[{"embeddable":true,"href":"https:\/\/maksyboats.com\/es\/wp-json\/wp\/v2\/users\/1"}],"replies":[{"embeddable":true,"href":"https:\/\/maksyboats.com\/es\/wp-json\/wp\/v2\/comments?post=12586"}],"version-history":[{"count":0,"href":"https:\/\/maksyboats.com\/es\/wp-json\/wp\/v2\/pages\/12586\/revisions"}],"up":[{"embeddable":true,"href":"https:\/\/maksyboats.com\/es\/wp-json\/wp\/v2\/pages\/11778"}],"wp:featuredmedia":[{"embeddable":true,"href":"https:\/\/maksyboats.com\/es\/wp-json\/wp\/v2\/media\/12602"}],"wp:attachment":[{"href":"https:\/\/maksyboats.com\/es\/wp-json\/wp\/v2\/media?parent=12586"}],"wp:term":[{"taxonomy":"post_tag","embeddable":true,"href":"https:\/\/maksyboats.com\/es\/wp-json\/wp\/v2\/tags?post=12586"}],"curies":[{"name":"Gracias","href":"https:\/\/api.w.org\/{rel}","templated":true}]}}