{"id":12545,"date":"2018-05-08T16:20:13","date_gmt":"2018-05-08T16:20:13","guid":{"rendered":"http:\/\/maksyboats.com\/?page_id=12545"},"modified":"2018-05-22T07:15:52","modified_gmt":"2018-05-22T07:15:52","slug":"puerto-de-pollenca","status":"publish","type":"page","link":"https:\/\/maksyboats.com\/es\/locations\/port-de-pollenca\/","title":{"rendered":"Port de Pollen\u00e7a"},"content":{"rendered":"<div id=\"pl-12545\"  class=\"panel-layout\" ><div id=\"pg-12545-0\"  class=\"panel-grid panel-no-style\" ><div id=\"pgc-12545-0-0\"  class=\"panel-grid-cell panel-grid-cell-empty\" ><\/div><\/div><div id=\"pg-12545-1\"  class=\"panel-grid panel-no-style\" ><div id=\"pgc-12545-1-0\"  class=\"panel-grid-cell\" ><div id=\"panel-12545-1-0-0\" class=\"so-panel widget widget_sow-editor panel-first-child\" data-index=\"0\" ><div\n\t\t\t\n\t\t\tclass=\"so-widget-sow-editor so-widget-sow-editor-base\"\n\t\t\t\n\t\t><h3 class=\"widget-title\">Port de Pollen\u00e7a<\/h3>\n<div class=\"siteorigin-widget-tinymce textwidget\">\n\t<p><strong>Port de Pollen\u00e7a<\/strong> Se encuentra en el norte de Mallorca, en el coraz\u00f3n de la bah\u00eda de Pollen\u00e7a. La ciudad est\u00e1 al comienzo de la pen\u00ednsula de <strong>Formentor<\/strong>.<\/p>\n<p><img fetchpriority=\"high\" data-recalc-dims=\"1\" decoding=\"async\" class=\"alignnone wp-image-12547 size-full\" src=\"https:\/\/i0.wp.com\/maksyboats.com\/wpm\/wp-content\/uploads\/2018\/05\/port-pollensa-mallorca-1-web.jpg?resize=960%2C514\" alt=\"\" width=\"960\" height=\"514\" srcset=\"https:\/\/i0.wp.com\/maksyboats.com\/wpm\/wp-content\/uploads\/2018\/05\/port-pollensa-mallorca-1-web.jpg?w=960&amp;ssl=1 960w, https:\/\/i0.wp.com\/maksyboats.com\/wpm\/wp-content\/uploads\/2018\/05\/port-pollensa-mallorca-1-web.jpg?resize=300%2C161&amp;ssl=1 300w, https:\/\/i0.wp.com\/maksyboats.com\/wpm\/wp-content\/uploads\/2018\/05\/port-pollensa-mallorca-1-web.jpg?resize=768%2C411&amp;ssl=1 768w, https:\/\/i0.wp.com\/maksyboats.com\/wpm\/wp-content\/uploads\/2018\/05\/port-pollensa-mallorca-1-web.jpg?resize=30%2C16&amp;ssl=1 30w\" sizes=\"(max-width: 960px) 100vw, 960px\" \/><\/p>\n<p>La <strong>Bah\u00eda de Pollen\u00e7a<\/strong> Est\u00e1 protegido por las capas de Formentor y Es Pinar, dando lugar a un entorno privilegiado donde se pueden encontrar algunas calas de gran belleza. La Bah\u00eda de Pollensa es un entorno perfecto para la pr\u00e1ctica de deportes acu\u00e1ticos y <a href=\"http:\/\/maksyboats.com\/es\/alquiler-de-barcos\/alquiler-de-barcos-de-vela\/barco-de-vela-aegeri-pollenca\/\">cartas n\u00e1uticas<\/a>.<\/p>\n<p>Por su parte, <strong>Cap de Formentor<\/strong> (Cabo Formentor) alberga en su extremo el faro del mismo nombre, ubicado en el punto m\u00e1s septentrional de la isla de <strong>Mallorca<\/strong>, un entorno accidentado y bello, donde la Serra de Tramuntana llega a su fin con impresionantes acantilados.<\/p>\n<\/div>\n<\/div><\/div><div id=\"panel-12545-1-0-1\" class=\"so-panel widget widget_sow-editor\" data-index=\"1\" ><div\n\t\t\t\n\t\t\tclass=\"so-widget-sow-editor so-widget-sow-editor-base\"\n\t\t\t\n\t\t><h3 class=\"widget-title\">MaksyBoats en Port de Pollen\u00e7a<\/h3>\n<div class=\"siteorigin-widget-tinymce textwidget\">\n\t<p><iframe src=\"https:\/\/www.google.com\/maps\/embed?pb=!1m18!1m12!1m3!1d6114.610853473346!2d3.0835383279017345!3d39.9083989177096!2m3!1f0!2f0!3f0!3m2!1i1024!2i768!4f13.1!3m3!1m2!1s0x1297d4d9be37988b%3A0xa02af717f573f90!2sPuerto+de+Pollensa%2C+Islas+Baleares!5e0!3m2!1ses!2ses!4v1525796498903\" width=\"100%\" height=\"450\" frameborder=\"0\" style=\"border:0\" allowfullscreen><\/iframe><\/p>\n<\/div>\n<\/div><\/div><div id=\"panel-12545-1-0-2\" class=\"so-panel widget widget_sow-editor\" data-index=\"2\" ><div\n\t\t\t\n\t\t\tclass=\"so-widget-sow-editor so-widget-sow-editor-base\"\n\t\t\t\n\t\t><h3 class=\"widget-title\">Playas y calas en Pollen\u00e7a video<\/h3>\n<div class=\"siteorigin-widget-tinymce textwidget\">\n\t<p><iframe width=\"560\" height=\"315\" src=\"https:\/\/www.youtube.com\/embed\/sQ56Bcgj8tA?rel=0\" frameborder=\"0\" allow=\"autoplay; encrypted-media\" allowfullscreen><\/iframe><\/p>\n<\/div>\n<\/div><\/div><div id=\"panel-12545-1-0-3\" class=\"so-panel widget widget_sow-editor panel-last-child\" data-index=\"3\" ><div\n\t\t\t\n\t\t\tclass=\"so-widget-sow-editor so-widget-sow-editor-base\"\n\t\t\t\n\t\t><h3 class=\"widget-title\">El tiempo en Port de Pollen\u00e7a<\/h3>\n<div class=\"siteorigin-widget-tinymce textwidget\">\n\t<div id=\"c_ea066a8d07ed11691b0bba4ce83f8941\" class=\"normal\"><\/div>\n<p><script type=\"text\/javascript\" src=\"https:\/\/en.eltiempo.es\/widget\/widget_loader\/ea066a8d07ed11691b0bba4ce83f8941\"><\/script><\/p>\n<\/div>\n<\/div><\/div><\/div><\/div><\/div>","protected":false},"excerpt":{"rendered":"<p>Port de Pollen\u00e7a est\u00e1 situado en el norte de Mallorca, en el coraz\u00f3n de la Bah\u00eda de Pollen\u00e7a. El pueblo est\u00e1 al principio de la pen\u00ednsula de Formentor. La Bah\u00eda de Pollensa est\u00e1 protegida por los cabos de Formentor y Es Pinar, dando lugar a un entorno privilegiado donde se pueden encontrar unas calas de gran \u2026 <a title=\"Port de Pollen\u00e7a\" class=\"read-more\" href=\"https:\/\/maksyboats.com\/es\/locations\/port-de-pollenca\/\" aria-label=\"Leer m\u00e1s sobre Puerto de Pollen\u00e7a\">Leer m\u00e1s \u00bb<\/a><\/p>","protected":false},"author":1,"featured_media":12546,"parent":11778,"menu_order":0,"comment_status":"closed","ping_status":"closed","template":"","meta":{"generate_page_header":"","jetpack_post_was_ever_published":false,"footnotes":""},"tags":[],"class_list":["post-12545","page","type-page","status-publish","has-post-thumbnail"],"yoast_head":"<!-- This site is optimized with the Yoast SEO plugin v27.3 - https:\/\/yoast.com\/product\/yoast-seo-wordpress\/ -->\n<title>Boat Hire &amp; Charters in Port de Pollen\u00e7a with MaksyBoats<\/title>\n<meta name=\"description\" content=\"Port de Pollen\u00e7a Port de Pollen\u00e7a is located in the north of Mallorca, in the heart of Pollen\u00e7a Bay. The town is at the beginning of the peninsula of\" \/>\n<meta name=\"robots\" content=\"index, follow, max-snippet:-1, max-image-preview:large, max-video-preview:-1\" \/>\n<link rel=\"canonical\" href=\"https:\/\/maksyboats.com\/es\/ubicaciones\/puerto-de-pollenca\/\" \/>\n<meta property=\"og:locale\" content=\"es_ES\" \/>\n<meta property=\"og:type\" content=\"article\" \/>\n<meta property=\"og:title\" content=\"Boat Hire &amp; Charters in Port de Pollen\u00e7a with MaksyBoats\" \/>\n<meta property=\"og:description\" content=\"Port de Pollen\u00e7a Port de Pollen\u00e7a is located in the north of Mallorca, in the heart of Pollen\u00e7a Bay. The town is at the beginning of the peninsula of\" \/>\n<meta property=\"og:url\" content=\"https:\/\/maksyboats.com\/es\/ubicaciones\/puerto-de-pollenca\/\" \/>\n<meta property=\"og:site_name\" content=\"MaksyBoats\" \/>\n<meta property=\"article:publisher\" content=\"https:\/\/www.facebook.com\/maksyboats\/\" \/>\n<meta property=\"article:modified_time\" content=\"2018-05-22T07:15:52+00:00\" \/>\n<meta property=\"og:image\" content=\"https:\/\/i2.wp.com\/maksyboats.com\/wpm\/wp-content\/uploads\/2018\/05\/port-pollensa-mallorca-beach-header.jpg?fit=1400%2C431&ssl=1\" \/>\n\t<meta property=\"og:image:width\" content=\"1400\" \/>\n\t<meta property=\"og:image:height\" content=\"431\" \/>\n\t<meta property=\"og:image:type\" content=\"image\/jpeg\" \/>\n<meta name=\"twitter:card\" content=\"summary_large_image\" \/>\n<meta name=\"twitter:site\" content=\"@maksyboats\" \/>\n<meta name=\"twitter:label1\" content=\"Tiempo de lectura\" \/>\n\t<meta name=\"twitter:data1\" content=\"1 minuto\" \/>\n<script type=\"application\/ld+json\" class=\"yoast-schema-graph\">{\"@context\":\"https:\\\/\\\/schema.org\",\"@graph\":[{\"@type\":\"WebPage\",\"@id\":\"https:\\\/\\\/maksyboats.com\\\/es\\\/ubicaciones\\\/port-de-pollenca\\\/\",\"url\":\"https:\\\/\\\/maksyboats.com\\\/es\\\/ubicaciones\\\/port-de-pollenca\\\/\",\"name\":\"Boat Hire & Charters in Port de Pollen\u00e7a with MaksyBoats\",\"isPartOf\":{\"@id\":\"https:\\\/\\\/maksyboats.com\\\/#website\"},\"primaryImageOfPage\":{\"@id\":\"https:\\\/\\\/maksyboats.com\\\/es\\\/ubicaciones\\\/port-de-pollenca\\\/#primaryimage\"},\"image\":{\"@id\":\"https:\\\/\\\/maksyboats.com\\\/es\\\/ubicaciones\\\/port-de-pollenca\\\/#primaryimage\"},\"thumbnailUrl\":\"https:\\\/\\\/i0.wp.com\\\/maksyboats.com\\\/wpm\\\/wp-content\\\/uploads\\\/2018\\\/05\\\/port-pollensa-mallorca-beach-header.jpg?fit=1400%2C431&ssl=1\",\"datePublished\":\"2018-05-08T16:20:13+00:00\",\"dateModified\":\"2018-05-22T07:15:52+00:00\",\"description\":\"Port de Pollen\u00e7a Port de Pollen\u00e7a is located in the north of Mallorca, in the heart of Pollen\u00e7a Bay. The town is at the beginning of the peninsula of\",\"breadcrumb\":{\"@id\":\"https:\\\/\\\/maksyboats.com\\\/es\\\/ubicaciones\\\/port-de-pollenca\\\/#breadcrumb\"},\"inLanguage\":\"es\",\"potentialAction\":[{\"@type\":\"ReadAction\",\"target\":[\"https:\\\/\\\/maksyboats.com\\\/es\\\/ubicaciones\\\/port-de-pollenca\\\/\"]}]},{\"@type\":\"ImageObject\",\"inLanguage\":\"es\",\"@id\":\"https:\\\/\\\/maksyboats.com\\\/es\\\/ubicaciones\\\/port-de-pollenca\\\/#primaryimage\",\"url\":\"https:\\\/\\\/i0.wp.com\\\/maksyboats.com\\\/wpm\\\/wp-content\\\/uploads\\\/2018\\\/05\\\/port-pollensa-mallorca-beach-header.jpg?fit=1400%2C431&ssl=1\",\"contentUrl\":\"https:\\\/\\\/i0.wp.com\\\/maksyboats.com\\\/wpm\\\/wp-content\\\/uploads\\\/2018\\\/05\\\/port-pollensa-mallorca-beach-header.jpg?fit=1400%2C431&ssl=1\",\"width\":\"1400\",\"height\":\"431\"},{\"@type\":\"BreadcrumbList\",\"@id\":\"https:\\\/\\\/maksyboats.com\\\/es\\\/ubicaciones\\\/port-de-pollenca\\\/#breadcrumb\",\"itemListElement\":[{\"@type\":\"ListItem\",\"position\":1,\"name\":\"Home\",\"item\":\"https:\\\/\\\/maksyboats.com\\\/\"},{\"@type\":\"ListItem\",\"position\":2,\"name\":\"Locations\",\"item\":\"https:\\\/\\\/maksyboats.com\\\/es\\\/ubicaciones\\\/\"},{\"@type\":\"ListItem\",\"position\":3,\"name\":\"Port de Pollen\u00e7a\"}]},{\"@type\":\"WebSite\",\"@id\":\"https:\\\/\\\/maksyboats.com\\\/#website\",\"url\":\"https:\\\/\\\/maksyboats.com\\\/\",\"name\":\"MaksyBoats Boat Hire Mallorca\",\"description\":\"Boat Hire Mallorca, Charters, Trips &amp; much more\",\"publisher\":{\"@id\":\"https:\\\/\\\/maksyboats.com\\\/#organization\"},\"potentialAction\":[{\"@type\":\"SearchAction\",\"target\":{\"@type\":\"EntryPoint\",\"urlTemplate\":\"https:\\\/\\\/maksyboats.com\\\/?s={search_term_string}\"},\"query-input\":{\"@type\":\"PropertyValueSpecification\",\"valueRequired\":true,\"valueName\":\"search_term_string\"}}],\"inLanguage\":\"es\"},{\"@type\":\"Organization\",\"@id\":\"https:\\\/\\\/maksyboats.com\\\/#organization\",\"name\":\"MaksyBoats Boat Hire Mallorca\",\"url\":\"https:\\\/\\\/maksyboats.com\\\/\",\"logo\":{\"@type\":\"ImageObject\",\"inLanguage\":\"es\",\"@id\":\"https:\\\/\\\/maksyboats.com\\\/#\\\/schema\\\/logo\\\/image\\\/\",\"url\":\"https:\\\/\\\/i0.wp.com\\\/maksyboats.com\\\/wpm\\\/wp-content\\\/uploads\\\/2020\\\/05\\\/maksyboats-boat-hire-2020.png?fit=350%2C70&ssl=1\",\"contentUrl\":\"https:\\\/\\\/i0.wp.com\\\/maksyboats.com\\\/wpm\\\/wp-content\\\/uploads\\\/2020\\\/05\\\/maksyboats-boat-hire-2020.png?fit=350%2C70&ssl=1\",\"width\":350,\"height\":70,\"caption\":\"MaksyBoats Boat Hire Mallorca\"},\"image\":{\"@id\":\"https:\\\/\\\/maksyboats.com\\\/#\\\/schema\\\/logo\\\/image\\\/\"},\"sameAs\":[\"https:\\\/\\\/www.facebook.com\\\/maksyboats\\\/\",\"https:\\\/\\\/x.com\\\/maksyboats\",\"https:\\\/\\\/www.instagram.com\\\/maksyboats\\\/\"]}]}<\/script>\n<!-- \/ Yoast SEO plugin. -->","yoast_head_json":{"title":"Alquiler de barcos y ch\u00e1rters en Port de Pollen\u00e7a con MaksyBoats","description":"Port de Pollen\u00e7a Port de Pollen\u00e7a est\u00e1 situado en el norte de Mallorca, en el coraz\u00f3n de la Bah\u00eda de Pollen\u00e7a. El pueblo est\u00e1 al principio de la pen\u00ednsula de","robots":{"index":"index","follow":"follow","max-snippet":"max-snippet:-1","max-image-preview":"max-image-preview:large","max-video-preview":"max-video-preview:-1"},"canonical":"https:\/\/maksyboats.com\/es\/ubicaciones\/puerto-de-pollenca\/","og_locale":"es_ES","og_type":"article","og_title":"Boat Hire & Charters in Port de Pollen\u00e7a with MaksyBoats","og_description":"Port de Pollen\u00e7a Port de Pollen\u00e7a is located in the north of Mallorca, in the heart of Pollen\u00e7a Bay. The town is at the beginning of the peninsula of","og_url":"https:\/\/maksyboats.com\/es\/ubicaciones\/puerto-de-pollenca\/","og_site_name":"MaksyBoats","article_publisher":"https:\/\/www.facebook.com\/maksyboats\/","article_modified_time":"2018-05-22T07:15:52+00:00","og_image":[{"width":1400,"height":431,"url":"https:\/\/i2.wp.com\/maksyboats.com\/wpm\/wp-content\/uploads\/2018\/05\/port-pollensa-mallorca-beach-header.jpg?fit=1400%2C431&ssl=1","type":"image\/jpeg"}],"twitter_card":"summary_large_image","twitter_site":"@maksyboats","twitter_misc":{"Tiempo de lectura":"1 minuto"},"schema":{"@context":"https:\/\/schema.org","@graph":[{"@type":"WebPage","@id":"https:\/\/maksyboats.com\/es\/ubicaciones\/port-de-pollenca\/","url":"https:\/\/maksyboats.com\/es\/ubicaciones\/port-de-pollenca\/","name":"Alquiler de barcos y ch\u00e1rters en Port de Pollen\u00e7a con MaksyBoats","isPartOf":{"@id":"https:\/\/maksyboats.com\/#website"},"primaryImageOfPage":{"@id":"https:\/\/maksyboats.com\/es\/ubicaciones\/port-de-pollenca\/#primaryimage"},"image":{"@id":"https:\/\/maksyboats.com\/es\/ubicaciones\/port-de-pollenca\/#primaryimage"},"thumbnailUrl":"https:\/\/i0.wp.com\/maksyboats.com\/wpm\/wp-content\/uploads\/2018\/05\/port-pollensa-mallorca-beach-header.jpg?fit=1400%2C431&ssl=1","datePublished":"2018-05-08T16:20:13+00:00","dateModified":"2018-05-22T07:15:52+00:00","description":"Port de Pollen\u00e7a Port de Pollen\u00e7a est\u00e1 situado en el norte de Mallorca, en el coraz\u00f3n de la Bah\u00eda de Pollen\u00e7a. El pueblo est\u00e1 al principio de la pen\u00ednsula de","breadcrumb":{"@id":"https:\/\/maksyboats.com\/es\/ubicaciones\/port-de-pollenca\/#breadcrumb"},"inLanguage":"es","potentialAction":[{"@type":"ReadAction","target":["https:\/\/maksyboats.com\/es\/ubicaciones\/port-de-pollenca\/"]}]},{"@type":"ImageObject","inLanguage":"es","@id":"https:\/\/maksyboats.com\/es\/ubicaciones\/port-de-pollenca\/#primaryimage","url":"https:\/\/i0.wp.com\/maksyboats.com\/wpm\/wp-content\/uploads\/2018\/05\/port-pollensa-mallorca-beach-header.jpg?fit=1400%2C431&ssl=1","contentUrl":"https:\/\/i0.wp.com\/maksyboats.com\/wpm\/wp-content\/uploads\/2018\/05\/port-pollensa-mallorca-beach-header.jpg?fit=1400%2C431&ssl=1","width":"1400","height":"431"},{"@type":"BreadcrumbList","@id":"https:\/\/maksyboats.com\/es\/ubicaciones\/port-de-pollenca\/#breadcrumb","itemListElement":[{"@type":"ListItem","position":1,"name":"Home","item":"https:\/\/maksyboats.com\/"},{"@type":"ListItem","position":2,"name":"Locations","item":"https:\/\/maksyboats.com\/es\/ubicaciones\/"},{"@type":"ListItem","position":3,"name":"Port de Pollen\u00e7a"}]},{"@type":"WebSite","@id":"https:\/\/maksyboats.com\/#website","url":"https:\/\/maksyboats.com\/","name":"Alquiler de barcos MaksyBoats Mallorca","description":"Alquiler de barcos en Mallorca, charters, viajes y mucho m\u00e1s","publisher":{"@id":"https:\/\/maksyboats.com\/#organization"},"potentialAction":[{"@type":"SearchAction","target":{"@type":"EntryPoint","urlTemplate":"https:\/\/maksyboats.com\/?s={search_term_string}"},"query-input":{"@type":"PropertyValueSpecification","valueRequired":true,"valueName":"search_term_string"}}],"inLanguage":"es"},{"@type":"Organization","@id":"https:\/\/maksyboats.com\/#organization","name":"Alquiler de barcos MaksyBoats Mallorca","url":"https:\/\/maksyboats.com\/","logo":{"@type":"ImageObject","inLanguage":"es","@id":"https:\/\/maksyboats.com\/#\/schema\/logo\/image\/","url":"https:\/\/i0.wp.com\/maksyboats.com\/wpm\/wp-content\/uploads\/2020\/05\/maksyboats-boat-hire-2020.png?fit=350%2C70&ssl=1","contentUrl":"https:\/\/i0.wp.com\/maksyboats.com\/wpm\/wp-content\/uploads\/2020\/05\/maksyboats-boat-hire-2020.png?fit=350%2C70&ssl=1","width":350,"height":70,"caption":"MaksyBoats Boat Hire Mallorca"},"image":{"@id":"https:\/\/maksyboats.com\/#\/schema\/logo\/image\/"},"sameAs":["https:\/\/www.facebook.com\/maksyboats\/","https:\/\/x.com\/maksyboats","https:\/\/www.instagram.com\/maksyboats\/"]}]}},"jetpack_sharing_enabled":true,"_links":{"self":[{"href":"https:\/\/maksyboats.com\/es\/wp-json\/wp\/v2\/pages\/12545","targetHints":{"allow":["GET"]}}],"collection":[{"href":"https:\/\/maksyboats.com\/es\/wp-json\/wp\/v2\/pages"}],"about":[{"href":"https:\/\/maksyboats.com\/es\/wp-json\/wp\/v2\/types\/page"}],"author":[{"embeddable":true,"href":"https:\/\/maksyboats.com\/es\/wp-json\/wp\/v2\/users\/1"}],"replies":[{"embeddable":true,"href":"https:\/\/maksyboats.com\/es\/wp-json\/wp\/v2\/comments?post=12545"}],"version-history":[{"count":0,"href":"https:\/\/maksyboats.com\/es\/wp-json\/wp\/v2\/pages\/12545\/revisions"}],"up":[{"embeddable":true,"href":"https:\/\/maksyboats.com\/es\/wp-json\/wp\/v2\/pages\/11778"}],"wp:featuredmedia":[{"embeddable":true,"href":"https:\/\/maksyboats.com\/es\/wp-json\/wp\/v2\/media\/12546"}],"wp:attachment":[{"href":"https:\/\/maksyboats.com\/es\/wp-json\/wp\/v2\/media?parent=12545"}],"wp:term":[{"taxonomy":"post_tag","embeddable":true,"href":"https:\/\/maksyboats.com\/es\/wp-json\/wp\/v2\/tags?post=12545"}],"curies":[{"name":"Gracias","href":"https:\/\/api.w.org\/{rel}","templated":true}]}}