{"id":12519,"date":"2018-04-13T10:12:39","date_gmt":"2018-04-13T10:12:39","guid":{"rendered":"http:\/\/maksyboats.com\/?page_id=12519"},"modified":"2024-06-04T11:24:49","modified_gmt":"2024-06-04T09:24:49","slug":"cartas-al-atardecer","status":"publish","type":"page","link":"https:\/\/maksyboats.com\/es\/sunset-charters\/","title":{"rendered":"Charters al atardecer"},"content":{"rendered":"<div id=\"pl-12519\"  class=\"panel-layout\" ><div id=\"pg-12519-0\"  class=\"panel-grid panel-no-style\" ><div id=\"pgc-12519-0-0\"  class=\"panel-grid-cell panel-grid-cell-empty\" ><\/div><\/div><div id=\"pg-12519-1\"  class=\"panel-grid panel-no-style\" ><div id=\"pgc-12519-1-0\"  class=\"panel-grid-cell\" ><div id=\"panel-12519-1-0-0\" class=\"so-panel widget widget_sow-editor panel-first-child panel-last-child\" data-index=\"0\" ><div\n\t\t\t\n\t\t\tclass=\"so-widget-sow-editor so-widget-sow-editor-base\"\n\t\t\t\n\t\t>\n<div class=\"siteorigin-widget-tinymce textwidget\">\n\t<p>Nuestra <strong>Sunset Charters en Port de S\u00f3ller<\/strong> por lo general duran aproximadamente 2 horas, y te permitir\u00e1n disfrutar de una experiencia m\u00e1gica y <strong>tiempo inolvidable<\/strong> a bordo de nuestros barcos. Ponemos a su disposici\u00f3n veleros y lanchas a motor, con diferentes caracter\u00edsticas, y con una amplia gama de precios. Para conocer todos los detalles, ingrese a la p\u00e1gina del barco seleccionado.<\/p>\n<\/div>\n<\/div><\/div><\/div><\/div><div id=\"pg-12519-2\"  class=\"panel-grid panel-no-style\" ><div id=\"pgc-12519-2-0\"  class=\"panel-grid-cell\" ><div id=\"panel-12519-2-0-0\" class=\"so-panel widget widget_sow-editor panel-first-child panel-last-child\" data-index=\"1\" ><div\n\t\t\t\n\t\t\tclass=\"so-widget-sow-editor so-widget-sow-editor-base\"\n\t\t\t\n\t\t><h3 class=\"widget-title\">Bonnie Lass<\/h3>\n<div class=\"siteorigin-widget-tinymce textwidget\">\n\t<p><a href=\"http:\/\/maksyboats.com\/es\/alquiler-de-barcos\/alquiler-de-barcos-a-motor\/linda-muchacha\/\"><img fetchpriority=\"high\" data-recalc-dims=\"1\" decoding=\"async\" class=\"alignnone wp-image-12113 size-full\" src=\"https:\/\/i0.wp.com\/maksyboats.com\/wpm\/wp-content\/uploads\/2017\/07\/sailing-boat-charters-mallorca-port-soller-10.jpg?resize=960%2C638\" alt=\"\" width=\"960\" height=\"638\" srcset=\"https:\/\/i0.wp.com\/maksyboats.com\/wpm\/wp-content\/uploads\/2017\/07\/sailing-boat-charters-mallorca-port-soller-10.jpg?w=960&amp;ssl=1 960w, https:\/\/i0.wp.com\/maksyboats.com\/wpm\/wp-content\/uploads\/2017\/07\/sailing-boat-charters-mallorca-port-soller-10.jpg?resize=300%2C199&amp;ssl=1 300w, https:\/\/i0.wp.com\/maksyboats.com\/wpm\/wp-content\/uploads\/2017\/07\/sailing-boat-charters-mallorca-port-soller-10.jpg?resize=768%2C510&amp;ssl=1 768w, https:\/\/i0.wp.com\/maksyboats.com\/wpm\/wp-content\/uploads\/2017\/07\/sailing-boat-charters-mallorca-port-soller-10.jpg?resize=30%2C20&amp;ssl=1 30w, https:\/\/i0.wp.com\/maksyboats.com\/wpm\/wp-content\/uploads\/2017\/07\/sailing-boat-charters-mallorca-port-soller-10.jpg?resize=360%2C240&amp;ssl=1 360w, https:\/\/i0.wp.com\/maksyboats.com\/wpm\/wp-content\/uploads\/2017\/07\/sailing-boat-charters-mallorca-port-soller-10.jpg?resize=555%2C369&amp;ssl=1 555w, https:\/\/i0.wp.com\/maksyboats.com\/wpm\/wp-content\/uploads\/2017\/07\/sailing-boat-charters-mallorca-port-soller-10.jpg?resize=272%2C182&amp;ssl=1 272w\" sizes=\"(max-width: 960px) 100vw, 960px\" \/><\/a><\/p>\n<table class=\"table table-condensed table-striped\" width=\"100%\">\n<thead>\n<tr>\n<th>Barco<\/th>\n<th>Bonnie Lass<\/th>\n<\/tr>\n<\/thead>\n<tbody>\n<tr>\n<td>Eslora<\/td>\n<td>17 m.<\/td>\n<\/tr>\n<tr>\n<td>Duraci\u00f3n<\/td>\n<td>2 horas<\/td>\n<\/tr>\n<tr>\n<td>Capacidad<\/td>\n<td>10 pax + tripulaci\u00f3n<\/td>\n<\/tr>\n<tr>\n<td>Precio<\/td>\n<td>\u20ac 575<\/td>\n<\/tr>\n<tr>\n<td>Ubicaci\u00f3n<\/td>\n<td><a href=\"http:\/\/maksyboats.com\/es\/ubicaciones\/puerto-de-soller\/\">Port de S\u00f3ller<\/a><\/td>\n<\/tr>\n<\/tbody>\n<\/table>\n<p><a class=\"btn btn-primary\" href=\"http:\/\/maksyboats.com\/es\/alquiler-de-barcos\/alquiler-de-barcos-a-motor\/linda-muchacha\/\">Ver detalles \u00bb<\/a><\/p>\n<\/div>\n<\/div><\/div><\/div><div id=\"pgc-12519-2-1\"  class=\"panel-grid-cell panel-grid-cell-empty panel-grid-cell-mobile-last\" ><\/div><div id=\"pgc-12519-2-2\"  class=\"panel-grid-cell panel-grid-cell-empty\" ><\/div><\/div><div id=\"pg-12519-3\"  class=\"panel-grid panel-no-style\" ><div id=\"pgc-12519-3-0\"  class=\"panel-grid-cell panel-grid-cell-empty\" ><\/div><\/div><div id=\"pg-12519-4\"  class=\"panel-grid panel-no-style\" ><div id=\"pgc-12519-4-0\"  class=\"panel-grid-cell panel-grid-cell-empty\" ><\/div><div id=\"pgc-12519-4-1\"  class=\"panel-grid-cell panel-grid-cell-empty panel-grid-cell-mobile-last\" ><\/div><div id=\"pgc-12519-4-2\"  class=\"panel-grid-cell panel-grid-cell-empty\" ><\/div><\/div><div id=\"pg-12519-5\"  class=\"panel-grid panel-no-style\" ><div id=\"pgc-12519-5-0\"  class=\"panel-grid-cell panel-grid-cell-empty\" ><\/div><\/div><div id=\"pg-12519-6\"  class=\"panel-grid panel-no-style\" ><div id=\"pgc-12519-6-0\"  class=\"panel-grid-cell panel-grid-cell-empty\" ><\/div><div id=\"pgc-12519-6-1\"  class=\"panel-grid-cell panel-grid-cell-empty panel-grid-cell-mobile-last\" ><\/div><div id=\"pgc-12519-6-2\"  class=\"panel-grid-cell panel-grid-cell-empty\" ><\/div><\/div><div id=\"pg-12519-7\"  class=\"panel-grid panel-no-style\" ><div id=\"pgc-12519-7-0\"  class=\"panel-grid-cell panel-grid-cell-empty\" ><\/div><\/div><div id=\"pg-12519-8\"  class=\"panel-grid panel-no-style\" ><div id=\"pgc-12519-8-0\"  class=\"panel-grid-cell\" ><div id=\"panel-12519-8-0-0\" class=\"so-panel widget widget_sow-editor panel-first-child panel-last-child\" data-index=\"2\" ><div\n\t\t\t\n\t\t\tclass=\"so-widget-sow-editor so-widget-sow-editor-base\"\n\t\t\t\n\t\t>\n<div class=\"siteorigin-widget-tinymce textwidget\">\n\t<p>\u00bfAlguna vez has disfrutado de un <strong>puesta de sol desde un bote<\/strong>, en medio del mar? \u00bfAlguna vez has sentido ese total, mientras el bote se balancea suavemente, sacudido por las olas? \u00bfVer c\u00f3mo se pone el sol lentamente, mientras disfruta de una copa de vino o champ\u00e1n? No se necesitan m\u00e1s palabras ...<\/p>\n<\/div>\n<\/div><\/div><\/div><\/div><div id=\"pg-12519-9\"  class=\"panel-grid panel-no-style\" ><div id=\"pgc-12519-9-0\"  class=\"panel-grid-cell panel-grid-cell-empty\" ><\/div><\/div><\/div>","protected":false},"excerpt":{"rendered":"<p>Nuestros Sunset Charters en Port de S\u00f3ller suelen durar unas 2 horas, y te permitir\u00e1n disfrutar de un rato m\u00e1gico e inolvidable a bordo de nuestros barcos. Ponemos a tu disposici\u00f3n veleros y lanchas a motor, con diferentes caracter\u00edsticas, y con una amplia gama de precios. Para conocer todos los detalles, por favor ingrese a la p\u00e1gina de... <a title=\"Charters al atardecer\" class=\"read-more\" href=\"https:\/\/maksyboats.com\/es\/sunset-charters\/\" aria-label=\"Leer m\u00e1s sobre Charters al Atardecer\">Leer m\u00e1s \u00bb<\/a><\/p>","protected":false},"author":1,"featured_media":12521,"parent":0,"menu_order":0,"comment_status":"closed","ping_status":"closed","template":"","meta":{"generate_page_header":"","jetpack_post_was_ever_published":false,"footnotes":""},"tags":[],"class_list":["post-12519","page","type-page","status-publish","has-post-thumbnail"],"yoast_head":"<!-- This site is optimized with the Yoast SEO plugin v27.4 - https:\/\/yoast.com\/product\/yoast-seo-wordpress\/ -->\n<title>Boat Sunset Charters in Port de S\u00f3ller, Mallorca - MaksyBoats<\/title>\n<meta name=\"description\" content=\"Our Sunset Charters in Port de S\u00f3ller usually last about 2 hours, and will allow you to enjoy a magical and unforgettable time aboard our boats. We put at\" \/>\n<meta name=\"robots\" content=\"index, follow, max-snippet:-1, max-image-preview:large, max-video-preview:-1\" \/>\n<link rel=\"canonical\" href=\"https:\/\/maksyboats.com\/es\/cartas-al-atardecer\/\" \/>\n<meta property=\"og:locale\" content=\"es_ES\" \/>\n<meta property=\"og:type\" content=\"article\" \/>\n<meta property=\"og:title\" content=\"Boat Sunset Charters in Port de S\u00f3ller, Mallorca - MaksyBoats\" \/>\n<meta property=\"og:description\" content=\"Our Sunset Charters in Port de S\u00f3ller usually last about 2 hours, and will allow you to enjoy a magical and unforgettable time aboard our boats. We put at\" \/>\n<meta property=\"og:url\" content=\"https:\/\/maksyboats.com\/es\/cartas-al-atardecer\/\" \/>\n<meta property=\"og:site_name\" content=\"MaksyBoats\" \/>\n<meta property=\"article:publisher\" content=\"https:\/\/www.facebook.com\/maksyboats\/\" \/>\n<meta property=\"article:modified_time\" content=\"2024-06-04T09:24:49+00:00\" \/>\n<meta property=\"og:image\" content=\"https:\/\/maksyboats.com\/wpm\/wp-content\/uploads\/2018\/04\/sunset-port-soller-mallorca-maksyboats-header.jpg\" \/>\n\t<meta property=\"og:image:width\" content=\"1400\" \/>\n\t<meta property=\"og:image:height\" content=\"480\" \/>\n\t<meta property=\"og:image:type\" content=\"image\/jpeg\" \/>\n<meta name=\"twitter:card\" content=\"summary_large_image\" \/>\n<meta name=\"twitter:site\" content=\"@maksyboats\" \/>\n<meta name=\"twitter:label1\" content=\"Tiempo de lectura\" \/>\n\t<meta name=\"twitter:data1\" content=\"2 minutos\" \/>\n<script type=\"application\/ld+json\" class=\"yoast-schema-graph\">{\"@context\":\"https:\\\/\\\/schema.org\",\"@graph\":[{\"@type\":\"WebPage\",\"@id\":\"https:\\\/\\\/maksyboats.com\\\/sunset-charters\\\/\",\"url\":\"https:\\\/\\\/maksyboats.com\\\/sunset-charters\\\/\",\"name\":\"Boat Sunset Charters in Port de S\u00f3ller, Mallorca - MaksyBoats\",\"isPartOf\":{\"@id\":\"https:\\\/\\\/maksyboats.com\\\/#website\"},\"primaryImageOfPage\":{\"@id\":\"https:\\\/\\\/maksyboats.com\\\/sunset-charters\\\/#primaryimage\"},\"image\":{\"@id\":\"https:\\\/\\\/maksyboats.com\\\/sunset-charters\\\/#primaryimage\"},\"thumbnailUrl\":\"https:\\\/\\\/i0.wp.com\\\/maksyboats.com\\\/wpm\\\/wp-content\\\/uploads\\\/2018\\\/04\\\/sunset-port-soller-mallorca-maksyboats-header.jpg?fit=1400%2C480&ssl=1\",\"datePublished\":\"2018-04-13T10:12:39+00:00\",\"dateModified\":\"2024-06-04T09:24:49+00:00\",\"description\":\"Our Sunset Charters in Port de S\u00f3ller usually last about 2 hours, and will allow you to enjoy a magical and unforgettable time aboard our boats. We put at\",\"breadcrumb\":{\"@id\":\"https:\\\/\\\/maksyboats.com\\\/sunset-charters\\\/#breadcrumb\"},\"inLanguage\":\"es\",\"potentialAction\":[{\"@type\":\"ReadAction\",\"target\":[\"https:\\\/\\\/maksyboats.com\\\/sunset-charters\\\/\"]}]},{\"@type\":\"ImageObject\",\"inLanguage\":\"es\",\"@id\":\"https:\\\/\\\/maksyboats.com\\\/sunset-charters\\\/#primaryimage\",\"url\":\"https:\\\/\\\/i0.wp.com\\\/maksyboats.com\\\/wpm\\\/wp-content\\\/uploads\\\/2018\\\/04\\\/sunset-port-soller-mallorca-maksyboats-header.jpg?fit=1400%2C480&ssl=1\",\"contentUrl\":\"https:\\\/\\\/i0.wp.com\\\/maksyboats.com\\\/wpm\\\/wp-content\\\/uploads\\\/2018\\\/04\\\/sunset-port-soller-mallorca-maksyboats-header.jpg?fit=1400%2C480&ssl=1\",\"width\":\"1400\",\"height\":\"480\"},{\"@type\":\"BreadcrumbList\",\"@id\":\"https:\\\/\\\/maksyboats.com\\\/sunset-charters\\\/#breadcrumb\",\"itemListElement\":[{\"@type\":\"ListItem\",\"position\":1,\"name\":\"Home\",\"item\":\"https:\\\/\\\/maksyboats.com\\\/\"},{\"@type\":\"ListItem\",\"position\":2,\"name\":\"Sunset Charters\"}]},{\"@type\":\"WebSite\",\"@id\":\"https:\\\/\\\/maksyboats.com\\\/#website\",\"url\":\"https:\\\/\\\/maksyboats.com\\\/\",\"name\":\"MaksyBoats Boat Hire Mallorca\",\"description\":\"Boat Hire Mallorca, Charters, Trips &amp; much more\",\"publisher\":{\"@id\":\"https:\\\/\\\/maksyboats.com\\\/#organization\"},\"potentialAction\":[{\"@type\":\"SearchAction\",\"target\":{\"@type\":\"EntryPoint\",\"urlTemplate\":\"https:\\\/\\\/maksyboats.com\\\/?s={search_term_string}\"},\"query-input\":{\"@type\":\"PropertyValueSpecification\",\"valueRequired\":true,\"valueName\":\"search_term_string\"}}],\"inLanguage\":\"es\"},{\"@type\":\"Organization\",\"@id\":\"https:\\\/\\\/maksyboats.com\\\/#organization\",\"name\":\"MaksyBoats Boat Hire Mallorca\",\"url\":\"https:\\\/\\\/maksyboats.com\\\/\",\"logo\":{\"@type\":\"ImageObject\",\"inLanguage\":\"es\",\"@id\":\"https:\\\/\\\/maksyboats.com\\\/#\\\/schema\\\/logo\\\/image\\\/\",\"url\":\"https:\\\/\\\/i0.wp.com\\\/maksyboats.com\\\/wpm\\\/wp-content\\\/uploads\\\/2020\\\/05\\\/maksyboats-boat-hire-2020.png?fit=350%2C70&ssl=1\",\"contentUrl\":\"https:\\\/\\\/i0.wp.com\\\/maksyboats.com\\\/wpm\\\/wp-content\\\/uploads\\\/2020\\\/05\\\/maksyboats-boat-hire-2020.png?fit=350%2C70&ssl=1\",\"width\":350,\"height\":70,\"caption\":\"MaksyBoats Boat Hire Mallorca\"},\"image\":{\"@id\":\"https:\\\/\\\/maksyboats.com\\\/#\\\/schema\\\/logo\\\/image\\\/\"},\"sameAs\":[\"https:\\\/\\\/www.facebook.com\\\/maksyboats\\\/\",\"https:\\\/\\\/x.com\\\/maksyboats\",\"https:\\\/\\\/www.instagram.com\\\/maksyboats\\\/\"]}]}<\/script>\n<!-- \/ Yoast SEO plugin. -->","yoast_head_json":{"title":"Alquiler de barcos en Port de S\u00f3ller, Mallorca - MaksyBoats","description":"Nuestros Sunset Charters en Port de S\u00f3ller suelen durar unas 2 horas, y te permitir\u00e1n disfrutar de un rato m\u00e1gico e inolvidable a bordo de nuestros barcos. ponemos en","robots":{"index":"index","follow":"follow","max-snippet":"max-snippet:-1","max-image-preview":"max-image-preview:large","max-video-preview":"max-video-preview:-1"},"canonical":"https:\/\/maksyboats.com\/es\/cartas-al-atardecer\/","og_locale":"es_ES","og_type":"article","og_title":"Boat Sunset Charters in Port de S\u00f3ller, Mallorca - MaksyBoats","og_description":"Our Sunset Charters in Port de S\u00f3ller usually last about 2 hours, and will allow you to enjoy a magical and unforgettable time aboard our boats. We put at","og_url":"https:\/\/maksyboats.com\/es\/cartas-al-atardecer\/","og_site_name":"MaksyBoats","article_publisher":"https:\/\/www.facebook.com\/maksyboats\/","article_modified_time":"2024-06-04T09:24:49+00:00","og_image":[{"width":1400,"height":480,"url":"https:\/\/maksyboats.com\/wpm\/wp-content\/uploads\/2018\/04\/sunset-port-soller-mallorca-maksyboats-header.jpg","type":"image\/jpeg"}],"twitter_card":"summary_large_image","twitter_site":"@maksyboats","twitter_misc":{"Tiempo de lectura":"2 minutos"},"schema":{"@context":"https:\/\/schema.org","@graph":[{"@type":"WebPage","@id":"https:\/\/maksyboats.com\/sunset-charters\/","url":"https:\/\/maksyboats.com\/sunset-charters\/","name":"Alquiler de barcos en Port de S\u00f3ller, Mallorca - MaksyBoats","isPartOf":{"@id":"https:\/\/maksyboats.com\/#website"},"primaryImageOfPage":{"@id":"https:\/\/maksyboats.com\/sunset-charters\/#primaryimage"},"image":{"@id":"https:\/\/maksyboats.com\/sunset-charters\/#primaryimage"},"thumbnailUrl":"https:\/\/i0.wp.com\/maksyboats.com\/wpm\/wp-content\/uploads\/2018\/04\/sunset-port-soller-mallorca-maksyboats-header.jpg?fit=1400%2C480&ssl=1","datePublished":"2018-04-13T10:12:39+00:00","dateModified":"2024-06-04T09:24:49+00:00","description":"Nuestros Sunset Charters en Port de S\u00f3ller suelen durar unas 2 horas, y te permitir\u00e1n disfrutar de un rato m\u00e1gico e inolvidable a bordo de nuestros barcos. ponemos en","breadcrumb":{"@id":"https:\/\/maksyboats.com\/sunset-charters\/#breadcrumb"},"inLanguage":"es","potentialAction":[{"@type":"ReadAction","target":["https:\/\/maksyboats.com\/sunset-charters\/"]}]},{"@type":"ImageObject","inLanguage":"es","@id":"https:\/\/maksyboats.com\/sunset-charters\/#primaryimage","url":"https:\/\/i0.wp.com\/maksyboats.com\/wpm\/wp-content\/uploads\/2018\/04\/sunset-port-soller-mallorca-maksyboats-header.jpg?fit=1400%2C480&ssl=1","contentUrl":"https:\/\/i0.wp.com\/maksyboats.com\/wpm\/wp-content\/uploads\/2018\/04\/sunset-port-soller-mallorca-maksyboats-header.jpg?fit=1400%2C480&ssl=1","width":"1400","height":"480"},{"@type":"BreadcrumbList","@id":"https:\/\/maksyboats.com\/sunset-charters\/#breadcrumb","itemListElement":[{"@type":"ListItem","position":1,"name":"Home","item":"https:\/\/maksyboats.com\/"},{"@type":"ListItem","position":2,"name":"Sunset Charters"}]},{"@type":"WebSite","@id":"https:\/\/maksyboats.com\/#website","url":"https:\/\/maksyboats.com\/","name":"Alquiler de barcos MaksyBoats Mallorca","description":"Alquiler de barcos en Mallorca, charters, viajes y mucho m\u00e1s","publisher":{"@id":"https:\/\/maksyboats.com\/#organization"},"potentialAction":[{"@type":"SearchAction","target":{"@type":"EntryPoint","urlTemplate":"https:\/\/maksyboats.com\/?s={search_term_string}"},"query-input":{"@type":"PropertyValueSpecification","valueRequired":true,"valueName":"search_term_string"}}],"inLanguage":"es"},{"@type":"Organization","@id":"https:\/\/maksyboats.com\/#organization","name":"Alquiler de barcos MaksyBoats Mallorca","url":"https:\/\/maksyboats.com\/","logo":{"@type":"ImageObject","inLanguage":"es","@id":"https:\/\/maksyboats.com\/#\/schema\/logo\/image\/","url":"https:\/\/i0.wp.com\/maksyboats.com\/wpm\/wp-content\/uploads\/2020\/05\/maksyboats-boat-hire-2020.png?fit=350%2C70&ssl=1","contentUrl":"https:\/\/i0.wp.com\/maksyboats.com\/wpm\/wp-content\/uploads\/2020\/05\/maksyboats-boat-hire-2020.png?fit=350%2C70&ssl=1","width":350,"height":70,"caption":"MaksyBoats Boat Hire Mallorca"},"image":{"@id":"https:\/\/maksyboats.com\/#\/schema\/logo\/image\/"},"sameAs":["https:\/\/www.facebook.com\/maksyboats\/","https:\/\/x.com\/maksyboats","https:\/\/www.instagram.com\/maksyboats\/"]}]}},"jetpack_sharing_enabled":true,"_links":{"self":[{"href":"https:\/\/maksyboats.com\/es\/wp-json\/wp\/v2\/pages\/12519","targetHints":{"allow":["GET"]}}],"collection":[{"href":"https:\/\/maksyboats.com\/es\/wp-json\/wp\/v2\/pages"}],"about":[{"href":"https:\/\/maksyboats.com\/es\/wp-json\/wp\/v2\/types\/page"}],"author":[{"embeddable":true,"href":"https:\/\/maksyboats.com\/es\/wp-json\/wp\/v2\/users\/1"}],"replies":[{"embeddable":true,"href":"https:\/\/maksyboats.com\/es\/wp-json\/wp\/v2\/comments?post=12519"}],"version-history":[{"count":0,"href":"https:\/\/maksyboats.com\/es\/wp-json\/wp\/v2\/pages\/12519\/revisions"}],"wp:featuredmedia":[{"embeddable":true,"href":"https:\/\/maksyboats.com\/es\/wp-json\/wp\/v2\/media\/12521"}],"wp:attachment":[{"href":"https:\/\/maksyboats.com\/es\/wp-json\/wp\/v2\/media?parent=12519"}],"wp:term":[{"taxonomy":"post_tag","embeddable":true,"href":"https:\/\/maksyboats.com\/es\/wp-json\/wp\/v2\/tags?post=12519"}],"curies":[{"name":"Gracias","href":"https:\/\/api.w.org\/{rel}","templated":true}]}}