{"id":12339,"date":"2018-01-16T15:12:38","date_gmt":"2018-01-16T15:12:38","guid":{"rendered":"http:\/\/maksyboats.com\/?page_id=12339"},"modified":"2018-01-16T15:17:25","modified_gmt":"2018-01-16T15:17:25","slug":"plantilla-de-tripadvisor","status":"publish","type":"page","link":"https:\/\/maksyboats.com\/es\/tripadvisor-template\/","title":{"rendered":"plantilla de tripadvisor"},"content":{"rendered":"<div id=\"pl-12339\"  class=\"panel-layout\" ><div id=\"pg-12339-0\"  class=\"panel-grid panel-has-style\" ><div class=\"siteorigin-panels-stretch panel-row-style panel-row-style-for-12339-0\" data-stretch-type=\"full\" ><div id=\"pgc-12339-0-0\"  class=\"panel-grid-cell\" ><div id=\"panel-12339-0-0-0\" class=\"widget_text so-panel widget widget_custom_html panel-first-child\" data-index=\"0\" ><div class=\"textwidget custom-html-widget\"><img decoding=\"async\" data-recalc-dims=\"1\" class=\"alignnone wp-image-12129 size-full\" src=\"https:\/\/i0.wp.com\/maksyboats.com\/wpm\/wp-content\/uploads\/2017\/08\/tripadvisor.png?resize=336%2C81\" alt=\"\" width=\"336\" height=\"81\" srcset=\"https:\/\/i0.wp.com\/maksyboats.com\/wpm\/wp-content\/uploads\/2017\/08\/tripadvisor.png?w=336&amp;ssl=1 336w, https:\/\/i0.wp.com\/maksyboats.com\/wpm\/wp-content\/uploads\/2017\/08\/tripadvisor.png?resize=300%2C72&amp;ssl=1 300w, https:\/\/i0.wp.com\/maksyboats.com\/wpm\/wp-content\/uploads\/2017\/08\/tripadvisor.png?resize=30%2C7&amp;ssl=1 30w\" sizes=\"(max-width: 336px) 100vw, 336px\" \/>\n\n<div itemscope=\"\" itemtype=\"https:\/\/schema.org\/LocalBusiness\">\n\t<h3><span itemprop=\"name\">MaksyBoats Alquiler de Barcos<\/span> en TripAdvisor<\/h3>\n\t<div itemprop=\"aggregateRating\" itemscope=\"\" itemtype=\"https:\/\/schema.org\/AggregateRating\">\t\t\n\t\t<img decoding=\"async\" data-recalc-dims=\"1\" class=\"alignnone size-full wp-image-12295\" src=\"https:\/\/i0.wp.com\/maksyboats.com\/wpm\/wp-content\/uploads\/2018\/01\/ta-rating-m.png?resize=150%2C31\" alt=\"\" width=\"150\" height=\"31\" srcset=\"https:\/\/i0.wp.com\/maksyboats.com\/wpm\/wp-content\/uploads\/2018\/01\/ta-rating-m.png?w=150&amp;ssl=1 150w, https:\/\/i0.wp.com\/maksyboats.com\/wpm\/wp-content\/uploads\/2018\/01\/ta-rating-m.png?resize=30%2C6&amp;ssl=1 30w\" sizes=\"(max-width: 150px) 100vw, 150px\" \/>\n\t\t<meta itemprop=\"bestRating\" content=\"5\">\n\t\t<meta itemprop=\"worstRating\" content=\"1\">\t\t\n\t\t<meta itemprop=\"ratingValue\" content=\"5\">\n\t\t<meta itemprop=\"ratingCount\" content=\"34\">\t\t\n\t\t<p><strong>5 de 5, 34 Opiniones<\/strong><\/p>\n\t<\/div>\n\t<div style=\"display: none;\" itemprop=\"image\" itemscope=\"\" itemtype=\"https:\/\/schema.org\/ImageObject\">\n\t\t<meta itemprop=\"url\" content=\"http:\/\/maksyboats.com\/wpm\/wp-content\/uploads\/2016\/09\/maksy-boats-112-3.png\">\n\t\t<meta itemprop=\"width\" content=\"214\">\n\t\t<meta itemprop=\"height\" content=\"112\">\n\t<\/div>\t\n\t<div style=\"display:none\" itemprop=\"address\" itemscope itemtype=\"https:\/\/schema.org\/PostalAddress\">\n\t\t<span itemprop=\"streetAddress\">Dock #3<\/span>\n\t\t<span itemprop=\"postalCode\">07108<\/span>\n\t\t<span itemprop=\"addressLocality\">Port de S\u00f3ller, Espa\u00f1a<\/span>\n\t<\/div>\t\n\t<span style=\"display:none;\" itemprop=\"priceRange\">$$$<\/span>\n\t<span style=\"display:none;\" itemprop=\"telephone\">(34) 699 27 01 42<\/span>\n<\/div><\/div><\/div><div id=\"panel-12339-0-0-1\" class=\"so-panel widget widget_sow-testimonials\" data-index=\"1\" ><div\n\t\t\t\n\t\t\tclass=\"so-widget-sow-testimonials so-widget-sow-testimonials-default-ea307033de0d-12339\"\n\t\t\t\n\t\t><div class=\"sow-testimonials\">\n\t\t\t\t\t<div class=\"sow-testimonial-wrapper sow-user-left sow-layout-text-above\">\n\t\t\t<div class=\"sow-testimonial\">\n\t\t\t\t\t\t\t\t\t<div class=\"sow-testimonial-text\">\n\t\t\t\t\t\t<p>Alquilamos un peque\u00f1o bote simple. \u00c9ramos 4 de nosotros. Funcion\u00f3. Obtuvimos una gran introducci\u00f3n, todo eficiente, excelente servicio, amigable y absolutamente sin sentido nos estafaron como puede suceder en esta industria. 100% recomendaci\u00f3n positiva. Volver\u00eda ma\u00f1ana.<\/p>\t\t\t\t\t<\/div>\n\t\t\t\t\n\t\t\t\t<div class=\"sow-testimonial-user\">\n\t\t\t\t\t\t\t\t\t\t<div class=\"sow-image-wrapper sow-image-wrapper-shape-round\">\n\t\t\t\t\t\t\t\t\t\t\t\t<div class=\"sow-round-image-frame\" style=\"background-image: url( https:\/\/maksyboats.com\/wpm\/wp-content\/uploads\/2018\/01\/scottpoynton.jpg );\"><\/div>\t\t\t\t\t\t\t\t\t\t\t<\/div>\n\t\t\t\t\t\n\t\t\t\t\t<div class=\"sow-text\">\n\t\t\t\t\t\t\t\t\t\t\t\t\t<span class=\"sow-testimonial-name\"><strong>scottpoynton<\/strong><\/span>\n\t\t\t\t\t\t\t\t\t\t\t\t\t\t\t\t\t\t\t\t\t\t\t\t\t<span class=\"sow-testimonial-location\">Gingins, Suiza<\/span>\n\t\t\t\t\t\t\t\t\t\t\t\t\t\t\t\t\t<\/div>\n\t\t\t\t<\/div>\n\n\t\t\t\t\t\t\t<\/div>\n\t\t<\/div>\n\t\t\t\t\t<div class=\"sow-testimonial-wrapper sow-user-left sow-layout-text-above\">\n\t\t\t<div class=\"sow-testimonial\">\n\t\t\t\t\t\t\t\t\t<div class=\"sow-testimonial-text\">\n\t\t\t\t\t\t<p>Alquilamos un bote de 8 personas sin licencia para 4 adultos y 4 ni\u00f1os y pasamos 4 horas incre\u00edbles explorando la costa y buceando en calas de color turquesa. Fue muy agradable tratar con Pavlo y anim\u00f3 a todos a &quot;relajarse y disfrutar&quot;.<\/p>\t\t\t\t\t<\/div>\n\t\t\t\t\n\t\t\t\t<div class=\"sow-testimonial-user\">\n\t\t\t\t\t\t\t\t\t\t<div class=\"sow-image-wrapper sow-image-wrapper-shape-round\">\n\t\t\t\t\t\t\t\t\t\t\t\t<div class=\"sow-round-image-frame\" style=\"background-image: url( https:\/\/maksyboats.com\/wpm\/wp-content\/uploads\/2018\/01\/gillsabill.jpg );\"><\/div>\t\t\t\t\t\t\t\t\t\t\t<\/div>\n\t\t\t\t\t\n\t\t\t\t\t<div class=\"sow-text\">\n\t\t\t\t\t\t\t\t\t\t\t\t\t<span class=\"sow-testimonial-name\"><strong>gillsabill<\/strong><\/span>\n\t\t\t\t\t\t\t\t\t\t\t\t\t\t\t\t\t\t\t\t\t\t\t\t\t<span class=\"sow-testimonial-location\">Dubl\u00edn, Irlanda<\/span>\n\t\t\t\t\t\t\t\t\t\t\t\t\t\t\t\t\t<\/div>\n\t\t\t\t<\/div>\n\n\t\t\t\t\t\t\t<\/div>\n\t\t<\/div>\n\t<\/div>\n<\/div><\/div><div id=\"panel-12339-0-0-2\" class=\"so-panel widget widget_sow-editor panel-last-child\" data-index=\"2\" ><div\n\t\t\t\n\t\t\tclass=\"so-widget-sow-editor so-widget-sow-editor-base\"\n\t\t\t\n\t\t>\n<div class=\"siteorigin-widget-tinymce textwidget\">\n\t<p><a class=\"btn btn-primary\" href=\"https:\/\/www.tripadvisor.es\/Attraction_Review-g3607602-d11777165-Reviews-MaksyBoats-Port_de_Soller_Soller_Majorca_Balearic_Islands.html\" target=\"_blank\" rel=\"noopener\">Ver todas las opiniones en Tripadvisor \u00bb<\/a><\/p>\n<\/div>\n<\/div><\/div><\/div><\/div><\/div><\/div>","protected":false},"excerpt":{"rendered":"<p>Ver todas las opiniones en Tripadvisor \u00bb<\/p>","protected":false},"author":1,"featured_media":0,"parent":0,"menu_order":0,"comment_status":"closed","ping_status":"closed","template":"","meta":{"generate_page_header":"","jetpack_post_was_ever_published":false,"footnotes":""},"tags":[],"class_list":["post-12339","page","type-page","status-publish"],"yoast_head":"<!-- This site is optimized with the Yoast SEO plugin v27.5 - https:\/\/yoast.com\/product\/yoast-seo-wordpress\/ -->\n<title>Maksy Boats \u00b7 Nautical Solutions Mallorca \u00b7 Boat rental, charters and more<\/title>\n<meta name=\"description\" content=\"Rent a boat with or without license. Port de S\u00f3ller, Andratx, Alc\u00fadia. Sailing boats and fishing charters. Buy and sell new and used yachts. Full service.\" \/>\n<meta name=\"robots\" content=\"index, follow, max-snippet:-1, max-image-preview:large, max-video-preview:-1\" \/>\n<link rel=\"canonical\" href=\"https:\/\/maksyboats.com\/es\/plantilla-de-tripadvisor\/\" \/>\n<meta property=\"og:locale\" content=\"es_ES\" \/>\n<meta property=\"og:type\" content=\"article\" \/>\n<meta property=\"og:title\" content=\"Maksy Boats \u00b7 Nautical Solutions Mallorca \u00b7 Boat rental, charters and more\" \/>\n<meta property=\"og:description\" content=\"Rent a boat with or without license. Port de S\u00f3ller, Andratx, Alc\u00fadia. Sailing boats and fishing charters. Buy and sell new and used yachts. Full service.\" \/>\n<meta property=\"og:url\" content=\"https:\/\/maksyboats.com\/es\/plantilla-de-tripadvisor\/\" \/>\n<meta property=\"og:site_name\" content=\"MaksyBoats\" \/>\n<meta property=\"article:publisher\" content=\"https:\/\/www.facebook.com\/maksyboats\/\" \/>\n<meta property=\"article:modified_time\" content=\"2018-01-16T15:17:25+00:00\" \/>\n<meta name=\"twitter:card\" content=\"summary_large_image\" \/>\n<meta name=\"twitter:site\" content=\"@maksyboats\" \/>\n<script type=\"application\/ld+json\" class=\"yoast-schema-graph\">{\"@context\":\"https:\\\/\\\/schema.org\",\"@graph\":[{\"@type\":\"WebPage\",\"@id\":\"https:\\\/\\\/maksyboats.com\\\/es\\\/plantilla-de-tripadvisor\\\/\",\"url\":\"https:\\\/\\\/maksyboats.com\\\/es\\\/plantilla-de-tripadvisor\\\/\",\"name\":\"Maksy Boats \u00b7 Nautical Solutions Mallorca \u00b7 Boat rental, charters and more\",\"isPartOf\":{\"@id\":\"https:\\\/\\\/maksyboats.com\\\/#website\"},\"datePublished\":\"2018-01-16T15:12:38+00:00\",\"dateModified\":\"2018-01-16T15:17:25+00:00\",\"description\":\"Rent a boat with or without license. Port de S\u00f3ller, Andratx, Alc\u00fadia. Sailing boats and fishing charters. Buy and sell new and used yachts. Full service.\",\"breadcrumb\":{\"@id\":\"https:\\\/\\\/maksyboats.com\\\/es\\\/plantilla-de-tripadvisor\\\/#breadcrumb\"},\"inLanguage\":\"es\",\"potentialAction\":[{\"@type\":\"ReadAction\",\"target\":[\"https:\\\/\\\/maksyboats.com\\\/es\\\/plantilla-de-tripadvisor\\\/\"]}]},{\"@type\":\"BreadcrumbList\",\"@id\":\"https:\\\/\\\/maksyboats.com\\\/es\\\/plantilla-de-tripadvisor\\\/#breadcrumb\",\"itemListElement\":[{\"@type\":\"ListItem\",\"position\":1,\"name\":\"Home\",\"item\":\"https:\\\/\\\/maksyboats.com\\\/\"},{\"@type\":\"ListItem\",\"position\":2,\"name\":\"tripadvisor template\"}]},{\"@type\":\"WebSite\",\"@id\":\"https:\\\/\\\/maksyboats.com\\\/#website\",\"url\":\"https:\\\/\\\/maksyboats.com\\\/\",\"name\":\"MaksyBoats Boat Hire Mallorca\",\"description\":\"Boat Hire Mallorca, Charters, Trips &amp; much more\",\"publisher\":{\"@id\":\"https:\\\/\\\/maksyboats.com\\\/#organization\"},\"potentialAction\":[{\"@type\":\"SearchAction\",\"target\":{\"@type\":\"EntryPoint\",\"urlTemplate\":\"https:\\\/\\\/maksyboats.com\\\/?s={search_term_string}\"},\"query-input\":{\"@type\":\"PropertyValueSpecification\",\"valueRequired\":true,\"valueName\":\"search_term_string\"}}],\"inLanguage\":\"es\"},{\"@type\":\"Organization\",\"@id\":\"https:\\\/\\\/maksyboats.com\\\/#organization\",\"name\":\"MaksyBoats Boat Hire Mallorca\",\"url\":\"https:\\\/\\\/maksyboats.com\\\/\",\"logo\":{\"@type\":\"ImageObject\",\"inLanguage\":\"es\",\"@id\":\"https:\\\/\\\/maksyboats.com\\\/#\\\/schema\\\/logo\\\/image\\\/\",\"url\":\"https:\\\/\\\/i0.wp.com\\\/maksyboats.com\\\/wpm\\\/wp-content\\\/uploads\\\/2020\\\/05\\\/maksyboats-boat-hire-2020.png?fit=350%2C70&ssl=1\",\"contentUrl\":\"https:\\\/\\\/i0.wp.com\\\/maksyboats.com\\\/wpm\\\/wp-content\\\/uploads\\\/2020\\\/05\\\/maksyboats-boat-hire-2020.png?fit=350%2C70&ssl=1\",\"width\":350,\"height\":70,\"caption\":\"MaksyBoats Boat Hire Mallorca\"},\"image\":{\"@id\":\"https:\\\/\\\/maksyboats.com\\\/#\\\/schema\\\/logo\\\/image\\\/\"},\"sameAs\":[\"https:\\\/\\\/www.facebook.com\\\/maksyboats\\\/\",\"https:\\\/\\\/x.com\\\/maksyboats\",\"https:\\\/\\\/www.instagram.com\\\/maksyboats\\\/\"]}]}<\/script>\n<!-- \/ Yoast SEO plugin. -->","yoast_head_json":{"title":"Maksy Boats \u00b7 Soluciones N\u00e1uticas Mallorca \u00b7 Alquiler de barcos, charters y m\u00e1s","description":"Alquile un barco con o sin licencia. Port de S\u00f3ller, Andratx, Alc\u00fadia. Veleros y charters de pesca. Compra y vende yates nuevos y usados. Servicio completo.","robots":{"index":"index","follow":"follow","max-snippet":"max-snippet:-1","max-image-preview":"max-image-preview:large","max-video-preview":"max-video-preview:-1"},"canonical":"https:\/\/maksyboats.com\/es\/plantilla-de-tripadvisor\/","og_locale":"es_ES","og_type":"article","og_title":"Maksy Boats \u00b7 Nautical Solutions Mallorca \u00b7 Boat rental, charters and more","og_description":"Rent a boat with or without license. Port de S\u00f3ller, Andratx, Alc\u00fadia. Sailing boats and fishing charters. Buy and sell new and used yachts. Full service.","og_url":"https:\/\/maksyboats.com\/es\/plantilla-de-tripadvisor\/","og_site_name":"MaksyBoats","article_publisher":"https:\/\/www.facebook.com\/maksyboats\/","article_modified_time":"2018-01-16T15:17:25+00:00","twitter_card":"summary_large_image","twitter_site":"@maksyboats","schema":{"@context":"https:\/\/schema.org","@graph":[{"@type":"WebPage","@id":"https:\/\/maksyboats.com\/es\/plantilla-de-tripadvisor\/","url":"https:\/\/maksyboats.com\/es\/plantilla-de-tripadvisor\/","name":"Maksy Boats \u00b7 Soluciones N\u00e1uticas Mallorca \u00b7 Alquiler de barcos, charters y m\u00e1s","isPartOf":{"@id":"https:\/\/maksyboats.com\/#website"},"datePublished":"2018-01-16T15:12:38+00:00","dateModified":"2018-01-16T15:17:25+00:00","description":"Alquile un barco con o sin licencia. Port de S\u00f3ller, Andratx, Alc\u00fadia. Veleros y charters de pesca. Compra y vende yates nuevos y usados. Servicio completo.","breadcrumb":{"@id":"https:\/\/maksyboats.com\/es\/plantilla-de-tripadvisor\/#breadcrumb"},"inLanguage":"es","potentialAction":[{"@type":"ReadAction","target":["https:\/\/maksyboats.com\/es\/plantilla-de-tripadvisor\/"]}]},{"@type":"BreadcrumbList","@id":"https:\/\/maksyboats.com\/es\/plantilla-de-tripadvisor\/#breadcrumb","itemListElement":[{"@type":"ListItem","position":1,"name":"Home","item":"https:\/\/maksyboats.com\/"},{"@type":"ListItem","position":2,"name":"tripadvisor template"}]},{"@type":"WebSite","@id":"https:\/\/maksyboats.com\/#website","url":"https:\/\/maksyboats.com\/","name":"Alquiler de barcos MaksyBoats Mallorca","description":"Alquiler de barcos en Mallorca, charters, viajes y mucho m\u00e1s","publisher":{"@id":"https:\/\/maksyboats.com\/#organization"},"potentialAction":[{"@type":"SearchAction","target":{"@type":"EntryPoint","urlTemplate":"https:\/\/maksyboats.com\/?s={search_term_string}"},"query-input":{"@type":"PropertyValueSpecification","valueRequired":true,"valueName":"search_term_string"}}],"inLanguage":"es"},{"@type":"Organization","@id":"https:\/\/maksyboats.com\/#organization","name":"Alquiler de barcos MaksyBoats Mallorca","url":"https:\/\/maksyboats.com\/","logo":{"@type":"ImageObject","inLanguage":"es","@id":"https:\/\/maksyboats.com\/#\/schema\/logo\/image\/","url":"https:\/\/i0.wp.com\/maksyboats.com\/wpm\/wp-content\/uploads\/2020\/05\/maksyboats-boat-hire-2020.png?fit=350%2C70&ssl=1","contentUrl":"https:\/\/i0.wp.com\/maksyboats.com\/wpm\/wp-content\/uploads\/2020\/05\/maksyboats-boat-hire-2020.png?fit=350%2C70&ssl=1","width":350,"height":70,"caption":"MaksyBoats Boat Hire Mallorca"},"image":{"@id":"https:\/\/maksyboats.com\/#\/schema\/logo\/image\/"},"sameAs":["https:\/\/www.facebook.com\/maksyboats\/","https:\/\/x.com\/maksyboats","https:\/\/www.instagram.com\/maksyboats\/"]}]}},"jetpack_sharing_enabled":true,"_links":{"self":[{"href":"https:\/\/maksyboats.com\/es\/wp-json\/wp\/v2\/pages\/12339","targetHints":{"allow":["GET"]}}],"collection":[{"href":"https:\/\/maksyboats.com\/es\/wp-json\/wp\/v2\/pages"}],"about":[{"href":"https:\/\/maksyboats.com\/es\/wp-json\/wp\/v2\/types\/page"}],"author":[{"embeddable":true,"href":"https:\/\/maksyboats.com\/es\/wp-json\/wp\/v2\/users\/1"}],"replies":[{"embeddable":true,"href":"https:\/\/maksyboats.com\/es\/wp-json\/wp\/v2\/comments?post=12339"}],"version-history":[{"count":0,"href":"https:\/\/maksyboats.com\/es\/wp-json\/wp\/v2\/pages\/12339\/revisions"}],"wp:attachment":[{"href":"https:\/\/maksyboats.com\/es\/wp-json\/wp\/v2\/media?parent=12339"}],"wp:term":[{"taxonomy":"post_tag","embeddable":true,"href":"https:\/\/maksyboats.com\/es\/wp-json\/wp\/v2\/tags?post=12339"}],"curies":[{"name":"Gracias","href":"https:\/\/api.w.org\/{rel}","templated":true}]}}