{"id":12179,"date":"2017-10-24T17:44:58","date_gmt":"2017-10-24T17:44:58","guid":{"rendered":"http:\/\/maksyboats.com\/?page_id=12179"},"modified":"2018-04-13T09:56:05","modified_gmt":"2018-04-13T09:56:05","slug":"yate-de-vela-pequod","status":"publish","type":"page","link":"https:\/\/maksyboats.com\/es\/sailing-boats-charter\/pequod-sailing-yacht\/","title":{"rendered":"Yate De Vela Pequod"},"content":{"rendered":"<div id=\"pl-12179\"  class=\"panel-layout\" ><div id=\"pg-12179-0\"  class=\"panel-grid panel-no-style\" ><div id=\"pgc-12179-0-0\"  class=\"panel-grid-cell panel-grid-cell-empty\" ><\/div><\/div><div id=\"pg-12179-1\"  class=\"panel-grid panel-no-style\" ><div id=\"pgc-12179-1-0\"  class=\"panel-grid-cell\" ><div id=\"panel-12179-1-0-0\" class=\"so-panel widget widget_sow-editor panel-first-child panel-last-child\" data-index=\"0\" ><div\n\t\t\t\n\t\t\tclass=\"so-widget-sow-editor so-widget-sow-editor-base\"\n\t\t\t\n\t\t><h3 class=\"widget-title\">Overview<\/h3>\n<div class=\"siteorigin-widget-tinymce textwidget\">\n\t<p>Pequod sailing yacht is a beautiful Bavaria 50 sleeping <strong>up to 10 people<\/strong> and is ideal for larger groups or longer overnight trips. She is<strong> fantastic for day trips<\/strong> with plenty of space on deck. For a larger boat, she is fast under sail and the miles will just slip away quietly.<\/p>\n<p>This magnificent vessel has the room for 5 bedrooms, 3 toilets, 4 showers, 2 fridges and all the navigation electronics needed for safe passages.<\/p>\n<\/div>\n<\/div><\/div><\/div><div id=\"pgc-12179-1-1\"  class=\"panel-grid-cell\" ><div id=\"panel-12179-1-1-0\" class=\"so-panel widget widget_sow-editor panel-first-child panel-last-child\" data-index=\"1\" ><div\n\t\t\t\n\t\t\tclass=\"so-widget-sow-editor so-widget-sow-editor-base\"\n\t\t\t\n\t\t><h3 class=\"widget-title\">Technical Details<\/h3>\n<div class=\"siteorigin-widget-tinymce textwidget\">\n\t<table class=\"table table-striped\" width=\"100%\">\n<thead>\n<tr>\n<th>Model<\/th>\n<th>Pequod Sailing Yacht<\/th>\n<\/tr>\n<\/thead>\n<tbody>\n<tr>\n<td>Length<\/td>\n<td>15 meters<\/td>\n<\/tr>\n<tr>\n<td>Guests<\/td>\n<td>9 persons<\/td>\n<\/tr>\n<tr>\n<td>Location<\/td>\n<td><a href=\"http:\/\/maksyboats.com\/locations\/port-de-soller\/\">Port de S\u00f3ller<\/a><\/td>\n<\/tr>\n<\/tbody>\n<\/table>\n<\/div>\n<\/div><\/div><\/div><\/div><div id=\"pg-12179-2\"  class=\"panel-grid panel-no-style\" ><div id=\"pgc-12179-2-0\"  class=\"panel-grid-cell\" ><div id=\"panel-12179-2-0-0\" class=\"so-panel widget widget_sow-editor panel-first-child panel-last-child\" data-index=\"2\" ><div\n\t\t\t\n\t\t\tclass=\"so-widget-sow-editor so-widget-sow-editor-base\"\n\t\t\t\n\t\t><h3 class=\"widget-title\">Gallery<\/h3>\n<div class=\"siteorigin-widget-tinymce textwidget\">\n\t<p><p class=\"jetpack-slideshow-noscript robots-nocontent\">El pase de diapositivas requiere JavaScript.<\/p>\n<div id=\"gallery-12179-1-slideshow\" class=\"jetpack-slideshow-window jetpack-slideshow jetpack-slideshow-black\" data-trans=\"fade\" data-autostart=\"1\" data-gallery=\"[{&quot;src&quot;:&quot;https:\\\/\\\/i0.wp.com\\\/maksyboats.com\\\/wpm\\\/wp-content\\\/uploads\\\/2017\\\/10\\\/sailing-yacht-pequod-port-soller-mallorca-1.jpg?fit=960%2C638\\u0026ssl=1&quot;,&quot;id&quot;:&quot;12180&quot;,&quot;title&quot;:&quot;sailing-yacht-pequod-port-soller-mallorca-1&quot;,&quot;alt&quot;:&quot;Boat Charters in Port de S\\u00f3ller, Mallorca&quot;,&quot;caption&quot;:&quot;&quot;,&quot;itemprop&quot;:&quot;image&quot;},{&quot;src&quot;:&quot;https:\\\/\\\/i0.wp.com\\\/maksyboats.com\\\/wpm\\\/wp-content\\\/uploads\\\/2017\\\/10\\\/sailing-yacht-pequod-port-soller-mallorca-2.jpg?fit=960%2C638\\u0026ssl=1&quot;,&quot;id&quot;:&quot;12181&quot;,&quot;title&quot;:&quot;sailing-yacht-pequod-port-soller-mallorca-2&quot;,&quot;alt&quot;:&quot;&quot;,&quot;caption&quot;:&quot;&quot;,&quot;itemprop&quot;:&quot;image&quot;},{&quot;src&quot;:&quot;https:\\\/\\\/i0.wp.com\\\/maksyboats.com\\\/wpm\\\/wp-content\\\/uploads\\\/2017\\\/10\\\/sailing-yacht-pequod-port-soller-mallorca-3.jpg?fit=960%2C638\\u0026ssl=1&quot;,&quot;id&quot;:&quot;12182&quot;,&quot;title&quot;:&quot;sailing-yacht-pequod-port-soller-mallorca-3&quot;,&quot;alt&quot;:&quot;&quot;,&quot;caption&quot;:&quot;&quot;,&quot;itemprop&quot;:&quot;image&quot;},{&quot;src&quot;:&quot;https:\\\/\\\/i0.wp.com\\\/maksyboats.com\\\/wpm\\\/wp-content\\\/uploads\\\/2017\\\/10\\\/sailing-yacht-pequod-port-soller-mallorca-4.jpg?fit=960%2C638\\u0026ssl=1&quot;,&quot;id&quot;:&quot;12183&quot;,&quot;title&quot;:&quot;sailing-yacht-pequod-port-soller-mallorca-4&quot;,&quot;alt&quot;:&quot;&quot;,&quot;caption&quot;:&quot;&quot;,&quot;itemprop&quot;:&quot;image&quot;},{&quot;src&quot;:&quot;https:\\\/\\\/i0.wp.com\\\/maksyboats.com\\\/wpm\\\/wp-content\\\/uploads\\\/2017\\\/10\\\/sailing-yacht-pequod-port-soller-mallorca-5.jpg?fit=960%2C638\\u0026ssl=1&quot;,&quot;id&quot;:&quot;12184&quot;,&quot;title&quot;:&quot;sailing-yacht-pequod-port-soller-mallorca-5&quot;,&quot;alt&quot;:&quot;&quot;,&quot;caption&quot;:&quot;&quot;,&quot;itemprop&quot;:&quot;image&quot;},{&quot;src&quot;:&quot;https:\\\/\\\/i0.wp.com\\\/maksyboats.com\\\/wpm\\\/wp-content\\\/uploads\\\/2017\\\/07\\\/sailing-boat-charters-mallorca-port-soller-11.jpg?fit=960%2C638\\u0026ssl=1&quot;,&quot;id&quot;:&quot;12114&quot;,&quot;title&quot;:&quot;sailing-boat-charters-mallorca-port-soller-11&quot;,&quot;alt&quot;:&quot;&quot;,&quot;caption&quot;:&quot;&quot;,&quot;itemprop&quot;:&quot;image&quot;}]\" itemscope itemtype=\"https:\/\/schema.org\/ImageGallery\"><\/div><\/p>\n<\/div>\n<\/div><\/div><\/div><\/div><div id=\"pg-12179-3\"  class=\"panel-grid panel-no-style\" ><div id=\"pgc-12179-3-0\"  class=\"panel-grid-cell\" ><div id=\"panel-12179-3-0-0\" class=\"so-panel widget widget_sow-editor panel-first-child\" data-index=\"3\" ><div\n\t\t\t\n\t\t\tclass=\"so-widget-sow-editor so-widget-sow-editor-base\"\n\t\t\t\n\t\t><h3 class=\"widget-title\">Pricing<\/h3>\n<div class=\"siteorigin-widget-tinymce textwidget\">\n\t<table class=\"buildpress-table\" width=\"100%\">\n<thead>\n<tr>\n<th>Charter<\/th>\n<th>Price<\/th>\n<\/tr>\n<\/thead>\n<tbody>\n<tr>\n<td>Full day charter<\/td>\n<td><strong>950 \u20ac<\/strong><\/td>\n<\/tr>\n<tr>\n<td>Half day charter<\/td>\n<td><strong>650 \u20ac<\/strong><\/td>\n<\/tr>\n<tr>\n<td>Sunset sail<\/td>\n<td><strong>450 \u20ac<\/strong><\/td>\n<\/tr>\n<tr>\n<td>Other, ask for a quote<\/td>\n<td>Quote<\/td>\n<\/tr>\n<\/tbody>\n<\/table>\n<p style=\"margin: 20px 10px 0; color: #888;\">* IVA is not included (21%)<\/p>\n<\/div>\n<\/div><\/div><div id=\"panel-12179-3-0-1\" class=\"so-panel widget widget_sow-button panel-last-child\" data-index=\"4\" ><div\n\t\t\t\n\t\t\tclass=\"so-widget-sow-button so-widget-sow-button-atom-0899c9053e48-12179\"\n\t\t\t\n\t\t><div class=\"ow-button-base ow-button-align-center\"\n>\n\t\t\t<a\n\t\t\t\t\thref=\"#booking_form_row\"\n\t\t\t\t\tclass=\"sowb-button ow-icon-placement-left ow-button-hover\" \t>\n\t\t<span>\n\t\t\t<span class=\"sow-icon-fontawesome sow-fas\" data-sow-icon=\"&#xf00c;\"\n\t\tstyle=\"color: #5eba39\" \n\t\taria-hidden=\"true\"><\/span>\n\t\t\tBook Now!\t\t<\/span>\n\t\t\t<\/a>\n\t<\/div>\n<\/div><\/div><\/div><div id=\"pgc-12179-3-1\"  class=\"panel-grid-cell panel-grid-cell-empty\" ><\/div><div id=\"pgc-12179-3-2\"  class=\"panel-grid-cell\" ><div id=\"panel-12179-3-2-0\" class=\"so-panel widget widget_sow-editor panel-first-child\" data-index=\"5\" ><div\n\t\t\t\n\t\t\tclass=\"so-widget-sow-editor so-widget-sow-editor-base\"\n\t\t\t\n\t\t><h3 class=\"widget-title\">What's Included?<\/h3>\n<div class=\"siteorigin-widget-tinymce textwidget\">\n\t<h4>\u2713\u00a0Captain &amp; Fuel<\/h4>\n<h4>\u2713\u00a0A fully stocked fridge and snacks<\/h4>\n<h4>\u2713\u00a0MCA coded<\/h4>\n<h4>\u2713\u00a0Full insurance\u00a0<\/h4>\n<h4>\u2713\u00a0Extensive knowledge of the coastline<\/h4>\n<h4>\u2713\u00a0Certificate of Excellence TripAdvisor<\/h4>\n<\/div>\n<\/div><\/div><div id=\"panel-12179-3-2-1\" class=\"so-panel widget widget_sow-editor\" data-index=\"6\" ><div\n\t\t\t\n\t\t\tclass=\"so-widget-sow-editor so-widget-sow-editor-base\"\n\t\t\t\n\t\t><h3 class=\"widget-title\">Catering<\/h3>\n<div class=\"siteorigin-widget-tinymce textwidget\">\n\t<p>If one of the exclusive restaurants does not appeal to your party then please note we can organise freshly prepared catering onboard to your preferred taste. Choose from a variety of tasty options made especially from a chef which will be ready onboard for your charter. Price Per Person:<\/p>\n<ul>\n<li>Tapas Menu: 25 euros (30 euros for less than 4)<\/li>\n<li>Canap\u00e9s Menu: 30 euros (35 euros for less than 4)<\/li>\n<\/ul>\n<p>* Please inform us of any allergies<br \/> * Catering we will need at least 2 days advanced notice to reserve<\/p>\n<\/div>\n<\/div><\/div><div id=\"panel-12179-3-2-2\" class=\"so-panel widget widget_sow-editor panel-last-child\" data-index=\"7\" ><div\n\t\t\t\n\t\t\tclass=\"so-widget-sow-editor so-widget-sow-editor-base\"\n\t\t\t\n\t\t><h3 class=\"widget-title\">Stewardess<\/h3>\n<div class=\"siteorigin-widget-tinymce textwidget\">\n\t<p>We offer you an opportunity of a private stewardess onboard. If a relaxing charter is something you are aiming for then why not sit back and unwind and let our new service of a personal waitress look after you. Price for added feature:<\/p>\n<ul>\n<li>Full Day charter: 200 euro<\/li>\n<li>Half Day charter: 125 euro<\/li>\n<li>Sunset charter: 75 euro<\/li>\n<\/ul>\n<\/div>\n<\/div><\/div><\/div><\/div><div id=\"pg-12179-4\"  class=\"panel-grid panel-no-style\" ><div id=\"pgc-12179-4-0\"  class=\"panel-grid-cell panel-grid-cell-empty panel-grid-cell-mobile-last\" ><\/div><div id=\"pgc-12179-4-1\"  class=\"panel-grid-cell panel-grid-cell-empty\" ><\/div><\/div><div id=\"pg-12179-5\"  class=\"panel-grid panel-no-style\" ><div id=\"pgc-12179-5-0\"  class=\"panel-grid-cell\" ><div id=\"panel-12179-5-0-0\" class=\"so-panel widget widget_sow-editor panel-first-child panel-last-child\" data-index=\"8\" ><div\n\t\t\t\n\t\t\tclass=\"so-widget-sow-editor so-widget-sow-editor-base\"\n\t\t\t\n\t\t>\n<div class=\"siteorigin-widget-tinymce textwidget\">\n\t<h3>Port de S\u00f3ller<\/h3>\n<p><a href=\"http:\/\/maksyboats.com\/locations\/port-de-soller\/\">View more details about Port de S\u00f3ller \u00bb<\/a><\/p>\n<p><iframe style=\"border: 0;\" src=\"https:\/\/www.google.com\/maps\/embed?pb=!1m18!1m12!1m3!1d3065.4573425158487!2d2.6934293156820996!3d39.796731979442015!2m3!1f0!2f0!3f0!3m2!1i1024!2i768!4f13.1!3m3!1m2!1s0x1297e5e297382553%3A0x1a662c6dd9e5d7ca!2sMaksyBoats!5e0!3m2!1ses!2ses!4v1477650321643\" width=\"100%\" height=\"300\" frameborder=\"0\" allowfullscreen=\"allowfullscreen\"><\/iframe><\/p>\n<\/div>\n<\/div><\/div><\/div><\/div><div id=\"pg-12179-6\"  class=\"panel-grid panel-has-style\" ><div id=\"booking_form_row\" class=\"panel-row-style panel-row-style-for-12179-6\" ><div id=\"pgc-12179-6-0\"  class=\"panel-grid-cell\" ><div id=\"panel-12179-6-0-0\" class=\"so-panel widget widget_sow-editor panel-first-child\" data-index=\"9\" ><div\n\t\t\t\n\t\t\tclass=\"so-widget-sow-editor so-widget-sow-editor-base\"\n\t\t\t\n\t\t><h3 class=\"widget-title\">Book it now!<\/h3>\n<div class=\"siteorigin-widget-tinymce textwidget\">\n\t<div id=\"booking_form\">\n<figure id=\"attachment_12180\" aria-describedby=\"caption-attachment-12180\" style=\"width: 290px\" class=\"wp-caption alignnone\"><img fetchpriority=\"high\" data-recalc-dims=\"1\" fetchpriority=\"high\" decoding=\"async\" class=\"wp-image-12180 size-medium\" src=\"https:\/\/i0.wp.com\/maksyboats.com\/wpm\/wp-content\/uploads\/2017\/10\/sailing-yacht-pequod-port-soller-mallorca-1-300x199.jpg?resize=300%2C199\" alt=\"\" width=\"300\" height=\"199\" srcset=\"https:\/\/i0.wp.com\/maksyboats.com\/wpm\/wp-content\/uploads\/2017\/10\/sailing-yacht-pequod-port-soller-mallorca-1.jpg?resize=300%2C199&amp;ssl=1 300w, https:\/\/i0.wp.com\/maksyboats.com\/wpm\/wp-content\/uploads\/2017\/10\/sailing-yacht-pequod-port-soller-mallorca-1.jpg?resize=768%2C510&amp;ssl=1 768w, https:\/\/i0.wp.com\/maksyboats.com\/wpm\/wp-content\/uploads\/2017\/10\/sailing-yacht-pequod-port-soller-mallorca-1.jpg?resize=30%2C20&amp;ssl=1 30w, https:\/\/i0.wp.com\/maksyboats.com\/wpm\/wp-content\/uploads\/2017\/10\/sailing-yacht-pequod-port-soller-mallorca-1.jpg?resize=360%2C240&amp;ssl=1 360w, https:\/\/i0.wp.com\/maksyboats.com\/wpm\/wp-content\/uploads\/2017\/10\/sailing-yacht-pequod-port-soller-mallorca-1.jpg?resize=555%2C369&amp;ssl=1 555w, https:\/\/i0.wp.com\/maksyboats.com\/wpm\/wp-content\/uploads\/2017\/10\/sailing-yacht-pequod-port-soller-mallorca-1.jpg?w=960&amp;ssl=1 960w\" sizes=\"(max-width: 300px) 100vw, 300px\" \/><figcaption id=\"caption-attachment-12180\" class=\"wp-caption-text\">Pequod Sailing Yacht<\/figcaption><\/figure>\n<p style=\"margin: 40px 0;\">Fill out the <strong>booking\u00a0request form<\/strong> with your data to get a customized quote. We will respond as soon as possible, thanks.<\/p>\n<p>[contact-form-7 id=\"11790\" title=\"Booking Request\"]<\/p>\n<\/div>\n<\/div>\n<\/div><\/div><div id=\"panel-12179-6-0-1\" class=\"so-panel widget widget_sow-editor panel-last-child\" data-index=\"10\" ><div\n\t\t\t\n\t\t\tclass=\"so-widget-sow-editor so-widget-sow-editor-base\"\n\t\t\t\n\t\t>\n<div class=\"siteorigin-widget-tinymce textwidget\">\n\t<h4 style=\"margin-bottom: 15px;\">About the booking process<\/h4>\n<p><strong>1.<\/strong> You decide which day (or days) you want to book the boat, and send the reservation request<\/p>\n<p><strong>2.<\/strong> In a few minutes we review your request, we talk to you, we specify details and...<\/p>\n<p><strong>3.<\/strong> You enjoy your boat!<\/p>\n<p>* If you have any questions, please <a href=\"http:\/\/maksyboats.com\/contact\/\">contact us<\/a><\/p>\n<\/div>\n<\/div><\/div><\/div><div id=\"pgc-12179-6-1\"  class=\"panel-grid-cell panel-grid-cell-empty panel-grid-cell-mobile-last\" ><\/div><div id=\"pgc-12179-6-2\"  class=\"panel-grid-cell panel-grid-cell-empty\" ><\/div><\/div><\/div><\/div>","protected":false},"excerpt":{"rendered":"<p>El yate de vela Pequod es un hermoso Bavaria 50 con capacidad para 10 personas y es ideal para grupos m\u00e1s grandes o viajes nocturnos m\u00e1s largos. Es fant\u00e1stico para excursiones de un d\u00eda con mucho espacio en la cubierta. Para ser un barco m\u00e1s grande, es r\u00e1pido a vela y las millas se deslizar\u00e1n tranquilamente. Este magn\u00edfico buque\u2026 <a title=\"Yate De Vela Pequod\" class=\"read-more\" href=\"https:\/\/maksyboats.com\/es\/sailing-boats-charter\/pequod-sailing-yacht\/\" aria-label=\"Leer m\u00e1s sobre Yate de Vela Pequod\">Leer m\u00e1s \u00bb<\/a><\/p>","protected":false},"author":1,"featured_media":12180,"parent":11669,"menu_order":0,"comment_status":"closed","ping_status":"closed","template":"","meta":{"generate_page_header":"","jetpack_post_was_ever_published":false,"footnotes":""},"tags":[69,68],"class_list":{"0":"post-12179","1":"page","2":"type-page","3":"status-publish","4":"has-post-thumbnail","6":"tag-sailing-boat","7":"tag-sunset-charter"},"yoast_head":"<!-- This site is optimized with the Yoast SEO plugin v27.5 - https:\/\/yoast.com\/product\/yoast-seo-wordpress\/ -->\n<title>Pequod Sailing Yacht - MaksyBoats<\/title>\n<meta name=\"description\" content=\"Overview Pequod sailing yacht is a beautiful Bavaria 50 sleeping up to 10 people and is ideal for larger groups or longer overnight trips. She is\" \/>\n<meta name=\"robots\" content=\"index, follow, max-snippet:-1, max-image-preview:large, max-video-preview:-1\" \/>\n<link rel=\"canonical\" href=\"https:\/\/maksyboats.com\/es\/alquiler-de-barcos-de-vela\/yate-de-vela-pequod\/\" \/>\n<meta property=\"og:locale\" content=\"es_ES\" \/>\n<meta property=\"og:type\" content=\"article\" \/>\n<meta property=\"og:title\" content=\"Pequod Sailing Yacht - MaksyBoats\" \/>\n<meta property=\"og:description\" content=\"Overview Pequod sailing yacht is a beautiful Bavaria 50 sleeping up to 10 people and is ideal for larger groups or longer overnight trips. She is\" \/>\n<meta property=\"og:url\" content=\"https:\/\/maksyboats.com\/es\/alquiler-de-barcos-de-vela\/yate-de-vela-pequod\/\" \/>\n<meta property=\"og:site_name\" content=\"MaksyBoats\" \/>\n<meta property=\"article:publisher\" content=\"https:\/\/www.facebook.com\/maksyboats\/\" \/>\n<meta property=\"article:modified_time\" content=\"2018-04-13T09:56:05+00:00\" \/>\n<meta property=\"og:image\" content=\"https:\/\/i2.wp.com\/maksyboats.com\/wpm\/wp-content\/uploads\/2017\/10\/sailing-yacht-pequod-port-soller-mallorca-1.jpg?fit=960%2C638&ssl=1\" \/>\n\t<meta property=\"og:image:width\" content=\"960\" \/>\n\t<meta property=\"og:image:height\" content=\"638\" \/>\n\t<meta property=\"og:image:type\" content=\"image\/jpeg\" \/>\n<meta name=\"twitter:card\" content=\"summary_large_image\" \/>\n<meta name=\"twitter:site\" content=\"@maksyboats\" \/>\n<meta name=\"twitter:label1\" content=\"Tiempo de lectura\" \/>\n\t<meta name=\"twitter:data1\" content=\"2 minutos\" \/>\n<script type=\"application\/ld+json\" class=\"yoast-schema-graph\">{\"@context\":\"https:\\\/\\\/schema.org\",\"@graph\":[{\"@type\":\"WebPage\",\"@id\":\"https:\\\/\\\/maksyboats.com\\\/sailing-boats-charter\\\/pequod-sailing-yacht\\\/\",\"url\":\"https:\\\/\\\/maksyboats.com\\\/sailing-boats-charter\\\/pequod-sailing-yacht\\\/\",\"name\":\"Pequod Sailing Yacht - MaksyBoats\",\"isPartOf\":{\"@id\":\"https:\\\/\\\/maksyboats.com\\\/#website\"},\"primaryImageOfPage\":{\"@id\":\"https:\\\/\\\/maksyboats.com\\\/sailing-boats-charter\\\/pequod-sailing-yacht\\\/#primaryimage\"},\"image\":{\"@id\":\"https:\\\/\\\/maksyboats.com\\\/sailing-boats-charter\\\/pequod-sailing-yacht\\\/#primaryimage\"},\"thumbnailUrl\":\"https:\\\/\\\/i0.wp.com\\\/maksyboats.com\\\/wpm\\\/wp-content\\\/uploads\\\/2017\\\/10\\\/sailing-yacht-pequod-port-soller-mallorca-1.jpg?fit=960%2C638&ssl=1\",\"datePublished\":\"2017-10-24T17:44:58+00:00\",\"dateModified\":\"2018-04-13T09:56:05+00:00\",\"description\":\"Overview Pequod sailing yacht is a beautiful Bavaria 50 sleeping up to 10 people and is ideal for larger groups or longer overnight trips. She is\",\"breadcrumb\":{\"@id\":\"https:\\\/\\\/maksyboats.com\\\/sailing-boats-charter\\\/pequod-sailing-yacht\\\/#breadcrumb\"},\"inLanguage\":\"es\",\"potentialAction\":[{\"@type\":\"ReadAction\",\"target\":[\"https:\\\/\\\/maksyboats.com\\\/sailing-boats-charter\\\/pequod-sailing-yacht\\\/\"]}]},{\"@type\":\"ImageObject\",\"inLanguage\":\"es\",\"@id\":\"https:\\\/\\\/maksyboats.com\\\/sailing-boats-charter\\\/pequod-sailing-yacht\\\/#primaryimage\",\"url\":\"https:\\\/\\\/i0.wp.com\\\/maksyboats.com\\\/wpm\\\/wp-content\\\/uploads\\\/2017\\\/10\\\/sailing-yacht-pequod-port-soller-mallorca-1.jpg?fit=960%2C638&ssl=1\",\"contentUrl\":\"https:\\\/\\\/i0.wp.com\\\/maksyboats.com\\\/wpm\\\/wp-content\\\/uploads\\\/2017\\\/10\\\/sailing-yacht-pequod-port-soller-mallorca-1.jpg?fit=960%2C638&ssl=1\",\"width\":960,\"height\":638,\"caption\":\"Boat Charters in Port de S\u00f3ller, Mallorca\"},{\"@type\":\"BreadcrumbList\",\"@id\":\"https:\\\/\\\/maksyboats.com\\\/sailing-boats-charter\\\/pequod-sailing-yacht\\\/#breadcrumb\",\"itemListElement\":[{\"@type\":\"ListItem\",\"position\":1,\"name\":\"Home\",\"item\":\"https:\\\/\\\/maksyboats.com\\\/\"},{\"@type\":\"ListItem\",\"position\":2,\"name\":\"Sailing Yachts Charter\",\"item\":\"https:\\\/\\\/maksyboats.com\\\/sailing-boats-charter\\\/\"},{\"@type\":\"ListItem\",\"position\":3,\"name\":\"Pequod Sailing Yacht\"}]},{\"@type\":\"WebSite\",\"@id\":\"https:\\\/\\\/maksyboats.com\\\/#website\",\"url\":\"https:\\\/\\\/maksyboats.com\\\/\",\"name\":\"MaksyBoats Boat Hire Mallorca\",\"description\":\"Boat Hire Mallorca, Charters, Trips &amp; much more\",\"publisher\":{\"@id\":\"https:\\\/\\\/maksyboats.com\\\/#organization\"},\"potentialAction\":[{\"@type\":\"SearchAction\",\"target\":{\"@type\":\"EntryPoint\",\"urlTemplate\":\"https:\\\/\\\/maksyboats.com\\\/?s={search_term_string}\"},\"query-input\":{\"@type\":\"PropertyValueSpecification\",\"valueRequired\":true,\"valueName\":\"search_term_string\"}}],\"inLanguage\":\"es\"},{\"@type\":\"Organization\",\"@id\":\"https:\\\/\\\/maksyboats.com\\\/#organization\",\"name\":\"MaksyBoats Boat Hire Mallorca\",\"url\":\"https:\\\/\\\/maksyboats.com\\\/\",\"logo\":{\"@type\":\"ImageObject\",\"inLanguage\":\"es\",\"@id\":\"https:\\\/\\\/maksyboats.com\\\/#\\\/schema\\\/logo\\\/image\\\/\",\"url\":\"https:\\\/\\\/i0.wp.com\\\/maksyboats.com\\\/wpm\\\/wp-content\\\/uploads\\\/2020\\\/05\\\/maksyboats-boat-hire-2020.png?fit=350%2C70&ssl=1\",\"contentUrl\":\"https:\\\/\\\/i0.wp.com\\\/maksyboats.com\\\/wpm\\\/wp-content\\\/uploads\\\/2020\\\/05\\\/maksyboats-boat-hire-2020.png?fit=350%2C70&ssl=1\",\"width\":350,\"height\":70,\"caption\":\"MaksyBoats Boat Hire Mallorca\"},\"image\":{\"@id\":\"https:\\\/\\\/maksyboats.com\\\/#\\\/schema\\\/logo\\\/image\\\/\"},\"sameAs\":[\"https:\\\/\\\/www.facebook.com\\\/maksyboats\\\/\",\"https:\\\/\\\/x.com\\\/maksyboats\",\"https:\\\/\\\/www.instagram.com\\\/maksyboats\\\/\"]}]}<\/script>\n<!-- \/ Yoast SEO plugin. -->","yoast_head_json":{"title":"Yate de vela Pequod - MaksyBoats","description":"Descripci\u00f3n general El yate de vela Pequod es un hermoso Bavaria 50 con capacidad para 10 personas y es ideal para grupos m\u00e1s grandes o viajes nocturnos m\u00e1s largos. Ella es","robots":{"index":"index","follow":"follow","max-snippet":"max-snippet:-1","max-image-preview":"max-image-preview:large","max-video-preview":"max-video-preview:-1"},"canonical":"https:\/\/maksyboats.com\/es\/alquiler-de-barcos-de-vela\/yate-de-vela-pequod\/","og_locale":"es_ES","og_type":"article","og_title":"Pequod Sailing Yacht - MaksyBoats","og_description":"Overview Pequod sailing yacht is a beautiful Bavaria 50 sleeping up to 10 people and is ideal for larger groups or longer overnight trips. She is","og_url":"https:\/\/maksyboats.com\/es\/alquiler-de-barcos-de-vela\/yate-de-vela-pequod\/","og_site_name":"MaksyBoats","article_publisher":"https:\/\/www.facebook.com\/maksyboats\/","article_modified_time":"2018-04-13T09:56:05+00:00","og_image":[{"width":960,"height":638,"url":"https:\/\/i2.wp.com\/maksyboats.com\/wpm\/wp-content\/uploads\/2017\/10\/sailing-yacht-pequod-port-soller-mallorca-1.jpg?fit=960%2C638&ssl=1","type":"image\/jpeg"}],"twitter_card":"summary_large_image","twitter_site":"@maksyboats","twitter_misc":{"Tiempo de lectura":"2 minutos"},"schema":{"@context":"https:\/\/schema.org","@graph":[{"@type":"WebPage","@id":"https:\/\/maksyboats.com\/sailing-boats-charter\/pequod-sailing-yacht\/","url":"https:\/\/maksyboats.com\/sailing-boats-charter\/pequod-sailing-yacht\/","name":"Yate de vela Pequod - MaksyBoats","isPartOf":{"@id":"https:\/\/maksyboats.com\/#website"},"primaryImageOfPage":{"@id":"https:\/\/maksyboats.com\/sailing-boats-charter\/pequod-sailing-yacht\/#primaryimage"},"image":{"@id":"https:\/\/maksyboats.com\/sailing-boats-charter\/pequod-sailing-yacht\/#primaryimage"},"thumbnailUrl":"https:\/\/i0.wp.com\/maksyboats.com\/wpm\/wp-content\/uploads\/2017\/10\/sailing-yacht-pequod-port-soller-mallorca-1.jpg?fit=960%2C638&ssl=1","datePublished":"2017-10-24T17:44:58+00:00","dateModified":"2018-04-13T09:56:05+00:00","description":"Descripci\u00f3n general El yate de vela Pequod es un hermoso Bavaria 50 con capacidad para 10 personas y es ideal para grupos m\u00e1s grandes o viajes nocturnos m\u00e1s largos. Ella es","breadcrumb":{"@id":"https:\/\/maksyboats.com\/sailing-boats-charter\/pequod-sailing-yacht\/#breadcrumb"},"inLanguage":"es","potentialAction":[{"@type":"ReadAction","target":["https:\/\/maksyboats.com\/sailing-boats-charter\/pequod-sailing-yacht\/"]}]},{"@type":"ImageObject","inLanguage":"es","@id":"https:\/\/maksyboats.com\/sailing-boats-charter\/pequod-sailing-yacht\/#primaryimage","url":"https:\/\/i0.wp.com\/maksyboats.com\/wpm\/wp-content\/uploads\/2017\/10\/sailing-yacht-pequod-port-soller-mallorca-1.jpg?fit=960%2C638&ssl=1","contentUrl":"https:\/\/i0.wp.com\/maksyboats.com\/wpm\/wp-content\/uploads\/2017\/10\/sailing-yacht-pequod-port-soller-mallorca-1.jpg?fit=960%2C638&ssl=1","width":960,"height":638,"caption":"Boat Charters in Port de S\u00f3ller, Mallorca"},{"@type":"BreadcrumbList","@id":"https:\/\/maksyboats.com\/sailing-boats-charter\/pequod-sailing-yacht\/#breadcrumb","itemListElement":[{"@type":"ListItem","position":1,"name":"Home","item":"https:\/\/maksyboats.com\/"},{"@type":"ListItem","position":2,"name":"Sailing Yachts Charter","item":"https:\/\/maksyboats.com\/sailing-boats-charter\/"},{"@type":"ListItem","position":3,"name":"Pequod Sailing Yacht"}]},{"@type":"WebSite","@id":"https:\/\/maksyboats.com\/#website","url":"https:\/\/maksyboats.com\/","name":"Alquiler de barcos MaksyBoats Mallorca","description":"Alquiler de barcos en Mallorca, charters, viajes y mucho m\u00e1s","publisher":{"@id":"https:\/\/maksyboats.com\/#organization"},"potentialAction":[{"@type":"SearchAction","target":{"@type":"EntryPoint","urlTemplate":"https:\/\/maksyboats.com\/?s={search_term_string}"},"query-input":{"@type":"PropertyValueSpecification","valueRequired":true,"valueName":"search_term_string"}}],"inLanguage":"es"},{"@type":"Organization","@id":"https:\/\/maksyboats.com\/#organization","name":"Alquiler de barcos MaksyBoats Mallorca","url":"https:\/\/maksyboats.com\/","logo":{"@type":"ImageObject","inLanguage":"es","@id":"https:\/\/maksyboats.com\/#\/schema\/logo\/image\/","url":"https:\/\/i0.wp.com\/maksyboats.com\/wpm\/wp-content\/uploads\/2020\/05\/maksyboats-boat-hire-2020.png?fit=350%2C70&ssl=1","contentUrl":"https:\/\/i0.wp.com\/maksyboats.com\/wpm\/wp-content\/uploads\/2020\/05\/maksyboats-boat-hire-2020.png?fit=350%2C70&ssl=1","width":350,"height":70,"caption":"MaksyBoats Boat Hire Mallorca"},"image":{"@id":"https:\/\/maksyboats.com\/#\/schema\/logo\/image\/"},"sameAs":["https:\/\/www.facebook.com\/maksyboats\/","https:\/\/x.com\/maksyboats","https:\/\/www.instagram.com\/maksyboats\/"]}]}},"jetpack_sharing_enabled":true,"_links":{"self":[{"href":"https:\/\/maksyboats.com\/es\/wp-json\/wp\/v2\/pages\/12179","targetHints":{"allow":["GET"]}}],"collection":[{"href":"https:\/\/maksyboats.com\/es\/wp-json\/wp\/v2\/pages"}],"about":[{"href":"https:\/\/maksyboats.com\/es\/wp-json\/wp\/v2\/types\/page"}],"author":[{"embeddable":true,"href":"https:\/\/maksyboats.com\/es\/wp-json\/wp\/v2\/users\/1"}],"replies":[{"embeddable":true,"href":"https:\/\/maksyboats.com\/es\/wp-json\/wp\/v2\/comments?post=12179"}],"version-history":[{"count":0,"href":"https:\/\/maksyboats.com\/es\/wp-json\/wp\/v2\/pages\/12179\/revisions"}],"up":[{"embeddable":true,"href":"https:\/\/maksyboats.com\/es\/wp-json\/wp\/v2\/pages\/11669"}],"wp:featuredmedia":[{"embeddable":true,"href":"https:\/\/maksyboats.com\/es\/wp-json\/wp\/v2\/media\/12180"}],"wp:attachment":[{"href":"https:\/\/maksyboats.com\/es\/wp-json\/wp\/v2\/media?parent=12179"}],"wp:term":[{"taxonomy":"post_tag","embeddable":true,"href":"https:\/\/maksyboats.com\/es\/wp-json\/wp\/v2\/tags?post=12179"}],"curies":[{"name":"Gracias","href":"https:\/\/api.w.org\/{rel}","templated":true}]}}