{"id":12028,"date":"2017-02-06T15:02:05","date_gmt":"2017-02-06T15:02:05","guid":{"rendered":"http:\/\/maksyboats.com\/?page_id=12028"},"modified":"2017-02-06T15:02:05","modified_gmt":"2017-02-06T15:02:05","slug":"mas-informacion-sobre-las-cookies","status":"publish","type":"page","link":"https:\/\/maksyboats.com\/es\/more-information-about-cookies\/","title":{"rendered":"M\u00e1s informaci\u00f3n sobre las cookies"},"content":{"rendered":"<div id=\"pl-12028\"  class=\"panel-layout\" ><div id=\"pg-12028-0\"  class=\"panel-grid panel-no-style\" ><div id=\"pgc-12028-0-0\"  class=\"panel-grid-cell panel-grid-cell-empty\" ><\/div><\/div><div id=\"pg-12028-1\"  class=\"panel-grid panel-no-style\" ><div id=\"pgc-12028-1-0\"  class=\"panel-grid-cell\" ><div id=\"panel-12028-1-0-0\" class=\"so-panel widget widget_sow-editor panel-first-child panel-last-child\" data-index=\"0\" ><div\n\t\t\t\n\t\t\tclass=\"so-widget-sow-editor so-widget-sow-editor-base\"\n\t\t\t\n\t\t>\n<div class=\"siteorigin-widget-tinymce textwidget\">\n\t<h3>\u00bfQu\u00e9 es una galleta?<\/h3>\n<p>Una cookie es un archivo de texto inofensivo que se almacena en su navegador cuando visita casi cualquier p\u00e1gina web. La utilidad de la cookie es que la web sea capaz de recordar su visita cuando navegue por esa p\u00e1gina. Aunque mucha gente no lo sabe las cookies se llevan utilizando desde hace 20 a\u00f1os, cuando aparecieron los primeros navegadores para la World Wide Web.<\/p>\n<h3>\u00bfQu\u00e9 NO es una galleta?<\/h3>\n<p>No es un virus, ni un troyano, ni un gusano, ni spam, ni spyware, ni abre ventanas emergentes.<\/p>\n<h3>\u00bfQu\u00e9 informaci\u00f3n almacena una cookie?<\/h3>\n<p>Las cookies no suelen almacenar informaci\u00f3n sensible sobre usted, como tarjetas de cr\u00e9dito o datos bancarios, fotograf\u00edas, su DNI o informaci\u00f3n personal, etc. Los datos que guardan son de car\u00e1cter t\u00e9cnico, preferencias personales, personalizaci\u00f3n de contenidos, etc.<\/p>\n<p>El servidor web no te asocia como persona si no a tu navegador web. De hecho, si navegas habitualmente con Internet Explorer y pruebas a navegar por la misma web con Firefox o Chrome ver\u00e1s que la web no se da cuenta de que eres la misma persona porque en realidad est\u00e1s asociando al navegador, no a la persona.<\/p>\n<h3>\u00bfQu\u00e9 tipo de galletas hay?<\/h3>\n<p>Cookies t\u00e9cnicas: Son las m\u00e1s b\u00e1sicas y permiten, entre otras cosas, saber cu\u00e1ndo navega una persona o una aplicaci\u00f3n automatizada, cu\u00e1ndo navega un usuario an\u00f3nimo y un usuario registrado, tareas b\u00e1sicas para el funcionamiento de cualquier web din\u00e1mica.<br \/>Cookies de an\u00e1lisis: Recogen informaci\u00f3n sobre el tipo de navegaci\u00f3n que est\u00e1 realizando, las secciones que m\u00e1s utiliza, productos consultados, franja horaria de uso, idioma, etc.<br \/>Cookies publicitarias: Mostrar publicidad en funci\u00f3n de su navegaci\u00f3n, su pa\u00eds de origen, idioma, etc.<br \/>\u00bfQu\u00e9 son las cookies propias y de terceros?<\/p>\n<p>Las cookies propias son las generadas por la p\u00e1gina que est\u00e1s visitando y las de terceros son las generadas por servicios o proveedores externos como Facebook, Twitter, Google, etc.<\/p>\n<h3>\u00bfQu\u00e9 sucede si desactivo las cookies?<\/h3>\n<p>Para que entienda el alcance que puede tener la desactivaci\u00f3n de las cookies le mostramos algunos ejemplos:<\/p>\n<ul>\n<li>No podr\u00e1 compartir contenido de ese sitio web en Facebook, Twitter o cualquier otra red social.<\/li>\n<li>El sitio web no podr\u00e1 adaptar los contenidos a sus preferencias personales, como suele ocurrir en las tiendas online.<\/li>\n<li>No podr\u00e1 acceder al \u00e1rea personal de esa web, como Mi cuenta, Mi perfil o Mis pedidos.<\/li>\n<li>Tiendas online: No podr\u00e1s realizar compras online, tendr\u00e1n que ser telef\u00f3nicas o visitar la tienda f\u00edsica si dispones de ella.<\/li>\n<li>No ser\u00e1 posible personalizar sus preferencias geogr\u00e1ficas como zona horaria, moneda o idioma.<\/li>\n<li>El sitio web no podr\u00e1 realizar anal\u00edticas web sobre visitantes y tr\u00e1fico en la web, lo que dificultar\u00e1 que la web sea competitiva.<\/li>\n<li>No podr\u00e1s escribir en el blog, no podr\u00e1s subir fotos, publicar comentarios, calificar o puntuar contenidos. La web tampoco sabr\u00e1 si eres un humano o una aplicaci\u00f3n automatizada que publica spam.<\/li>\n<li>No podr\u00e1 mostrar publicidad sectorizada, lo que reducir\u00e1 los ingresos publicitarios de la web.<\/li>\n<li>Todas las redes sociales utilizan cookies, si las desactivas no podr\u00e1s utilizar ninguna red social.<\/li>\n<\/ul>\n<h3>\u00bfSe pueden eliminar las cookies?<\/h3>\n<p>Si. No solo borre, tambi\u00e9n bloquee, de forma general o particular para un dominio espec\u00edfico.<\/p>\n<p>Para eliminar las cookies de un sitio web debe ir a la configuraci\u00f3n de su navegador y all\u00ed podr\u00e1 buscar las asociadas al dominio en cuesti\u00f3n y proceder a su eliminaci\u00f3n.<\/p>\n<h3>Configuraci\u00f3n de cookies para navegadores m\u00e1s populares<\/h3>\n<ul>\n<li>Aqu\u00ed se explica c\u00f3mo acceder a una cookie espec\u00edfica desde el <strong>Cromo<\/strong> <strong>navegador<\/strong>. Nota: Estos pasos pueden variar seg\u00fan la versi\u00f3n de su navegador:\n<ol>\n<li>Vaya a Configuraci\u00f3n o Preferencias usando el men\u00fa Archivo o haciendo clic en el icono de personalizaci\u00f3n en la parte superior derecha.<\/li>\n<li>Ver\u00e1 diferentes secciones, haga clic en Mostrar opciones avanzadas.<\/li>\n<li>Vaya a Privacidad, Configuraci\u00f3n de contenido.<\/li>\n<li>Seleccione Todas las cookies y datos del sitio.<\/li>\n<li>Aparecer\u00e1 un listado con todas las cookies ordenadas por dominio. Para que le sea m\u00e1s f\u00e1cil encontrar las cookies de un determinado dominio introduzca total o parcialmente la direcci\u00f3n en el campo Buscar cookies.<\/li>\n<li>Tras este filtro aparecer\u00e1n en pantalla una o varias l\u00edneas con las cookies de la web solicitada. Ahora solo tienes que seleccionarlo y pulsar la X para proceder a su eliminaci\u00f3n.<\/li>\n<\/ol>\n<\/li>\n<\/ul>\n<ul>\n<li>Para acceder a la configuraci\u00f3n de cookies del <strong>Navegador Internet Explorer<\/strong> sigue estos pasos (pueden variar en funci\u00f3n de la versi\u00f3n del navegador):\n<ol>\n<li>Ir a Herramientas, Opciones de Internet<\/li>\n<li>Haz clic en Privacidad.<\/li>\n<li>Mueva el control deslizante hasta que ajuste el nivel de privacidad que desee.<\/li>\n<\/ol>\n<\/li>\n<\/ul>\n<ul>\n<li>Para acceder a la configuraci\u00f3n de cookies del <strong>navegador firefox<\/strong> sigue estos pasos (pueden variar en funci\u00f3n de la versi\u00f3n del navegador):\n<ol>\n<li>Ve a Opciones o Preferencias seg\u00fan tu sistema operativo<\/li>\n<li>Haz clic en Privacidad.<\/li>\n<li>En Historial, elija Usar una configuraci\u00f3n personalizada para el historial.<\/li>\n<li>Ahora ver\u00e1 la opci\u00f3n Aceptar cookies, puede activarla o desactivarla seg\u00fan sus preferencias.<\/li>\n<\/ol>\n<\/li>\n<\/ul>\n<ul>\n<li>Para acceder a la configuraci\u00f3n de cookies del <strong>Navegador Safari para OSX<\/strong> sigue estos pasos (pueden variar en funci\u00f3n de la versi\u00f3n del navegador):\n<ol>\n<li>Vaya a Preferencias, luego a Privacidad.<\/li>\n<li>En este lugar ver\u00e1 la opci\u00f3n Bloquear cookies para que ajuste el tipo de bloqueo que desea realizar.<\/li>\n<li>Para acceder a la configuraci\u00f3n del navegador Safari para iOS siga estos pasos (pueden variar en funci\u00f3n de la versi\u00f3n del navegador):<\/li>\n<li>Ve a Configuraci\u00f3n, luego a Safari.<\/li>\n<li>Vaya a Privacidad y Seguridad, ver\u00e1 la opci\u00f3n Bloquear Cookies para que ajuste el tipo de bloqueo que desea realizar.<\/li>\n<\/ol>\n<\/li>\n<\/ul>\n<ul>\n<li>Para acceder a la configuraci\u00f3n de cookies del navegador para <strong>Dispositivos Android<\/strong> sigue estos pasos (pueden variar en funci\u00f3n de la versi\u00f3n de tu navegador):\n<ol>\n<li>Ejecute el navegador y presione la tecla Men\u00fa, luego Configuraci\u00f3n.<\/li>\n<li>Vaya a Seguridad y Privacidad, ver\u00e1 la opci\u00f3n Aceptar cookies para que active o desactive la casilla.<\/li>\n<\/ol>\n<\/li>\n<\/ul>\n<ul>\n<li>Para acceder a la configuraci\u00f3n de cookies del navegador para <strong>Dispositivos de Windows Phone<\/strong> sigue estos pasos (pueden variar en funci\u00f3n de la versi\u00f3n de tu navegador):\n<ol>\n<li>Abra Internet Explorer, luego M\u00e1s, luego Configuraci\u00f3n<\/li>\n<li>Ahora puede habilitar o deshabilitar la casilla Permitir cookies.<\/li>\n<\/ol>\n<\/li>\n<\/ul>\n<\/div>\n<\/div><\/div><\/div><\/div><div id=\"pg-12028-2\"  class=\"panel-grid panel-no-style\" ><div id=\"pgc-12028-2-0\"  class=\"panel-grid-cell panel-grid-cell-empty\" ><\/div><\/div><\/div>","protected":false},"excerpt":{"rendered":"<p>\u00bfQu\u00e9 es una cookie? Una cookie es un archivo de texto inofensivo que se almacena en su navegador cuando visita casi cualquier p\u00e1gina web. La utilidad de la cookie es que la web sea capaz de recordar su visita cuando navegue por esa p\u00e1gina. Aunque mucha gente no sabe que se han utilizado cookies\u2026 <a title=\"M\u00e1s informaci\u00f3n sobre las cookies\" class=\"read-more\" href=\"https:\/\/maksyboats.com\/es\/more-information-about-cookies\/\" aria-label=\"Leer m\u00e1s sobre M\u00e1s informaci\u00f3n sobre las cookies\">Leer m\u00e1s \u00bb<\/a><\/p>","protected":false},"author":1,"featured_media":0,"parent":0,"menu_order":0,"comment_status":"closed","ping_status":"closed","template":"template-builder-page.php","meta":{"generate_page_header":"","jetpack_post_was_ever_published":false,"footnotes":""},"tags":[],"class_list":["post-12028","page","type-page","status-publish"],"yoast_head":"<!-- This site is optimized with the Yoast SEO plugin v27.5 - https:\/\/yoast.com\/product\/yoast-seo-wordpress\/ -->\n<title>More information about cookies - MaksyBoats<\/title>\n<meta name=\"description\" content=\"What is a cookie? A cookie is a harmless text file that is stored in your browser when you visit almost any web page. The usefulness of the cookie is that\" \/>\n<meta name=\"robots\" content=\"index, follow, max-snippet:-1, max-image-preview:large, max-video-preview:-1\" \/>\n<link rel=\"canonical\" href=\"https:\/\/maksyboats.com\/es\/mas-informacion-sobre-las-cookies\/\" \/>\n<meta property=\"og:locale\" content=\"es_ES\" \/>\n<meta property=\"og:type\" content=\"article\" \/>\n<meta property=\"og:title\" content=\"More information about cookies - MaksyBoats\" \/>\n<meta property=\"og:description\" content=\"What is a cookie? A cookie is a harmless text file that is stored in your browser when you visit almost any web page. The usefulness of the cookie is that\" \/>\n<meta property=\"og:url\" content=\"https:\/\/maksyboats.com\/es\/mas-informacion-sobre-las-cookies\/\" \/>\n<meta property=\"og:site_name\" content=\"MaksyBoats\" \/>\n<meta property=\"article:publisher\" content=\"https:\/\/www.facebook.com\/maksyboats\/\" \/>\n<meta name=\"twitter:card\" content=\"summary_large_image\" \/>\n<meta name=\"twitter:site\" content=\"@maksyboats\" \/>\n<meta name=\"twitter:label1\" content=\"Tiempo de lectura\" \/>\n\t<meta name=\"twitter:data1\" content=\"5 minutos\" \/>\n<script type=\"application\/ld+json\" class=\"yoast-schema-graph\">{\"@context\":\"https:\\\/\\\/schema.org\",\"@graph\":[{\"@type\":\"WebPage\",\"@id\":\"https:\\\/\\\/maksyboats.com\\\/es\\\/more-information-about-cookies\\\/\",\"url\":\"https:\\\/\\\/maksyboats.com\\\/es\\\/more-information-about-cookies\\\/\",\"name\":\"More information about cookies - MaksyBoats\",\"isPartOf\":{\"@id\":\"https:\\\/\\\/maksyboats.com\\\/#website\"},\"datePublished\":\"2017-02-06T15:02:05+00:00\",\"description\":\"What is a cookie? A cookie is a harmless text file that is stored in your browser when you visit almost any web page. The usefulness of the cookie is that\",\"breadcrumb\":{\"@id\":\"https:\\\/\\\/maksyboats.com\\\/es\\\/more-information-about-cookies\\\/#breadcrumb\"},\"inLanguage\":\"es\",\"potentialAction\":[{\"@type\":\"ReadAction\",\"target\":[\"https:\\\/\\\/maksyboats.com\\\/es\\\/more-information-about-cookies\\\/\"]}]},{\"@type\":\"BreadcrumbList\",\"@id\":\"https:\\\/\\\/maksyboats.com\\\/es\\\/more-information-about-cookies\\\/#breadcrumb\",\"itemListElement\":[{\"@type\":\"ListItem\",\"position\":1,\"name\":\"Home\",\"item\":\"https:\\\/\\\/maksyboats.com\\\/\"},{\"@type\":\"ListItem\",\"position\":2,\"name\":\"More information about cookies\"}]},{\"@type\":\"WebSite\",\"@id\":\"https:\\\/\\\/maksyboats.com\\\/#website\",\"url\":\"https:\\\/\\\/maksyboats.com\\\/\",\"name\":\"MaksyBoats Boat Hire Mallorca\",\"description\":\"Boat Hire Mallorca, Charters, Trips &amp; much more\",\"publisher\":{\"@id\":\"https:\\\/\\\/maksyboats.com\\\/#organization\"},\"potentialAction\":[{\"@type\":\"SearchAction\",\"target\":{\"@type\":\"EntryPoint\",\"urlTemplate\":\"https:\\\/\\\/maksyboats.com\\\/?s={search_term_string}\"},\"query-input\":{\"@type\":\"PropertyValueSpecification\",\"valueRequired\":true,\"valueName\":\"search_term_string\"}}],\"inLanguage\":\"es\"},{\"@type\":\"Organization\",\"@id\":\"https:\\\/\\\/maksyboats.com\\\/#organization\",\"name\":\"MaksyBoats Boat Hire Mallorca\",\"url\":\"https:\\\/\\\/maksyboats.com\\\/\",\"logo\":{\"@type\":\"ImageObject\",\"inLanguage\":\"es\",\"@id\":\"https:\\\/\\\/maksyboats.com\\\/#\\\/schema\\\/logo\\\/image\\\/\",\"url\":\"https:\\\/\\\/i0.wp.com\\\/maksyboats.com\\\/wpm\\\/wp-content\\\/uploads\\\/2020\\\/05\\\/maksyboats-boat-hire-2020.png?fit=350%2C70&ssl=1\",\"contentUrl\":\"https:\\\/\\\/i0.wp.com\\\/maksyboats.com\\\/wpm\\\/wp-content\\\/uploads\\\/2020\\\/05\\\/maksyboats-boat-hire-2020.png?fit=350%2C70&ssl=1\",\"width\":350,\"height\":70,\"caption\":\"MaksyBoats Boat Hire Mallorca\"},\"image\":{\"@id\":\"https:\\\/\\\/maksyboats.com\\\/#\\\/schema\\\/logo\\\/image\\\/\"},\"sameAs\":[\"https:\\\/\\\/www.facebook.com\\\/maksyboats\\\/\",\"https:\\\/\\\/x.com\\\/maksyboats\",\"https:\\\/\\\/www.instagram.com\\\/maksyboats\\\/\"]}]}<\/script>\n<!-- \/ Yoast SEO plugin. -->","yoast_head_json":{"title":"M\u00e1s informaci\u00f3n sobre las cookies - MaksyBoats","description":"\u00bfQu\u00e9 es una galleta? Una cookie es un archivo de texto inofensivo que se almacena en su navegador cuando visita casi cualquier p\u00e1gina web. La utilidad de la cookie es que","robots":{"index":"index","follow":"follow","max-snippet":"max-snippet:-1","max-image-preview":"max-image-preview:large","max-video-preview":"max-video-preview:-1"},"canonical":"https:\/\/maksyboats.com\/es\/mas-informacion-sobre-las-cookies\/","og_locale":"es_ES","og_type":"article","og_title":"More information about cookies - MaksyBoats","og_description":"What is a cookie? A cookie is a harmless text file that is stored in your browser when you visit almost any web page. The usefulness of the cookie is that","og_url":"https:\/\/maksyboats.com\/es\/mas-informacion-sobre-las-cookies\/","og_site_name":"MaksyBoats","article_publisher":"https:\/\/www.facebook.com\/maksyboats\/","twitter_card":"summary_large_image","twitter_site":"@maksyboats","twitter_misc":{"Tiempo de lectura":"5 minutos"},"schema":{"@context":"https:\/\/schema.org","@graph":[{"@type":"WebPage","@id":"https:\/\/maksyboats.com\/es\/more-information-about-cookies\/","url":"https:\/\/maksyboats.com\/es\/more-information-about-cookies\/","name":"M\u00e1s informaci\u00f3n sobre las cookies - MaksyBoats","isPartOf":{"@id":"https:\/\/maksyboats.com\/#website"},"datePublished":"2017-02-06T15:02:05+00:00","description":"\u00bfQu\u00e9 es una galleta? Una cookie es un archivo de texto inofensivo que se almacena en su navegador cuando visita casi cualquier p\u00e1gina web. La utilidad de la cookie es que","breadcrumb":{"@id":"https:\/\/maksyboats.com\/es\/more-information-about-cookies\/#breadcrumb"},"inLanguage":"es","potentialAction":[{"@type":"ReadAction","target":["https:\/\/maksyboats.com\/es\/more-information-about-cookies\/"]}]},{"@type":"BreadcrumbList","@id":"https:\/\/maksyboats.com\/es\/more-information-about-cookies\/#breadcrumb","itemListElement":[{"@type":"ListItem","position":1,"name":"Home","item":"https:\/\/maksyboats.com\/"},{"@type":"ListItem","position":2,"name":"More information about cookies"}]},{"@type":"WebSite","@id":"https:\/\/maksyboats.com\/#website","url":"https:\/\/maksyboats.com\/","name":"Alquiler de barcos MaksyBoats Mallorca","description":"Alquiler de barcos en Mallorca, charters, viajes y mucho m\u00e1s","publisher":{"@id":"https:\/\/maksyboats.com\/#organization"},"potentialAction":[{"@type":"SearchAction","target":{"@type":"EntryPoint","urlTemplate":"https:\/\/maksyboats.com\/?s={search_term_string}"},"query-input":{"@type":"PropertyValueSpecification","valueRequired":true,"valueName":"search_term_string"}}],"inLanguage":"es"},{"@type":"Organization","@id":"https:\/\/maksyboats.com\/#organization","name":"Alquiler de barcos MaksyBoats Mallorca","url":"https:\/\/maksyboats.com\/","logo":{"@type":"ImageObject","inLanguage":"es","@id":"https:\/\/maksyboats.com\/#\/schema\/logo\/image\/","url":"https:\/\/i0.wp.com\/maksyboats.com\/wpm\/wp-content\/uploads\/2020\/05\/maksyboats-boat-hire-2020.png?fit=350%2C70&ssl=1","contentUrl":"https:\/\/i0.wp.com\/maksyboats.com\/wpm\/wp-content\/uploads\/2020\/05\/maksyboats-boat-hire-2020.png?fit=350%2C70&ssl=1","width":350,"height":70,"caption":"MaksyBoats Boat Hire Mallorca"},"image":{"@id":"https:\/\/maksyboats.com\/#\/schema\/logo\/image\/"},"sameAs":["https:\/\/www.facebook.com\/maksyboats\/","https:\/\/x.com\/maksyboats","https:\/\/www.instagram.com\/maksyboats\/"]}]}},"jetpack_sharing_enabled":true,"_links":{"self":[{"href":"https:\/\/maksyboats.com\/es\/wp-json\/wp\/v2\/pages\/12028","targetHints":{"allow":["GET"]}}],"collection":[{"href":"https:\/\/maksyboats.com\/es\/wp-json\/wp\/v2\/pages"}],"about":[{"href":"https:\/\/maksyboats.com\/es\/wp-json\/wp\/v2\/types\/page"}],"author":[{"embeddable":true,"href":"https:\/\/maksyboats.com\/es\/wp-json\/wp\/v2\/users\/1"}],"replies":[{"embeddable":true,"href":"https:\/\/maksyboats.com\/es\/wp-json\/wp\/v2\/comments?post=12028"}],"version-history":[{"count":0,"href":"https:\/\/maksyboats.com\/es\/wp-json\/wp\/v2\/pages\/12028\/revisions"}],"wp:attachment":[{"href":"https:\/\/maksyboats.com\/es\/wp-json\/wp\/v2\/media?parent=12028"}],"wp:term":[{"taxonomy":"post_tag","embeddable":true,"href":"https:\/\/maksyboats.com\/es\/wp-json\/wp\/v2\/tags?post=12028"}],"curies":[{"name":"Gracias","href":"https:\/\/api.w.org\/{rel}","templated":true}]}}