{"id":12023,"date":"2017-02-06T14:47:47","date_gmt":"2017-02-06T14:47:47","guid":{"rendered":"http:\/\/maksyboats.com\/?page_id=12023"},"modified":"2018-05-29T18:52:24","modified_gmt":"2018-05-29T18:52:24","slug":"politica-de-privacidad","status":"publish","type":"page","link":"https:\/\/maksyboats.com\/es\/privacy-policy\/","title":{"rendered":"Pol\u00edtica de privacidad"},"content":{"rendered":"<div id=\"pl-12023\"  class=\"panel-layout\" ><div id=\"pg-12023-0\"  class=\"panel-grid panel-no-style\" ><div id=\"pgc-12023-0-0\"  class=\"panel-grid-cell panel-grid-cell-empty\" ><\/div><\/div><div id=\"pg-12023-1\"  class=\"panel-grid panel-no-style\" ><div id=\"pgc-12023-1-0\"  class=\"panel-grid-cell\" ><div id=\"panel-12023-1-0-0\" class=\"so-panel widget widget_sow-editor panel-first-child\" data-index=\"0\" ><div\n\t\t\t\n\t\t\tclass=\"so-widget-sow-editor so-widget-sow-editor-base\"\n\t\t\t\n\t\t>\n<div class=\"siteorigin-widget-tinymce textwidget\">\n\t<h2>Pol\u00edtica de privacidad de MaksyBoats<\/h2>\n<p>Le informamos que los datos personales de nuestros clientes ser\u00e1n tratados de acuerdo con los principios de transparencia, limitaci\u00f3n de prop\u00f3sito, minimizaci\u00f3n de datos, precisi\u00f3n, integridad y confidencialidad, as\u00ed como respetando el resto de obligaciones y garant\u00edas establecidas en el Reglamento ( UE) 2016\/679 del Parlamento Europeo y del Consejo, de 27 de abril de 2016, sobre la protecci\u00f3n de las personas f\u00edsicas en relaci\u00f3n con el tratamiento de datos personales y la libre circulaci\u00f3n de dichos datos.<\/p>\n<p>Actualizaci\u00f3n 25 de mayo de 2018: para cumplir con el mencionado Reglamento, hemos actualizado nuestra Pol\u00edtica de privacidad:<\/p>\n<ol>\n<li>Responsable: MaksyBoats, y en su representaci\u00f3n, Pavlo Myzynchuk, NIE: X4664739V, direcci\u00f3n: Cap de Formentor 6, 07011 Palma de Mallorca, tel\u00e9fono: +34699270142, correo electr\u00f3nico: info@maksyboats.com<\/li>\n<li>Objetivo del tratamiento: tratamos la informaci\u00f3n que nos proporciona para proporcionar el servicio solicitado, as\u00ed como tambi\u00e9n le enviamos comunicaciones sobre los productos por los que ha mostrado inter\u00e9s.<\/li>\n<li>Origen y categor\u00eda de datos procesados: los datos personales que trataremos son sus datos de identificaci\u00f3n que nos proporciona a trav\u00e9s de los formularios de nuestro sitio web. Uso de cookies en el sitio web de MaksyBoats.<\/li>\n<li>Tiempo de conservaci\u00f3n: los datos proporcionados se conservar\u00e1n mientras se mantenga la relaci\u00f3n comercial o durante los a\u00f1os necesarios para cumplir con las obligaciones legales.<\/li>\n<li>Legitimaci\u00f3n: tratamos sus datos solo si tenemos su consentimiento expreso e informado para hacerlo, y siempre de acuerdo con los fines descritos.<\/li>\n<li>Destinatarios: los datos que proporcione no se transferir\u00e1n a terceros, excepto en los casos en que exista una obligaci\u00f3n legal.<\/li>\n<li>Aunque, para llevar a cabo ciertas funciones necesarias para la prestaci\u00f3n del servicio, sus datos pueden ser procesados por terceros que actuar\u00e1n como gerentes de tratamiento y que estar\u00e1n obligados contractualmente a cumplir con sus obligaciones legales de gerente de tratamiento, a mantener la confidencialidad y el secreto. de informaci\u00f3n.<\/li>\n<li>Derechos: usted es el propietario de los siguientes derechos sobre sus datos personales:\n<ol>\n<li>Derecho a solicitar acceso a datos personales.<\/li>\n<li>Derecho a solicitar rectificaci\u00f3n o eliminaci\u00f3n.<\/li>\n<li>Derecho a solicitar la limitaci\u00f3n u oposici\u00f3n de su tratamiento.<\/li>\n<li>Derecho a la portabilidad de datos.<\/li>\n<\/ol>\n<\/li>\n<\/ol>\n<p>Para ejercer sus derechos, debe enviarnos una comunicaci\u00f3n por correo electr\u00f3nico a la direcci\u00f3n info@maksyboats.com especificando el derecho que desea ejercer.<\/p>\n<h3>0. Introducci\u00f3n<\/h3>\n<p>Le informamos que los datos personales de nuestros clientes ser\u00e1n tratados de acuerdo con los principios de transparencia, limitaci\u00f3n de prop\u00f3sito, minimizaci\u00f3n de datos, precisi\u00f3n, integridad y confidencialidad, as\u00ed como respetando el resto de obligaciones y garant\u00edas establecidas en el Reglamento ( UE) 2016\/679 del Parlamento Europeo y del Consejo, de 27 de abril de 2016, sobre la protecci\u00f3n de las personas f\u00edsicas en relaci\u00f3n con el tratamiento de datos personales y la libre circulaci\u00f3n de dichos datos.<\/p>\n<p>Para cumplir con el mencionado Reglamento, hemos actualizado nuestra Pol\u00edtica de privacidad que se muestra a continuaci\u00f3n:<\/p>\n<ol>\n<li>\u00bfQui\u00e9n es responsable del procesamiento de sus datos?<\/li>\n<li>\u00bfCon qu\u00e9 finalidad tratamos sus datos y con qu\u00e9 legitimidad?<\/li>\n<li>\u00bfCon qu\u00e9 categor\u00edas de datos tratamos y d\u00f3nde los obtenemos?<\/li>\n<li>\u00bfQui\u00e9nes son los destinatarios de sus datos y c\u00f3mo los almacenamos?<\/li>\n<li>\u00bfCu\u00e1nto tiempo conservamos sus datos?<\/li>\n<li>\u00bfCu\u00e1les son sus derechos y c\u00f3mo puede ejercerlos?<\/li>\n<li>Cambios en la Pol\u00edtica de privacidad.<\/li>\n<\/ol>\n<p>&nbsp;<\/p>\n<h3>1. \u00bfQui\u00e9n es responsable del procesamiento de sus datos?<\/h3>\n<p>El responsable es Pavlo Myzynchuk como propietario de MaksyBoats, NIE: X4664739V, direcci\u00f3n: Cap de Formentor 6, 07011 Palma de Mallorca, tel\u00e9fono: +34699270142, correo electr\u00f3nico: info@maksyboats.com. MaksyBoats se dedica a alquilar botes recreativos, a trav\u00e9s de su sitio web y f\u00edsicamente.<\/p>\n<p>&nbsp;<\/p>\n<h3>2. \u00bfCon qu\u00e9 finalidad tratamos sus datos y bajo qu\u00e9 legitimaci\u00f3n?<\/h3>\n<p>La informaci\u00f3n que nos proporciona a trav\u00e9s del sitio web puede variar seg\u00fan los servicios que solicite. En general, podemos tratar sus datos con los siguientes fines:<\/p>\n<ol>\n<li>Brindar el servicio solicitado que es el alquiler de embarcaciones de recreo.<\/li>\n<li>Enviarle comunicaciones sobre los servicios contratados o similares por correo electr\u00f3nico. Sin embargo, en cualquier momento puede oponerse al env\u00edo de estas comunicaciones a trav\u00e9s del correo electr\u00f3nico que recibe o de nuestro servicio al cliente.<\/li>\n<\/ol>\n<p>&nbsp;<\/p>\n<h3>3. \u00bfQu\u00e9 categor\u00edas de datos tratamos y de d\u00f3nde obtenemos esos datos?<\/h3>\n<p>Los datos personales que trataremos son sus datos de identificaci\u00f3n que nos proporciona directamente a trav\u00e9s de los formularios que encontrar\u00e1 en nuestro sitio web o por otros medios, como, por ejemplo, consultas o quejas dirigidas al servicio al cliente.<\/p>\n<p>En particular, los datos personales que se procesan se incluyen en las siguientes categor\u00edas:<\/p>\n<ol>\n<li>Datos de identificaci\u00f3n: nombre y apellido, direcci\u00f3n de correo electr\u00f3nico, n\u00famero de tel\u00e9fono, n\u00famero e informaci\u00f3n del pasaporte u otro documento de identificaci\u00f3n personal reconocido.<\/li>\n<li>Datos econ\u00f3micos: informaci\u00f3n de pago.<\/li>\n<\/ol>\n<p>En cualquier caso, la Compa\u00f1\u00eda no es responsable del uso de informaci\u00f3n falsa, inexacta, incompleta y no actualizada proporcionada por el Cliente.<\/p>\n<p>3.1 Uso de cookies en el sitio web de MaksyBoats. Cierta informaci\u00f3n se recopila en este sitio web mediante cookies y otras tecnolog\u00edas de seguimiento como se describe en nuestra Pol\u00edtica de Cookies disponible en <a href=\"http:\/\/maksyboats.com\/es\/politica-de-cookies\/\">Pol\u00edtica de cookies<\/a>. Al cerrar activamente el Banner de cookies del sitio y al configurar sus preferencias de cookies en su navegador, acepta nuestro uso de cookies y tecnolog\u00edas similares. Si no est\u00e1 de acuerdo con nuestro uso de cookies de esta manera, debe establecer sus preferencias de cookies en consecuencia. Siempre podr\u00e1 retirar su consentimiento y cambiar sus preferencias de cookies en cualquier momento. Si deshabilita las cookies que utilizamos, esto puede afectar su experiencia de usuario mientras est\u00e9 en este Sitio. Consulte nuestra Pol\u00edtica de cookies para obtener m\u00e1s detalles.<\/p>\n<p>&nbsp;<\/p>\n<h3>4. \u00bfQui\u00e9nes son los destinatarios de sus datos y c\u00f3mo los almacenamos?<\/h3>\n<p>4.1. Destinatarios: los datos que proporcione no se transferir\u00e1n a terceros, excepto las Administraciones P\u00fablicas, Jueces, Tribunales, Fuerzas de Seguridad y el Cuerpo en los casos en que exista la obligaci\u00f3n legal de proporcionarlos.<br \/>\n4.2. Gerentes de tratamiento: para llevar a cabo ciertas funciones necesarias para la prestaci\u00f3n del servicio por parte de MaksyBoats, sus datos pueden ser procesados por terceros que actuar\u00e1n como gerentes de tratamiento y que estar\u00e1n obligados contractualmente a cumplir con sus obligaciones legales como gerente de tratamiento, para mantener La confidencialidad y el secreto de la informaci\u00f3n.<br \/>\n4.3. Transferencias internacionales: los datos que recopilamos sobre usted se almacenan dentro del Espacio Econ\u00f3mico Europeo (&#039;EEE&#039;), aunque tambi\u00e9n se pueden transferir y procesar en un pa\u00eds fuera del EEE seg\u00fan el modelo de &#039;almacenamiento en la nube&#039;. Se informa que cualquier transferencia desde fuera del EEE se realiza a empresas que forman parte del Escudo de privacidad UE - EE. UU. y que garanticen un nivel adecuado de protecci\u00f3n de datos personales. M\u00e1s informaci\u00f3n disponible en: https:\/\/www.privacyshield.gov\/welcome.<br \/>\n4.4. Categor\u00edas: las categor\u00edas de destinatarios que podr\u00e1n procesar sus datos para los fines indicados y en funci\u00f3n de la base de legitimaci\u00f3n son las siguientes:<\/p>\n<table>\n<tbody>\n<tr>\n<td>DESTINATARIO<\/td>\n<td>TIPO DE DATOS<\/td>\n<td>BASE LEGITIMADORA<\/td>\n<\/tr>\n<tr>\n<td>Administraciones p\u00fablicas, jueces, tribunales, fuerzas de seguridad<\/td>\n<td>Datos de identificaci\u00f3n<\/td>\n<td>Cumplimiento de una obligaci\u00f3n legal.<\/td>\n<\/tr>\n<tr>\n<td>Proveedores de servicios t\u00e9cnicos, servicios de alojamiento y almacenamiento en la nube.<\/td>\n<td>Datos de identificaci\u00f3n<\/td>\n<td>Desarrollo de la relaci\u00f3n contractual.<\/td>\n<\/tr>\n<tr>\n<td>Servicios postales, de distribuci\u00f3n y mensajer\u00eda.<\/td>\n<td>Datos de identificaci\u00f3n<\/td>\n<td>Desarrollo de la relaci\u00f3n contractual.<\/td>\n<\/tr>\n<\/tbody>\n<\/table>\n<h3>5. \u00bfCu\u00e1nto tiempo conservamos sus datos?<\/h3>\n<p>Los datos proporcionados se conservar\u00e1n mientras se mantenga la relaci\u00f3n contractual con el cliente. Cuando sus datos ya no sean necesarios para el prop\u00f3sito que se obtuvo, se bloquear\u00e1n y se pondr\u00e1n a disposici\u00f3n solo a solicitud de los jueces y tribunales, el fiscal o las administraciones p\u00fablicas competentes los a\u00f1os necesarios para cumplir con las obligaciones legales y, despu\u00e9s Este t\u00e9rmino, ser\u00e1 completamente eliminado.<\/p>\n<p>&nbsp;<\/p>\n<h3>6. \u00bfCu\u00e1les son sus derechos y c\u00f3mo puede ejercerlos?<\/h3>\n<p>6.1. Derechos. Nuestras regulaciones de protecci\u00f3n de datos confieren una serie de derechos en relaci\u00f3n con el procesamiento de datos que implican nuestros servicios que podemos resumir en lo siguiente:<\/p>\n<ol>\n<li>Derecho de acceso: sepa qu\u00e9 tipo de datos estamos tratando sobre usted.<\/li>\n<li>Derecho de rectificaci\u00f3n: para poder solicitar la modificaci\u00f3n de sus datos por ser estos inexactos o no ciertos.<\/li>\n<li>Derecho de supresi\u00f3n: solicite la eliminaci\u00f3n de sus datos cuando el tratamiento ya no sea necesario.<\/li>\n<li>Derecho de limitaci\u00f3n: el marcado de datos personales conservados para limitar su tratamiento en el futuro.<\/li>\n<li>Derecho de oposici\u00f3n: solicitar el cese de las comunicaciones comerciales.<\/li>\n<li>Derecho de portabilidad: permite a la parte interesada recibir sus datos personales en un formato estructurado, de uso com\u00fan y legible por m\u00e1quina para transferir, copiar o transmitir a otra persona a cargo.<\/li>\n<\/ol>\n<p>6.2. Derecho a retirar el consentimiento. Puede revocar el consentimiento otorgado, notific\u00e1ndolo por correo electr\u00f3nico a info@maksyboats.com.<br \/>\n6.3. Ejercicio de derechos. La Compa\u00f1\u00eda garantiza la adopci\u00f3n de las medidas necesarias para garantizar el ejercicio de estos derechos de forma gratuita. Asimismo, para ejercer sus derechos, debe enviarnos una comunicaci\u00f3n por correo electr\u00f3nico a la direcci\u00f3n info@maksyboats.com especificando el derecho que desea ejercer.<\/p>\n<p>&nbsp;<\/p>\n<h3>7. Cambios en la pol\u00edtica de privacidad.<\/h3>\n<p>Nuestra Pol\u00edtica de privacidad est\u00e1 sujeta a cambios peri\u00f3dicamente. La \u00faltima versi\u00f3n de nuestra Pol\u00edtica de privacidad se puede encontrar en nuestro sitio web.<\/p>\n<\/div>\n<\/div><\/div><div id=\"panel-12023-1-0-1\" class=\"so-panel widget widget_sow-editor panel-last-child\" data-index=\"1\" ><div\n\t\t\t\n\t\t\tclass=\"so-widget-sow-editor so-widget-sow-editor-base\"\n\t\t\t\n\t\t>\n<div class=\"siteorigin-widget-tinymce textwidget\">\n\t<p><!--noyarpp--><\/p>\n<\/div>\n<\/div><\/div><\/div><\/div><div id=\"pg-12023-2\"  class=\"panel-grid panel-no-style\" ><div id=\"pgc-12023-2-0\"  class=\"panel-grid-cell panel-grid-cell-empty\" ><\/div><\/div><\/div>","protected":false},"excerpt":{"rendered":"<p>Pol\u00edtica de Privacidad de MaksyBoats Le informamos que los datos personales de nuestros clientes ser\u00e1n tratados de acuerdo con los principios de transparencia, limitaci\u00f3n de la finalidad, minimizaci\u00f3n de datos, exactitud, integridad y confidencialidad, as\u00ed como respetando el resto de obligaciones y garant\u00edas establecidas en el Reglamento (UE) 2016\/679 del Parlamento Europeo y de \u2026 <a title=\"Pol\u00edtica de privacidad\" class=\"read-more\" href=\"https:\/\/maksyboats.com\/es\/privacy-policy\/\" aria-label=\"Leer m\u00e1s sobre Pol\u00edtica de Privacidad\">Leer m\u00e1s \u00bb<\/a><\/p>","protected":false},"author":1,"featured_media":0,"parent":0,"menu_order":0,"comment_status":"closed","ping_status":"closed","template":"","meta":{"generate_page_header":"","jetpack_post_was_ever_published":false,"footnotes":""},"tags":[],"class_list":["post-12023","page","type-page","status-publish"],"yoast_head":"<!-- This site is optimized with the Yoast SEO plugin v27.3 - https:\/\/yoast.com\/product\/yoast-seo-wordpress\/ -->\n<title>Privacy Policy - MaksyBoats<\/title>\n<meta name=\"description\" content=\"MaksyBoats Privacy Policy We inform you that the personal data of our clients will be treated in accordance with the principles of transparency,\" \/>\n<meta name=\"robots\" content=\"index, follow, max-snippet:-1, max-image-preview:large, max-video-preview:-1\" \/>\n<link rel=\"canonical\" href=\"https:\/\/maksyboats.com\/es\/politica-de-privacidad\/\" \/>\n<meta property=\"og:locale\" content=\"es_ES\" \/>\n<meta property=\"og:type\" content=\"article\" \/>\n<meta property=\"og:title\" content=\"Privacy Policy - MaksyBoats\" \/>\n<meta property=\"og:description\" content=\"MaksyBoats Privacy Policy We inform you that the personal data of our clients will be treated in accordance with the principles of transparency,\" \/>\n<meta property=\"og:url\" content=\"https:\/\/maksyboats.com\/es\/politica-de-privacidad\/\" \/>\n<meta property=\"og:site_name\" content=\"MaksyBoats\" \/>\n<meta property=\"article:publisher\" content=\"https:\/\/www.facebook.com\/maksyboats\/\" \/>\n<meta property=\"article:modified_time\" content=\"2018-05-29T18:52:24+00:00\" \/>\n<meta name=\"twitter:card\" content=\"summary_large_image\" \/>\n<meta name=\"twitter:site\" content=\"@maksyboats\" \/>\n<meta name=\"twitter:label1\" content=\"Tiempo de lectura\" \/>\n\t<meta name=\"twitter:data1\" content=\"7 minutos\" \/>\n<script type=\"application\/ld+json\" class=\"yoast-schema-graph\">{\"@context\":\"https:\\\/\\\/schema.org\",\"@graph\":[{\"@type\":\"WebPage\",\"@id\":\"https:\\\/\\\/maksyboats.com\\\/es\\\/politica-de-privacidad\\\/\",\"url\":\"https:\\\/\\\/maksyboats.com\\\/es\\\/politica-de-privacidad\\\/\",\"name\":\"Privacy Policy - MaksyBoats\",\"isPartOf\":{\"@id\":\"https:\\\/\\\/maksyboats.com\\\/#website\"},\"datePublished\":\"2017-02-06T14:47:47+00:00\",\"dateModified\":\"2018-05-29T18:52:24+00:00\",\"description\":\"MaksyBoats Privacy Policy We inform you that the personal data of our clients will be treated in accordance with the principles of transparency,\",\"breadcrumb\":{\"@id\":\"https:\\\/\\\/maksyboats.com\\\/es\\\/politica-de-privacidad\\\/#breadcrumb\"},\"inLanguage\":\"es\",\"potentialAction\":[{\"@type\":\"ReadAction\",\"target\":[\"https:\\\/\\\/maksyboats.com\\\/es\\\/politica-de-privacidad\\\/\"]}]},{\"@type\":\"BreadcrumbList\",\"@id\":\"https:\\\/\\\/maksyboats.com\\\/es\\\/politica-de-privacidad\\\/#breadcrumb\",\"itemListElement\":[{\"@type\":\"ListItem\",\"position\":1,\"name\":\"Home\",\"item\":\"https:\\\/\\\/maksyboats.com\\\/\"},{\"@type\":\"ListItem\",\"position\":2,\"name\":\"Privacy Policy\"}]},{\"@type\":\"WebSite\",\"@id\":\"https:\\\/\\\/maksyboats.com\\\/#website\",\"url\":\"https:\\\/\\\/maksyboats.com\\\/\",\"name\":\"MaksyBoats Boat Hire Mallorca\",\"description\":\"Boat Hire Mallorca, Charters, Trips &amp; much more\",\"publisher\":{\"@id\":\"https:\\\/\\\/maksyboats.com\\\/#organization\"},\"potentialAction\":[{\"@type\":\"SearchAction\",\"target\":{\"@type\":\"EntryPoint\",\"urlTemplate\":\"https:\\\/\\\/maksyboats.com\\\/?s={search_term_string}\"},\"query-input\":{\"@type\":\"PropertyValueSpecification\",\"valueRequired\":true,\"valueName\":\"search_term_string\"}}],\"inLanguage\":\"es\"},{\"@type\":\"Organization\",\"@id\":\"https:\\\/\\\/maksyboats.com\\\/#organization\",\"name\":\"MaksyBoats Boat Hire Mallorca\",\"url\":\"https:\\\/\\\/maksyboats.com\\\/\",\"logo\":{\"@type\":\"ImageObject\",\"inLanguage\":\"es\",\"@id\":\"https:\\\/\\\/maksyboats.com\\\/#\\\/schema\\\/logo\\\/image\\\/\",\"url\":\"https:\\\/\\\/i0.wp.com\\\/maksyboats.com\\\/wpm\\\/wp-content\\\/uploads\\\/2020\\\/05\\\/maksyboats-boat-hire-2020.png?fit=350%2C70&ssl=1\",\"contentUrl\":\"https:\\\/\\\/i0.wp.com\\\/maksyboats.com\\\/wpm\\\/wp-content\\\/uploads\\\/2020\\\/05\\\/maksyboats-boat-hire-2020.png?fit=350%2C70&ssl=1\",\"width\":350,\"height\":70,\"caption\":\"MaksyBoats Boat Hire Mallorca\"},\"image\":{\"@id\":\"https:\\\/\\\/maksyboats.com\\\/#\\\/schema\\\/logo\\\/image\\\/\"},\"sameAs\":[\"https:\\\/\\\/www.facebook.com\\\/maksyboats\\\/\",\"https:\\\/\\\/x.com\\\/maksyboats\",\"https:\\\/\\\/www.instagram.com\\\/maksyboats\\\/\"]}]}<\/script>\n<!-- \/ Yoast SEO plugin. -->","yoast_head_json":{"title":"Pol\u00edtica de privacidad - MaksyBoats","description":"Pol\u00edtica de Privacidad de MaksyBoats Le informamos que los datos personales de nuestros clientes ser\u00e1n tratados de acuerdo con los principios de transparencia,","robots":{"index":"index","follow":"follow","max-snippet":"max-snippet:-1","max-image-preview":"max-image-preview:large","max-video-preview":"max-video-preview:-1"},"canonical":"https:\/\/maksyboats.com\/es\/politica-de-privacidad\/","og_locale":"es_ES","og_type":"article","og_title":"Privacy Policy - MaksyBoats","og_description":"MaksyBoats Privacy Policy We inform you that the personal data of our clients will be treated in accordance with the principles of transparency,","og_url":"https:\/\/maksyboats.com\/es\/politica-de-privacidad\/","og_site_name":"MaksyBoats","article_publisher":"https:\/\/www.facebook.com\/maksyboats\/","article_modified_time":"2018-05-29T18:52:24+00:00","twitter_card":"summary_large_image","twitter_site":"@maksyboats","twitter_misc":{"Tiempo de lectura":"7 minutos"},"schema":{"@context":"https:\/\/schema.org","@graph":[{"@type":"WebPage","@id":"https:\/\/maksyboats.com\/es\/politica-de-privacidad\/","url":"https:\/\/maksyboats.com\/es\/politica-de-privacidad\/","name":"Pol\u00edtica de privacidad - MaksyBoats","isPartOf":{"@id":"https:\/\/maksyboats.com\/#website"},"datePublished":"2017-02-06T14:47:47+00:00","dateModified":"2018-05-29T18:52:24+00:00","description":"Pol\u00edtica de Privacidad de MaksyBoats Le informamos que los datos personales de nuestros clientes ser\u00e1n tratados de acuerdo con los principios de transparencia,","breadcrumb":{"@id":"https:\/\/maksyboats.com\/es\/politica-de-privacidad\/#breadcrumb"},"inLanguage":"es","potentialAction":[{"@type":"ReadAction","target":["https:\/\/maksyboats.com\/es\/politica-de-privacidad\/"]}]},{"@type":"BreadcrumbList","@id":"https:\/\/maksyboats.com\/es\/politica-de-privacidad\/#breadcrumb","itemListElement":[{"@type":"ListItem","position":1,"name":"Home","item":"https:\/\/maksyboats.com\/"},{"@type":"ListItem","position":2,"name":"Privacy Policy"}]},{"@type":"WebSite","@id":"https:\/\/maksyboats.com\/#website","url":"https:\/\/maksyboats.com\/","name":"Alquiler de barcos MaksyBoats Mallorca","description":"Alquiler de barcos en Mallorca, charters, viajes y mucho m\u00e1s","publisher":{"@id":"https:\/\/maksyboats.com\/#organization"},"potentialAction":[{"@type":"SearchAction","target":{"@type":"EntryPoint","urlTemplate":"https:\/\/maksyboats.com\/?s={search_term_string}"},"query-input":{"@type":"PropertyValueSpecification","valueRequired":true,"valueName":"search_term_string"}}],"inLanguage":"es"},{"@type":"Organization","@id":"https:\/\/maksyboats.com\/#organization","name":"Alquiler de barcos MaksyBoats Mallorca","url":"https:\/\/maksyboats.com\/","logo":{"@type":"ImageObject","inLanguage":"es","@id":"https:\/\/maksyboats.com\/#\/schema\/logo\/image\/","url":"https:\/\/i0.wp.com\/maksyboats.com\/wpm\/wp-content\/uploads\/2020\/05\/maksyboats-boat-hire-2020.png?fit=350%2C70&ssl=1","contentUrl":"https:\/\/i0.wp.com\/maksyboats.com\/wpm\/wp-content\/uploads\/2020\/05\/maksyboats-boat-hire-2020.png?fit=350%2C70&ssl=1","width":350,"height":70,"caption":"MaksyBoats Boat Hire Mallorca"},"image":{"@id":"https:\/\/maksyboats.com\/#\/schema\/logo\/image\/"},"sameAs":["https:\/\/www.facebook.com\/maksyboats\/","https:\/\/x.com\/maksyboats","https:\/\/www.instagram.com\/maksyboats\/"]}]}},"jetpack_sharing_enabled":true,"_links":{"self":[{"href":"https:\/\/maksyboats.com\/es\/wp-json\/wp\/v2\/pages\/12023","targetHints":{"allow":["GET"]}}],"collection":[{"href":"https:\/\/maksyboats.com\/es\/wp-json\/wp\/v2\/pages"}],"about":[{"href":"https:\/\/maksyboats.com\/es\/wp-json\/wp\/v2\/types\/page"}],"author":[{"embeddable":true,"href":"https:\/\/maksyboats.com\/es\/wp-json\/wp\/v2\/users\/1"}],"replies":[{"embeddable":true,"href":"https:\/\/maksyboats.com\/es\/wp-json\/wp\/v2\/comments?post=12023"}],"version-history":[{"count":0,"href":"https:\/\/maksyboats.com\/es\/wp-json\/wp\/v2\/pages\/12023\/revisions"}],"wp:attachment":[{"href":"https:\/\/maksyboats.com\/es\/wp-json\/wp\/v2\/media?parent=12023"}],"wp:term":[{"taxonomy":"post_tag","embeddable":true,"href":"https:\/\/maksyboats.com\/es\/wp-json\/wp\/v2\/tags?post=12023"}],"curies":[{"name":"Gracias","href":"https:\/\/api.w.org\/{rel}","templated":true}]}}