{"id":12021,"date":"2017-02-06T12:16:03","date_gmt":"2017-02-06T12:16:03","guid":{"rendered":"http:\/\/maksyboats.com\/?page_id=12021"},"modified":"2017-02-06T15:05:29","modified_gmt":"2017-02-06T15:05:29","slug":"politica-de-cookies","status":"publish","type":"page","link":"https:\/\/maksyboats.com\/es\/cookie-policy\/","title":{"rendered":"Pol\u00edtica de cookies"},"content":{"rendered":"<div id=\"pl-12021\"  class=\"panel-layout\" ><div id=\"pg-12021-0\"  class=\"panel-grid panel-no-style\" ><div id=\"pgc-12021-0-0\"  class=\"panel-grid-cell panel-grid-cell-empty\" ><\/div><\/div><div id=\"pg-12021-1\"  class=\"panel-grid panel-no-style\" ><div id=\"pgc-12021-1-0\"  class=\"panel-grid-cell\" ><div id=\"panel-12021-1-0-0\" class=\"so-panel widget widget_sow-editor panel-first-child panel-last-child\" data-index=\"0\" ><div\n\t\t\t\n\t\t\tclass=\"so-widget-sow-editor so-widget-sow-editor-base\"\n\t\t\t\n\t\t>\n<div class=\"siteorigin-widget-tinymce textwidget\">\n\t<h3>Pol\u00edtica de cookies<\/h3>\n<p>Una cookie es un peque\u00f1o archivo de texto que se almacena en su navegador cuando visita casi cualquier p\u00e1gina web. Su utilidad es que la web puede recordar su visita cuando vuelve a navegar por esa p\u00e1gina. Las cookies suelen almacenar informaci\u00f3n t\u00e9cnica, preferencias personales, personalizaci\u00f3n de contenido, estad\u00edsticas de uso, enlaces a redes sociales, acceso a cuentas de usuario, etc. El objetivo de la cookie es adaptar el contenido de la web a su perfil y necesidades, sin cookies los servicios ofrecido por cualquier p\u00e1gina se ver\u00eda muy disminuido. Si desea saber m\u00e1s sobre qu\u00e9 son las cookies, qu\u00e9 almacenan, c\u00f3mo eliminarlas, desactivarlas, etc., por favor <a href=\"http:\/\/maksyboats.com\/es\/mas-informacion-sobre-las-cookies\/\">ir a este enlace<\/a>.<\/p>\n<p>\u00a0<\/p>\n<h3>Cookies utilizadas en este sitio web<\/h3>\n<p>Siguiendo las directrices de la Agencia Espa\u00f1ola de Protecci\u00f3n de Datos, procedemos a detallar el uso de cookies realizadas por este sitio web para informarle con la mayor precisi\u00f3n posible.<\/p>\n<p>Este sitio web utiliza las siguientes cookies propias:<\/p>\n<p>Cookies de sesi\u00f3n, para garantizar que los usuarios que escriben comentarios en el blog sean humanos y no aplicaciones automatizadas. De esta forma se combate el spam.<\/p>\n<p>Este sitio web utiliza las siguientes cookies de terceros:<\/p>\n<p>Google Analytics: almacena cookies para poder generar estad\u00edsticas sobre el tr\u00e1fico y el volumen de visitas de este sitio web. Al utilizar este sitio web, usted acepta que Google procese su informaci\u00f3n. Por lo tanto, el ejercicio de cualquier derecho a este respecto debe hacerlo comunic\u00e1ndose directamente con Google.<\/p>\n<p>Redes sociales: cada red social utiliza sus propias cookies para que pueda hacer clic en los botones Me gusta o Compartir.<\/p>\n<p>\u00a0<\/p>\n<h3>Desactivaci\u00f3n o eliminaci\u00f3n de cookies.<\/h3>\n<p>En cualquier momento puede ejercer su derecho a desactivar o eliminar cookies de este sitio web. Estas acciones se realizan de manera diferente seg\u00fan el navegador que est\u00e9 utilizando. <a href=\"http:\/\/maksyboats.com\/es\/mas-informacion-sobre-las-cookies\/\">Aqu\u00ed te dejamos una gu\u00eda r\u00e1pida<\/a> para los navegadores m\u00e1s populares.<\/p>\n<p>\u00a0<\/p>\n<h3>Notas adicionales<\/h3>\n<p>Ni este sitio web ni sus representantes legales son responsables ni del contenido ni de la veracidad de las pol\u00edticas de privacidad que puedan tener los terceros mencionados en esta pol\u00edtica de cookies.<br \/>Los navegadores web son las herramientas encargadas de almacenar las cookies y desde este lugar debe hacer su derecho a eliminarlas o desactivarlas. Ni este sitio web ni sus representantes legales pueden garantizar el manejo correcto o incorrecto de las cookies por parte de los mencionados navegadores.<br \/>En algunos casos es necesario instalar cookies para que el navegador no olvide su decisi\u00f3n de no aceptarlas.<br \/>En el caso de las cookies de Google Analytics, esta empresa almacena cookies en servidores ubicados en los Estados Unidos y acepta no compartirlas con terceros, excepto en los casos en que sea necesario para el funcionamiento del sistema o cuando la ley exija tal efecto. Seg\u00fan Google no guarda su direcci\u00f3n IP. Google Inc. es una empresa que se adhiere al Acuerdo de puerto seguro que garantiza que todos los datos transferidos ser\u00e1n tratados con un nivel de protecci\u00f3n de acuerdo con la normativa europea.<br \/>Para cualquier consulta o consulta sobre esta pol\u00edtica de cookies no dude en contactarnos a trav\u00e9s de la secci\u00f3n de contacto.<\/p>\n<\/div>\n<\/div><\/div><\/div><\/div><div id=\"pg-12021-2\"  class=\"panel-grid panel-no-style\" ><div id=\"pgc-12021-2-0\"  class=\"panel-grid-cell panel-grid-cell-empty\" ><\/div><\/div><\/div>","protected":false},"excerpt":{"rendered":"<p>Pol\u00edtica de cookiesUna cookie es un peque\u00f1o archivo de texto que se almacena en su navegador cuando visita casi cualquier p\u00e1gina web. Su utilidad es que la web sea capaz de recordar su visita cuando vuelva a navegar por esa p\u00e1gina. Las cookies suelen almacenar informaci\u00f3n t\u00e9cnica, preferencias personales, personalizaci\u00f3n de contenidos, estad\u00edsticas de uso, enlaces a redes sociales,\u2026 <a title=\"Pol\u00edtica de cookies\" class=\"read-more\" href=\"https:\/\/maksyboats.com\/es\/cookie-policy\/\" aria-label=\"Leer m\u00e1s sobre Pol\u00edtica de Cookies\">Leer m\u00e1s \u00bb<\/a><\/p>","protected":false},"author":1,"featured_media":0,"parent":0,"menu_order":0,"comment_status":"closed","ping_status":"closed","template":"template-builder-page.php","meta":{"generate_page_header":"","jetpack_post_was_ever_published":false,"footnotes":""},"tags":[],"class_list":["post-12021","page","type-page","status-publish"],"yoast_head":"<!-- This site is optimized with the Yoast SEO plugin v27.3 - https:\/\/yoast.com\/product\/yoast-seo-wordpress\/ -->\n<title>Cookie Policy - MaksyBoats<\/title>\n<meta name=\"description\" content=\"Cookies policy A cookie is a small text file that is stored in your browser when you visit almost any web page. Its usefulness is that the web is able to\" \/>\n<meta name=\"robots\" content=\"index, follow, max-snippet:-1, max-image-preview:large, max-video-preview:-1\" \/>\n<link rel=\"canonical\" href=\"https:\/\/maksyboats.com\/es\/politica-de-cookies\/\" \/>\n<meta property=\"og:locale\" content=\"es_ES\" \/>\n<meta property=\"og:type\" content=\"article\" \/>\n<meta property=\"og:title\" content=\"Cookie Policy - MaksyBoats\" \/>\n<meta property=\"og:description\" content=\"Cookies policy A cookie is a small text file that is stored in your browser when you visit almost any web page. Its usefulness is that the web is able to\" \/>\n<meta property=\"og:url\" content=\"https:\/\/maksyboats.com\/es\/politica-de-cookies\/\" \/>\n<meta property=\"og:site_name\" content=\"MaksyBoats\" \/>\n<meta property=\"article:publisher\" content=\"https:\/\/www.facebook.com\/maksyboats\/\" \/>\n<meta property=\"article:modified_time\" content=\"2017-02-06T15:05:29+00:00\" \/>\n<meta name=\"twitter:card\" content=\"summary_large_image\" \/>\n<meta name=\"twitter:site\" content=\"@maksyboats\" \/>\n<meta name=\"twitter:label1\" content=\"Tiempo de lectura\" \/>\n\t<meta name=\"twitter:data1\" content=\"3 minutos\" \/>\n<script type=\"application\/ld+json\" class=\"yoast-schema-graph\">{\"@context\":\"https:\\\/\\\/schema.org\",\"@graph\":[{\"@type\":\"WebPage\",\"@id\":\"https:\\\/\\\/maksyboats.com\\\/es\\\/politica-de-cookies\\\/\",\"url\":\"https:\\\/\\\/maksyboats.com\\\/es\\\/politica-de-cookies\\\/\",\"name\":\"Cookie Policy - MaksyBoats\",\"isPartOf\":{\"@id\":\"https:\\\/\\\/maksyboats.com\\\/#website\"},\"datePublished\":\"2017-02-06T12:16:03+00:00\",\"dateModified\":\"2017-02-06T15:05:29+00:00\",\"description\":\"Cookies policy A cookie is a small text file that is stored in your browser when you visit almost any web page. Its usefulness is that the web is able to\",\"breadcrumb\":{\"@id\":\"https:\\\/\\\/maksyboats.com\\\/es\\\/politica-de-cookies\\\/#breadcrumb\"},\"inLanguage\":\"es\",\"potentialAction\":[{\"@type\":\"ReadAction\",\"target\":[\"https:\\\/\\\/maksyboats.com\\\/es\\\/politica-de-cookies\\\/\"]}]},{\"@type\":\"BreadcrumbList\",\"@id\":\"https:\\\/\\\/maksyboats.com\\\/es\\\/politica-de-cookies\\\/#breadcrumb\",\"itemListElement\":[{\"@type\":\"ListItem\",\"position\":1,\"name\":\"Home\",\"item\":\"https:\\\/\\\/maksyboats.com\\\/\"},{\"@type\":\"ListItem\",\"position\":2,\"name\":\"Cookie Policy\"}]},{\"@type\":\"WebSite\",\"@id\":\"https:\\\/\\\/maksyboats.com\\\/#website\",\"url\":\"https:\\\/\\\/maksyboats.com\\\/\",\"name\":\"MaksyBoats Boat Hire Mallorca\",\"description\":\"Boat Hire Mallorca, Charters, Trips &amp; much more\",\"publisher\":{\"@id\":\"https:\\\/\\\/maksyboats.com\\\/#organization\"},\"potentialAction\":[{\"@type\":\"SearchAction\",\"target\":{\"@type\":\"EntryPoint\",\"urlTemplate\":\"https:\\\/\\\/maksyboats.com\\\/?s={search_term_string}\"},\"query-input\":{\"@type\":\"PropertyValueSpecification\",\"valueRequired\":true,\"valueName\":\"search_term_string\"}}],\"inLanguage\":\"es\"},{\"@type\":\"Organization\",\"@id\":\"https:\\\/\\\/maksyboats.com\\\/#organization\",\"name\":\"MaksyBoats Boat Hire Mallorca\",\"url\":\"https:\\\/\\\/maksyboats.com\\\/\",\"logo\":{\"@type\":\"ImageObject\",\"inLanguage\":\"es\",\"@id\":\"https:\\\/\\\/maksyboats.com\\\/#\\\/schema\\\/logo\\\/image\\\/\",\"url\":\"https:\\\/\\\/i0.wp.com\\\/maksyboats.com\\\/wpm\\\/wp-content\\\/uploads\\\/2020\\\/05\\\/maksyboats-boat-hire-2020.png?fit=350%2C70&ssl=1\",\"contentUrl\":\"https:\\\/\\\/i0.wp.com\\\/maksyboats.com\\\/wpm\\\/wp-content\\\/uploads\\\/2020\\\/05\\\/maksyboats-boat-hire-2020.png?fit=350%2C70&ssl=1\",\"width\":350,\"height\":70,\"caption\":\"MaksyBoats Boat Hire Mallorca\"},\"image\":{\"@id\":\"https:\\\/\\\/maksyboats.com\\\/#\\\/schema\\\/logo\\\/image\\\/\"},\"sameAs\":[\"https:\\\/\\\/www.facebook.com\\\/maksyboats\\\/\",\"https:\\\/\\\/x.com\\\/maksyboats\",\"https:\\\/\\\/www.instagram.com\\\/maksyboats\\\/\"]}]}<\/script>\n<!-- \/ Yoast SEO plugin. -->","yoast_head_json":{"title":"Pol\u00edtica de cookies - MaksyBoats","description":"Pol\u00edtica de cookies Una cookie es un peque\u00f1o archivo de texto que se almacena en su navegador cuando visita casi cualquier p\u00e1gina web. Su utilidad es que la web es capaz de","robots":{"index":"index","follow":"follow","max-snippet":"max-snippet:-1","max-image-preview":"max-image-preview:large","max-video-preview":"max-video-preview:-1"},"canonical":"https:\/\/maksyboats.com\/es\/politica-de-cookies\/","og_locale":"es_ES","og_type":"article","og_title":"Cookie Policy - MaksyBoats","og_description":"Cookies policy A cookie is a small text file that is stored in your browser when you visit almost any web page. Its usefulness is that the web is able to","og_url":"https:\/\/maksyboats.com\/es\/politica-de-cookies\/","og_site_name":"MaksyBoats","article_publisher":"https:\/\/www.facebook.com\/maksyboats\/","article_modified_time":"2017-02-06T15:05:29+00:00","twitter_card":"summary_large_image","twitter_site":"@maksyboats","twitter_misc":{"Tiempo de lectura":"3 minutos"},"schema":{"@context":"https:\/\/schema.org","@graph":[{"@type":"WebPage","@id":"https:\/\/maksyboats.com\/es\/politica-de-cookies\/","url":"https:\/\/maksyboats.com\/es\/politica-de-cookies\/","name":"Pol\u00edtica de cookies - MaksyBoats","isPartOf":{"@id":"https:\/\/maksyboats.com\/#website"},"datePublished":"2017-02-06T12:16:03+00:00","dateModified":"2017-02-06T15:05:29+00:00","description":"Pol\u00edtica de cookies Una cookie es un peque\u00f1o archivo de texto que se almacena en su navegador cuando visita casi cualquier p\u00e1gina web. Su utilidad es que la web es capaz de","breadcrumb":{"@id":"https:\/\/maksyboats.com\/es\/politica-de-cookies\/#breadcrumb"},"inLanguage":"es","potentialAction":[{"@type":"ReadAction","target":["https:\/\/maksyboats.com\/es\/politica-de-cookies\/"]}]},{"@type":"BreadcrumbList","@id":"https:\/\/maksyboats.com\/es\/politica-de-cookies\/#breadcrumb","itemListElement":[{"@type":"ListItem","position":1,"name":"Home","item":"https:\/\/maksyboats.com\/"},{"@type":"ListItem","position":2,"name":"Cookie Policy"}]},{"@type":"WebSite","@id":"https:\/\/maksyboats.com\/#website","url":"https:\/\/maksyboats.com\/","name":"Alquiler de barcos MaksyBoats Mallorca","description":"Alquiler de barcos en Mallorca, charters, viajes y mucho m\u00e1s","publisher":{"@id":"https:\/\/maksyboats.com\/#organization"},"potentialAction":[{"@type":"SearchAction","target":{"@type":"EntryPoint","urlTemplate":"https:\/\/maksyboats.com\/?s={search_term_string}"},"query-input":{"@type":"PropertyValueSpecification","valueRequired":true,"valueName":"search_term_string"}}],"inLanguage":"es"},{"@type":"Organization","@id":"https:\/\/maksyboats.com\/#organization","name":"Alquiler de barcos MaksyBoats Mallorca","url":"https:\/\/maksyboats.com\/","logo":{"@type":"ImageObject","inLanguage":"es","@id":"https:\/\/maksyboats.com\/#\/schema\/logo\/image\/","url":"https:\/\/i0.wp.com\/maksyboats.com\/wpm\/wp-content\/uploads\/2020\/05\/maksyboats-boat-hire-2020.png?fit=350%2C70&ssl=1","contentUrl":"https:\/\/i0.wp.com\/maksyboats.com\/wpm\/wp-content\/uploads\/2020\/05\/maksyboats-boat-hire-2020.png?fit=350%2C70&ssl=1","width":350,"height":70,"caption":"MaksyBoats Boat Hire Mallorca"},"image":{"@id":"https:\/\/maksyboats.com\/#\/schema\/logo\/image\/"},"sameAs":["https:\/\/www.facebook.com\/maksyboats\/","https:\/\/x.com\/maksyboats","https:\/\/www.instagram.com\/maksyboats\/"]}]}},"jetpack_sharing_enabled":true,"_links":{"self":[{"href":"https:\/\/maksyboats.com\/es\/wp-json\/wp\/v2\/pages\/12021","targetHints":{"allow":["GET"]}}],"collection":[{"href":"https:\/\/maksyboats.com\/es\/wp-json\/wp\/v2\/pages"}],"about":[{"href":"https:\/\/maksyboats.com\/es\/wp-json\/wp\/v2\/types\/page"}],"author":[{"embeddable":true,"href":"https:\/\/maksyboats.com\/es\/wp-json\/wp\/v2\/users\/1"}],"replies":[{"embeddable":true,"href":"https:\/\/maksyboats.com\/es\/wp-json\/wp\/v2\/comments?post=12021"}],"version-history":[{"count":0,"href":"https:\/\/maksyboats.com\/es\/wp-json\/wp\/v2\/pages\/12021\/revisions"}],"wp:attachment":[{"href":"https:\/\/maksyboats.com\/es\/wp-json\/wp\/v2\/media?parent=12021"}],"wp:term":[{"taxonomy":"post_tag","embeddable":true,"href":"https:\/\/maksyboats.com\/es\/wp-json\/wp\/v2\/tags?post=12021"}],"curies":[{"name":"Gracias","href":"https:\/\/api.w.org\/{rel}","templated":true}]}}