{"id":12019,"date":"2017-02-06T11:48:56","date_gmt":"2017-02-06T11:48:56","guid":{"rendered":"http:\/\/maksyboats.com\/?page_id=12019"},"modified":"2017-02-06T13:10:53","modified_gmt":"2017-02-06T13:10:53","slug":"aviso-legal","status":"publish","type":"page","link":"https:\/\/maksyboats.com\/es\/legal-disclaimer\/","title":{"rendered":"Consejo legal"},"content":{"rendered":"<div id=\"pl-12019\"  class=\"panel-layout\" ><div id=\"pg-12019-0\"  class=\"panel-grid panel-no-style\" ><div id=\"pgc-12019-0-0\"  class=\"panel-grid-cell panel-grid-cell-empty\" ><\/div><\/div><div id=\"pg-12019-1\"  class=\"panel-grid panel-no-style\" ><div id=\"pgc-12019-1-0\"  class=\"panel-grid-cell\" ><div id=\"panel-12019-1-0-0\" class=\"so-panel widget widget_sow-editor panel-first-child panel-last-child\" data-index=\"0\" ><div\n\t\t\t\n\t\t\tclass=\"so-widget-sow-editor so-widget-sow-editor-base\"\n\t\t\t\n\t\t>\n<div class=\"siteorigin-widget-tinymce textwidget\">\n\t<p>Pavlo Myzynchuk en adelante \u201cMaksyBoats\u201d, con NIE X4664739V y domicilio en C\/ Cap de Formentor 6 CP 07011 de Palma de Mallorca y direcci\u00f3n de correo electr\u00f3nico info@maksyboats.com informa a los usuarios de esta web de su propiedad (ubicado en la URL: Http: \/\/maksyboats.com) sobre su POL\u00cdTICA DE PROTECCI\u00d3N DE DATOS PERSONALES. Dado que sus datos personales se recopilan a trav\u00e9s de su sitio web a trav\u00e9s de correo electr\u00f3nico, formularios u otros medios similares, es necesario cumplir con esta Pol\u00edtica de Protecci\u00f3n de Datos. MaksyBoats es fiel al esp\u00edritu de la Ley de Protecci\u00f3n de Datos de Car\u00e1cter Personal, aprobada por la Ley Org\u00e1nica 15\/1999, de 13 de diciembre.<\/p>\n<p>\u00a0<\/p>\n<h3>INFORMACION PERSONAL<\/h3>\n<p>A los efectos de lo dispuesto en la Ley Org\u00e1nica 15\/1999, de 13 de diciembre, de Protecci\u00f3n de Datos de Car\u00e1cter Personal, MaksyBoats informa al usuario de la existencia de un fichero automatizado de datos de car\u00e1cter personal creado por y para MaksyBoats y bajo su responsabilidad. Mediante este aviso, informamos a todos los usuarios que acceden al sitio web que nuestra pol\u00edtica de protecci\u00f3n de datos se caracteriza por un principio fundamental: la absoluta libertad del usuario para determinar si desea facilitar datos personales a MaksyBoats. Los datos personales recabados por MaksyBoats a trav\u00e9s de formularios, correo electr\u00f3nico y otros medios an\u00e1logos ser\u00e1n, por tanto, objeto de tratamiento automatizado e incorporados a los correspondientes ficheros automatizados de car\u00e1cter personal de los que MaksyBoats es titular y responsable. A tal efecto, MaksyBoats pondr\u00e1 a disposici\u00f3n de los usuarios los recursos t\u00e9cnicos adecuados para que preste y manifieste de forma inequ\u00edvoca su consentimiento a fin de que MaksyBoats proceda al tratamiento automatizado de sus datos personales, y para que, con car\u00e1cter previo a la prestaci\u00f3n del Consentimiento, Ud. puede acceder a su Pol\u00edtica de Protecci\u00f3n de Datos. La incorporaci\u00f3n al fichero y el tratamiento automatizado de los datos personales tiene como finalidad la gesti\u00f3n, administraci\u00f3n, prestaci\u00f3n, ampliaci\u00f3n y mejora de los servicios en los que el usuario decida suscribirse o darse de alta, la adecuaci\u00f3n del contenido integral del sitio web a las preferencias de los usuarios, el acceso de los usuarios v\u00eda on-line a la informaci\u00f3n relativa a la relaci\u00f3n comercial y el env\u00edo de actualizaciones de los servicios. Para todo lo anterior, MaksyBoats deber\u00e1 obtener el consentimiento previo e inequ\u00edvoco de los usuarios para tratar sus datos con finalidades distintas a las mencionadas anteriormente. MaksyBoats se compromete al cumplimiento de su obligaci\u00f3n de secreto de los datos de car\u00e1cter personal y de su deber de guardarlos, de forma que los datos facilitados por los usuarios sean tratados con absoluta confidencialidad, de acuerdo con las exigencias \u00e9ticas de MaksyBoats y la legislaci\u00f3n vigente. MaksyBoats se reserva el derecho a modificar la presente pol\u00edtica de protecci\u00f3n de datos para adaptarla a novedades legislativas o jurisprudenciales, as\u00ed como a pr\u00e1cticas de la industria. En tales supuestos, MaksyBoats anunciar\u00e1 en esta p\u00e1gina los cambios introducidos con razonable antelaci\u00f3n a su puesta en pr\u00e1ctica.<\/p>\n<p>\u00a0<\/p>\n<h3>CAR\u00c1CTER OBLIGATORIO O FACULTATIVO DE LA INFORMACI\u00d3N FACILITADA POR EL USUARIO Y VERACIDAD DE LOS DATOS<\/h3>\n<p>MaksyBoats trabaja con datos personales de los usuarios, al solicitar consultas on-line, y al suscribirse para recibir env\u00edos por correo electr\u00f3nico. Salvo en los campos en que se establezca expresamente lo contrario, las respuestas a los datos personales son voluntarias, sin que la falta de respuesta a tales preguntas implique una merma en la calidad o cantidad de los servicios correspondientes. El usuario garantiza que los datos personales facilitados a MaksyBoats son veraces, y se hace responsable de comunicar al mismo, cualquier modificaci\u00f3n de los datos facilitados.<\/p>\n<p>\u00a0<\/p>\n<h3>SEGURIDAD<\/h3>\n<p>MaksyBoats ha adoptado los niveles de seguridad de protecci\u00f3n de los Datos Personales y todas las medidas de \u00edndole t\u00e9cnica y organizativa a su alcance para tratar de evitar la alteraci\u00f3n, p\u00e9rdida, tratamiento o acceso no autorizado y robo de los Datos Personales que el usuario haya facilitado, teniendo en cuenta las limitaciones presentados por Internet, someti\u00e9ndose a lo dispuesto por la Agencia de Protecci\u00f3n de Datos, el Reglamento de Medidas de Seguridad de los ficheros automatizados que contengan datos de car\u00e1cter personal, aprobado por el Real Decreto 994\/1999, de 11 de julio, y a la normativa legal al respecto<\/p>\n<p>\u00a0<\/p>\n<h3>LOS DERECHOS DE LOS USUARIOS<\/h3>\n<p>A continuaci\u00f3n, y para mayor detalle y conocimiento de los usuarios del sitio web de MaksyBoats, presentamos una enumeraci\u00f3n de todos los derechos que la Ley ha dispuesto a favor del usuario con respecto al tratamiento de sus datos personales. Todos y cada uno de los derechos enunciados a continuaci\u00f3n se acompa\u00f1an de la referencia exacta de cada uno de los art\u00edculos del<\/p>\n<p>\u00a0<\/p>\n<\/div>\n<\/div><\/div><\/div><\/div><div id=\"pg-12019-2\"  class=\"panel-grid panel-no-style\" ><div id=\"pgc-12019-2-0\"  class=\"panel-grid-cell panel-grid-cell-empty\" ><\/div><\/div><\/div>","protected":false},"excerpt":{"rendered":"<p>Pavlo Myzynchuk en adelante \u201cMaksyBoats\u201d, con NIE X4664739V y domicilio en C\/ Cap de Formentor 6 CP 07011 de Palma de Mallorca y direcci\u00f3n de correo electr\u00f3nico info@maksyboats.com informa a los usuarios de esta web de su propiedad (ubicado en la URL: Http: \/\/maksyboats.com) sobre su POL\u00cdTICA DE PROTECCI\u00d3N DE DATOS PERSONALES. Como sus datos personales se recopilan a trav\u00e9s de su... <a title=\"Consejo legal\" class=\"read-more\" href=\"https:\/\/maksyboats.com\/es\/legal-disclaimer\/\" aria-label=\"Leer m\u00e1s sobre Legal Advice\">Leer m\u00e1s \u00bb<\/a><\/p>","protected":false},"author":1,"featured_media":0,"parent":0,"menu_order":0,"comment_status":"closed","ping_status":"closed","template":"template-builder-page.php","meta":{"generate_page_header":"","jetpack_post_was_ever_published":false,"footnotes":""},"tags":[],"class_list":["post-12019","page","type-page","status-publish"],"yoast_head":"<!-- This site is optimized with the Yoast SEO plugin v27.4 - https:\/\/yoast.com\/product\/yoast-seo-wordpress\/ -->\n<title>Legal Advice - MaksyBoats<\/title>\n<meta name=\"description\" content=\"Pavlo Myzynchuk hereinafter &quot;MaksyBoats&quot;, with NIE X4664739V and address in C \/ Cap de Formentor 6 CP 07011 of Palma de Mallorca and email address\" \/>\n<meta name=\"robots\" content=\"index, follow, max-snippet:-1, max-image-preview:large, max-video-preview:-1\" \/>\n<link rel=\"canonical\" href=\"https:\/\/maksyboats.com\/es\/aviso-legal\/\" \/>\n<meta property=\"og:locale\" content=\"es_ES\" \/>\n<meta property=\"og:type\" content=\"article\" \/>\n<meta property=\"og:title\" content=\"Legal Advice - MaksyBoats\" \/>\n<meta property=\"og:description\" content=\"Pavlo Myzynchuk hereinafter &quot;MaksyBoats&quot;, with NIE X4664739V and address in C \/ Cap de Formentor 6 CP 07011 of Palma de Mallorca and email address\" \/>\n<meta property=\"og:url\" content=\"https:\/\/maksyboats.com\/es\/aviso-legal\/\" \/>\n<meta property=\"og:site_name\" content=\"MaksyBoats\" \/>\n<meta property=\"article:publisher\" content=\"https:\/\/www.facebook.com\/maksyboats\/\" \/>\n<meta property=\"article:modified_time\" content=\"2017-02-06T13:10:53+00:00\" \/>\n<meta name=\"twitter:card\" content=\"summary_large_image\" \/>\n<meta name=\"twitter:site\" content=\"@maksyboats\" \/>\n<meta name=\"twitter:label1\" content=\"Tiempo de lectura\" \/>\n\t<meta name=\"twitter:data1\" content=\"3 minutos\" \/>\n<script type=\"application\/ld+json\" class=\"yoast-schema-graph\">{\"@context\":\"https:\\\/\\\/schema.org\",\"@graph\":[{\"@type\":\"WebPage\",\"@id\":\"https:\\\/\\\/maksyboats.com\\\/legal-disclaimer\\\/\",\"url\":\"https:\\\/\\\/maksyboats.com\\\/legal-disclaimer\\\/\",\"name\":\"Legal Advice - MaksyBoats\",\"isPartOf\":{\"@id\":\"https:\\\/\\\/maksyboats.com\\\/#website\"},\"datePublished\":\"2017-02-06T11:48:56+00:00\",\"dateModified\":\"2017-02-06T13:10:53+00:00\",\"description\":\"Pavlo Myzynchuk hereinafter \\\"MaksyBoats\\\", with NIE X4664739V and address in C \\\/ Cap de Formentor 6 CP 07011 of Palma de Mallorca and email address\",\"breadcrumb\":{\"@id\":\"https:\\\/\\\/maksyboats.com\\\/legal-disclaimer\\\/#breadcrumb\"},\"inLanguage\":\"es\",\"potentialAction\":[{\"@type\":\"ReadAction\",\"target\":[\"https:\\\/\\\/maksyboats.com\\\/legal-disclaimer\\\/\"]}]},{\"@type\":\"BreadcrumbList\",\"@id\":\"https:\\\/\\\/maksyboats.com\\\/legal-disclaimer\\\/#breadcrumb\",\"itemListElement\":[{\"@type\":\"ListItem\",\"position\":1,\"name\":\"Home\",\"item\":\"https:\\\/\\\/maksyboats.com\\\/\"},{\"@type\":\"ListItem\",\"position\":2,\"name\":\"Legal Advice\"}]},{\"@type\":\"WebSite\",\"@id\":\"https:\\\/\\\/maksyboats.com\\\/#website\",\"url\":\"https:\\\/\\\/maksyboats.com\\\/\",\"name\":\"MaksyBoats Boat Hire Mallorca\",\"description\":\"Boat Hire Mallorca, Charters, Trips &amp; much more\",\"publisher\":{\"@id\":\"https:\\\/\\\/maksyboats.com\\\/#organization\"},\"potentialAction\":[{\"@type\":\"SearchAction\",\"target\":{\"@type\":\"EntryPoint\",\"urlTemplate\":\"https:\\\/\\\/maksyboats.com\\\/?s={search_term_string}\"},\"query-input\":{\"@type\":\"PropertyValueSpecification\",\"valueRequired\":true,\"valueName\":\"search_term_string\"}}],\"inLanguage\":\"es\"},{\"@type\":\"Organization\",\"@id\":\"https:\\\/\\\/maksyboats.com\\\/#organization\",\"name\":\"MaksyBoats Boat Hire Mallorca\",\"url\":\"https:\\\/\\\/maksyboats.com\\\/\",\"logo\":{\"@type\":\"ImageObject\",\"inLanguage\":\"es\",\"@id\":\"https:\\\/\\\/maksyboats.com\\\/#\\\/schema\\\/logo\\\/image\\\/\",\"url\":\"https:\\\/\\\/i0.wp.com\\\/maksyboats.com\\\/wpm\\\/wp-content\\\/uploads\\\/2020\\\/05\\\/maksyboats-boat-hire-2020.png?fit=350%2C70&ssl=1\",\"contentUrl\":\"https:\\\/\\\/i0.wp.com\\\/maksyboats.com\\\/wpm\\\/wp-content\\\/uploads\\\/2020\\\/05\\\/maksyboats-boat-hire-2020.png?fit=350%2C70&ssl=1\",\"width\":350,\"height\":70,\"caption\":\"MaksyBoats Boat Hire Mallorca\"},\"image\":{\"@id\":\"https:\\\/\\\/maksyboats.com\\\/#\\\/schema\\\/logo\\\/image\\\/\"},\"sameAs\":[\"https:\\\/\\\/www.facebook.com\\\/maksyboats\\\/\",\"https:\\\/\\\/x.com\\\/maksyboats\",\"https:\\\/\\\/www.instagram.com\\\/maksyboats\\\/\"]}]}<\/script>\n<!-- \/ Yoast SEO plugin. -->","yoast_head_json":{"title":"Aviso Legal - MaksyBoats","description":"Pavlo Myzynchuk en adelante \u201cMaksyBoats\u201d, con NIE X4664739V y domicilio en C\/ Cap de Formentor 6 CP 07011 de Palma de Mallorca y direcci\u00f3n de correo electr\u00f3nico","robots":{"index":"index","follow":"follow","max-snippet":"max-snippet:-1","max-image-preview":"max-image-preview:large","max-video-preview":"max-video-preview:-1"},"canonical":"https:\/\/maksyboats.com\/es\/aviso-legal\/","og_locale":"es_ES","og_type":"article","og_title":"Legal Advice - MaksyBoats","og_description":"Pavlo Myzynchuk hereinafter \"MaksyBoats\", with NIE X4664739V and address in C \/ Cap de Formentor 6 CP 07011 of Palma de Mallorca and email address","og_url":"https:\/\/maksyboats.com\/es\/aviso-legal\/","og_site_name":"MaksyBoats","article_publisher":"https:\/\/www.facebook.com\/maksyboats\/","article_modified_time":"2017-02-06T13:10:53+00:00","twitter_card":"summary_large_image","twitter_site":"@maksyboats","twitter_misc":{"Tiempo de lectura":"3 minutos"},"schema":{"@context":"https:\/\/schema.org","@graph":[{"@type":"WebPage","@id":"https:\/\/maksyboats.com\/legal-disclaimer\/","url":"https:\/\/maksyboats.com\/legal-disclaimer\/","name":"Aviso Legal - MaksyBoats","isPartOf":{"@id":"https:\/\/maksyboats.com\/#website"},"datePublished":"2017-02-06T11:48:56+00:00","dateModified":"2017-02-06T13:10:53+00:00","description":"Pavlo Myzynchuk en adelante \u201cMaksyBoats\u201d, con NIE X4664739V y domicilio en C\/ Cap de Formentor 6 CP 07011 de Palma de Mallorca y direcci\u00f3n de correo electr\u00f3nico","breadcrumb":{"@id":"https:\/\/maksyboats.com\/legal-disclaimer\/#breadcrumb"},"inLanguage":"es","potentialAction":[{"@type":"ReadAction","target":["https:\/\/maksyboats.com\/legal-disclaimer\/"]}]},{"@type":"BreadcrumbList","@id":"https:\/\/maksyboats.com\/legal-disclaimer\/#breadcrumb","itemListElement":[{"@type":"ListItem","position":1,"name":"Home","item":"https:\/\/maksyboats.com\/"},{"@type":"ListItem","position":2,"name":"Legal Advice"}]},{"@type":"WebSite","@id":"https:\/\/maksyboats.com\/#website","url":"https:\/\/maksyboats.com\/","name":"Alquiler de barcos MaksyBoats Mallorca","description":"Alquiler de barcos en Mallorca, charters, viajes y mucho m\u00e1s","publisher":{"@id":"https:\/\/maksyboats.com\/#organization"},"potentialAction":[{"@type":"SearchAction","target":{"@type":"EntryPoint","urlTemplate":"https:\/\/maksyboats.com\/?s={search_term_string}"},"query-input":{"@type":"PropertyValueSpecification","valueRequired":true,"valueName":"search_term_string"}}],"inLanguage":"es"},{"@type":"Organization","@id":"https:\/\/maksyboats.com\/#organization","name":"Alquiler de barcos MaksyBoats Mallorca","url":"https:\/\/maksyboats.com\/","logo":{"@type":"ImageObject","inLanguage":"es","@id":"https:\/\/maksyboats.com\/#\/schema\/logo\/image\/","url":"https:\/\/i0.wp.com\/maksyboats.com\/wpm\/wp-content\/uploads\/2020\/05\/maksyboats-boat-hire-2020.png?fit=350%2C70&ssl=1","contentUrl":"https:\/\/i0.wp.com\/maksyboats.com\/wpm\/wp-content\/uploads\/2020\/05\/maksyboats-boat-hire-2020.png?fit=350%2C70&ssl=1","width":350,"height":70,"caption":"MaksyBoats Boat Hire Mallorca"},"image":{"@id":"https:\/\/maksyboats.com\/#\/schema\/logo\/image\/"},"sameAs":["https:\/\/www.facebook.com\/maksyboats\/","https:\/\/x.com\/maksyboats","https:\/\/www.instagram.com\/maksyboats\/"]}]}},"jetpack_sharing_enabled":true,"_links":{"self":[{"href":"https:\/\/maksyboats.com\/es\/wp-json\/wp\/v2\/pages\/12019","targetHints":{"allow":["GET"]}}],"collection":[{"href":"https:\/\/maksyboats.com\/es\/wp-json\/wp\/v2\/pages"}],"about":[{"href":"https:\/\/maksyboats.com\/es\/wp-json\/wp\/v2\/types\/page"}],"author":[{"embeddable":true,"href":"https:\/\/maksyboats.com\/es\/wp-json\/wp\/v2\/users\/1"}],"replies":[{"embeddable":true,"href":"https:\/\/maksyboats.com\/es\/wp-json\/wp\/v2\/comments?post=12019"}],"version-history":[{"count":0,"href":"https:\/\/maksyboats.com\/es\/wp-json\/wp\/v2\/pages\/12019\/revisions"}],"wp:attachment":[{"href":"https:\/\/maksyboats.com\/es\/wp-json\/wp\/v2\/media?parent=12019"}],"wp:term":[{"taxonomy":"post_tag","embeddable":true,"href":"https:\/\/maksyboats.com\/es\/wp-json\/wp\/v2\/tags?post=12019"}],"curies":[{"name":"Gracias","href":"https:\/\/api.w.org\/{rel}","templated":true}]}}