{"id":11971,"date":"2017-01-15T12:38:54","date_gmt":"2017-01-15T12:38:54","guid":{"rendered":"http:\/\/maksyboats.com\/?page_id=11971"},"modified":"2018-04-13T09:54:52","modified_gmt":"2018-04-13T09:54:52","slug":"llaut-mallorquin-copino-vs-47","status":"publish","type":"page","link":"https:\/\/maksyboats.com\/es\/motor-boat-charters\/llaut-mallorquin-copino-vs-47\/","title":{"rendered":"Llaut Copino VS-47"},"content":{"rendered":"<div id=\"pl-11971\"  class=\"panel-layout\" ><div id=\"pg-11971-0\"  class=\"panel-grid panel-no-style\" ><div id=\"pgc-11971-0-0\"  class=\"panel-grid-cell panel-grid-cell-empty\" ><\/div><\/div><div id=\"pg-11971-1\"  class=\"panel-grid panel-no-style\" ><div id=\"pgc-11971-1-0\"  class=\"panel-grid-cell\" ><div id=\"panel-11971-1-0-0\" class=\"so-panel widget widget_sow-editor panel-first-child panel-last-child\" data-index=\"0\" ><div\n\t\t\t\n\t\t\tclass=\"so-widget-sow-editor so-widget-sow-editor-base\"\n\t\t\t\n\t\t><h3 class=\"widget-title\">Overview<\/h3>\n<div class=\"siteorigin-widget-tinymce textwidget\">\n\t<p>Traditional Mallorquin Llaut with a maximum capacity of 7 people + skipper and provided with 2 x 150 HP outboard engines.\u00a0<\/p>\n<ul>\n<li>Excellent for Day Trips<\/li>\n<li>Explore the coast\u00a0and get to hidden places<\/li>\n<li>Enjoy swimming and snorkeling in crystal clear waters<\/li>\n<\/ul>\n<\/div>\n<\/div><\/div><\/div><div id=\"pgc-11971-1-1\"  class=\"panel-grid-cell\" ><div id=\"panel-11971-1-1-0\" class=\"so-panel widget widget_sow-editor panel-first-child panel-last-child\" data-index=\"1\" ><div\n\t\t\t\n\t\t\tclass=\"so-widget-sow-editor so-widget-sow-editor-base\"\n\t\t\t\n\t\t><h3 class=\"widget-title\">Technical Details<\/h3>\n<div class=\"siteorigin-widget-tinymce textwidget\">\n\t<table class=\"table table-striped\" width=\"100%\">\n<thead>\n<tr>\n<th>Model<\/th>\n<th>Llaut Copino VS-47<\/th>\n<\/tr>\n<\/thead>\n<tbody>\n<tr>\n<td>Length<\/td>\n<td>9,24 meters<\/td>\n<\/tr>\n<tr>\n<td>Engine<\/td>\n<td>outboard, 2 x 150 HP<\/td>\n<\/tr>\n<tr>\n<td>Capacity<\/td>\n<td>7 pax + skipper<\/td>\n<\/tr>\n<tr>\n<td>Location<\/td>\n<td><a href=\"http:\/\/maksyboats.com\/locations\/port-de-soller\/\">Port de S\u00f3ller<\/a><\/td>\n<\/tr>\n<tr>\n<td>License required<\/td>\n<td>Powerboat license<\/td>\n<\/tr>\n<\/tbody>\n<\/table>\n<\/div>\n<\/div><\/div><\/div><\/div><div id=\"pg-11971-2\"  class=\"panel-grid panel-no-style\" ><div id=\"pgc-11971-2-0\"  class=\"panel-grid-cell\" ><div id=\"panel-11971-2-0-0\" class=\"so-panel widget widget_sow-editor panel-first-child panel-last-child\" data-index=\"2\" ><div\n\t\t\t\n\t\t\tclass=\"so-widget-sow-editor so-widget-sow-editor-base\"\n\t\t\t\n\t\t><h3 class=\"widget-title\">Gallery<\/h3>\n<div class=\"siteorigin-widget-tinymce textwidget\">\n\t<p><p class=\"jetpack-slideshow-noscript robots-nocontent\">El pase de diapositivas requiere JavaScript.<\/p>\n<div id=\"gallery-11971-1-slideshow\" class=\"jetpack-slideshow-window jetpack-slideshow jetpack-slideshow-black\" data-trans=\"fade\" data-autostart=\"1\" data-gallery=\"[{&quot;src&quot;:&quot;https:\\\/\\\/i0.wp.com\\\/maksyboats.com\\\/wpm\\\/wp-content\\\/uploads\\\/2017\\\/01\\\/mallorca-llaut-charter-port-soller-rental-1.jpg?fit=960%2C638\\u0026ssl=1&quot;,&quot;id&quot;:&quot;11972&quot;,&quot;title&quot;:&quot;mallorca-llaut-charter-port-soller-rental-1&quot;,&quot;alt&quot;:&quot;&quot;,&quot;caption&quot;:&quot;&quot;,&quot;itemprop&quot;:&quot;image&quot;},{&quot;src&quot;:&quot;https:\\\/\\\/i0.wp.com\\\/maksyboats.com\\\/wpm\\\/wp-content\\\/uploads\\\/2017\\\/01\\\/mallorca-llaut-charter-port-soller-rental-2.jpg?fit=960%2C638\\u0026ssl=1&quot;,&quot;id&quot;:&quot;11973&quot;,&quot;title&quot;:&quot;mallorca-llaut-charter-port-soller-rental-2&quot;,&quot;alt&quot;:&quot;&quot;,&quot;caption&quot;:&quot;&quot;,&quot;itemprop&quot;:&quot;image&quot;},{&quot;src&quot;:&quot;https:\\\/\\\/i0.wp.com\\\/maksyboats.com\\\/wpm\\\/wp-content\\\/uploads\\\/2017\\\/01\\\/mallorca-llaut-charter-port-soller-rental-3.jpg?fit=960%2C638\\u0026ssl=1&quot;,&quot;id&quot;:&quot;11974&quot;,&quot;title&quot;:&quot;mallorca-llaut-charter-port-soller-rental-3&quot;,&quot;alt&quot;:&quot;&quot;,&quot;caption&quot;:&quot;&quot;,&quot;itemprop&quot;:&quot;image&quot;}]\" itemscope itemtype=\"https:\/\/schema.org\/ImageGallery\"><\/div><\/p>\n<\/div>\n<\/div><\/div><\/div><\/div><div id=\"pg-11971-3\"  class=\"panel-grid panel-no-style\" ><div id=\"pgc-11971-3-0\"  class=\"panel-grid-cell\" ><div id=\"panel-11971-3-0-0\" class=\"so-panel widget widget_sow-editor panel-first-child\" data-index=\"3\" ><div\n\t\t\t\n\t\t\tclass=\"so-widget-sow-editor so-widget-sow-editor-base\"\n\t\t\t\n\t\t><h3 class=\"widget-title\">Pricing<\/h3>\n<div class=\"siteorigin-widget-tinymce textwidget\">\n\t<table class=\"buildpress-table\" width=\"100%\">\n<thead>\n<tr>\n<th>Rental<\/th>\n<th>With Skipper<\/th>\n<\/tr>\n<\/thead>\n<tbody>\n<tr>\n<td>Half\u00a0Day, 4 hours<\/td>\n<td><strong>550 \u20ac<\/strong><\/td>\n<\/tr>\n<tr>\n<td>Full Day, 8 hours<\/td>\n<td><strong>840 \u20ac<\/strong><\/td>\n<\/tr>\n<tr>\n<td>Sunset, 2 hours<\/td>\n<td><strong>245 \u20ac<\/strong><\/td>\n<\/tr>\n<tr>\n<td>Other, ask for a quote<\/td>\n<td>Quote<\/td>\n<\/tr>\n<\/tbody>\n<\/table>\n<\/div>\n<\/div><\/div><div id=\"panel-11971-3-0-1\" class=\"so-panel widget widget_sow-button panel-last-child\" data-index=\"4\" ><div\n\t\t\t\n\t\t\tclass=\"so-widget-sow-button so-widget-sow-button-atom-0899c9053e48-11971\"\n\t\t\t\n\t\t><div class=\"ow-button-base ow-button-align-center\"\n>\n\t\t\t<a\n\t\t\t\t\thref=\"#booking_form_row\"\n\t\t\t\t\tclass=\"sowb-button ow-icon-placement-left ow-button-hover\" \t>\n\t\t<span>\n\t\t\t<span class=\"sow-icon-fontawesome sow-fas\" data-sow-icon=\"&#xf00c;\"\n\t\tstyle=\"color: #5eba39\" \n\t\taria-hidden=\"true\"><\/span>\n\t\t\tBook Now!\t\t<\/span>\n\t\t\t<\/a>\n\t<\/div>\n<\/div><\/div><\/div><div id=\"pgc-11971-3-1\"  class=\"panel-grid-cell panel-grid-cell-empty\" ><\/div><div id=\"pgc-11971-3-2\"  class=\"panel-grid-cell\" ><div id=\"panel-11971-3-2-0\" class=\"so-panel widget widget_sow-editor panel-first-child\" data-index=\"5\" ><div\n\t\t\t\n\t\t\tclass=\"so-widget-sow-editor so-widget-sow-editor-base\"\n\t\t\t\n\t\t><h3 class=\"widget-title\">What's Included?<\/h3>\n<div class=\"siteorigin-widget-tinymce textwidget\">\n\t<h4>\u2713\u00a0Professional Skipper<\/h4>\n<h4>\u2713\u00a0FUEL<\/h4>\n<h4>\u2713\u00a0Tasting menu (8 or 4 hours)<\/h4>\n<h4>\u2713\u00a0Glass of wine (sunset)<\/h4>\n<h4>\u2713\u00a0Life vest for all occupants<\/h4>\n<h4>\u2713\u00a0Folding sun canopy<\/h4>\n<h4>\u2713\u00a0Bathing ladder<\/h4>\n<h4>\u2713\u00a0Comprehensive insurance<\/h4>\n<h4>\u2713\u00a0VAT not included in price<\/h4>\n<\/div>\n<\/div><\/div><div id=\"panel-11971-3-2-1\" class=\"so-panel widget widget_sow-editor panel-last-child\" data-index=\"6\" ><div\n\t\t\t\n\t\t\tclass=\"so-widget-sow-editor so-widget-sow-editor-base\"\n\t\t\t\n\t\t><h3 class=\"widget-title\">Accesories<\/h3>\n<div class=\"siteorigin-widget-tinymce textwidget\">\n\t<p>We can provide different\u00a0accessories for great enjoyment (not included in the price)<\/p>\n<h4>\u2713\u00a0Snorkeling gear<\/h4>\n<\/div>\n<\/div><\/div><\/div><\/div><div id=\"pg-11971-4\"  class=\"panel-grid panel-no-style\" ><div id=\"pgc-11971-4-0\"  class=\"panel-grid-cell\" ><div id=\"panel-11971-4-0-0\" class=\"so-panel widget widget_sow-editor panel-first-child panel-last-child\" data-index=\"7\" ><div\n\t\t\t\n\t\t\tclass=\"so-widget-sow-editor so-widget-sow-editor-base\"\n\t\t\t\n\t\t><h3 class=\"widget-title\">Location<\/h3>\n<div class=\"siteorigin-widget-tinymce textwidget\">\n\t<h3>Port de S\u00f3ller<\/h3>\n<p><a href=\"http:\/\/maksyboats.com\/locations\/port-de-soller\/\">View more details about this location \u00bb<\/a><\/p>\n<p><iframe src=\"https:\/\/www.google.com\/maps\/embed?pb=!1m18!1m12!1m3!1d3065.4573425158487!2d2.6934293156820996!3d39.796731979442015!2m3!1f0!2f0!3f0!3m2!1i1024!2i768!4f13.1!3m3!1m2!1s0x1297e5e297382553%3A0x1a662c6dd9e5d7ca!2sMaksyBoats!5e0!3m2!1ses!2ses!4v1477645777004\" width=\"100%\" height=\"300\" frameborder=\"0\" style=\"border:0\" allowfullscreen><\/iframe><\/p>\n<\/div>\n<\/div><\/div><\/div><\/div><div id=\"pg-11971-5\"  class=\"panel-grid panel-has-style\" ><div id=\"booking_form_row\" class=\"panel-row-style panel-row-style-for-11971-5\" ><div id=\"pgc-11971-5-0\"  class=\"panel-grid-cell\" ><div id=\"panel-11971-5-0-0\" class=\"so-panel widget widget_sow-editor panel-first-child\" data-index=\"8\" ><div\n\t\t\t\n\t\t\tclass=\"so-widget-sow-editor so-widget-sow-editor-base\"\n\t\t\t\n\t\t><h3 class=\"widget-title\">Book it now!<\/h3>\n<div class=\"siteorigin-widget-tinymce textwidget\">\n\t<div id=\"booking_form\">\n<figure id=\"attachment_11973\" aria-describedby=\"caption-attachment-11973\" style=\"width: 950px\" class=\"wp-caption alignnone\"><img fetchpriority=\"high\" data-recalc-dims=\"1\" fetchpriority=\"high\" decoding=\"async\" class=\"wp-image-11973 size-full\" src=\"https:\/\/i0.wp.com\/maksyboats.com\/wpm\/wp-content\/uploads\/2017\/01\/mallorca-llaut-charter-port-soller-rental-2.jpg?resize=960%2C638\" width=\"960\" height=\"638\" srcset=\"https:\/\/i0.wp.com\/maksyboats.com\/wpm\/wp-content\/uploads\/2017\/01\/mallorca-llaut-charter-port-soller-rental-2.jpg?w=960&amp;ssl=1 960w, https:\/\/i0.wp.com\/maksyboats.com\/wpm\/wp-content\/uploads\/2017\/01\/mallorca-llaut-charter-port-soller-rental-2.jpg?resize=300%2C199&amp;ssl=1 300w, https:\/\/i0.wp.com\/maksyboats.com\/wpm\/wp-content\/uploads\/2017\/01\/mallorca-llaut-charter-port-soller-rental-2.jpg?resize=768%2C510&amp;ssl=1 768w, https:\/\/i0.wp.com\/maksyboats.com\/wpm\/wp-content\/uploads\/2017\/01\/mallorca-llaut-charter-port-soller-rental-2.jpg?resize=30%2C20&amp;ssl=1 30w, https:\/\/i0.wp.com\/maksyboats.com\/wpm\/wp-content\/uploads\/2017\/01\/mallorca-llaut-charter-port-soller-rental-2.jpg?resize=360%2C240&amp;ssl=1 360w, https:\/\/i0.wp.com\/maksyboats.com\/wpm\/wp-content\/uploads\/2017\/01\/mallorca-llaut-charter-port-soller-rental-2.jpg?resize=555%2C369&amp;ssl=1 555w, https:\/\/i0.wp.com\/maksyboats.com\/wpm\/wp-content\/uploads\/2017\/01\/mallorca-llaut-charter-port-soller-rental-2.jpg?resize=272%2C182&amp;ssl=1 272w\" sizes=\"(max-width: 960px) 100vw, 960px\" \/><figcaption id=\"caption-attachment-11973\" class=\"wp-caption-text\">Mallorquin Llaut Copino VS47<\/figcaption><\/figure>\n<p style=\"margin: 40px 0;\">Fill out the <strong>booking\u00a0request form<\/strong> with your data. We will respond as soon as possible, thanks.<\/p>\n<p>[contact-form-7 id=\"11790\" title=\"Booking Request\"]<\/p>\n<\/div>\n<\/div>\n<\/div><\/div><div id=\"panel-11971-5-0-1\" class=\"so-panel widget widget_sow-editor panel-last-child\" data-index=\"9\" ><div\n\t\t\t\n\t\t\tclass=\"so-widget-sow-editor so-widget-sow-editor-base\"\n\t\t\t\n\t\t>\n<div class=\"siteorigin-widget-tinymce textwidget\">\n\t<h4 style=\"margin-bottom:15px\">About the booking process<\/h4>\n<p><strong>1.<\/strong> You decide which day (or days) you want to book the boat, and send the reservation request<\/p>\n<p><strong>2.<\/strong> In a few minutes we review your request, we talk to you, we specify details and...<\/p>\n<p><strong>3.<\/strong> You enjoy your boat!<\/p>\n<p>* If you have any questions, please <a href=\"http:\/\/maksyboats.com\/contact\/\">contact us<\/a><\/p>\n<\/div>\n<\/div><\/div><\/div><div id=\"pgc-11971-5-1\"  class=\"panel-grid-cell panel-grid-cell-empty panel-grid-cell-mobile-last\" ><\/div><div id=\"pgc-11971-5-2\"  class=\"panel-grid-cell panel-grid-cell-empty\" ><\/div><\/div><\/div><\/div>","protected":false},"excerpt":{"rendered":"<p>Llaut Mallorquin tradicional con una capacidad m\u00e1xima de 7 personas + patr\u00f3n y provisto de 2 motores fueraborda de 150 HP. Excelente para excursiones de un d\u00eda Explore la costa y llegue a lugares ocultos Disfrute de la nataci\u00f3n y el esn\u00f3rquel en aguas cristalinas ModeloLlaut Copino VS-47 Longitud 9,24 metros Motor externo, 2 x 150 HP Capacidad 7 pax + patr\u00f3n Ubicaci\u00f3n Puerto de S\u00f3ller Licencia requerida<\/p>","protected":false},"author":1,"featured_media":11973,"parent":12116,"menu_order":0,"comment_status":"closed","ping_status":"closed","template":"","meta":{"generate_page_header":"","jetpack_post_was_ever_published":false,"footnotes":""},"tags":[68],"class_list":{"0":"post-11971","1":"page","2":"type-page","3":"status-publish","4":"has-post-thumbnail","6":"tag-sunset-charter"},"yoast_head":"<!-- This site is optimized with the Yoast SEO plugin v27.4 - https:\/\/yoast.com\/product\/yoast-seo-wordpress\/ -->\n<title>Llaut Copino VS-47 - MaksyBoats<\/title>\n<meta name=\"description\" content=\"Overview Traditional Mallorquin Llaut with a maximum capacity of 7 people + skipper and provided with 2 x 150 HP outboard engines.\u00a0Excellent for Day\" \/>\n<meta name=\"robots\" content=\"index, follow, max-snippet:-1, max-image-preview:large, max-video-preview:-1\" \/>\n<link rel=\"canonical\" href=\"https:\/\/maksyboats.com\/es\/alquiler-de-barcos-a-motor\/llaut-mallorquin-copino-vs-47\/\" \/>\n<meta property=\"og:locale\" content=\"es_ES\" \/>\n<meta property=\"og:type\" content=\"article\" \/>\n<meta property=\"og:title\" content=\"Llaut Copino VS-47 - MaksyBoats\" \/>\n<meta property=\"og:description\" content=\"Overview Traditional Mallorquin Llaut with a maximum capacity of 7 people + skipper and provided with 2 x 150 HP outboard engines.\u00a0Excellent for Day\" \/>\n<meta property=\"og:url\" content=\"https:\/\/maksyboats.com\/es\/alquiler-de-barcos-a-motor\/llaut-mallorquin-copino-vs-47\/\" \/>\n<meta property=\"og:site_name\" content=\"MaksyBoats\" \/>\n<meta property=\"article:publisher\" content=\"https:\/\/www.facebook.com\/maksyboats\/\" \/>\n<meta property=\"article:modified_time\" content=\"2018-04-13T09:54:52+00:00\" \/>\n<meta property=\"og:image\" content=\"https:\/\/i2.wp.com\/maksyboats.com\/wpm\/wp-content\/uploads\/2017\/01\/mallorca-llaut-charter-port-soller-rental-2.jpg?fit=960%2C638&ssl=1\" \/>\n\t<meta property=\"og:image:width\" content=\"960\" \/>\n\t<meta property=\"og:image:height\" content=\"638\" \/>\n\t<meta property=\"og:image:type\" content=\"image\/jpeg\" \/>\n<meta name=\"twitter:card\" content=\"summary_large_image\" \/>\n<meta name=\"twitter:site\" content=\"@maksyboats\" \/>\n<meta name=\"twitter:label1\" content=\"Tiempo de lectura\" \/>\n\t<meta name=\"twitter:data1\" content=\"1 minuto\" \/>\n<script type=\"application\/ld+json\" class=\"yoast-schema-graph\">{\"@context\":\"https:\\\/\\\/schema.org\",\"@graph\":[{\"@type\":\"WebPage\",\"@id\":\"https:\\\/\\\/maksyboats.com\\\/motor-boat-charters\\\/llaut-mallorquin-copino-vs-47\\\/\",\"url\":\"https:\\\/\\\/maksyboats.com\\\/motor-boat-charters\\\/llaut-mallorquin-copino-vs-47\\\/\",\"name\":\"Llaut Copino VS-47 - MaksyBoats\",\"isPartOf\":{\"@id\":\"https:\\\/\\\/maksyboats.com\\\/#website\"},\"primaryImageOfPage\":{\"@id\":\"https:\\\/\\\/maksyboats.com\\\/motor-boat-charters\\\/llaut-mallorquin-copino-vs-47\\\/#primaryimage\"},\"image\":{\"@id\":\"https:\\\/\\\/maksyboats.com\\\/motor-boat-charters\\\/llaut-mallorquin-copino-vs-47\\\/#primaryimage\"},\"thumbnailUrl\":\"https:\\\/\\\/i0.wp.com\\\/maksyboats.com\\\/wpm\\\/wp-content\\\/uploads\\\/2017\\\/01\\\/mallorca-llaut-charter-port-soller-rental-2.jpg?fit=960%2C638&ssl=1\",\"datePublished\":\"2017-01-15T12:38:54+00:00\",\"dateModified\":\"2018-04-13T09:54:52+00:00\",\"description\":\"Overview Traditional Mallorquin Llaut with a maximum capacity of 7 people + skipper and provided with 2 x 150 HP outboard engines.\u00a0Excellent for Day\",\"breadcrumb\":{\"@id\":\"https:\\\/\\\/maksyboats.com\\\/motor-boat-charters\\\/llaut-mallorquin-copino-vs-47\\\/#breadcrumb\"},\"inLanguage\":\"es\",\"potentialAction\":[{\"@type\":\"ReadAction\",\"target\":[\"https:\\\/\\\/maksyboats.com\\\/motor-boat-charters\\\/llaut-mallorquin-copino-vs-47\\\/\"]}]},{\"@type\":\"ImageObject\",\"inLanguage\":\"es\",\"@id\":\"https:\\\/\\\/maksyboats.com\\\/motor-boat-charters\\\/llaut-mallorquin-copino-vs-47\\\/#primaryimage\",\"url\":\"https:\\\/\\\/i0.wp.com\\\/maksyboats.com\\\/wpm\\\/wp-content\\\/uploads\\\/2017\\\/01\\\/mallorca-llaut-charter-port-soller-rental-2.jpg?fit=960%2C638&ssl=1\",\"contentUrl\":\"https:\\\/\\\/i0.wp.com\\\/maksyboats.com\\\/wpm\\\/wp-content\\\/uploads\\\/2017\\\/01\\\/mallorca-llaut-charter-port-soller-rental-2.jpg?fit=960%2C638&ssl=1\",\"width\":960,\"height\":638},{\"@type\":\"BreadcrumbList\",\"@id\":\"https:\\\/\\\/maksyboats.com\\\/motor-boat-charters\\\/llaut-mallorquin-copino-vs-47\\\/#breadcrumb\",\"itemListElement\":[{\"@type\":\"ListItem\",\"position\":1,\"name\":\"Home\",\"item\":\"https:\\\/\\\/maksyboats.com\\\/\"},{\"@type\":\"ListItem\",\"position\":2,\"name\":\"Motor Boat Charters\",\"item\":\"https:\\\/\\\/maksyboats.com\\\/motor-boat-charters\\\/\"},{\"@type\":\"ListItem\",\"position\":3,\"name\":\"Llaut Copino VS-47\"}]},{\"@type\":\"WebSite\",\"@id\":\"https:\\\/\\\/maksyboats.com\\\/#website\",\"url\":\"https:\\\/\\\/maksyboats.com\\\/\",\"name\":\"MaksyBoats Boat Hire Mallorca\",\"description\":\"Boat Hire Mallorca, Charters, Trips &amp; much more\",\"publisher\":{\"@id\":\"https:\\\/\\\/maksyboats.com\\\/#organization\"},\"potentialAction\":[{\"@type\":\"SearchAction\",\"target\":{\"@type\":\"EntryPoint\",\"urlTemplate\":\"https:\\\/\\\/maksyboats.com\\\/?s={search_term_string}\"},\"query-input\":{\"@type\":\"PropertyValueSpecification\",\"valueRequired\":true,\"valueName\":\"search_term_string\"}}],\"inLanguage\":\"es\"},{\"@type\":\"Organization\",\"@id\":\"https:\\\/\\\/maksyboats.com\\\/#organization\",\"name\":\"MaksyBoats Boat Hire Mallorca\",\"url\":\"https:\\\/\\\/maksyboats.com\\\/\",\"logo\":{\"@type\":\"ImageObject\",\"inLanguage\":\"es\",\"@id\":\"https:\\\/\\\/maksyboats.com\\\/#\\\/schema\\\/logo\\\/image\\\/\",\"url\":\"https:\\\/\\\/i0.wp.com\\\/maksyboats.com\\\/wpm\\\/wp-content\\\/uploads\\\/2020\\\/05\\\/maksyboats-boat-hire-2020.png?fit=350%2C70&ssl=1\",\"contentUrl\":\"https:\\\/\\\/i0.wp.com\\\/maksyboats.com\\\/wpm\\\/wp-content\\\/uploads\\\/2020\\\/05\\\/maksyboats-boat-hire-2020.png?fit=350%2C70&ssl=1\",\"width\":350,\"height\":70,\"caption\":\"MaksyBoats Boat Hire Mallorca\"},\"image\":{\"@id\":\"https:\\\/\\\/maksyboats.com\\\/#\\\/schema\\\/logo\\\/image\\\/\"},\"sameAs\":[\"https:\\\/\\\/www.facebook.com\\\/maksyboats\\\/\",\"https:\\\/\\\/x.com\\\/maksyboats\",\"https:\\\/\\\/www.instagram.com\\\/maksyboats\\\/\"]}]}<\/script>\n<!-- \/ Yoast SEO plugin. -->","yoast_head_json":{"title":"Llaut Copino VS-47 - MaksyBoats","description":"Resumen Llaut tradicional mallorqu\u00edn con una capacidad m\u00e1xima de 7 personas + patr\u00f3n y provisto de 2 motores fueraborda de 150 HP. Excelente para el d\u00eda","robots":{"index":"index","follow":"follow","max-snippet":"max-snippet:-1","max-image-preview":"max-image-preview:large","max-video-preview":"max-video-preview:-1"},"canonical":"https:\/\/maksyboats.com\/es\/alquiler-de-barcos-a-motor\/llaut-mallorquin-copino-vs-47\/","og_locale":"es_ES","og_type":"article","og_title":"Llaut Copino VS-47 - MaksyBoats","og_description":"Overview Traditional Mallorquin Llaut with a maximum capacity of 7 people + skipper and provided with 2 x 150 HP outboard engines.\u00a0Excellent for Day","og_url":"https:\/\/maksyboats.com\/es\/alquiler-de-barcos-a-motor\/llaut-mallorquin-copino-vs-47\/","og_site_name":"MaksyBoats","article_publisher":"https:\/\/www.facebook.com\/maksyboats\/","article_modified_time":"2018-04-13T09:54:52+00:00","og_image":[{"width":960,"height":638,"url":"https:\/\/i2.wp.com\/maksyboats.com\/wpm\/wp-content\/uploads\/2017\/01\/mallorca-llaut-charter-port-soller-rental-2.jpg?fit=960%2C638&ssl=1","type":"image\/jpeg"}],"twitter_card":"summary_large_image","twitter_site":"@maksyboats","twitter_misc":{"Tiempo de lectura":"1 minuto"},"schema":{"@context":"https:\/\/schema.org","@graph":[{"@type":"WebPage","@id":"https:\/\/maksyboats.com\/motor-boat-charters\/llaut-mallorquin-copino-vs-47\/","url":"https:\/\/maksyboats.com\/motor-boat-charters\/llaut-mallorquin-copino-vs-47\/","name":"Llaut Copino VS-47 - MaksyBoats","isPartOf":{"@id":"https:\/\/maksyboats.com\/#website"},"primaryImageOfPage":{"@id":"https:\/\/maksyboats.com\/motor-boat-charters\/llaut-mallorquin-copino-vs-47\/#primaryimage"},"image":{"@id":"https:\/\/maksyboats.com\/motor-boat-charters\/llaut-mallorquin-copino-vs-47\/#primaryimage"},"thumbnailUrl":"https:\/\/i0.wp.com\/maksyboats.com\/wpm\/wp-content\/uploads\/2017\/01\/mallorca-llaut-charter-port-soller-rental-2.jpg?fit=960%2C638&ssl=1","datePublished":"2017-01-15T12:38:54+00:00","dateModified":"2018-04-13T09:54:52+00:00","description":"Resumen Llaut tradicional mallorqu\u00edn con una capacidad m\u00e1xima de 7 personas + patr\u00f3n y provisto de 2 motores fueraborda de 150 HP. Excelente para el d\u00eda","breadcrumb":{"@id":"https:\/\/maksyboats.com\/motor-boat-charters\/llaut-mallorquin-copino-vs-47\/#breadcrumb"},"inLanguage":"es","potentialAction":[{"@type":"ReadAction","target":["https:\/\/maksyboats.com\/motor-boat-charters\/llaut-mallorquin-copino-vs-47\/"]}]},{"@type":"ImageObject","inLanguage":"es","@id":"https:\/\/maksyboats.com\/motor-boat-charters\/llaut-mallorquin-copino-vs-47\/#primaryimage","url":"https:\/\/i0.wp.com\/maksyboats.com\/wpm\/wp-content\/uploads\/2017\/01\/mallorca-llaut-charter-port-soller-rental-2.jpg?fit=960%2C638&ssl=1","contentUrl":"https:\/\/i0.wp.com\/maksyboats.com\/wpm\/wp-content\/uploads\/2017\/01\/mallorca-llaut-charter-port-soller-rental-2.jpg?fit=960%2C638&ssl=1","width":960,"height":638},{"@type":"BreadcrumbList","@id":"https:\/\/maksyboats.com\/motor-boat-charters\/llaut-mallorquin-copino-vs-47\/#breadcrumb","itemListElement":[{"@type":"ListItem","position":1,"name":"Home","item":"https:\/\/maksyboats.com\/"},{"@type":"ListItem","position":2,"name":"Motor Boat Charters","item":"https:\/\/maksyboats.com\/motor-boat-charters\/"},{"@type":"ListItem","position":3,"name":"Llaut Copino VS-47"}]},{"@type":"WebSite","@id":"https:\/\/maksyboats.com\/#website","url":"https:\/\/maksyboats.com\/","name":"Alquiler de barcos MaksyBoats Mallorca","description":"Alquiler de barcos en Mallorca, charters, viajes y mucho m\u00e1s","publisher":{"@id":"https:\/\/maksyboats.com\/#organization"},"potentialAction":[{"@type":"SearchAction","target":{"@type":"EntryPoint","urlTemplate":"https:\/\/maksyboats.com\/?s={search_term_string}"},"query-input":{"@type":"PropertyValueSpecification","valueRequired":true,"valueName":"search_term_string"}}],"inLanguage":"es"},{"@type":"Organization","@id":"https:\/\/maksyboats.com\/#organization","name":"Alquiler de barcos MaksyBoats Mallorca","url":"https:\/\/maksyboats.com\/","logo":{"@type":"ImageObject","inLanguage":"es","@id":"https:\/\/maksyboats.com\/#\/schema\/logo\/image\/","url":"https:\/\/i0.wp.com\/maksyboats.com\/wpm\/wp-content\/uploads\/2020\/05\/maksyboats-boat-hire-2020.png?fit=350%2C70&ssl=1","contentUrl":"https:\/\/i0.wp.com\/maksyboats.com\/wpm\/wp-content\/uploads\/2020\/05\/maksyboats-boat-hire-2020.png?fit=350%2C70&ssl=1","width":350,"height":70,"caption":"MaksyBoats Boat Hire Mallorca"},"image":{"@id":"https:\/\/maksyboats.com\/#\/schema\/logo\/image\/"},"sameAs":["https:\/\/www.facebook.com\/maksyboats\/","https:\/\/x.com\/maksyboats","https:\/\/www.instagram.com\/maksyboats\/"]}]}},"jetpack_sharing_enabled":true,"_links":{"self":[{"href":"https:\/\/maksyboats.com\/es\/wp-json\/wp\/v2\/pages\/11971","targetHints":{"allow":["GET"]}}],"collection":[{"href":"https:\/\/maksyboats.com\/es\/wp-json\/wp\/v2\/pages"}],"about":[{"href":"https:\/\/maksyboats.com\/es\/wp-json\/wp\/v2\/types\/page"}],"author":[{"embeddable":true,"href":"https:\/\/maksyboats.com\/es\/wp-json\/wp\/v2\/users\/1"}],"replies":[{"embeddable":true,"href":"https:\/\/maksyboats.com\/es\/wp-json\/wp\/v2\/comments?post=11971"}],"version-history":[{"count":0,"href":"https:\/\/maksyboats.com\/es\/wp-json\/wp\/v2\/pages\/11971\/revisions"}],"up":[{"embeddable":true,"href":"https:\/\/maksyboats.com\/es\/wp-json\/wp\/v2\/pages\/12116"}],"wp:featuredmedia":[{"embeddable":true,"href":"https:\/\/maksyboats.com\/es\/wp-json\/wp\/v2\/media\/11973"}],"wp:attachment":[{"href":"https:\/\/maksyboats.com\/es\/wp-json\/wp\/v2\/media?parent=11971"}],"wp:term":[{"taxonomy":"post_tag","embeddable":true,"href":"https:\/\/maksyboats.com\/es\/wp-json\/wp\/v2\/tags?post=11971"}],"curies":[{"name":"Gracias","href":"https:\/\/api.w.org\/{rel}","templated":true}]}}