{"id":11954,"date":"2017-01-04T11:26:51","date_gmt":"2017-01-04T11:26:51","guid":{"rendered":"http:\/\/maksyboats.com\/?page_id=11954"},"modified":"2025-05-26T16:58:40","modified_gmt":"2025-05-26T14:58:40","slug":"enlaces-socios","status":"publish","type":"page","link":"https:\/\/maksyboats.com\/es\/links-partners\/","title":{"rendered":"Enlaces"},"content":{"rendered":"<div id=\"pl-11954\"  class=\"panel-layout\" ><div id=\"pg-11954-0\"  class=\"panel-grid panel-no-style\" ><div id=\"pgc-11954-0-0\"  class=\"panel-grid-cell panel-grid-cell-empty\" ><\/div><\/div><div id=\"pg-11954-1\"  class=\"panel-grid panel-no-style\" ><div id=\"pgc-11954-1-0\"  class=\"panel-grid-cell\" ><div id=\"panel-11954-1-0-0\" class=\"so-panel widget widget_sow-editor panel-first-child panel-last-child\" data-index=\"0\" ><div\n\t\t\t\n\t\t\tclass=\"so-widget-sow-editor so-widget-sow-editor-base\"\n\t\t\t\n\t\t>\n<div class=\"siteorigin-widget-tinymce textwidget\">\n\t<p><img loading=\"lazy\" data-recalc-dims=\"1\" decoding=\"async\" class=\"alignnone wp-image-13688\" src=\"https:\/\/i0.wp.com\/maksyboats.com\/wpm\/wp-content\/uploads\/2023\/11\/maksyhomes-logo-min.png?resize=400%2C80&#038;ssl=1\" alt=\"MaksyCasas\" width=\"400\" height=\"80\" srcset=\"https:\/\/i0.wp.com\/maksyboats.com\/wpm\/wp-content\/uploads\/2023\/11\/maksyhomes-logo-min.png?resize=500%2C99&amp;ssl=1 500w, https:\/\/i0.wp.com\/maksyboats.com\/wpm\/wp-content\/uploads\/2023\/11\/maksyhomes-logo-min.png?resize=768%2C153&amp;ssl=1 768w, https:\/\/i0.wp.com\/maksyboats.com\/wpm\/wp-content\/uploads\/2023\/11\/maksyhomes-logo-min.png?resize=18%2C4&amp;ssl=1 18w, https:\/\/i0.wp.com\/maksyboats.com\/wpm\/wp-content\/uploads\/2023\/11\/maksyhomes-logo-min.png?w=800&amp;ssl=1 800w\" sizes=\"(max-width: 400px) 100vw, 400px\" \/><\/p>\n<p><a href=\"https:\/\/maksyhomes.com\/\"><strong>MaksyCasas<\/strong><\/a>: combina mantenimiento experto de la casa, cuidado de la piscina y servicios de jardiner\u00eda personalizados para mejorar su experiencia inmobiliaria en Mallorca.<\/p>\n<\/div>\n<\/div><\/div><\/div><div id=\"pgc-11954-1-1\"  class=\"panel-grid-cell\" ><div id=\"panel-11954-1-1-0\" class=\"so-panel widget widget_sow-editor panel-first-child panel-last-child\" data-index=\"1\" ><div\n\t\t\t\n\t\t\tclass=\"so-widget-sow-editor so-widget-sow-editor-base\"\n\t\t\t\n\t\t>\n<div class=\"siteorigin-widget-tinymce textwidget\">\n\t<p><img fetchpriority=\"high\" data-recalc-dims=\"1\" decoding=\"async\" class=\"alignnone wp-image-14003 size-full\" src=\"https:\/\/i0.wp.com\/maksyboats.com\/wpm\/wp-content\/uploads\/2025\/05\/apanib-logo.png?resize=600%2C153&#038;ssl=1\" alt=\"APANIB\" width=\"600\" height=\"153\" srcset=\"https:\/\/i0.wp.com\/maksyboats.com\/wpm\/wp-content\/uploads\/2025\/05\/apanib-logo.png?w=600&amp;ssl=1 600w, https:\/\/i0.wp.com\/maksyboats.com\/wpm\/wp-content\/uploads\/2025\/05\/apanib-logo.png?resize=500%2C128&amp;ssl=1 500w, https:\/\/i0.wp.com\/maksyboats.com\/wpm\/wp-content\/uploads\/2025\/05\/apanib-logo.png?resize=18%2C5&amp;ssl=1 18w\" sizes=\"(max-width: 600px) 100vw, 600px\" \/><\/p>\n<p><a href=\"https:\/\/apanib.es\/\"><b>APANIB<\/b><\/a>. Asociaci\u00f3n de Pymes de Actividades N\u00e1uticas de las Islas Baleares.<\/p>\n<\/div>\n<\/div><\/div><\/div><\/div><div id=\"pg-11954-2\"  class=\"panel-grid panel-no-style\" ><div id=\"pgc-11954-2-0\"  class=\"panel-grid-cell\" ><div id=\"panel-11954-2-0-0\" class=\"so-panel widget widget_sow-editor panel-first-child panel-last-child\" data-index=\"2\" ><div\n\t\t\t\n\t\t\tclass=\"so-widget-sow-editor so-widget-sow-editor-base\"\n\t\t\t\n\t\t>\n<div class=\"siteorigin-widget-tinymce textwidget\">\n\t<p><a href=\"http:\/\/www.madventuremallorca.com\/index.php\/es\/\"><img loading=\"lazy\" data-recalc-dims=\"1\" decoding=\"async\" class=\"alignnone wp-image-13543 size-full\" src=\"https:\/\/i0.wp.com\/maksyboats.com\/wpm\/wp-content\/uploads\/2023\/01\/meem-town-house-hotel-soller.png?resize=161%2C50&#038;ssl=1\" alt=\"meem-town-house-hotel-soller\" width=\"161\" height=\"50\" srcset=\"https:\/\/i0.wp.com\/maksyboats.com\/wpm\/wp-content\/uploads\/2023\/01\/meem-town-house-hotel-soller.png?w=161&amp;ssl=1 161w, https:\/\/i0.wp.com\/maksyboats.com\/wpm\/wp-content\/uploads\/2023\/01\/meem-town-house-hotel-soller.png?resize=18%2C6&amp;ssl=1 18w\" sizes=\"(max-width: 161px) 100vw, 161px\" \/><\/a><\/p>\n<p><a href=\"https:\/\/meemtownhouse.com\/\"><strong>Casa adosada Meem<\/strong><\/a>. Meem Townhouse es un proyecto de vida. Nace en el seno de una familia comprometida con la idea de conectar en cuerpo y alma con el entorno, encontrando un nuevo lugar, lejos de la masificaci\u00f3n de la ciudad, donde disfrutar del lujo de la vida.<\/p>\n<\/div>\n<\/div><\/div><\/div><div id=\"pgc-11954-2-1\"  class=\"panel-grid-cell\" ><div id=\"panel-11954-2-1-0\" class=\"so-panel widget widget_sow-editor panel-first-child panel-last-child\" data-index=\"3\" ><div\n\t\t\t\n\t\t\tclass=\"so-widget-sow-editor so-widget-sow-editor-base\"\n\t\t\t\n\t\t>\n<div class=\"siteorigin-widget-tinymce textwidget\">\n\t<p><img loading=\"lazy\" data-recalc-dims=\"1\" decoding=\"async\" class=\"alignnone wp-image-13542 size-full\" src=\"https:\/\/i0.wp.com\/maksyboats.com\/wpm\/wp-content\/uploads\/2023\/01\/restaurante-sa-foradada.webp?resize=334%2C136&#038;ssl=1\" alt=\"restaurante-sa-foradada\" width=\"334\" height=\"136\" srcset=\"https:\/\/i0.wp.com\/maksyboats.com\/wpm\/wp-content\/uploads\/2023\/01\/restaurante-sa-foradada.webp?w=334&amp;ssl=1 334w, https:\/\/i0.wp.com\/maksyboats.com\/wpm\/wp-content\/uploads\/2023\/01\/restaurante-sa-foradada.webp?resize=18%2C7&amp;ssl=1 18w\" sizes=\"auto, (max-width: 334px) 100vw, 334px\" \/><\/p>\n<p><strong><a href=\"https:\/\/restaurantesaforadada.com\/\">Restaurante Sa Foradada<\/a><\/strong>. Cocina Mediterr\u00e1nea con vistas al Mar. Mejor en barco.<\/p>\n<\/div>\n<\/div><\/div><\/div><\/div><div id=\"pg-11954-3\"  class=\"panel-grid panel-no-style\" ><div id=\"pgc-11954-3-0\"  class=\"panel-grid-cell panel-grid-cell-empty panel-grid-cell-mobile-last\" ><\/div><div id=\"pgc-11954-3-1\"  class=\"panel-grid-cell panel-grid-cell-empty\" ><\/div><\/div><div id=\"pg-11954-4\"  class=\"panel-grid panel-no-style\" ><div id=\"pgc-11954-4-0\"  class=\"panel-grid-cell panel-grid-cell-empty\" ><\/div><div id=\"pgc-11954-4-1\"  class=\"panel-grid-cell panel-grid-cell-empty panel-grid-cell-mobile-last\" ><\/div><div id=\"pgc-11954-4-2\"  class=\"panel-grid-cell panel-grid-cell-empty\" ><\/div><\/div><div id=\"pg-11954-5\"  class=\"panel-grid panel-no-style\" ><div id=\"pgc-11954-5-0\"  class=\"panel-grid-cell panel-grid-cell-empty\" ><\/div><\/div><\/div>","protected":false},"excerpt":{"rendered":"<p>MaksyHomes: combina servicios expertos de mantenimiento de casas, cuidado de piscinas y jardiner\u00eda a medida para mejorar su experiencia inmobiliaria en Mallorca. APANIB. Asociaci\u00f3n de Pymes de Actividades N\u00e1uticas de las Islas Baleares.<\/p>","protected":false},"author":1,"featured_media":12105,"parent":0,"menu_order":0,"comment_status":"closed","ping_status":"closed","template":"","meta":{"generate_page_header":"","jetpack_post_was_ever_published":false,"footnotes":""},"tags":[],"class_list":["post-11954","page","type-page","status-publish","has-post-thumbnail"],"yoast_head":"<!-- This site is optimized with the Yoast SEO plugin v27.5 - https:\/\/yoast.com\/product\/yoast-seo-wordpress\/ -->\n<title>Links &amp; Partners - MaksyBoats<\/title>\n<meta name=\"description\" content=\"MaksyHomes: blending expert house maintenance, pool care, and bespoke gardening services to elevate your Mallorca property experience. APANIB.\u00a0Association\" \/>\n<meta name=\"robots\" content=\"index, follow, max-snippet:-1, max-image-preview:large, max-video-preview:-1\" \/>\n<link rel=\"canonical\" href=\"https:\/\/maksyboats.com\/es\/enlaces-socios\/\" \/>\n<meta property=\"og:locale\" content=\"es_ES\" \/>\n<meta property=\"og:type\" content=\"article\" \/>\n<meta property=\"og:title\" content=\"Links &amp; Partners - MaksyBoats\" \/>\n<meta property=\"og:description\" content=\"MaksyHomes: blending expert house maintenance, pool care, and bespoke gardening services to elevate your Mallorca property experience. APANIB.\u00a0Association\" \/>\n<meta property=\"og:url\" content=\"https:\/\/maksyboats.com\/es\/enlaces-socios\/\" \/>\n<meta property=\"og:site_name\" content=\"MaksyBoats\" \/>\n<meta property=\"article:publisher\" content=\"https:\/\/www.facebook.com\/maksyboats\/\" \/>\n<meta property=\"article:modified_time\" content=\"2025-05-26T14:58:40+00:00\" \/>\n<meta property=\"og:image\" content=\"https:\/\/maksyboats.com\/wpm\/wp-content\/uploads\/2017\/07\/sailing-boat-charters-mallorca-port-soller-2.jpg\" \/>\n\t<meta property=\"og:image:width\" content=\"960\" \/>\n\t<meta property=\"og:image:height\" content=\"638\" \/>\n\t<meta property=\"og:image:type\" content=\"image\/jpeg\" \/>\n<meta name=\"twitter:card\" content=\"summary_large_image\" \/>\n<meta name=\"twitter:site\" content=\"@maksyboats\" \/>\n<meta name=\"twitter:label1\" content=\"Tiempo de lectura\" \/>\n\t<meta name=\"twitter:data1\" content=\"2 minutos\" \/>\n<script type=\"application\/ld+json\" class=\"yoast-schema-graph\">{\"@context\":\"https:\\\/\\\/schema.org\",\"@graph\":[{\"@type\":\"WebPage\",\"@id\":\"https:\\\/\\\/maksyboats.com\\\/links-partners\\\/\",\"url\":\"https:\\\/\\\/maksyboats.com\\\/links-partners\\\/\",\"name\":\"Links & Partners - MaksyBoats\",\"isPartOf\":{\"@id\":\"https:\\\/\\\/maksyboats.com\\\/#website\"},\"primaryImageOfPage\":{\"@id\":\"https:\\\/\\\/maksyboats.com\\\/links-partners\\\/#primaryimage\"},\"image\":{\"@id\":\"https:\\\/\\\/maksyboats.com\\\/links-partners\\\/#primaryimage\"},\"thumbnailUrl\":\"https:\\\/\\\/i0.wp.com\\\/maksyboats.com\\\/wpm\\\/wp-content\\\/uploads\\\/2017\\\/07\\\/sailing-boat-charters-mallorca-port-soller-2.jpg?fit=960%2C638&ssl=1\",\"datePublished\":\"2017-01-04T11:26:51+00:00\",\"dateModified\":\"2025-05-26T14:58:40+00:00\",\"description\":\"MaksyHomes: blending expert house maintenance, pool care, and bespoke gardening services to elevate your Mallorca property experience. APANIB.\u00a0Association\",\"breadcrumb\":{\"@id\":\"https:\\\/\\\/maksyboats.com\\\/links-partners\\\/#breadcrumb\"},\"inLanguage\":\"es\",\"potentialAction\":[{\"@type\":\"ReadAction\",\"target\":[\"https:\\\/\\\/maksyboats.com\\\/links-partners\\\/\"]}]},{\"@type\":\"ImageObject\",\"inLanguage\":\"es\",\"@id\":\"https:\\\/\\\/maksyboats.com\\\/links-partners\\\/#primaryimage\",\"url\":\"https:\\\/\\\/i0.wp.com\\\/maksyboats.com\\\/wpm\\\/wp-content\\\/uploads\\\/2017\\\/07\\\/sailing-boat-charters-mallorca-port-soller-2.jpg?fit=960%2C638&ssl=1\",\"contentUrl\":\"https:\\\/\\\/i0.wp.com\\\/maksyboats.com\\\/wpm\\\/wp-content\\\/uploads\\\/2017\\\/07\\\/sailing-boat-charters-mallorca-port-soller-2.jpg?fit=960%2C638&ssl=1\",\"width\":960,\"height\":638,\"caption\":\"Sailing boat charters Mallorca\"},{\"@type\":\"BreadcrumbList\",\"@id\":\"https:\\\/\\\/maksyboats.com\\\/links-partners\\\/#breadcrumb\",\"itemListElement\":[{\"@type\":\"ListItem\",\"position\":1,\"name\":\"Home\",\"item\":\"https:\\\/\\\/maksyboats.com\\\/\"},{\"@type\":\"ListItem\",\"position\":2,\"name\":\"Links &#038; Partners\"}]},{\"@type\":\"WebSite\",\"@id\":\"https:\\\/\\\/maksyboats.com\\\/#website\",\"url\":\"https:\\\/\\\/maksyboats.com\\\/\",\"name\":\"MaksyBoats Boat Hire Mallorca\",\"description\":\"Boat Hire Mallorca, Charters, Trips &amp; much more\",\"publisher\":{\"@id\":\"https:\\\/\\\/maksyboats.com\\\/#organization\"},\"potentialAction\":[{\"@type\":\"SearchAction\",\"target\":{\"@type\":\"EntryPoint\",\"urlTemplate\":\"https:\\\/\\\/maksyboats.com\\\/?s={search_term_string}\"},\"query-input\":{\"@type\":\"PropertyValueSpecification\",\"valueRequired\":true,\"valueName\":\"search_term_string\"}}],\"inLanguage\":\"es\"},{\"@type\":\"Organization\",\"@id\":\"https:\\\/\\\/maksyboats.com\\\/#organization\",\"name\":\"MaksyBoats Boat Hire Mallorca\",\"url\":\"https:\\\/\\\/maksyboats.com\\\/\",\"logo\":{\"@type\":\"ImageObject\",\"inLanguage\":\"es\",\"@id\":\"https:\\\/\\\/maksyboats.com\\\/#\\\/schema\\\/logo\\\/image\\\/\",\"url\":\"https:\\\/\\\/i0.wp.com\\\/maksyboats.com\\\/wpm\\\/wp-content\\\/uploads\\\/2020\\\/05\\\/maksyboats-boat-hire-2020.png?fit=350%2C70&ssl=1\",\"contentUrl\":\"https:\\\/\\\/i0.wp.com\\\/maksyboats.com\\\/wpm\\\/wp-content\\\/uploads\\\/2020\\\/05\\\/maksyboats-boat-hire-2020.png?fit=350%2C70&ssl=1\",\"width\":350,\"height\":70,\"caption\":\"MaksyBoats Boat Hire Mallorca\"},\"image\":{\"@id\":\"https:\\\/\\\/maksyboats.com\\\/#\\\/schema\\\/logo\\\/image\\\/\"},\"sameAs\":[\"https:\\\/\\\/www.facebook.com\\\/maksyboats\\\/\",\"https:\\\/\\\/x.com\\\/maksyboats\",\"https:\\\/\\\/www.instagram.com\\\/maksyboats\\\/\"]}]}<\/script>\n<!-- \/ Yoast SEO plugin. -->","yoast_head_json":{"title":"Enlaces y socios - MaksyBoats","description":"MaksyHomes: combina servicios profesionales de mantenimiento de casas, cuidado de piscinas y jardiner\u00eda a medida para mejorar su experiencia inmobiliaria en Mallorca. Asociaci\u00f3n APANIB.","robots":{"index":"index","follow":"follow","max-snippet":"max-snippet:-1","max-image-preview":"max-image-preview:large","max-video-preview":"max-video-preview:-1"},"canonical":"https:\/\/maksyboats.com\/es\/enlaces-socios\/","og_locale":"es_ES","og_type":"article","og_title":"Links & Partners - MaksyBoats","og_description":"MaksyHomes: blending expert house maintenance, pool care, and bespoke gardening services to elevate your Mallorca property experience. APANIB.\u00a0Association","og_url":"https:\/\/maksyboats.com\/es\/enlaces-socios\/","og_site_name":"MaksyBoats","article_publisher":"https:\/\/www.facebook.com\/maksyboats\/","article_modified_time":"2025-05-26T14:58:40+00:00","og_image":[{"width":960,"height":638,"url":"https:\/\/maksyboats.com\/wpm\/wp-content\/uploads\/2017\/07\/sailing-boat-charters-mallorca-port-soller-2.jpg","type":"image\/jpeg"}],"twitter_card":"summary_large_image","twitter_site":"@maksyboats","twitter_misc":{"Tiempo de lectura":"2 minutos"},"schema":{"@context":"https:\/\/schema.org","@graph":[{"@type":"WebPage","@id":"https:\/\/maksyboats.com\/links-partners\/","url":"https:\/\/maksyboats.com\/links-partners\/","name":"Enlaces y socios - MaksyBoats","isPartOf":{"@id":"https:\/\/maksyboats.com\/#website"},"primaryImageOfPage":{"@id":"https:\/\/maksyboats.com\/links-partners\/#primaryimage"},"image":{"@id":"https:\/\/maksyboats.com\/links-partners\/#primaryimage"},"thumbnailUrl":"https:\/\/i0.wp.com\/maksyboats.com\/wpm\/wp-content\/uploads\/2017\/07\/sailing-boat-charters-mallorca-port-soller-2.jpg?fit=960%2C638&ssl=1","datePublished":"2017-01-04T11:26:51+00:00","dateModified":"2025-05-26T14:58:40+00:00","description":"MaksyHomes: combina servicios profesionales de mantenimiento de casas, cuidado de piscinas y jardiner\u00eda a medida para mejorar su experiencia inmobiliaria en Mallorca. Asociaci\u00f3n APANIB.","breadcrumb":{"@id":"https:\/\/maksyboats.com\/links-partners\/#breadcrumb"},"inLanguage":"es","potentialAction":[{"@type":"ReadAction","target":["https:\/\/maksyboats.com\/links-partners\/"]}]},{"@type":"ImageObject","inLanguage":"es","@id":"https:\/\/maksyboats.com\/links-partners\/#primaryimage","url":"https:\/\/i0.wp.com\/maksyboats.com\/wpm\/wp-content\/uploads\/2017\/07\/sailing-boat-charters-mallorca-port-soller-2.jpg?fit=960%2C638&ssl=1","contentUrl":"https:\/\/i0.wp.com\/maksyboats.com\/wpm\/wp-content\/uploads\/2017\/07\/sailing-boat-charters-mallorca-port-soller-2.jpg?fit=960%2C638&ssl=1","width":960,"height":638,"caption":"Sailing boat charters Mallorca"},{"@type":"BreadcrumbList","@id":"https:\/\/maksyboats.com\/links-partners\/#breadcrumb","itemListElement":[{"@type":"ListItem","position":1,"name":"Home","item":"https:\/\/maksyboats.com\/"},{"@type":"ListItem","position":2,"name":"Links &#038; Partners"}]},{"@type":"WebSite","@id":"https:\/\/maksyboats.com\/#website","url":"https:\/\/maksyboats.com\/","name":"Alquiler de barcos MaksyBoats Mallorca","description":"Alquiler de barcos en Mallorca, charters, viajes y mucho m\u00e1s","publisher":{"@id":"https:\/\/maksyboats.com\/#organization"},"potentialAction":[{"@type":"SearchAction","target":{"@type":"EntryPoint","urlTemplate":"https:\/\/maksyboats.com\/?s={search_term_string}"},"query-input":{"@type":"PropertyValueSpecification","valueRequired":true,"valueName":"search_term_string"}}],"inLanguage":"es"},{"@type":"Organization","@id":"https:\/\/maksyboats.com\/#organization","name":"Alquiler de barcos MaksyBoats Mallorca","url":"https:\/\/maksyboats.com\/","logo":{"@type":"ImageObject","inLanguage":"es","@id":"https:\/\/maksyboats.com\/#\/schema\/logo\/image\/","url":"https:\/\/i0.wp.com\/maksyboats.com\/wpm\/wp-content\/uploads\/2020\/05\/maksyboats-boat-hire-2020.png?fit=350%2C70&ssl=1","contentUrl":"https:\/\/i0.wp.com\/maksyboats.com\/wpm\/wp-content\/uploads\/2020\/05\/maksyboats-boat-hire-2020.png?fit=350%2C70&ssl=1","width":350,"height":70,"caption":"MaksyBoats Boat Hire Mallorca"},"image":{"@id":"https:\/\/maksyboats.com\/#\/schema\/logo\/image\/"},"sameAs":["https:\/\/www.facebook.com\/maksyboats\/","https:\/\/x.com\/maksyboats","https:\/\/www.instagram.com\/maksyboats\/"]}]}},"jetpack_sharing_enabled":true,"_links":{"self":[{"href":"https:\/\/maksyboats.com\/es\/wp-json\/wp\/v2\/pages\/11954","targetHints":{"allow":["GET"]}}],"collection":[{"href":"https:\/\/maksyboats.com\/es\/wp-json\/wp\/v2\/pages"}],"about":[{"href":"https:\/\/maksyboats.com\/es\/wp-json\/wp\/v2\/types\/page"}],"author":[{"embeddable":true,"href":"https:\/\/maksyboats.com\/es\/wp-json\/wp\/v2\/users\/1"}],"replies":[{"embeddable":true,"href":"https:\/\/maksyboats.com\/es\/wp-json\/wp\/v2\/comments?post=11954"}],"version-history":[{"count":0,"href":"https:\/\/maksyboats.com\/es\/wp-json\/wp\/v2\/pages\/11954\/revisions"}],"wp:featuredmedia":[{"embeddable":true,"href":"https:\/\/maksyboats.com\/es\/wp-json\/wp\/v2\/media\/12105"}],"wp:attachment":[{"href":"https:\/\/maksyboats.com\/es\/wp-json\/wp\/v2\/media?parent=11954"}],"wp:term":[{"taxonomy":"post_tag","embeddable":true,"href":"https:\/\/maksyboats.com\/es\/wp-json\/wp\/v2\/tags?post=11954"}],"curies":[{"name":"Gracias","href":"https:\/\/api.w.org\/{rel}","templated":true}]}}