{"id":11815,"date":"2016-10-28T14:25:08","date_gmt":"2016-10-28T14:25:08","guid":{"rendered":"http:\/\/maksyboats.com\/?page_id=11815"},"modified":"2024-01-18T19:51:46","modified_gmt":"2024-01-18T18:51:46","slug":"astec400","status":"publish","type":"page","link":"https:\/\/maksyboats.com\/es\/without-license\/astec-400\/","title":{"rendered":"Astec 400"},"content":{"rendered":"<div id=\"pl-11815\"  class=\"panel-layout\" ><div id=\"pg-11815-0\"  class=\"panel-grid panel-no-style\" ><div id=\"pgc-11815-0-0\"  class=\"panel-grid-cell panel-grid-cell-empty\" ><\/div><\/div><div id=\"pg-11815-1\"  class=\"panel-grid panel-no-style\" ><div id=\"pgc-11815-1-0\"  class=\"panel-grid-cell\" ><div id=\"panel-11815-1-0-0\" class=\"so-panel widget widget_sow-editor panel-first-child panel-last-child\" data-index=\"0\" ><div\n\t\t\t\n\t\t\tclass=\"so-widget-sow-editor so-widget-sow-editor-base\"\n\t\t\t\n\t\t><h3 class=\"widget-title\">Overview<\/h3>\n<div class=\"siteorigin-widget-tinymce textwidget\">\n\t<p>Rigid boat with a capacity of 4 people\u00a0and provided with 15 HP outboard engine.<\/p>\n<ul>\n<li>Excellent for Day Trips<\/li>\n<li>Explore the coast on your own<\/li>\n<li>Enjoy swimming and snorkeling<\/li>\n<li>No license required<\/li>\n<\/ul>\n<\/div>\n<\/div><\/div><\/div><div id=\"pgc-11815-1-1\"  class=\"panel-grid-cell\" ><div id=\"panel-11815-1-1-0\" class=\"so-panel widget widget_sow-editor panel-first-child panel-last-child\" data-index=\"1\" ><div\n\t\t\t\n\t\t\tclass=\"so-widget-sow-editor so-widget-sow-editor-base\"\n\t\t\t\n\t\t><h3 class=\"widget-title\">Technical Details<\/h3>\n<div class=\"siteorigin-widget-tinymce textwidget\">\n\t<table class=\"table table-striped\" width=\"100%\">\n<thead>\n<tr>\n<th>Model<\/th>\n<th>Astec 400<\/th>\n<\/tr>\n<\/thead>\n<tbody>\n<tr>\n<td>Length<\/td>\n<td>4 meters<\/td>\n<\/tr>\n<tr>\n<td>Engine<\/td>\n<td>Outboard, 15 HP<\/td>\n<\/tr>\n<tr>\n<td>Capacity<\/td>\n<td>4 pax<\/td>\n<\/tr>\n<tr>\n<td>Location<\/td>\n<td><a href=\"http:\/\/maksyboats.com\/locations\/port-de-soller\/\">Port de S\u00f3ller<\/a><\/td>\n<\/tr>\n<\/tbody>\n<\/table>\n<\/div>\n<\/div><\/div><\/div><\/div><div id=\"pg-11815-2\"  class=\"panel-grid panel-no-style\" ><div id=\"pgc-11815-2-0\"  class=\"panel-grid-cell\" ><div id=\"panel-11815-2-0-0\" class=\"so-panel widget widget_sow-editor panel-first-child panel-last-child\" data-index=\"2\" ><div\n\t\t\t\n\t\t\tclass=\"so-widget-sow-editor so-widget-sow-editor-base\"\n\t\t\t\n\t\t><h3 class=\"widget-title\">Gallery<\/h3>\n<div class=\"siteorigin-widget-tinymce textwidget\">\n\t<p><p class=\"jetpack-slideshow-noscript robots-nocontent\">El pase de diapositivas requiere JavaScript.<\/p>\n<div id=\"gallery-11815-1-slideshow\" class=\"jetpack-slideshow-window jetpack-slideshow jetpack-slideshow-black\" data-trans=\"fade\" data-autostart=\"1\" data-gallery=\"[{&quot;src&quot;:&quot;https:\\\/\\\/i0.wp.com\\\/maksyboats.com\\\/wpm\\\/wp-content\\\/uploads\\\/2016\\\/10\\\/rent-boat-port-soller-no-license-astec-400-1.jpg?fit=960%2C638\\u0026ssl=1&quot;,&quot;id&quot;:&quot;11816&quot;,&quot;title&quot;:&quot;rent-boat-port-soller-no-license-astec-400-1&quot;,&quot;alt&quot;:&quot;&quot;,&quot;caption&quot;:&quot;&quot;,&quot;itemprop&quot;:&quot;image&quot;},{&quot;src&quot;:&quot;https:\\\/\\\/i0.wp.com\\\/maksyboats.com\\\/wpm\\\/wp-content\\\/uploads\\\/2016\\\/10\\\/rent-boat-port-soller-no-license-astec-400-2.jpg?fit=960%2C638\\u0026ssl=1&quot;,&quot;id&quot;:&quot;11817&quot;,&quot;title&quot;:&quot;rent-boat-port-soller-no-license-astec-400-2&quot;,&quot;alt&quot;:&quot;&quot;,&quot;caption&quot;:&quot;&quot;,&quot;itemprop&quot;:&quot;image&quot;}]\" itemscope itemtype=\"https:\/\/schema.org\/ImageGallery\"><\/div><\/p>\n<\/div>\n<\/div><\/div><\/div><\/div><div id=\"pg-11815-3\"  class=\"panel-grid panel-no-style\" ><div id=\"pgc-11815-3-0\"  class=\"panel-grid-cell\" ><div id=\"panel-11815-3-0-0\" class=\"so-panel widget widget_sow-editor panel-first-child\" data-index=\"3\" ><div\n\t\t\t\n\t\t\tclass=\"so-widget-sow-editor so-widget-sow-editor-base\"\n\t\t\t\n\t\t><h3 class=\"widget-title\">Pricing<\/h3>\n<div class=\"siteorigin-widget-tinymce textwidget\">\n\t<table class=\"buildpress-table\" width=\"100%\">\n<thead>\n<tr>\n<th>Rental<\/th>\n<th>Price<\/th>\n<\/tr>\n<\/thead>\n<tbody>\n<tr>\n<td>Half\u00a0Day, 4 hours<\/td>\n<td><strong>120 \u20ac<\/strong><\/td>\n<\/tr>\n<tr>\n<td>Full Day, 8 hours<\/td>\n<td><strong>180 \u20ac<\/strong><\/td>\n<\/tr>\n<tr>\n<td>Other<\/td>\n<td>Ask for a quote<\/td>\n<\/tr>\n<tr>\n<td>Deposit<\/td>\n<td>300\u20ac<\/td>\n<\/tr>\n<\/tbody>\n<\/table>\n<p>* VAT included<\/p>\n<\/div>\n<\/div><\/div><div id=\"panel-11815-3-0-1\" class=\"so-panel widget widget_sow-button panel-last-child\" data-index=\"4\" ><div\n\t\t\t\n\t\t\tclass=\"so-widget-sow-button so-widget-sow-button-atom-09d9fcd77112-11815\"\n\t\t\t\n\t\t><div class=\"ow-button-base ow-button-align-center\"\n>\n\t\t\t<a\n\t\t\t\t\thref=\"#booking_form_row\"\n\t\t\t\t\tclass=\"sowb-button ow-icon-placement-left ow-button-hover\" \t>\n\t\t<span>\n\t\t\t<span class=\"sow-icon-fontawesome sow-fas\" data-sow-icon=\"&#xf00c;\"\n\t\tstyle=\"color: #39b237\" \n\t\taria-hidden=\"true\"><\/span>\n\t\t\tBook now!\t\t<\/span>\n\t\t\t<\/a>\n\t<\/div>\n<\/div><\/div><\/div><div id=\"pgc-11815-3-1\"  class=\"panel-grid-cell panel-grid-cell-empty\" ><\/div><div id=\"pgc-11815-3-2\"  class=\"panel-grid-cell\" ><div id=\"panel-11815-3-2-0\" class=\"so-panel widget widget_sow-editor panel-first-child\" data-index=\"5\" ><div\n\t\t\t\n\t\t\tclass=\"so-widget-sow-editor so-widget-sow-editor-base\"\n\t\t\t\n\t\t><h3 class=\"widget-title\">What's Included?<\/h3>\n<div class=\"siteorigin-widget-tinymce textwidget\">\n\t<h4>\u2713\u00a0Life vest for all occupants<\/h4>\n<h4>\u2713 Folding sun canopy<\/h4>\n<h4>\u2713 Bathing ladder<\/h4>\n<h4>\u2713 Insurance<\/h4>\n<h4>\u2713 VAT included in price<\/h4>\n<\/div>\n<\/div><\/div><div id=\"panel-11815-3-2-1\" class=\"so-panel widget widget_sow-editor panel-last-child\" data-index=\"6\" ><div\n\t\t\t\n\t\t\tclass=\"so-widget-sow-editor so-widget-sow-editor-base\"\n\t\t\t\n\t\t><h3 class=\"widget-title\">Accesories<\/h3>\n<div class=\"siteorigin-widget-tinymce textwidget\">\n\t<p>We can provide different accessories for great enjoyment:<\/p>\n<h4>\u2713 Snorkeling gear<\/h4>\n<\/div>\n<\/div><\/div><\/div><\/div><div id=\"pg-11815-4\"  class=\"panel-grid panel-no-style\" ><div id=\"pgc-11815-4-0\"  class=\"panel-grid-cell\" ><div id=\"panel-11815-4-0-0\" class=\"so-panel widget widget_sow-editor panel-first-child panel-last-child\" data-index=\"7\" ><div\n\t\t\t\n\t\t\tclass=\"so-widget-sow-editor so-widget-sow-editor-base\"\n\t\t\t\n\t\t><h3 class=\"widget-title\">Location<\/h3>\n<div class=\"siteorigin-widget-tinymce textwidget\">\n\t<h3>Port de S\u00f3ller<\/h3>\n<p><a href=\"http:\/\/maksyboats.com\/locations\/port-de-soller\/\">View more details about this location \u00bb<\/a><\/p>\n<p><iframe src=\"https:\/\/www.google.com\/maps\/embed?pb=!1m18!1m12!1m3!1d3065.4573425158487!2d2.6934293156820996!3d39.796731979442015!2m3!1f0!2f0!3f0!3m2!1i1024!2i768!4f13.1!3m3!1m2!1s0x1297e5e297382553%3A0x1a662c6dd9e5d7ca!2sMaksyBoats!5e0!3m2!1ses!2ses!4v1477645777004\" width=\"100%\" height=\"300\" frameborder=\"0\" style=\"border:0\" allowfullscreen><\/iframe><\/p>\n<\/div>\n<\/div><\/div><\/div><\/div><div id=\"pg-11815-5\"  class=\"panel-grid panel-has-style\" ><div id=\"booking_form_row\" class=\"panel-row-style panel-row-style-for-11815-5\" ><div id=\"pgc-11815-5-0\"  class=\"panel-grid-cell\" ><div id=\"panel-11815-5-0-0\" class=\"so-panel widget widget_sow-editor panel-first-child\" data-index=\"8\" ><div\n\t\t\t\n\t\t\tclass=\"so-widget-sow-editor so-widget-sow-editor-base\"\n\t\t\t\n\t\t><h3 class=\"widget-title\">Book it now!<\/h3>\n<div class=\"siteorigin-widget-tinymce textwidget\">\n\t<figure id=\"attachment_11816\" aria-describedby=\"caption-attachment-11816\" style=\"width: 290px\" class=\"wp-caption alignnone\"><img fetchpriority=\"high\" data-recalc-dims=\"1\" fetchpriority=\"high\" decoding=\"async\" class=\"wp-image-11816 size-medium\" src=\"https:\/\/i0.wp.com\/maksyboats.com\/wpm\/wp-content\/uploads\/2016\/10\/rent-boat-port-soller-no-license-astec-400-1-300x199.jpg?resize=300%2C199\" alt=\"\" width=\"300\" height=\"199\" srcset=\"https:\/\/i0.wp.com\/maksyboats.com\/wpm\/wp-content\/uploads\/2016\/10\/rent-boat-port-soller-no-license-astec-400-1.jpg?resize=300%2C199&amp;ssl=1 300w, https:\/\/i0.wp.com\/maksyboats.com\/wpm\/wp-content\/uploads\/2016\/10\/rent-boat-port-soller-no-license-astec-400-1.jpg?resize=500%2C332&amp;ssl=1 500w, https:\/\/i0.wp.com\/maksyboats.com\/wpm\/wp-content\/uploads\/2016\/10\/rent-boat-port-soller-no-license-astec-400-1.jpg?resize=768%2C510&amp;ssl=1 768w, https:\/\/i0.wp.com\/maksyboats.com\/wpm\/wp-content\/uploads\/2016\/10\/rent-boat-port-soller-no-license-astec-400-1.jpg?resize=360%2C240&amp;ssl=1 360w, https:\/\/i0.wp.com\/maksyboats.com\/wpm\/wp-content\/uploads\/2016\/10\/rent-boat-port-soller-no-license-astec-400-1.jpg?resize=555%2C369&amp;ssl=1 555w, https:\/\/i0.wp.com\/maksyboats.com\/wpm\/wp-content\/uploads\/2016\/10\/rent-boat-port-soller-no-license-astec-400-1.jpg?w=960&amp;ssl=1 960w\" sizes=\"(max-width: 300px) 100vw, 300px\" \/><figcaption id=\"caption-attachment-11816\" class=\"wp-caption-text\">Astec 400<\/figcaption><\/figure>\n<\/div>\n<\/div><\/div><div id=\"panel-11815-5-0-1\" class=\"so-panel widget widget_sow-editor\" data-index=\"9\" ><div\n\t\t\t\n\t\t\tclass=\"so-widget-sow-editor so-widget-sow-editor-base\"\n\t\t\t\n\t\t>\n<div class=\"siteorigin-widget-tinymce textwidget\">\n\t<div data-elementor-type=\"section\" data-elementor-id=\"13450\" class=\"elementor elementor-13450\" data-elementor-post-type=\"elementor_library\">\n<section class=\"elementor-section elementor-top-section elementor-element elementor-element-b263559 elementor-section-boxed elementor-section-height-default elementor-section-height-default\" data-id=\"b263559\" data-element_type=\"section\" data-e-type=\"section\" data-settings=\"{&quot;background_background&quot;:&quot;classic&quot;}\">\n<div class=\"elementor-container elementor-column-gap-no\">\n<div class=\"elementor-column elementor-col-100 elementor-top-column elementor-element elementor-element-923df82\" data-id=\"923df82\" data-element_type=\"column\" data-e-type=\"column\">\n<div class=\"elementor-widget-wrap elementor-element-populated\">\n<div class=\"elementor-element elementor-element-8910595 elementor-widget elementor-widget-text-editor\" data-id=\"8910595\" data-element_type=\"widget\" data-e-type=\"widget\" data-widget_type=\"text-editor.default\">\n<div class=\"elementor-widget-container\">\n<p>We recommend making the reservation with a minimum of two days in advance.<\/p>\n<\/p><\/div>\n<\/p><\/div>\n<\/p><\/div>\n<\/p><\/div>\n<\/p><\/div>\n<\/section><\/div><\/p>\n<\/div>\n<\/div><\/div><div id=\"panel-11815-5-0-2\" class=\"so-panel widget widget_sow-button\" data-index=\"10\" ><div\n\t\t\t\n\t\t\tclass=\"so-widget-sow-button so-widget-sow-button-atom-1dfb7a76b3c2-11815\"\n\t\t\t\n\t\t><div class=\"ow-button-base ow-button-align-center\"\n>\n\t\t\t<a\n\t\t\t\t\thref=\"https:\/\/api.whatsapp.com\/send?phone=34634833688&#038;text=Hello%2C%20I%20am%20interested%20in%20booking%20this%20boat%3A%20ASTEC%20400\"\n\t\t\t\t\tclass=\"sowb-button ow-icon-placement-left ow-button-hover\" \t>\n\t\t<span>\n\t\t\t<span class=\"sow-icon-icomoon\" data-sow-icon=\"&#xea93;\"\n\t\tstyle=\"color: #ffffff\" \n\t\taria-hidden=\"true\"><\/span>\n\t\t\tWhatsApp Booking\t\t<\/span>\n\t\t\t<\/a>\n\t<\/div>\n<\/div><\/div><div id=\"panel-11815-5-0-3\" class=\"so-panel widget widget_sow-button\" data-index=\"11\" ><div\n\t\t\t\n\t\t\tclass=\"so-widget-sow-button so-widget-sow-button-atom-95179db4e194-11815\"\n\t\t\t\n\t\t><div class=\"ow-button-base ow-button-align-center\"\n>\n\t\t\t<a\n\t\t\t\t\thref=\"tel:+34634833688\"\n\t\t\t\t\tclass=\"sowb-button ow-icon-placement-left ow-button-hover\" \t>\n\t\t<span>\n\t\t\t<span class=\"sow-icon-fontawesome sow-fas\" data-sow-icon=\"&#xf095;\"\n\t\tstyle=\"color: #ffffff\" \n\t\taria-hidden=\"true\"><\/span>\n\t\t\tPhone Booking\t\t<\/span>\n\t\t\t<\/a>\n\t<\/div>\n<\/div><\/div><div id=\"panel-11815-5-0-4\" class=\"so-panel widget widget_sow-editor panel-last-child\" data-index=\"12\" ><div\n\t\t\t\n\t\t\tclass=\"so-widget-sow-editor so-widget-sow-editor-base\"\n\t\t\t\n\t\t>\n<div class=\"siteorigin-widget-tinymce textwidget\">\n\t<h4 style=\"margin-bottom: 15px;\">About the booking process<\/h4>\n<p><strong>1.<\/strong> You decide which day (or days) you want to book the boat, and send the reservation request<\/p>\n<p><strong>2.<\/strong> In a few minutes we review your request, we talk to you, we specify details and...<\/p>\n<p><strong>3.<\/strong> You enjoy your boat!<\/p>\n<p>* If you have any questions, please <a href=\"http:\/\/maksyboats.com\/contact\/\">contact us<\/a><\/p>\n<\/div>\n<\/div><\/div><\/div><div id=\"pgc-11815-5-1\"  class=\"panel-grid-cell panel-grid-cell-empty panel-grid-cell-mobile-last\" ><\/div><div id=\"pgc-11815-5-2\"  class=\"panel-grid-cell panel-grid-cell-empty\" ><\/div><\/div><\/div><\/div>","protected":false},"excerpt":{"rendered":"<p>Embarcaci\u00f3n r\u00edgida con capacidad para 4 personas y provista de motor fueraborda de 15 HP.Excelente para Excursiones de un D\u00edaExplora la costa por tu cuentaDisfruta nadando y practicando snorkelNo requiere licencia ModeloAstec 400Eslora4 metrosMotorFueraborda, 15 HPCapacidad4 paxUbicaci\u00f3nPort de S\u00f3ller<\/p>","protected":false},"author":1,"featured_media":11816,"parent":11732,"menu_order":0,"comment_status":"closed","ping_status":"closed","template":"","meta":{"generate_page_header":"","jetpack_post_was_ever_published":false,"footnotes":""},"tags":[],"class_list":["post-11815","page","type-page","status-publish","has-post-thumbnail"],"yoast_head":"<!-- This site is optimized with the Yoast SEO plugin v27.4 - https:\/\/yoast.com\/product\/yoast-seo-wordpress\/ -->\n<title>Boat Rental Port de S\u00f3ller without license Astec 400 \u00b7 MaksyBoats<\/title>\n<meta name=\"description\" content=\"Overview Rigid boat with a capacity of 4 people\u00a0and provided with 15 HP outboard engine.Excellent for Day TripsExplore the coast on your ownEnjoy swimming\" \/>\n<meta name=\"robots\" content=\"index, follow, max-snippet:-1, max-image-preview:large, max-video-preview:-1\" \/>\n<link rel=\"canonical\" href=\"https:\/\/maksyboats.com\/es\/sin-licencia\/astec400\/\" \/>\n<meta property=\"og:locale\" content=\"es_ES\" \/>\n<meta property=\"og:type\" content=\"article\" \/>\n<meta property=\"og:title\" content=\"Boat Rental Port de S\u00f3ller without license Astec 400 \u00b7 MaksyBoats\" \/>\n<meta property=\"og:description\" content=\"Overview Rigid boat with a capacity of 4 people\u00a0and provided with 15 HP outboard engine.Excellent for Day TripsExplore the coast on your ownEnjoy swimming\" \/>\n<meta property=\"og:url\" content=\"https:\/\/maksyboats.com\/es\/sin-licencia\/astec400\/\" \/>\n<meta property=\"og:site_name\" content=\"MaksyBoats\" \/>\n<meta property=\"article:publisher\" content=\"https:\/\/www.facebook.com\/maksyboats\/\" \/>\n<meta property=\"article:modified_time\" content=\"2024-01-18T18:51:46+00:00\" \/>\n<meta property=\"og:image\" content=\"https:\/\/maksyboats.com\/wpm\/wp-content\/uploads\/2016\/10\/rent-boat-port-soller-no-license-astec-400-1.jpg\" \/>\n\t<meta property=\"og:image:width\" content=\"960\" \/>\n\t<meta property=\"og:image:height\" content=\"638\" \/>\n\t<meta property=\"og:image:type\" content=\"image\/jpeg\" \/>\n<meta name=\"twitter:card\" content=\"summary_large_image\" \/>\n<meta name=\"twitter:site\" content=\"@maksyboats\" \/>\n<meta name=\"twitter:label1\" content=\"Tiempo de lectura\" \/>\n\t<meta name=\"twitter:data1\" content=\"2 minutos\" \/>\n<script type=\"application\/ld+json\" class=\"yoast-schema-graph\">{\"@context\":\"https:\\\/\\\/schema.org\",\"@graph\":[{\"@type\":\"WebPage\",\"@id\":\"https:\\\/\\\/maksyboats.com\\\/without-license\\\/astec-400\\\/\",\"url\":\"https:\\\/\\\/maksyboats.com\\\/without-license\\\/astec-400\\\/\",\"name\":\"Boat Rental Port de S\u00f3ller without license Astec 400 \u00b7 MaksyBoats\",\"isPartOf\":{\"@id\":\"https:\\\/\\\/maksyboats.com\\\/#website\"},\"primaryImageOfPage\":{\"@id\":\"https:\\\/\\\/maksyboats.com\\\/without-license\\\/astec-400\\\/#primaryimage\"},\"image\":{\"@id\":\"https:\\\/\\\/maksyboats.com\\\/without-license\\\/astec-400\\\/#primaryimage\"},\"thumbnailUrl\":\"https:\\\/\\\/i0.wp.com\\\/maksyboats.com\\\/wpm\\\/wp-content\\\/uploads\\\/2016\\\/10\\\/rent-boat-port-soller-no-license-astec-400-1.jpg?fit=960%2C638&ssl=1\",\"datePublished\":\"2016-10-28T14:25:08+00:00\",\"dateModified\":\"2024-01-18T18:51:46+00:00\",\"description\":\"Overview Rigid boat with a capacity of 4 people\u00a0and provided with 15 HP outboard engine.Excellent for Day TripsExplore the coast on your ownEnjoy swimming\",\"breadcrumb\":{\"@id\":\"https:\\\/\\\/maksyboats.com\\\/without-license\\\/astec-400\\\/#breadcrumb\"},\"inLanguage\":\"es\",\"potentialAction\":[{\"@type\":\"ReadAction\",\"target\":[\"https:\\\/\\\/maksyboats.com\\\/without-license\\\/astec-400\\\/\"]}]},{\"@type\":\"ImageObject\",\"inLanguage\":\"es\",\"@id\":\"https:\\\/\\\/maksyboats.com\\\/without-license\\\/astec-400\\\/#primaryimage\",\"url\":\"https:\\\/\\\/i0.wp.com\\\/maksyboats.com\\\/wpm\\\/wp-content\\\/uploads\\\/2016\\\/10\\\/rent-boat-port-soller-no-license-astec-400-1.jpg?fit=960%2C638&ssl=1\",\"contentUrl\":\"https:\\\/\\\/i0.wp.com\\\/maksyboats.com\\\/wpm\\\/wp-content\\\/uploads\\\/2016\\\/10\\\/rent-boat-port-soller-no-license-astec-400-1.jpg?fit=960%2C638&ssl=1\",\"width\":960,\"height\":638},{\"@type\":\"BreadcrumbList\",\"@id\":\"https:\\\/\\\/maksyboats.com\\\/without-license\\\/astec-400\\\/#breadcrumb\",\"itemListElement\":[{\"@type\":\"ListItem\",\"position\":1,\"name\":\"Home\",\"item\":\"https:\\\/\\\/maksyboats.com\\\/\"},{\"@type\":\"ListItem\",\"position\":2,\"name\":\"Boat Hire without Licence in Mallorca\",\"item\":\"https:\\\/\\\/maksyboats.com\\\/without-license\\\/\"},{\"@type\":\"ListItem\",\"position\":3,\"name\":\"Astec 400\"}]},{\"@type\":\"WebSite\",\"@id\":\"https:\\\/\\\/maksyboats.com\\\/#website\",\"url\":\"https:\\\/\\\/maksyboats.com\\\/\",\"name\":\"MaksyBoats Boat Hire Mallorca\",\"description\":\"Boat Hire Mallorca, Charters, Trips &amp; much more\",\"publisher\":{\"@id\":\"https:\\\/\\\/maksyboats.com\\\/#organization\"},\"potentialAction\":[{\"@type\":\"SearchAction\",\"target\":{\"@type\":\"EntryPoint\",\"urlTemplate\":\"https:\\\/\\\/maksyboats.com\\\/?s={search_term_string}\"},\"query-input\":{\"@type\":\"PropertyValueSpecification\",\"valueRequired\":true,\"valueName\":\"search_term_string\"}}],\"inLanguage\":\"es\"},{\"@type\":\"Organization\",\"@id\":\"https:\\\/\\\/maksyboats.com\\\/#organization\",\"name\":\"MaksyBoats Boat Hire Mallorca\",\"url\":\"https:\\\/\\\/maksyboats.com\\\/\",\"logo\":{\"@type\":\"ImageObject\",\"inLanguage\":\"es\",\"@id\":\"https:\\\/\\\/maksyboats.com\\\/#\\\/schema\\\/logo\\\/image\\\/\",\"url\":\"https:\\\/\\\/i0.wp.com\\\/maksyboats.com\\\/wpm\\\/wp-content\\\/uploads\\\/2020\\\/05\\\/maksyboats-boat-hire-2020.png?fit=350%2C70&ssl=1\",\"contentUrl\":\"https:\\\/\\\/i0.wp.com\\\/maksyboats.com\\\/wpm\\\/wp-content\\\/uploads\\\/2020\\\/05\\\/maksyboats-boat-hire-2020.png?fit=350%2C70&ssl=1\",\"width\":350,\"height\":70,\"caption\":\"MaksyBoats Boat Hire Mallorca\"},\"image\":{\"@id\":\"https:\\\/\\\/maksyboats.com\\\/#\\\/schema\\\/logo\\\/image\\\/\"},\"sameAs\":[\"https:\\\/\\\/www.facebook.com\\\/maksyboats\\\/\",\"https:\\\/\\\/x.com\\\/maksyboats\",\"https:\\\/\\\/www.instagram.com\\\/maksyboats\\\/\"]}]}<\/script>\n<!-- \/ Yoast SEO plugin. -->","yoast_head_json":{"title":"Alquiler de barcos Port de S\u00f3ller sin titulaci\u00f3n Astec 400 \u00b7 MaksyBoats","description":"Resumen Embarcaci\u00f3n r\u00edgida con capacidad para 4 personas y provista de motor fueraborda de 15 HP.Excelente para excursiones de un d\u00edaExplora la costa por tu cuentaDisfruta nadando","robots":{"index":"index","follow":"follow","max-snippet":"max-snippet:-1","max-image-preview":"max-image-preview:large","max-video-preview":"max-video-preview:-1"},"canonical":"https:\/\/maksyboats.com\/es\/sin-licencia\/astec400\/","og_locale":"es_ES","og_type":"article","og_title":"Boat Rental Port de S\u00f3ller without license Astec 400 \u00b7 MaksyBoats","og_description":"Overview Rigid boat with a capacity of 4 people\u00a0and provided with 15 HP outboard engine.Excellent for Day TripsExplore the coast on your ownEnjoy swimming","og_url":"https:\/\/maksyboats.com\/es\/sin-licencia\/astec400\/","og_site_name":"MaksyBoats","article_publisher":"https:\/\/www.facebook.com\/maksyboats\/","article_modified_time":"2024-01-18T18:51:46+00:00","og_image":[{"width":960,"height":638,"url":"https:\/\/maksyboats.com\/wpm\/wp-content\/uploads\/2016\/10\/rent-boat-port-soller-no-license-astec-400-1.jpg","type":"image\/jpeg"}],"twitter_card":"summary_large_image","twitter_site":"@maksyboats","twitter_misc":{"Tiempo de lectura":"2 minutos"},"schema":{"@context":"https:\/\/schema.org","@graph":[{"@type":"WebPage","@id":"https:\/\/maksyboats.com\/without-license\/astec-400\/","url":"https:\/\/maksyboats.com\/without-license\/astec-400\/","name":"Alquiler de barcos Port de S\u00f3ller sin titulaci\u00f3n Astec 400 \u00b7 MaksyBoats","isPartOf":{"@id":"https:\/\/maksyboats.com\/#website"},"primaryImageOfPage":{"@id":"https:\/\/maksyboats.com\/without-license\/astec-400\/#primaryimage"},"image":{"@id":"https:\/\/maksyboats.com\/without-license\/astec-400\/#primaryimage"},"thumbnailUrl":"https:\/\/i0.wp.com\/maksyboats.com\/wpm\/wp-content\/uploads\/2016\/10\/rent-boat-port-soller-no-license-astec-400-1.jpg?fit=960%2C638&ssl=1","datePublished":"2016-10-28T14:25:08+00:00","dateModified":"2024-01-18T18:51:46+00:00","description":"Resumen Embarcaci\u00f3n r\u00edgida con capacidad para 4 personas y provista de motor fueraborda de 15 HP.Excelente para excursiones de un d\u00edaExplora la costa por tu cuentaDisfruta nadando","breadcrumb":{"@id":"https:\/\/maksyboats.com\/without-license\/astec-400\/#breadcrumb"},"inLanguage":"es","potentialAction":[{"@type":"ReadAction","target":["https:\/\/maksyboats.com\/without-license\/astec-400\/"]}]},{"@type":"ImageObject","inLanguage":"es","@id":"https:\/\/maksyboats.com\/without-license\/astec-400\/#primaryimage","url":"https:\/\/i0.wp.com\/maksyboats.com\/wpm\/wp-content\/uploads\/2016\/10\/rent-boat-port-soller-no-license-astec-400-1.jpg?fit=960%2C638&ssl=1","contentUrl":"https:\/\/i0.wp.com\/maksyboats.com\/wpm\/wp-content\/uploads\/2016\/10\/rent-boat-port-soller-no-license-astec-400-1.jpg?fit=960%2C638&ssl=1","width":960,"height":638},{"@type":"BreadcrumbList","@id":"https:\/\/maksyboats.com\/without-license\/astec-400\/#breadcrumb","itemListElement":[{"@type":"ListItem","position":1,"name":"Home","item":"https:\/\/maksyboats.com\/"},{"@type":"ListItem","position":2,"name":"Boat Hire without Licence in Mallorca","item":"https:\/\/maksyboats.com\/without-license\/"},{"@type":"ListItem","position":3,"name":"Astec 400"}]},{"@type":"WebSite","@id":"https:\/\/maksyboats.com\/#website","url":"https:\/\/maksyboats.com\/","name":"Alquiler de barcos MaksyBoats Mallorca","description":"Alquiler de barcos en Mallorca, charters, viajes y mucho m\u00e1s","publisher":{"@id":"https:\/\/maksyboats.com\/#organization"},"potentialAction":[{"@type":"SearchAction","target":{"@type":"EntryPoint","urlTemplate":"https:\/\/maksyboats.com\/?s={search_term_string}"},"query-input":{"@type":"PropertyValueSpecification","valueRequired":true,"valueName":"search_term_string"}}],"inLanguage":"es"},{"@type":"Organization","@id":"https:\/\/maksyboats.com\/#organization","name":"Alquiler de barcos MaksyBoats Mallorca","url":"https:\/\/maksyboats.com\/","logo":{"@type":"ImageObject","inLanguage":"es","@id":"https:\/\/maksyboats.com\/#\/schema\/logo\/image\/","url":"https:\/\/i0.wp.com\/maksyboats.com\/wpm\/wp-content\/uploads\/2020\/05\/maksyboats-boat-hire-2020.png?fit=350%2C70&ssl=1","contentUrl":"https:\/\/i0.wp.com\/maksyboats.com\/wpm\/wp-content\/uploads\/2020\/05\/maksyboats-boat-hire-2020.png?fit=350%2C70&ssl=1","width":350,"height":70,"caption":"MaksyBoats Boat Hire Mallorca"},"image":{"@id":"https:\/\/maksyboats.com\/#\/schema\/logo\/image\/"},"sameAs":["https:\/\/www.facebook.com\/maksyboats\/","https:\/\/x.com\/maksyboats","https:\/\/www.instagram.com\/maksyboats\/"]}]}},"jetpack_sharing_enabled":true,"_links":{"self":[{"href":"https:\/\/maksyboats.com\/es\/wp-json\/wp\/v2\/pages\/11815","targetHints":{"allow":["GET"]}}],"collection":[{"href":"https:\/\/maksyboats.com\/es\/wp-json\/wp\/v2\/pages"}],"about":[{"href":"https:\/\/maksyboats.com\/es\/wp-json\/wp\/v2\/types\/page"}],"author":[{"embeddable":true,"href":"https:\/\/maksyboats.com\/es\/wp-json\/wp\/v2\/users\/1"}],"replies":[{"embeddable":true,"href":"https:\/\/maksyboats.com\/es\/wp-json\/wp\/v2\/comments?post=11815"}],"version-history":[{"count":0,"href":"https:\/\/maksyboats.com\/es\/wp-json\/wp\/v2\/pages\/11815\/revisions"}],"up":[{"embeddable":true,"href":"https:\/\/maksyboats.com\/es\/wp-json\/wp\/v2\/pages\/11732"}],"wp:featuredmedia":[{"embeddable":true,"href":"https:\/\/maksyboats.com\/es\/wp-json\/wp\/v2\/media\/11816"}],"wp:attachment":[{"href":"https:\/\/maksyboats.com\/es\/wp-json\/wp\/v2\/media?parent=11815"}],"wp:term":[{"taxonomy":"post_tag","embeddable":true,"href":"https:\/\/maksyboats.com\/es\/wp-json\/wp\/v2\/tags?post=11815"}],"curies":[{"name":"Gracias","href":"https:\/\/api.w.org\/{rel}","templated":true}]}}