{"id":11780,"date":"2016-10-04T10:34:44","date_gmt":"2016-10-04T10:34:44","guid":{"rendered":"http:\/\/maksyboats.com\/?page_id=11780"},"modified":"2017-01-10T17:19:52","modified_gmt":"2017-01-10T17:19:52","slug":"puerto-de-dalcudia","status":"publish","type":"page","link":"https:\/\/maksyboats.com\/es\/locations\/port-dalcudia\/","title":{"rendered":"Port d&#039;Alc\u00fadia"},"content":{"rendered":"<div id=\"pl-11780\"  class=\"panel-layout\" ><div id=\"pg-11780-0\"  class=\"panel-grid panel-no-style\" ><div id=\"pgc-11780-0-0\"  class=\"panel-grid-cell panel-grid-cell-empty\" ><\/div><\/div><div id=\"pg-11780-1\"  class=\"panel-grid panel-no-style\" ><div id=\"pgc-11780-1-0\"  class=\"panel-grid-cell\" ><div id=\"panel-11780-1-0-0\" class=\"so-panel widget widget_sow-editor panel-first-child\" data-index=\"0\" ><div\n\t\t\t\n\t\t\tclass=\"so-widget-sow-editor so-widget-sow-editor-base\"\n\t\t\t\n\t\t><h3 class=\"widget-title\">Port d&#039;Alc\u00fadia<\/h3>\n<div class=\"siteorigin-widget-tinymce textwidget\">\n\t<p><strong>Port d&#039;Alc\u00fadia <\/strong>Es un situado en el norte de Mallorca, en la Bah\u00eda de Alcudia. Port d&#039;Alc\u00fadia es un puerto tradicional y lugar para vacaciones de verano en Mallorca.<\/p>\n<p><a href=\"https:\/\/i0.wp.com\/maksyboats.com\/wpm\/wp-content\/uploads\/2016\/10\/port-soller-sunset-mallorca-harbor.jpg\"><img fetchpriority=\"high\" data-recalc-dims=\"1\" decoding=\"async\" class=\"alignnone wp-image-11949 size-full\" src=\"https:\/\/i0.wp.com\/maksyboats.com\/wpm\/wp-content\/uploads\/2016\/10\/port-alcudia-mallorca.jpg?resize=960%2C540\" width=\"960\" height=\"540\" srcset=\"https:\/\/i0.wp.com\/maksyboats.com\/wpm\/wp-content\/uploads\/2016\/10\/port-alcudia-mallorca.jpg?w=960&amp;ssl=1 960w, https:\/\/i0.wp.com\/maksyboats.com\/wpm\/wp-content\/uploads\/2016\/10\/port-alcudia-mallorca.jpg?resize=300%2C169&amp;ssl=1 300w, https:\/\/i0.wp.com\/maksyboats.com\/wpm\/wp-content\/uploads\/2016\/10\/port-alcudia-mallorca.jpg?resize=768%2C432&amp;ssl=1 768w, https:\/\/i0.wp.com\/maksyboats.com\/wpm\/wp-content\/uploads\/2016\/10\/port-alcudia-mallorca.jpg?resize=555%2C312&amp;ssl=1 555w\" sizes=\"(max-width: 960px) 100vw, 960px\" \/><\/a><\/p>\n<\/div>\n<\/div><\/div><div id=\"panel-11780-1-0-1\" class=\"so-panel widget widget_sow-editor\" data-index=\"1\" ><div\n\t\t\t\n\t\t\tclass=\"so-widget-sow-editor so-widget-sow-editor-base\"\n\t\t\t\n\t\t><h3 class=\"widget-title\">El tiempo en Puerto de Alc\u00fadia<\/h3>\n<div class=\"siteorigin-widget-tinymce textwidget\">\n\t<div id=\"c_a9734712672a16f0ec7d03d44a811ba3\" class=\"normal\"><\/div>\n<p><script type=\"text\/javascript\" src=\"https:\/\/www.eltiempo.es\/widget\/widget_loader\/a9734712672a16f0ec7d03d44a811ba3\"><\/script><\/p>\n<\/div>\n<\/div><\/div><div id=\"panel-11780-1-0-2\" class=\"so-panel widget widget_sow-editor panel-last-child\" data-index=\"2\" ><div\n\t\t\t\n\t\t\tclass=\"so-widget-sow-editor so-widget-sow-editor-base\"\n\t\t\t\n\t\t><h3 class=\"widget-title\">Maksyboats en Port d&#039;Alc\u00fadia<\/h3>\n<div class=\"siteorigin-widget-tinymce textwidget\">\n\t<p><iframe style=\"border: 0;\" src=\"https:\/\/www.google.com\/maps\/embed?pb=!1m18!1m12!1m3!1d3063.4927144364638!2d3.1313345433853668!3d39.8407899854592!2m3!1f0!2f0!3f0!3m2!1i1024!2i768!4f13.1!3m3!1m2!1s0x0%3A0x0!2zMznCsDUwJzI2LjgiTiAzwrAwNyc1OS40IkU!5e0!3m2!1ses!2ses!4v1475841052487\" width=\"100%\" height=\"300\" frameborder=\"0\" allowfullscreen=\"allowfullscreen\"><\/iframe><\/p>\n<\/div>\n<\/div><\/div><\/div><\/div><\/div>","protected":false},"excerpt":{"rendered":"<p>Port d&#039;Alc\u00fadia es un situado en el norte de Mallorca, en la Bah\u00eda de Alcudia. Port d&#039;Alc\u00fadia es un puerto tradicional y lugar de veraneo en Mallorca.<\/p>","protected":false},"author":1,"featured_media":11949,"parent":11778,"menu_order":0,"comment_status":"closed","ping_status":"closed","template":"template-builder-page.php","meta":{"generate_page_header":"","jetpack_post_was_ever_published":false,"footnotes":""},"tags":[],"class_list":["post-11780","page","type-page","status-publish","has-post-thumbnail"],"yoast_head":"<!-- This site is optimized with the Yoast SEO plugin v27.3 - https:\/\/yoast.com\/product\/yoast-seo-wordpress\/ -->\n<title>Rent Boats in Port d&#039;Alc\u00fadia with or without license. Sailing charters<\/title>\n<meta name=\"description\" content=\"Maksyboats offers Boat Rental with or without license in Port de Alc\u00fadia, Mallorca. Sailing Boats Charters, fishing trips &amp; more. Start enjoying now!\" \/>\n<meta name=\"robots\" content=\"index, follow, max-snippet:-1, max-image-preview:large, max-video-preview:-1\" \/>\n<link rel=\"canonical\" href=\"https:\/\/maksyboats.com\/es\/ubicaciones\/puerto-de-dalcudia\/\" \/>\n<meta property=\"og:locale\" content=\"es_ES\" \/>\n<meta property=\"og:type\" content=\"article\" \/>\n<meta property=\"og:title\" content=\"Rent Boats in Port d&#039;Alc\u00fadia with or without license. Sailing charters\" \/>\n<meta property=\"og:description\" content=\"Maksyboats offers Boat Rental with or without license in Port de Alc\u00fadia, Mallorca. Sailing Boats Charters, fishing trips &amp; more. Start enjoying now!\" \/>\n<meta property=\"og:url\" content=\"https:\/\/maksyboats.com\/es\/ubicaciones\/puerto-de-dalcudia\/\" \/>\n<meta property=\"og:site_name\" content=\"MaksyBoats\" \/>\n<meta property=\"article:publisher\" content=\"https:\/\/www.facebook.com\/maksyboats\/\" \/>\n<meta property=\"article:modified_time\" content=\"2017-01-10T17:19:52+00:00\" \/>\n<meta property=\"og:image\" content=\"https:\/\/i2.wp.com\/maksyboats.com\/wpm\/wp-content\/uploads\/2016\/10\/port-alcudia-mallorca.jpg?fit=960%2C540&ssl=1\" \/>\n\t<meta property=\"og:image:width\" content=\"960\" \/>\n\t<meta property=\"og:image:height\" content=\"540\" \/>\n\t<meta property=\"og:image:type\" content=\"image\/jpeg\" \/>\n<meta name=\"twitter:card\" content=\"summary_large_image\" \/>\n<meta name=\"twitter:site\" content=\"@maksyboats\" \/>\n<script type=\"application\/ld+json\" class=\"yoast-schema-graph\">{\"@context\":\"https:\\\/\\\/schema.org\",\"@graph\":[{\"@type\":\"WebPage\",\"@id\":\"https:\\\/\\\/maksyboats.com\\\/es\\\/ubicaciones\\\/port-dalcudia\\\/\",\"url\":\"https:\\\/\\\/maksyboats.com\\\/es\\\/ubicaciones\\\/port-dalcudia\\\/\",\"name\":\"Rent Boats in Port d'Alc\u00fadia with or without license. Sailing charters\",\"isPartOf\":{\"@id\":\"https:\\\/\\\/maksyboats.com\\\/#website\"},\"primaryImageOfPage\":{\"@id\":\"https:\\\/\\\/maksyboats.com\\\/es\\\/ubicaciones\\\/port-dalcudia\\\/#primaryimage\"},\"image\":{\"@id\":\"https:\\\/\\\/maksyboats.com\\\/es\\\/ubicaciones\\\/port-dalcudia\\\/#primaryimage\"},\"thumbnailUrl\":\"https:\\\/\\\/i0.wp.com\\\/maksyboats.com\\\/wpm\\\/wp-content\\\/uploads\\\/2016\\\/10\\\/port-alcudia-mallorca.jpg?fit=960%2C540&ssl=1\",\"datePublished\":\"2016-10-04T10:34:44+00:00\",\"dateModified\":\"2017-01-10T17:19:52+00:00\",\"description\":\"Maksyboats offers Boat Rental with or without license in Port de Alc\u00fadia, Mallorca. Sailing Boats Charters, fishing trips & more. Start enjoying now!\",\"breadcrumb\":{\"@id\":\"https:\\\/\\\/maksyboats.com\\\/es\\\/ubicaciones\\\/port-dalcudia\\\/#breadcrumb\"},\"inLanguage\":\"es\",\"potentialAction\":[{\"@type\":\"ReadAction\",\"target\":[\"https:\\\/\\\/maksyboats.com\\\/es\\\/ubicaciones\\\/port-dalcudia\\\/\"]}]},{\"@type\":\"ImageObject\",\"inLanguage\":\"es\",\"@id\":\"https:\\\/\\\/maksyboats.com\\\/es\\\/ubicaciones\\\/port-dalcudia\\\/#primaryimage\",\"url\":\"https:\\\/\\\/i0.wp.com\\\/maksyboats.com\\\/wpm\\\/wp-content\\\/uploads\\\/2016\\\/10\\\/port-alcudia-mallorca.jpg?fit=960%2C540&ssl=1\",\"contentUrl\":\"https:\\\/\\\/i0.wp.com\\\/maksyboats.com\\\/wpm\\\/wp-content\\\/uploads\\\/2016\\\/10\\\/port-alcudia-mallorca.jpg?fit=960%2C540&ssl=1\",\"width\":960,\"height\":540,\"caption\":\"Port d'Alc\u00fadia, Mallorca\"},{\"@type\":\"BreadcrumbList\",\"@id\":\"https:\\\/\\\/maksyboats.com\\\/es\\\/ubicaciones\\\/port-dalcudia\\\/#breadcrumb\",\"itemListElement\":[{\"@type\":\"ListItem\",\"position\":1,\"name\":\"Home\",\"item\":\"https:\\\/\\\/maksyboats.com\\\/\"},{\"@type\":\"ListItem\",\"position\":2,\"name\":\"Locations\",\"item\":\"https:\\\/\\\/maksyboats.com\\\/es\\\/ubicaciones\\\/\"},{\"@type\":\"ListItem\",\"position\":3,\"name\":\"Port d&#8217;Alc\u00fadia\"}]},{\"@type\":\"WebSite\",\"@id\":\"https:\\\/\\\/maksyboats.com\\\/#website\",\"url\":\"https:\\\/\\\/maksyboats.com\\\/\",\"name\":\"MaksyBoats Boat Hire Mallorca\",\"description\":\"Boat Hire Mallorca, Charters, Trips &amp; much more\",\"publisher\":{\"@id\":\"https:\\\/\\\/maksyboats.com\\\/#organization\"},\"potentialAction\":[{\"@type\":\"SearchAction\",\"target\":{\"@type\":\"EntryPoint\",\"urlTemplate\":\"https:\\\/\\\/maksyboats.com\\\/?s={search_term_string}\"},\"query-input\":{\"@type\":\"PropertyValueSpecification\",\"valueRequired\":true,\"valueName\":\"search_term_string\"}}],\"inLanguage\":\"es\"},{\"@type\":\"Organization\",\"@id\":\"https:\\\/\\\/maksyboats.com\\\/#organization\",\"name\":\"MaksyBoats Boat Hire Mallorca\",\"url\":\"https:\\\/\\\/maksyboats.com\\\/\",\"logo\":{\"@type\":\"ImageObject\",\"inLanguage\":\"es\",\"@id\":\"https:\\\/\\\/maksyboats.com\\\/#\\\/schema\\\/logo\\\/image\\\/\",\"url\":\"https:\\\/\\\/i0.wp.com\\\/maksyboats.com\\\/wpm\\\/wp-content\\\/uploads\\\/2020\\\/05\\\/maksyboats-boat-hire-2020.png?fit=350%2C70&ssl=1\",\"contentUrl\":\"https:\\\/\\\/i0.wp.com\\\/maksyboats.com\\\/wpm\\\/wp-content\\\/uploads\\\/2020\\\/05\\\/maksyboats-boat-hire-2020.png?fit=350%2C70&ssl=1\",\"width\":350,\"height\":70,\"caption\":\"MaksyBoats Boat Hire Mallorca\"},\"image\":{\"@id\":\"https:\\\/\\\/maksyboats.com\\\/#\\\/schema\\\/logo\\\/image\\\/\"},\"sameAs\":[\"https:\\\/\\\/www.facebook.com\\\/maksyboats\\\/\",\"https:\\\/\\\/x.com\\\/maksyboats\",\"https:\\\/\\\/www.instagram.com\\\/maksyboats\\\/\"]}]}<\/script>\n<!-- \/ Yoast SEO plugin. -->","yoast_head_json":{"title":"Alquiler de Barcos en Port d&#039;Alc\u00fadia con o sin licencia. Cartas de navegaci\u00f3n","description":"Maksyboats ofrece alquiler de barcos con o sin licencia en Port de Alc\u00fadia, Mallorca. Veleros Alquiler de barcos, viajes de pesca y m\u00e1s. \u00a1Comienza a disfrutar ahora!","robots":{"index":"index","follow":"follow","max-snippet":"max-snippet:-1","max-image-preview":"max-image-preview:large","max-video-preview":"max-video-preview:-1"},"canonical":"https:\/\/maksyboats.com\/es\/ubicaciones\/puerto-de-dalcudia\/","og_locale":"es_ES","og_type":"article","og_title":"Rent Boats in Port d'Alc\u00fadia with or without license. Sailing charters","og_description":"Maksyboats offers Boat Rental with or without license in Port de Alc\u00fadia, Mallorca. Sailing Boats Charters, fishing trips & more. Start enjoying now!","og_url":"https:\/\/maksyboats.com\/es\/ubicaciones\/puerto-de-dalcudia\/","og_site_name":"MaksyBoats","article_publisher":"https:\/\/www.facebook.com\/maksyboats\/","article_modified_time":"2017-01-10T17:19:52+00:00","og_image":[{"width":960,"height":540,"url":"https:\/\/i2.wp.com\/maksyboats.com\/wpm\/wp-content\/uploads\/2016\/10\/port-alcudia-mallorca.jpg?fit=960%2C540&ssl=1","type":"image\/jpeg"}],"twitter_card":"summary_large_image","twitter_site":"@maksyboats","schema":{"@context":"https:\/\/schema.org","@graph":[{"@type":"WebPage","@id":"https:\/\/maksyboats.com\/es\/ubicaciones\/port-dalcudia\/","url":"https:\/\/maksyboats.com\/es\/ubicaciones\/port-dalcudia\/","name":"Alquiler de Barcos en Port d&#039;Alc\u00fadia con o sin licencia. Cartas de navegaci\u00f3n","isPartOf":{"@id":"https:\/\/maksyboats.com\/#website"},"primaryImageOfPage":{"@id":"https:\/\/maksyboats.com\/es\/ubicaciones\/port-dalcudia\/#primaryimage"},"image":{"@id":"https:\/\/maksyboats.com\/es\/ubicaciones\/port-dalcudia\/#primaryimage"},"thumbnailUrl":"https:\/\/i0.wp.com\/maksyboats.com\/wpm\/wp-content\/uploads\/2016\/10\/port-alcudia-mallorca.jpg?fit=960%2C540&ssl=1","datePublished":"2016-10-04T10:34:44+00:00","dateModified":"2017-01-10T17:19:52+00:00","description":"Maksyboats ofrece alquiler de barcos con o sin licencia en Port de Alc\u00fadia, Mallorca. Veleros Alquiler de barcos, viajes de pesca y m\u00e1s. \u00a1Comienza a disfrutar ahora!","breadcrumb":{"@id":"https:\/\/maksyboats.com\/es\/ubicaciones\/port-dalcudia\/#breadcrumb"},"inLanguage":"es","potentialAction":[{"@type":"ReadAction","target":["https:\/\/maksyboats.com\/es\/ubicaciones\/port-dalcudia\/"]}]},{"@type":"ImageObject","inLanguage":"es","@id":"https:\/\/maksyboats.com\/es\/ubicaciones\/port-dalcudia\/#primaryimage","url":"https:\/\/i0.wp.com\/maksyboats.com\/wpm\/wp-content\/uploads\/2016\/10\/port-alcudia-mallorca.jpg?fit=960%2C540&ssl=1","contentUrl":"https:\/\/i0.wp.com\/maksyboats.com\/wpm\/wp-content\/uploads\/2016\/10\/port-alcudia-mallorca.jpg?fit=960%2C540&ssl=1","width":960,"height":540,"caption":"Port d'Alc\u00fadia, Mallorca"},{"@type":"BreadcrumbList","@id":"https:\/\/maksyboats.com\/es\/ubicaciones\/port-dalcudia\/#breadcrumb","itemListElement":[{"@type":"ListItem","position":1,"name":"Home","item":"https:\/\/maksyboats.com\/"},{"@type":"ListItem","position":2,"name":"Locations","item":"https:\/\/maksyboats.com\/es\/ubicaciones\/"},{"@type":"ListItem","position":3,"name":"Port d&#8217;Alc\u00fadia"}]},{"@type":"WebSite","@id":"https:\/\/maksyboats.com\/#website","url":"https:\/\/maksyboats.com\/","name":"Alquiler de barcos MaksyBoats Mallorca","description":"Alquiler de barcos en Mallorca, charters, viajes y mucho m\u00e1s","publisher":{"@id":"https:\/\/maksyboats.com\/#organization"},"potentialAction":[{"@type":"SearchAction","target":{"@type":"EntryPoint","urlTemplate":"https:\/\/maksyboats.com\/?s={search_term_string}"},"query-input":{"@type":"PropertyValueSpecification","valueRequired":true,"valueName":"search_term_string"}}],"inLanguage":"es"},{"@type":"Organization","@id":"https:\/\/maksyboats.com\/#organization","name":"Alquiler de barcos MaksyBoats Mallorca","url":"https:\/\/maksyboats.com\/","logo":{"@type":"ImageObject","inLanguage":"es","@id":"https:\/\/maksyboats.com\/#\/schema\/logo\/image\/","url":"https:\/\/i0.wp.com\/maksyboats.com\/wpm\/wp-content\/uploads\/2020\/05\/maksyboats-boat-hire-2020.png?fit=350%2C70&ssl=1","contentUrl":"https:\/\/i0.wp.com\/maksyboats.com\/wpm\/wp-content\/uploads\/2020\/05\/maksyboats-boat-hire-2020.png?fit=350%2C70&ssl=1","width":350,"height":70,"caption":"MaksyBoats Boat Hire Mallorca"},"image":{"@id":"https:\/\/maksyboats.com\/#\/schema\/logo\/image\/"},"sameAs":["https:\/\/www.facebook.com\/maksyboats\/","https:\/\/x.com\/maksyboats","https:\/\/www.instagram.com\/maksyboats\/"]}]}},"jetpack_sharing_enabled":true,"_links":{"self":[{"href":"https:\/\/maksyboats.com\/es\/wp-json\/wp\/v2\/pages\/11780","targetHints":{"allow":["GET"]}}],"collection":[{"href":"https:\/\/maksyboats.com\/es\/wp-json\/wp\/v2\/pages"}],"about":[{"href":"https:\/\/maksyboats.com\/es\/wp-json\/wp\/v2\/types\/page"}],"author":[{"embeddable":true,"href":"https:\/\/maksyboats.com\/es\/wp-json\/wp\/v2\/users\/1"}],"replies":[{"embeddable":true,"href":"https:\/\/maksyboats.com\/es\/wp-json\/wp\/v2\/comments?post=11780"}],"version-history":[{"count":0,"href":"https:\/\/maksyboats.com\/es\/wp-json\/wp\/v2\/pages\/11780\/revisions"}],"up":[{"embeddable":true,"href":"https:\/\/maksyboats.com\/es\/wp-json\/wp\/v2\/pages\/11778"}],"wp:featuredmedia":[{"embeddable":true,"href":"https:\/\/maksyboats.com\/es\/wp-json\/wp\/v2\/media\/11949"}],"wp:attachment":[{"href":"https:\/\/maksyboats.com\/es\/wp-json\/wp\/v2\/media?parent=11780"}],"wp:term":[{"taxonomy":"post_tag","embeddable":true,"href":"https:\/\/maksyboats.com\/es\/wp-json\/wp\/v2\/tags?post=11780"}],"curies":[{"name":"Gracias","href":"https:\/\/api.w.org\/{rel}","templated":true}]}}