{"id":11778,"date":"2016-10-04T10:28:52","date_gmt":"2016-10-04T10:28:52","guid":{"rendered":"http:\/\/maksyboats.com\/?page_id=11778"},"modified":"2019-02-25T12:14:09","modified_gmt":"2019-02-25T11:14:09","slug":"ubicaciones","status":"publish","type":"page","link":"https:\/\/maksyboats.com\/es\/locations\/","title":{"rendered":"Localizaciones"},"content":{"rendered":"<div id=\"pl-11778\"  class=\"panel-layout\" ><div id=\"pg-11778-0\"  class=\"panel-grid panel-no-style\" ><div id=\"pgc-11778-0-0\"  class=\"panel-grid-cell panel-grid-cell-empty\" ><\/div><\/div><div id=\"pg-11778-1\"  class=\"panel-grid panel-no-style\" ><div id=\"pgc-11778-1-0\"  class=\"panel-grid-cell\" ><div id=\"panel-11778-1-0-0\" class=\"so-panel widget widget_sow-editor panel-first-child panel-last-child\" data-index=\"0\" ><div\n\t\t\t\n\t\t\tclass=\"so-widget-sow-editor so-widget-sow-editor-base\"\n\t\t\t\n\t\t>\n<div class=\"siteorigin-widget-tinymce textwidget\">\n\t<h3>Alquiler de barcos en Mallorca y mucho m\u00e1s<\/h3>\n<p>Maksyboats es una empresa creada por profesionales con m\u00e1s de 15 a\u00f1os de experiencia en el sector n\u00e1utico. Tenemos una gran flota de barcos de alquiler en Mallorca con diferentes caracter\u00edsticas. Podemos satisfacer cualquier necesidad, desde peque\u00f1as embarcaciones a motor RIB, hasta veleros o yates de m\u00e1s de 20 metros. Tambi\u00e9n compramos y vendemos embarcaciones.<\/p>\n<\/div>\n<\/div><\/div><\/div><\/div><div id=\"pg-11778-2\"  class=\"panel-grid panel-no-style\" ><div id=\"pgc-11778-2-0\"  class=\"panel-grid-cell\" ><div id=\"panel-11778-2-0-0\" class=\"so-panel widget widget_sow-editor panel-first-child panel-last-child\" data-index=\"1\" ><div\n\t\t\t\n\t\t\tclass=\"so-widget-sow-editor so-widget-sow-editor-base\"\n\t\t\t\n\t\t><h3 class=\"widget-title\">Port de S\u00f3ller<\/h3>\n<div class=\"siteorigin-widget-tinymce textwidget\">\n\t<p><a href=\"https:\/\/maksyboats.com\/es\/ubicaciones\/puerto-de-soller\/\"><img fetchpriority=\"high\" data-recalc-dims=\"1\" decoding=\"async\" class=\"alignnone wp-image-12605 size-full\" src=\"https:\/\/i0.wp.com\/maksyboats.com\/wpm\/wp-content\/uploads\/2018\/06\/port-soller-boat-hire-maksyboats-mallorca-sunset.jpg?resize=960%2C540&#038;ssl=1\" alt=\"\" width=\"960\" height=\"540\" srcset=\"https:\/\/i0.wp.com\/maksyboats.com\/wpm\/wp-content\/uploads\/2018\/06\/port-soller-boat-hire-maksyboats-mallorca-sunset.jpg?w=960&amp;ssl=1 960w, https:\/\/i0.wp.com\/maksyboats.com\/wpm\/wp-content\/uploads\/2018\/06\/port-soller-boat-hire-maksyboats-mallorca-sunset.jpg?resize=300%2C169&amp;ssl=1 300w, https:\/\/i0.wp.com\/maksyboats.com\/wpm\/wp-content\/uploads\/2018\/06\/port-soller-boat-hire-maksyboats-mallorca-sunset.jpg?resize=768%2C432&amp;ssl=1 768w, https:\/\/i0.wp.com\/maksyboats.com\/wpm\/wp-content\/uploads\/2018\/06\/port-soller-boat-hire-maksyboats-mallorca-sunset.jpg?resize=30%2C17&amp;ssl=1 30w\" sizes=\"(max-width: 960px) 100vw, 960px\" \/><\/a><\/p>\n<p><strong>NUESTRA SEDE.<\/strong> La base de Maksyboats se encuentra en Port de S\u00f3ller. No hay mejor lugar como punto de partida para las rutas en barco, por eso elegimos esta ubicaci\u00f3n para nuestra base.<\/p>\n<p><a class=\"btn btn-primary\" href=\"http:\/\/maksyboats.com\/es\/ubicaciones\/puerto-de-soller\/\">Ver m\u00e1s detalles \u00bb<\/a><\/p>\n<\/div>\n<\/div><\/div><\/div><div id=\"pgc-11778-2-1\"  class=\"panel-grid-cell\" ><div id=\"panel-11778-2-1-0\" class=\"so-panel widget widget_sow-editor panel-first-child panel-last-child\" data-index=\"2\" ><div\n\t\t\t\n\t\t\tclass=\"so-widget-sow-editor so-widget-sow-editor-base\"\n\t\t\t\n\t\t><h3 class=\"widget-title\">Palma de Mallorca<\/h3>\n<div class=\"siteorigin-widget-tinymce textwidget\">\n\t<p><a href=\"https:\/\/maksyboats.com\/es\/ubicaciones\/palma-de-mallorca\/\"><img loading=\"lazy\" data-recalc-dims=\"1\" decoding=\"async\" class=\"alignnone wp-image-12604 size-full\" src=\"https:\/\/i0.wp.com\/maksyboats.com\/wpm\/wp-content\/uploads\/2018\/06\/palma-mallorca-catedral-sunset-boat-hire-maksyboats.jpg?resize=800%2C450&#038;ssl=1\" alt=\"\" width=\"800\" height=\"450\" srcset=\"https:\/\/i0.wp.com\/maksyboats.com\/wpm\/wp-content\/uploads\/2018\/06\/palma-mallorca-catedral-sunset-boat-hire-maksyboats.jpg?w=800&amp;ssl=1 800w, https:\/\/i0.wp.com\/maksyboats.com\/wpm\/wp-content\/uploads\/2018\/06\/palma-mallorca-catedral-sunset-boat-hire-maksyboats.jpg?resize=300%2C169&amp;ssl=1 300w, https:\/\/i0.wp.com\/maksyboats.com\/wpm\/wp-content\/uploads\/2018\/06\/palma-mallorca-catedral-sunset-boat-hire-maksyboats.jpg?resize=768%2C432&amp;ssl=1 768w, https:\/\/i0.wp.com\/maksyboats.com\/wpm\/wp-content\/uploads\/2018\/06\/palma-mallorca-catedral-sunset-boat-hire-maksyboats.jpg?resize=30%2C17&amp;ssl=1 30w\" sizes=\"(max-width: 800px) 100vw, 800px\" \/><\/a><\/p>\n<p>Navegando desde el puerto de <strong>Palma de Mallorca<\/strong>, dominado por La Seu (Catedral de Palma) y el Castillo de Bellver es una experiencia \u00fanica. Le ofrecemos nuestros servicios en la capital de Mallorca, una ciudad cosmopolita con actividad durante todo el a\u00f1o.<\/p>\n<p><a class=\"btn btn-primary\" href=\"https:\/\/maksyboats.com\/es\/ubicaciones\/palma-de-mallorca\/\">Ver m\u00e1s detalles \u00bb<\/a><\/p>\n<\/div>\n<\/div><\/div><\/div><\/div><div id=\"pg-11778-3\"  class=\"panel-grid panel-no-style\" ><div id=\"pgc-11778-3-0\"  class=\"panel-grid-cell panel-grid-cell-empty\" ><\/div><\/div><div id=\"pg-11778-4\"  class=\"panel-grid panel-no-style\" ><div id=\"pgc-11778-4-0\"  class=\"panel-grid-cell\" ><div id=\"panel-11778-4-0-0\" class=\"so-panel widget widget_sow-editor panel-first-child panel-last-child\" data-index=\"3\" ><div\n\t\t\t\n\t\t\tclass=\"so-widget-sow-editor so-widget-sow-editor-base\"\n\t\t\t\n\t\t><h3 class=\"widget-title\">Cala Nova<\/h3>\n<div class=\"siteorigin-widget-tinymce textwidget\">\n\t<p><a href=\"https:\/\/maksyboats.com\/es\/ubicaciones\/cala-nova-mallorca\/\" target=\"_blank\" rel=\"noopener\"><img loading=\"lazy\" data-recalc-dims=\"1\" decoding=\"async\" class=\"alignnone wp-image-12734 size-full\" src=\"https:\/\/i0.wp.com\/maksyboats.com\/wpm\/wp-content\/uploads\/2019\/02\/port-cala-nova-mallorca-boat-hire-03.jpg?resize=960%2C540&#038;ssl=1\" alt=\"Cala Nova, Mallorca alquiler de barcos con MaksyBoats\" width=\"960\" height=\"540\" srcset=\"https:\/\/i0.wp.com\/maksyboats.com\/wpm\/wp-content\/uploads\/2019\/02\/port-cala-nova-mallorca-boat-hire-03.jpg?w=960&amp;ssl=1 960w, https:\/\/i0.wp.com\/maksyboats.com\/wpm\/wp-content\/uploads\/2019\/02\/port-cala-nova-mallorca-boat-hire-03.jpg?resize=300%2C169&amp;ssl=1 300w, https:\/\/i0.wp.com\/maksyboats.com\/wpm\/wp-content\/uploads\/2019\/02\/port-cala-nova-mallorca-boat-hire-03.jpg?resize=768%2C432&amp;ssl=1 768w, https:\/\/i0.wp.com\/maksyboats.com\/wpm\/wp-content\/uploads\/2019\/02\/port-cala-nova-mallorca-boat-hire-03.jpg?resize=30%2C17&amp;ssl=1 30w\" sizes=\"(max-width: 960px) 100vw, 960px\" \/><\/a><\/p>\n<p><strong>Cala Nova<\/strong>. Muy cerca de Palma, este moderno puerto est\u00e1 equipado con todos los servicios y excelentes instalaciones.<\/p>\n<p><a class=\"btn btn-primary\" href=\"https:\/\/maksyboats.com\/es\/ubicaciones\/cala-nova-mallorca\/\">Ver m\u00e1s detalles \u00bb<\/a><\/p>\n<\/div>\n<\/div><\/div><\/div><div id=\"pgc-11778-4-1\"  class=\"panel-grid-cell\" ><div id=\"panel-11778-4-1-0\" class=\"so-panel widget widget_sow-editor panel-first-child panel-last-child\" data-index=\"4\" ><div\n\t\t\t\n\t\t\tclass=\"so-widget-sow-editor so-widget-sow-editor-base\"\n\t\t\t\n\t\t><h3 class=\"widget-title\">Port d&#039;Andratx<\/h3>\n<div class=\"siteorigin-widget-tinymce textwidget\">\n\t<p><a href=\"http:\/\/maksyboats.com\/es\/ubicaciones\/puerto-dandratx\/\"><img loading=\"lazy\" data-recalc-dims=\"1\" decoding=\"async\" class=\"alignnone wp-image-11945 size-full\" src=\"https:\/\/i0.wp.com\/maksyboats.com\/wpm\/wp-content\/uploads\/2016\/10\/port-andratx-mallorca.jpg?resize=960%2C540\" width=\"960\" height=\"540\" srcset=\"https:\/\/i0.wp.com\/maksyboats.com\/wpm\/wp-content\/uploads\/2016\/10\/port-andratx-mallorca.jpg?w=960&amp;ssl=1 960w, https:\/\/i0.wp.com\/maksyboats.com\/wpm\/wp-content\/uploads\/2016\/10\/port-andratx-mallorca.jpg?resize=300%2C169&amp;ssl=1 300w, https:\/\/i0.wp.com\/maksyboats.com\/wpm\/wp-content\/uploads\/2016\/10\/port-andratx-mallorca.jpg?resize=768%2C432&amp;ssl=1 768w, https:\/\/i0.wp.com\/maksyboats.com\/wpm\/wp-content\/uploads\/2016\/10\/port-andratx-mallorca.jpg?resize=555%2C312&amp;ssl=1 555w\" sizes=\"auto, (max-width: 960px) 100vw, 960px\" \/><\/a><\/p>\n<p><strong>Port d&#039;Andratx<\/strong> es un puerto natural de Mallorca, ubicado en la parte noroeste de la isla, a principios de <strong>Serra de Tramuntana<\/strong>\u00a0cordillera.<\/p>\n<p><a class=\"btn btn-primary\" href=\"http:\/\/maksyboats.com\/es\/ubicaciones\/puerto-dandratx\/\">Ver m\u00e1s detalles \u00bb<\/a><\/p>\n<\/div>\n<\/div><\/div><\/div><\/div><div id=\"pg-11778-5\"  class=\"panel-grid panel-no-style\" ><div id=\"pgc-11778-5-0\"  class=\"panel-grid-cell panel-grid-cell-empty\" ><\/div><\/div><div id=\"pg-11778-6\"  class=\"panel-grid panel-no-style\" ><div id=\"pgc-11778-6-0\"  class=\"panel-grid-cell\" ><div id=\"panel-11778-6-0-0\" class=\"so-panel widget widget_sow-editor panel-first-child panel-last-child\" data-index=\"5\" ><div\n\t\t\t\n\t\t\tclass=\"so-widget-sow-editor so-widget-sow-editor-base\"\n\t\t\t\n\t\t><h3 class=\"widget-title\">Port d&#039;Alc\u00fadia<\/h3>\n<div class=\"siteorigin-widget-tinymce textwidget\">\n\t<p><a href=\"http:\/\/maksyboats.com\/es\/ubicaciones\/puerto-de-dalcudia\/\"><img loading=\"lazy\" data-recalc-dims=\"1\" decoding=\"async\" class=\"alignnone wp-image-11949 size-full\" src=\"https:\/\/i0.wp.com\/maksyboats.com\/wpm\/wp-content\/uploads\/2016\/10\/port-alcudia-mallorca.jpg?resize=960%2C540\" width=\"960\" height=\"540\" srcset=\"https:\/\/i0.wp.com\/maksyboats.com\/wpm\/wp-content\/uploads\/2016\/10\/port-alcudia-mallorca.jpg?w=960&amp;ssl=1 960w, https:\/\/i0.wp.com\/maksyboats.com\/wpm\/wp-content\/uploads\/2016\/10\/port-alcudia-mallorca.jpg?resize=300%2C169&amp;ssl=1 300w, https:\/\/i0.wp.com\/maksyboats.com\/wpm\/wp-content\/uploads\/2016\/10\/port-alcudia-mallorca.jpg?resize=768%2C432&amp;ssl=1 768w, https:\/\/i0.wp.com\/maksyboats.com\/wpm\/wp-content\/uploads\/2016\/10\/port-alcudia-mallorca.jpg?resize=555%2C312&amp;ssl=1 555w\" sizes=\"auto, (max-width: 960px) 100vw, 960px\" \/><\/a><\/p>\n<p><strong>Port d&#039;Alc\u00fadia <\/strong>Es un situado en el norte de Mallorca, en la Bah\u00eda de Alcudia. Port d&#039;Alc\u00fadia es un puerto tradicional y lugar para vacaciones de verano en Mallorca.<\/p>\n<p><a class=\"btn btn-primary\" href=\"http:\/\/maksyboats.com\/es\/ubicaciones\/puerto-de-dalcudia\/\">Ver m\u00e1s detalles \u00bb<\/a><\/p>\n<\/div>\n<\/div><\/div><\/div><div id=\"pgc-11778-6-1\"  class=\"panel-grid-cell\" ><div id=\"panel-11778-6-1-0\" class=\"so-panel widget widget_sow-editor panel-first-child panel-last-child\" data-index=\"6\" ><div\n\t\t\t\n\t\t\tclass=\"so-widget-sow-editor so-widget-sow-editor-base\"\n\t\t\t\n\t\t><h3 class=\"widget-title\">Port de Pollen\u00e7a<\/h3>\n<div class=\"siteorigin-widget-tinymce textwidget\">\n\t<p><a href=\"https:\/\/maksyboats.com\/es\/ubicaciones\/puerto-de-pollenca\/\"><img loading=\"lazy\" data-recalc-dims=\"1\" decoding=\"async\" class=\"alignnone wp-image-12737 size-full\" src=\"https:\/\/i0.wp.com\/maksyboats.com\/wpm\/wp-content\/uploads\/2019\/02\/port-pollensa-beach-mallorca-01.jpg?resize=960%2C540&#038;ssl=1\" alt=\"Playa Port de Pollen\u00e7a\" width=\"960\" height=\"540\" srcset=\"https:\/\/i0.wp.com\/maksyboats.com\/wpm\/wp-content\/uploads\/2019\/02\/port-pollensa-beach-mallorca-01.jpg?w=960&amp;ssl=1 960w, https:\/\/i0.wp.com\/maksyboats.com\/wpm\/wp-content\/uploads\/2019\/02\/port-pollensa-beach-mallorca-01.jpg?resize=300%2C169&amp;ssl=1 300w, https:\/\/i0.wp.com\/maksyboats.com\/wpm\/wp-content\/uploads\/2019\/02\/port-pollensa-beach-mallorca-01.jpg?resize=768%2C432&amp;ssl=1 768w, https:\/\/i0.wp.com\/maksyboats.com\/wpm\/wp-content\/uploads\/2019\/02\/port-pollensa-beach-mallorca-01.jpg?resize=30%2C17&amp;ssl=1 30w\" sizes=\"auto, (max-width: 960px) 100vw, 960px\" \/><\/a><\/p>\n<p><strong>Port de Pollen\u00e7a<\/strong>\u00a0Se encuentra en el norte de Mallorca, en el coraz\u00f3n de la bah\u00eda de Pollen\u00e7a. La ciudad est\u00e1 al comienzo de la pen\u00ednsula de\u00a0<strong>Formentor<\/strong>.<\/p>\n<p><a class=\"btn btn-primary\" href=\"http:\/\/maksyboats.com\/es\/ubicaciones\/puerto-de-pollenca\/\">Ver m\u00e1s detalles \u00bb<\/a><\/p>\n<\/div>\n<\/div><\/div><\/div><\/div><div id=\"pg-11778-7\"  class=\"panel-grid panel-no-style\" ><div id=\"pgc-11778-7-0\"  class=\"panel-grid-cell panel-grid-cell-empty\" ><\/div><\/div><\/div>","protected":false},"excerpt":{"rendered":"<p>Mallorca Boat Rental y mucho m\u00e1s Maksyboats es una empresa creada por profesionales con m\u00e1s de 15 a\u00f1os de experiencia en el sector n\u00e1utico. Disponemos de una amplia flota de barcos de alquiler en Mallorca con diferentes caracter\u00edsticas. Podemos cubrir cualquier necesidad, desde peque\u00f1as lanchas RIB a motor, hasta vela o alquiler de yates de m\u00e1s de 20 metros. Nosotros \u2026 <a title=\"Localizaciones\" class=\"read-more\" href=\"https:\/\/maksyboats.com\/es\/locations\/\" aria-label=\"Leer m\u00e1s sobre Ubicaciones\">Leer m\u00e1s \u00bb<\/a><\/p>","protected":false},"author":1,"featured_media":12114,"parent":0,"menu_order":0,"comment_status":"closed","ping_status":"closed","template":"","meta":{"generate_page_header":"","jetpack_post_was_ever_published":false,"footnotes":""},"tags":[],"class_list":["post-11778","page","type-page","status-publish","has-post-thumbnail"],"yoast_head":"<!-- This site is optimized with the Yoast SEO plugin v27.3 - https:\/\/yoast.com\/product\/yoast-seo-wordpress\/ -->\n<title>Mallorca Boat Rental Locations - MaksyBoats Nautical Services<\/title>\n<meta name=\"description\" content=\"MaksyBoats offers nautical services throughout mallorca: boat charters, boats for rent, fishing charters and much more. The Maksyboats base is located in Port de S\u00f3ller. There is no better place as a starting point for boat routes. We&#039;re also in Port d&#039;Andratx, Port d&#039;Alc\u00fadia and Palma.\" \/>\n<meta name=\"robots\" content=\"index, follow, max-snippet:-1, max-image-preview:large, max-video-preview:-1\" \/>\n<link rel=\"canonical\" href=\"https:\/\/maksyboats.com\/es\/ubicaciones\/\" \/>\n<meta property=\"og:locale\" content=\"es_ES\" \/>\n<meta property=\"og:type\" content=\"article\" \/>\n<meta property=\"og:title\" content=\"Mallorca Boat Rental Locations - MaksyBoats Nautical Services\" \/>\n<meta property=\"og:description\" content=\"MaksyBoats offers nautical services throughout mallorca: boat charters, boats for rent, fishing charters and much more. The Maksyboats base is located in Port de S\u00f3ller. There is no better place as a starting point for boat routes. We&#039;re also in Port d&#039;Andratx, Port d&#039;Alc\u00fadia and Palma.\" \/>\n<meta property=\"og:url\" content=\"https:\/\/maksyboats.com\/es\/ubicaciones\/\" \/>\n<meta property=\"og:site_name\" content=\"MaksyBoats\" \/>\n<meta property=\"article:publisher\" content=\"https:\/\/www.facebook.com\/maksyboats\/\" \/>\n<meta property=\"article:modified_time\" content=\"2019-02-25T11:14:09+00:00\" \/>\n<meta property=\"og:image\" content=\"https:\/\/i0.wp.com\/maksyboats.com\/wpm\/wp-content\/uploads\/2017\/07\/sailing-boat-charters-mallorca-port-soller-11.jpg?fit=960%2C638&ssl=1\" \/>\n\t<meta property=\"og:image:width\" content=\"960\" \/>\n\t<meta property=\"og:image:height\" content=\"638\" \/>\n\t<meta property=\"og:image:type\" content=\"image\/jpeg\" \/>\n<meta name=\"twitter:card\" content=\"summary_large_image\" \/>\n<meta name=\"twitter:site\" content=\"@maksyboats\" \/>\n<meta name=\"twitter:label1\" content=\"Tiempo de lectura\" \/>\n\t<meta name=\"twitter:data1\" content=\"1 minuto\" \/>\n<script type=\"application\/ld+json\" class=\"yoast-schema-graph\">{\"@context\":\"https:\\\/\\\/schema.org\",\"@graph\":[{\"@type\":\"WebPage\",\"@id\":\"https:\\\/\\\/maksyboats.com\\\/es\\\/ubicaciones\\\/\",\"url\":\"https:\\\/\\\/maksyboats.com\\\/es\\\/ubicaciones\\\/\",\"name\":\"Mallorca Boat Rental Locations - MaksyBoats Nautical Services\",\"isPartOf\":{\"@id\":\"https:\\\/\\\/maksyboats.com\\\/#website\"},\"primaryImageOfPage\":{\"@id\":\"https:\\\/\\\/maksyboats.com\\\/es\\\/ubicaciones\\\/#primaryimage\"},\"image\":{\"@id\":\"https:\\\/\\\/maksyboats.com\\\/es\\\/ubicaciones\\\/#primaryimage\"},\"thumbnailUrl\":\"https:\\\/\\\/i0.wp.com\\\/maksyboats.com\\\/wpm\\\/wp-content\\\/uploads\\\/2017\\\/07\\\/sailing-boat-charters-mallorca-port-soller-11.jpg?fit=960%2C638&ssl=1\",\"datePublished\":\"2016-10-04T10:28:52+00:00\",\"dateModified\":\"2019-02-25T11:14:09+00:00\",\"description\":\"MaksyBoats offers nautical services throughout mallorca: boat charters, boats for rent, fishing charters and much more. The Maksyboats base is located in Port de S\u00f3ller. There is no better place as a starting point for boat routes. We're also in Port d'Andratx, Port d'Alc\u00fadia and Palma.\",\"breadcrumb\":{\"@id\":\"https:\\\/\\\/maksyboats.com\\\/es\\\/ubicaciones\\\/#breadcrumb\"},\"inLanguage\":\"es\",\"potentialAction\":[{\"@type\":\"ReadAction\",\"target\":[\"https:\\\/\\\/maksyboats.com\\\/es\\\/ubicaciones\\\/\"]}]},{\"@type\":\"ImageObject\",\"inLanguage\":\"es\",\"@id\":\"https:\\\/\\\/maksyboats.com\\\/es\\\/ubicaciones\\\/#primaryimage\",\"url\":\"https:\\\/\\\/i0.wp.com\\\/maksyboats.com\\\/wpm\\\/wp-content\\\/uploads\\\/2017\\\/07\\\/sailing-boat-charters-mallorca-port-soller-11.jpg?fit=960%2C638&ssl=1\",\"contentUrl\":\"https:\\\/\\\/i0.wp.com\\\/maksyboats.com\\\/wpm\\\/wp-content\\\/uploads\\\/2017\\\/07\\\/sailing-boat-charters-mallorca-port-soller-11.jpg?fit=960%2C638&ssl=1\",\"width\":960,\"height\":638},{\"@type\":\"BreadcrumbList\",\"@id\":\"https:\\\/\\\/maksyboats.com\\\/es\\\/ubicaciones\\\/#breadcrumb\",\"itemListElement\":[{\"@type\":\"ListItem\",\"position\":1,\"name\":\"Home\",\"item\":\"https:\\\/\\\/maksyboats.com\\\/\"},{\"@type\":\"ListItem\",\"position\":2,\"name\":\"Locations\"}]},{\"@type\":\"WebSite\",\"@id\":\"https:\\\/\\\/maksyboats.com\\\/#website\",\"url\":\"https:\\\/\\\/maksyboats.com\\\/\",\"name\":\"MaksyBoats Boat Hire Mallorca\",\"description\":\"Boat Hire Mallorca, Charters, Trips &amp; much more\",\"publisher\":{\"@id\":\"https:\\\/\\\/maksyboats.com\\\/#organization\"},\"potentialAction\":[{\"@type\":\"SearchAction\",\"target\":{\"@type\":\"EntryPoint\",\"urlTemplate\":\"https:\\\/\\\/maksyboats.com\\\/?s={search_term_string}\"},\"query-input\":{\"@type\":\"PropertyValueSpecification\",\"valueRequired\":true,\"valueName\":\"search_term_string\"}}],\"inLanguage\":\"es\"},{\"@type\":\"Organization\",\"@id\":\"https:\\\/\\\/maksyboats.com\\\/#organization\",\"name\":\"MaksyBoats Boat Hire Mallorca\",\"url\":\"https:\\\/\\\/maksyboats.com\\\/\",\"logo\":{\"@type\":\"ImageObject\",\"inLanguage\":\"es\",\"@id\":\"https:\\\/\\\/maksyboats.com\\\/#\\\/schema\\\/logo\\\/image\\\/\",\"url\":\"https:\\\/\\\/i0.wp.com\\\/maksyboats.com\\\/wpm\\\/wp-content\\\/uploads\\\/2020\\\/05\\\/maksyboats-boat-hire-2020.png?fit=350%2C70&ssl=1\",\"contentUrl\":\"https:\\\/\\\/i0.wp.com\\\/maksyboats.com\\\/wpm\\\/wp-content\\\/uploads\\\/2020\\\/05\\\/maksyboats-boat-hire-2020.png?fit=350%2C70&ssl=1\",\"width\":350,\"height\":70,\"caption\":\"MaksyBoats Boat Hire Mallorca\"},\"image\":{\"@id\":\"https:\\\/\\\/maksyboats.com\\\/#\\\/schema\\\/logo\\\/image\\\/\"},\"sameAs\":[\"https:\\\/\\\/www.facebook.com\\\/maksyboats\\\/\",\"https:\\\/\\\/x.com\\\/maksyboats\",\"https:\\\/\\\/www.instagram.com\\\/maksyboats\\\/\"]}]}<\/script>\n<!-- \/ Yoast SEO plugin. -->","yoast_head_json":{"title":"Oficinas de alquiler de barcos en Mallorca - Servicios n\u00e1uticos de MaksyBoats","description":"MaksyBoats ofrece servicios n\u00e1uticos en toda Mallorca: charter de barcos, alquiler de barcos, charters de pesca y mucho m\u00e1s. La base de Maksyboats se encuentra en el Port de S\u00f3ller. No hay mejor lugar como punto de partida para las rutas en barco. Tambi\u00e9n estamos en Port d&#039;Andratx, Port d&#039;Alc\u00fadia y Palma.","robots":{"index":"index","follow":"follow","max-snippet":"max-snippet:-1","max-image-preview":"max-image-preview:large","max-video-preview":"max-video-preview:-1"},"canonical":"https:\/\/maksyboats.com\/es\/ubicaciones\/","og_locale":"es_ES","og_type":"article","og_title":"Mallorca Boat Rental Locations - MaksyBoats Nautical Services","og_description":"MaksyBoats offers nautical services throughout mallorca: boat charters, boats for rent, fishing charters and much more. The Maksyboats base is located in Port de S\u00f3ller. There is no better place as a starting point for boat routes. We're also in Port d'Andratx, Port d'Alc\u00fadia and Palma.","og_url":"https:\/\/maksyboats.com\/es\/ubicaciones\/","og_site_name":"MaksyBoats","article_publisher":"https:\/\/www.facebook.com\/maksyboats\/","article_modified_time":"2019-02-25T11:14:09+00:00","og_image":[{"width":960,"height":638,"url":"https:\/\/i0.wp.com\/maksyboats.com\/wpm\/wp-content\/uploads\/2017\/07\/sailing-boat-charters-mallorca-port-soller-11.jpg?fit=960%2C638&ssl=1","type":"image\/jpeg"}],"twitter_card":"summary_large_image","twitter_site":"@maksyboats","twitter_misc":{"Tiempo de lectura":"1 minuto"},"schema":{"@context":"https:\/\/schema.org","@graph":[{"@type":"WebPage","@id":"https:\/\/maksyboats.com\/es\/ubicaciones\/","url":"https:\/\/maksyboats.com\/es\/ubicaciones\/","name":"Oficinas de alquiler de barcos en Mallorca - Servicios n\u00e1uticos de MaksyBoats","isPartOf":{"@id":"https:\/\/maksyboats.com\/#website"},"primaryImageOfPage":{"@id":"https:\/\/maksyboats.com\/es\/ubicaciones\/#primaryimage"},"image":{"@id":"https:\/\/maksyboats.com\/es\/ubicaciones\/#primaryimage"},"thumbnailUrl":"https:\/\/i0.wp.com\/maksyboats.com\/wpm\/wp-content\/uploads\/2017\/07\/sailing-boat-charters-mallorca-port-soller-11.jpg?fit=960%2C638&ssl=1","datePublished":"2016-10-04T10:28:52+00:00","dateModified":"2019-02-25T11:14:09+00:00","description":"MaksyBoats ofrece servicios n\u00e1uticos en toda Mallorca: charter de barcos, alquiler de barcos, charters de pesca y mucho m\u00e1s. La base de Maksyboats se encuentra en el Port de S\u00f3ller. No hay mejor lugar como punto de partida para las rutas en barco. Tambi\u00e9n estamos en Port d&#039;Andratx, Port d&#039;Alc\u00fadia y Palma.","breadcrumb":{"@id":"https:\/\/maksyboats.com\/es\/ubicaciones\/#breadcrumb"},"inLanguage":"es","potentialAction":[{"@type":"ReadAction","target":["https:\/\/maksyboats.com\/es\/ubicaciones\/"]}]},{"@type":"ImageObject","inLanguage":"es","@id":"https:\/\/maksyboats.com\/es\/ubicaciones\/#primaryimage","url":"https:\/\/i0.wp.com\/maksyboats.com\/wpm\/wp-content\/uploads\/2017\/07\/sailing-boat-charters-mallorca-port-soller-11.jpg?fit=960%2C638&ssl=1","contentUrl":"https:\/\/i0.wp.com\/maksyboats.com\/wpm\/wp-content\/uploads\/2017\/07\/sailing-boat-charters-mallorca-port-soller-11.jpg?fit=960%2C638&ssl=1","width":960,"height":638},{"@type":"BreadcrumbList","@id":"https:\/\/maksyboats.com\/es\/ubicaciones\/#breadcrumb","itemListElement":[{"@type":"ListItem","position":1,"name":"Home","item":"https:\/\/maksyboats.com\/"},{"@type":"ListItem","position":2,"name":"Locations"}]},{"@type":"WebSite","@id":"https:\/\/maksyboats.com\/#website","url":"https:\/\/maksyboats.com\/","name":"Alquiler de barcos MaksyBoats Mallorca","description":"Alquiler de barcos en Mallorca, charters, viajes y mucho m\u00e1s","publisher":{"@id":"https:\/\/maksyboats.com\/#organization"},"potentialAction":[{"@type":"SearchAction","target":{"@type":"EntryPoint","urlTemplate":"https:\/\/maksyboats.com\/?s={search_term_string}"},"query-input":{"@type":"PropertyValueSpecification","valueRequired":true,"valueName":"search_term_string"}}],"inLanguage":"es"},{"@type":"Organization","@id":"https:\/\/maksyboats.com\/#organization","name":"Alquiler de barcos MaksyBoats Mallorca","url":"https:\/\/maksyboats.com\/","logo":{"@type":"ImageObject","inLanguage":"es","@id":"https:\/\/maksyboats.com\/#\/schema\/logo\/image\/","url":"https:\/\/i0.wp.com\/maksyboats.com\/wpm\/wp-content\/uploads\/2020\/05\/maksyboats-boat-hire-2020.png?fit=350%2C70&ssl=1","contentUrl":"https:\/\/i0.wp.com\/maksyboats.com\/wpm\/wp-content\/uploads\/2020\/05\/maksyboats-boat-hire-2020.png?fit=350%2C70&ssl=1","width":350,"height":70,"caption":"MaksyBoats Boat Hire Mallorca"},"image":{"@id":"https:\/\/maksyboats.com\/#\/schema\/logo\/image\/"},"sameAs":["https:\/\/www.facebook.com\/maksyboats\/","https:\/\/x.com\/maksyboats","https:\/\/www.instagram.com\/maksyboats\/"]}]}},"jetpack_sharing_enabled":true,"_links":{"self":[{"href":"https:\/\/maksyboats.com\/es\/wp-json\/wp\/v2\/pages\/11778","targetHints":{"allow":["GET"]}}],"collection":[{"href":"https:\/\/maksyboats.com\/es\/wp-json\/wp\/v2\/pages"}],"about":[{"href":"https:\/\/maksyboats.com\/es\/wp-json\/wp\/v2\/types\/page"}],"author":[{"embeddable":true,"href":"https:\/\/maksyboats.com\/es\/wp-json\/wp\/v2\/users\/1"}],"replies":[{"embeddable":true,"href":"https:\/\/maksyboats.com\/es\/wp-json\/wp\/v2\/comments?post=11778"}],"version-history":[{"count":0,"href":"https:\/\/maksyboats.com\/es\/wp-json\/wp\/v2\/pages\/11778\/revisions"}],"wp:featuredmedia":[{"embeddable":true,"href":"https:\/\/maksyboats.com\/es\/wp-json\/wp\/v2\/media\/12114"}],"wp:attachment":[{"href":"https:\/\/maksyboats.com\/es\/wp-json\/wp\/v2\/media?parent=11778"}],"wp:term":[{"taxonomy":"post_tag","embeddable":true,"href":"https:\/\/maksyboats.com\/es\/wp-json\/wp\/v2\/tags?post=11778"}],"curies":[{"name":"Gracias","href":"https:\/\/api.w.org\/{rel}","templated":true}]}}