{"id":11758,"date":"2016-09-29T15:47:44","date_gmt":"2016-09-29T15:47:44","guid":{"rendered":"http:\/\/maksyboats.com\/?page_id=11758"},"modified":"2024-01-18T19:32:54","modified_gmt":"2024-01-18T18:32:54","slug":"contacto","status":"publish","type":"page","link":"https:\/\/maksyboats.com\/es\/contact\/","title":{"rendered":"Contacto"},"content":{"rendered":"<div id=\"pl-11758\"  class=\"panel-layout\" ><div id=\"pg-11758-0\"  class=\"panel-grid panel-no-style\" ><div id=\"pgc-11758-0-0\"  class=\"panel-grid-cell panel-grid-cell-empty\" ><\/div><\/div><div id=\"pg-11758-1\"  class=\"panel-grid panel-no-style\" ><div id=\"pgc-11758-1-0\"  class=\"panel-grid-cell\" ><div id=\"panel-11758-1-0-0\" class=\"so-panel widget widget_sow-editor panel-first-child panel-last-child\" data-index=\"0\" ><div\n\t\t\t\n\t\t\tclass=\"so-widget-sow-editor so-widget-sow-editor-base\"\n\t\t\t\n\t\t><h3 class=\"widget-title\">MaksyBoats Alquiler de Barcos<\/h3>\n<div class=\"siteorigin-widget-tinymce textwidget\">\n\t<p>No dude en ponerse en contacto con nosotros para cualquier pregunta que tenga sobre nuestros servicios, \u00a1estaremos encantados de atenderle!<\/p>\n<p>Hablamos ingl\u00e9s, espa\u00f1ol y ucraniano.<\/p>\n<div style=\"font-size: 1.25em; line-height: 1.6em;\"><a href=\"tel:34634833688\">+34 634 83 36 88<\/a><br \/>\n<a href=\"mailto:info@maksyboats.com\">info@maksyboats.com<\/a><\/div>\n<p>&nbsp;<\/p>\n<p><strong>OFICINA:<\/strong><\/p>\n<p>Calle de la Marina, 14<br \/>\nPuerto de S\u00f3ller (Mallorca)<\/p>\n<p><strong>MUELLE<\/strong>:<\/p>\n<p>Muelle #3, Puerto de S\u00f3ller<br \/>\nMallorca (Islas Baleares)<\/p>\n<p>&nbsp;<\/p>\n<\/div>\n<\/div><\/div><\/div><div id=\"pgc-11758-1-1\"  class=\"panel-grid-cell\" ><div id=\"panel-11758-1-1-0\" class=\"so-panel widget widget_sow-editor panel-first-child panel-last-child\" data-index=\"1\" ><div\n\t\t\t\n\t\t\tclass=\"so-widget-sow-editor so-widget-sow-editor-base\"\n\t\t\t\n\t\t><h3 class=\"widget-title\">Nuestra sede<\/h3>\n<div class=\"siteorigin-widget-tinymce textwidget\">\n\t<p><iframe style=\"border: 0;\" src=\"https:\/\/www.google.com\/maps\/embed?pb=!1m18!1m12!1m3!1d3065.4573425158487!2d2.6934293156820996!3d39.796731979442015!2m3!1f0!2f0!3f0!3m2!1i1024!2i768!4f13.1!3m3!1m2!1s0x1297e5e297382553%3A0x1a662c6dd9e5d7ca!2sMaksyBoats!5e0!3m2!1ses!2ses!4v1477650321643\" width=\"100%\" height=\"450\" frameborder=\"0\" allowfullscreen=\"allowfullscreen\"><\/iframe><\/p>\n<\/div>\n<\/div><\/div><\/div><\/div><div id=\"pg-11758-2\"  class=\"panel-grid panel-no-style\" ><div id=\"pgc-11758-2-0\"  class=\"panel-grid-cell panel-grid-cell-empty\" ><\/div><\/div><div id=\"pg-11758-3\"  class=\"panel-grid panel-no-style\" ><div id=\"pgc-11758-3-0\"  class=\"panel-grid-cell panel-grid-cell-mobile-last\" ><div id=\"panel-11758-3-0-0\" class=\"so-panel widget widget_sow-editor panel-first-child panel-last-child\" data-index=\"2\" ><div\n\t\t\t\n\t\t\tclass=\"so-widget-sow-editor so-widget-sow-editor-base\"\n\t\t\t\n\t\t><h3 class=\"widget-title\">Tambi\u00e9n trabajamos en...<\/h3>\n<div class=\"siteorigin-widget-tinymce textwidget\">\n\t<\/div>\n<\/div><\/div><\/div><div id=\"pgc-11758-3-1\"  class=\"panel-grid-cell panel-grid-cell-empty\" ><\/div><\/div><div id=\"pg-11758-4\"  class=\"panel-grid panel-no-style\" ><div id=\"pgc-11758-4-0\"  class=\"panel-grid-cell\" ><div id=\"panel-11758-4-0-0\" class=\"so-panel widget widget_sow-editor panel-first-child panel-last-child\" data-index=\"3\" ><div\n\t\t\t\n\t\t\tclass=\"so-widget-sow-editor so-widget-sow-editor-base\"\n\t\t\t\n\t\t>\n<div class=\"siteorigin-widget-tinymce textwidget\">\n\t<h3>Palma de Mallorca<\/h3>\n<p><a href=\"https:\/\/maksyboats.com\/es\/ubicaciones\/palma-de-mallorca\/\"><img fetchpriority=\"high\" data-recalc-dims=\"1\" decoding=\"async\" class=\"alignnone wp-image-12604 size-full\" src=\"https:\/\/i0.wp.com\/maksyboats.com\/wpm\/wp-content\/uploads\/2018\/06\/palma-mallorca-catedral-sunset-boat-hire-maksyboats.jpg?resize=800%2C450&#038;ssl=1\" alt=\"\" width=\"800\" height=\"450\" srcset=\"https:\/\/i0.wp.com\/maksyboats.com\/wpm\/wp-content\/uploads\/2018\/06\/palma-mallorca-catedral-sunset-boat-hire-maksyboats.jpg?w=800&amp;ssl=1 800w, https:\/\/i0.wp.com\/maksyboats.com\/wpm\/wp-content\/uploads\/2018\/06\/palma-mallorca-catedral-sunset-boat-hire-maksyboats.jpg?resize=300%2C169&amp;ssl=1 300w, https:\/\/i0.wp.com\/maksyboats.com\/wpm\/wp-content\/uploads\/2018\/06\/palma-mallorca-catedral-sunset-boat-hire-maksyboats.jpg?resize=768%2C432&amp;ssl=1 768w, https:\/\/i0.wp.com\/maksyboats.com\/wpm\/wp-content\/uploads\/2018\/06\/palma-mallorca-catedral-sunset-boat-hire-maksyboats.jpg?resize=30%2C17&amp;ssl=1 30w\" sizes=\"(max-width: 800px) 100vw, 800px\" \/><\/a><\/p>\n<p><a href=\"https:\/\/maksyboats.com\/es\/ubicaciones\/palma-de-mallorca\/\" target=\"_blank\" rel=\"noopener\">Ver m\u00e1s detalles &gt;&gt;<\/a><\/p>\n<\/div>\n<\/div><\/div><\/div><div id=\"pgc-11758-4-1\"  class=\"panel-grid-cell\" ><div id=\"panel-11758-4-1-0\" class=\"so-panel widget widget_sow-editor panel-first-child panel-last-child\" data-index=\"4\" ><div\n\t\t\t\n\t\t\tclass=\"so-widget-sow-editor so-widget-sow-editor-base\"\n\t\t\t\n\t\t>\n<div class=\"siteorigin-widget-tinymce textwidget\">\n\t<h3>Cala Nova<\/h3>\n<p><a href=\"https:\/\/maksyboats.com\/es\/ubicaciones\/cala-nova-mallorca\/\"><img loading=\"lazy\" data-recalc-dims=\"1\" decoding=\"async\" class=\"alignnone wp-image-12734 size-full\" src=\"https:\/\/i0.wp.com\/maksyboats.com\/wpm\/wp-content\/uploads\/2019\/02\/port-cala-nova-mallorca-boat-hire-03.jpg?resize=960%2C540&#038;ssl=1\" alt=\"Cala Nova, Mallorca alquiler de barcos con MaksyBoats\" width=\"960\" height=\"540\" srcset=\"https:\/\/i0.wp.com\/maksyboats.com\/wpm\/wp-content\/uploads\/2019\/02\/port-cala-nova-mallorca-boat-hire-03.jpg?w=960&amp;ssl=1 960w, https:\/\/i0.wp.com\/maksyboats.com\/wpm\/wp-content\/uploads\/2019\/02\/port-cala-nova-mallorca-boat-hire-03.jpg?resize=300%2C169&amp;ssl=1 300w, https:\/\/i0.wp.com\/maksyboats.com\/wpm\/wp-content\/uploads\/2019\/02\/port-cala-nova-mallorca-boat-hire-03.jpg?resize=768%2C432&amp;ssl=1 768w, https:\/\/i0.wp.com\/maksyboats.com\/wpm\/wp-content\/uploads\/2019\/02\/port-cala-nova-mallorca-boat-hire-03.jpg?resize=30%2C17&amp;ssl=1 30w\" sizes=\"(max-width: 960px) 100vw, 960px\" \/><\/a><\/p>\n<p><a href=\"https:\/\/maksyboats.com\/es\/ubicaciones\/cala-nova-mallorca\/\" target=\"_blank\" rel=\"noopener\">Ver m\u00e1s detalles &gt;&gt;<\/a><\/p>\n<\/div>\n<\/div><\/div><\/div><div id=\"pgc-11758-4-2\"  class=\"panel-grid-cell\" ><div id=\"panel-11758-4-2-0\" class=\"so-panel widget widget_sow-editor panel-first-child panel-last-child\" data-index=\"5\" ><div\n\t\t\t\n\t\t\tclass=\"so-widget-sow-editor so-widget-sow-editor-base\"\n\t\t\t\n\t\t>\n<div class=\"siteorigin-widget-tinymce textwidget\">\n\t<h3>Port d&#039;Andratx<\/h3>\n<p><a href=\"https:\/\/maksyboats.com\/es\/ubicaciones\/puerto-dandratx\/\"><img loading=\"lazy\" data-recalc-dims=\"1\" decoding=\"async\" class=\"alignnone wp-image-11945 size-full\" src=\"https:\/\/i0.wp.com\/maksyboats.com\/wpm\/wp-content\/uploads\/2016\/10\/port-andratx-mallorca.jpg?resize=960%2C540&#038;ssl=1\" alt=\"\" width=\"960\" height=\"540\" srcset=\"https:\/\/i0.wp.com\/maksyboats.com\/wpm\/wp-content\/uploads\/2016\/10\/port-andratx-mallorca.jpg?w=960&amp;ssl=1 960w, https:\/\/i0.wp.com\/maksyboats.com\/wpm\/wp-content\/uploads\/2016\/10\/port-andratx-mallorca.jpg?resize=300%2C169&amp;ssl=1 300w, https:\/\/i0.wp.com\/maksyboats.com\/wpm\/wp-content\/uploads\/2016\/10\/port-andratx-mallorca.jpg?resize=768%2C432&amp;ssl=1 768w, https:\/\/i0.wp.com\/maksyboats.com\/wpm\/wp-content\/uploads\/2016\/10\/port-andratx-mallorca.jpg?resize=555%2C312&amp;ssl=1 555w\" sizes=\"(max-width: 960px) 100vw, 960px\" \/><\/a><\/p>\n<p><a href=\"https:\/\/maksyboats.com\/es\/ubicaciones\/puerto-dandratx\/\" target=\"_blank\" rel=\"noopener\">Ver m\u00e1s detalles &gt;&gt;<\/a><\/p>\n<\/div>\n<\/div><\/div><\/div><\/div><div id=\"pg-11758-5\"  class=\"panel-grid panel-no-style\" ><div id=\"pgc-11758-5-0\"  class=\"panel-grid-cell\" ><div id=\"panel-11758-5-0-0\" class=\"so-panel widget widget_sow-editor panel-first-child panel-last-child\" data-index=\"6\" ><div\n\t\t\t\n\t\t\tclass=\"so-widget-sow-editor so-widget-sow-editor-base\"\n\t\t\t\n\t\t>\n<div class=\"siteorigin-widget-tinymce textwidget\">\n\t<h3>Port d&#039;Alc\u00fadia<\/h3>\n<p><a href=\"https:\/\/maksyboats.com\/es\/ubicaciones\/puerto-de-dalcudia\/\"><img loading=\"lazy\" data-recalc-dims=\"1\" decoding=\"async\" class=\"alignnone wp-image-11949 size-full\" src=\"https:\/\/i0.wp.com\/maksyboats.com\/wpm\/wp-content\/uploads\/2016\/10\/port-alcudia-mallorca.jpg?resize=960%2C540&#038;ssl=1\" alt=\"\" width=\"960\" height=\"540\" srcset=\"https:\/\/i0.wp.com\/maksyboats.com\/wpm\/wp-content\/uploads\/2016\/10\/port-alcudia-mallorca.jpg?w=960&amp;ssl=1 960w, https:\/\/i0.wp.com\/maksyboats.com\/wpm\/wp-content\/uploads\/2016\/10\/port-alcudia-mallorca.jpg?resize=300%2C169&amp;ssl=1 300w, https:\/\/i0.wp.com\/maksyboats.com\/wpm\/wp-content\/uploads\/2016\/10\/port-alcudia-mallorca.jpg?resize=768%2C432&amp;ssl=1 768w, https:\/\/i0.wp.com\/maksyboats.com\/wpm\/wp-content\/uploads\/2016\/10\/port-alcudia-mallorca.jpg?resize=555%2C312&amp;ssl=1 555w\" sizes=\"auto, (max-width: 960px) 100vw, 960px\" \/><\/a><\/p>\n<p><a href=\"https:\/\/maksyboats.com\/es\/ubicaciones\/puerto-de-dalcudia\/\" target=\"_blank\" rel=\"noopener\">Ver m\u00e1s detalles &gt;&gt;<\/a><\/p>\n<\/div>\n<\/div><\/div><\/div><div id=\"pgc-11758-5-1\"  class=\"panel-grid-cell panel-grid-cell-mobile-last\" ><div id=\"panel-11758-5-1-0\" class=\"so-panel widget widget_sow-editor panel-first-child panel-last-child\" data-index=\"7\" ><div\n\t\t\t\n\t\t\tclass=\"so-widget-sow-editor so-widget-sow-editor-base\"\n\t\t\t\n\t\t>\n<div class=\"siteorigin-widget-tinymce textwidget\">\n\t<h3>Port de Pollen\u00e7a<\/h3>\n<p><a href=\"https:\/\/maksyboats.com\/es\/ubicaciones\/puerto-de-pollenca\/\"><img loading=\"lazy\" data-recalc-dims=\"1\" decoding=\"async\" class=\"alignnone wp-image-12737 size-full\" src=\"https:\/\/i0.wp.com\/maksyboats.com\/wpm\/wp-content\/uploads\/2019\/02\/port-pollensa-beach-mallorca-01.jpg?resize=960%2C540&#038;ssl=1\" alt=\"Playa Port de Pollen\u00e7a\" width=\"960\" height=\"540\" srcset=\"https:\/\/i0.wp.com\/maksyboats.com\/wpm\/wp-content\/uploads\/2019\/02\/port-pollensa-beach-mallorca-01.jpg?w=960&amp;ssl=1 960w, https:\/\/i0.wp.com\/maksyboats.com\/wpm\/wp-content\/uploads\/2019\/02\/port-pollensa-beach-mallorca-01.jpg?resize=300%2C169&amp;ssl=1 300w, https:\/\/i0.wp.com\/maksyboats.com\/wpm\/wp-content\/uploads\/2019\/02\/port-pollensa-beach-mallorca-01.jpg?resize=768%2C432&amp;ssl=1 768w, https:\/\/i0.wp.com\/maksyboats.com\/wpm\/wp-content\/uploads\/2019\/02\/port-pollensa-beach-mallorca-01.jpg?resize=30%2C17&amp;ssl=1 30w\" sizes=\"auto, (max-width: 960px) 100vw, 960px\" \/><\/a><\/p>\n<p><a href=\"https:\/\/maksyboats.com\/es\/ubicaciones\/puerto-de-pollenca\/\" target=\"_blank\" rel=\"noopener\">Ver m\u00e1s detalles &gt;&gt;<\/a><\/p>\n<\/div>\n<\/div><\/div><\/div><div id=\"pgc-11758-5-2\"  class=\"panel-grid-cell panel-grid-cell-empty\" ><\/div><\/div><div id=\"pg-11758-6\"  class=\"panel-grid panel-no-style\" ><div id=\"pgc-11758-6-0\"  class=\"panel-grid-cell\" ><div id=\"panel-11758-6-0-0\" class=\"so-panel widget widget_sow-editor panel-first-child panel-last-child\" data-index=\"8\" ><div\n\t\t\t\n\t\t\tclass=\"so-widget-sow-editor so-widget-sow-editor-base\"\n\t\t\t\n\t\t>\n<div class=\"siteorigin-widget-tinymce textwidget\">\n\t<p><!--noyarpp--><\/p>\n<\/div>\n<\/div><\/div><\/div><\/div><\/div>","protected":false},"excerpt":{"rendered":"<p>No dudes en ponerte en contacto con nosotros para cualquier duda que tengas sobre nuestros servicios, \u00a1estaremos encantados de atenderte! Hablamos ingl\u00e9s, espa\u00f1ol y ucraniano. +34 634 83 36 88 info@maksyboats.com OFICINA: Carrer de la Marina, 14 Port de S\u00f3ller (Mallorca) MUELLE: Muelle #3, Port de S\u00f3ller Mallorca (Islas Baleares) &nbsp;<\/p>","protected":false},"author":1,"featured_media":12035,"parent":0,"menu_order":0,"comment_status":"closed","ping_status":"closed","template":"","meta":{"generate_page_header":"","jetpack_post_was_ever_published":false,"footnotes":""},"tags":[],"class_list":["post-11758","page","type-page","status-publish","has-post-thumbnail"],"yoast_head":"<!-- This site is optimized with the Yoast SEO plugin v27.3 - https:\/\/yoast.com\/product\/yoast-seo-wordpress\/ -->\n<title>Contact Us - MaksyBoats Nautical Solutions Mallorca<\/title>\n<meta name=\"description\" content=\"MaksyBoats offers Boat Rental services and Charters in Mallorca. Feel free to contact us for any questions you have about our services, we will be happy to assist you! We speak English, Spanish, Ukrainian and Russian. +34 699 27 01 42 \/\/ info@maksyboats.com\" \/>\n<meta name=\"robots\" content=\"index, follow, max-snippet:-1, max-image-preview:large, max-video-preview:-1\" \/>\n<link rel=\"canonical\" href=\"https:\/\/maksyboats.com\/es\/contacto\/\" \/>\n<meta property=\"og:locale\" content=\"es_ES\" \/>\n<meta property=\"og:type\" content=\"article\" \/>\n<meta property=\"og:title\" content=\"Contact Us - MaksyBoats Nautical Solutions Mallorca\" \/>\n<meta property=\"og:description\" content=\"MaksyBoats offers Boat Rental services and Charters in Mallorca. Feel free to contact us for any questions you have about our services, we will be happy to assist you! We speak English, Spanish, Ukrainian and Russian. +34 699 27 01 42 \/\/ info@maksyboats.com\" \/>\n<meta property=\"og:url\" content=\"https:\/\/maksyboats.com\/es\/contacto\/\" \/>\n<meta property=\"og:site_name\" content=\"MaksyBoats\" \/>\n<meta property=\"article:publisher\" content=\"https:\/\/www.facebook.com\/maksyboats\/\" \/>\n<meta property=\"article:modified_time\" content=\"2024-01-18T18:32:54+00:00\" \/>\n<meta property=\"og:image\" content=\"https:\/\/maksyboats.com\/wpm\/wp-content\/uploads\/2017\/03\/rent-boat-mallorca-yacht-hire-3.jpg\" \/>\n\t<meta property=\"og:image:width\" content=\"960\" \/>\n\t<meta property=\"og:image:height\" content=\"638\" \/>\n\t<meta property=\"og:image:type\" content=\"image\/jpeg\" \/>\n<meta name=\"twitter:card\" content=\"summary_large_image\" \/>\n<meta name=\"twitter:site\" content=\"@maksyboats\" \/>\n<meta name=\"twitter:label1\" content=\"Tiempo de lectura\" \/>\n\t<meta name=\"twitter:data1\" content=\"2 minutos\" \/>\n<script type=\"application\/ld+json\" class=\"yoast-schema-graph\">{\"@context\":\"https:\\\/\\\/schema.org\",\"@graph\":[{\"@type\":\"WebPage\",\"@id\":\"https:\\\/\\\/maksyboats.com\\\/contact\\\/\",\"url\":\"https:\\\/\\\/maksyboats.com\\\/contact\\\/\",\"name\":\"Contact Us - MaksyBoats Nautical Solutions Mallorca\",\"isPartOf\":{\"@id\":\"https:\\\/\\\/maksyboats.com\\\/#website\"},\"primaryImageOfPage\":{\"@id\":\"https:\\\/\\\/maksyboats.com\\\/contact\\\/#primaryimage\"},\"image\":{\"@id\":\"https:\\\/\\\/maksyboats.com\\\/contact\\\/#primaryimage\"},\"thumbnailUrl\":\"https:\\\/\\\/i0.wp.com\\\/maksyboats.com\\\/wpm\\\/wp-content\\\/uploads\\\/2017\\\/03\\\/rent-boat-mallorca-yacht-hire-3.jpg?fit=960%2C638&ssl=1\",\"datePublished\":\"2016-09-29T15:47:44+00:00\",\"dateModified\":\"2024-01-18T18:32:54+00:00\",\"description\":\"MaksyBoats offers Boat Rental services and Charters in Mallorca. Feel free to contact us for any questions you have about our services, we will be happy to assist you! We speak English, Spanish, Ukrainian and Russian. +34 699 27 01 42 \\\/\\\/ info@maksyboats.com\",\"breadcrumb\":{\"@id\":\"https:\\\/\\\/maksyboats.com\\\/contact\\\/#breadcrumb\"},\"inLanguage\":\"es\",\"potentialAction\":[{\"@type\":\"ReadAction\",\"target\":[\"https:\\\/\\\/maksyboats.com\\\/contact\\\/\"]}]},{\"@type\":\"ImageObject\",\"inLanguage\":\"es\",\"@id\":\"https:\\\/\\\/maksyboats.com\\\/contact\\\/#primaryimage\",\"url\":\"https:\\\/\\\/i0.wp.com\\\/maksyboats.com\\\/wpm\\\/wp-content\\\/uploads\\\/2017\\\/03\\\/rent-boat-mallorca-yacht-hire-3.jpg?fit=960%2C638&ssl=1\",\"contentUrl\":\"https:\\\/\\\/i0.wp.com\\\/maksyboats.com\\\/wpm\\\/wp-content\\\/uploads\\\/2017\\\/03\\\/rent-boat-mallorca-yacht-hire-3.jpg?fit=960%2C638&ssl=1\",\"width\":960,\"height\":638},{\"@type\":\"BreadcrumbList\",\"@id\":\"https:\\\/\\\/maksyboats.com\\\/contact\\\/#breadcrumb\",\"itemListElement\":[{\"@type\":\"ListItem\",\"position\":1,\"name\":\"Home\",\"item\":\"https:\\\/\\\/maksyboats.com\\\/\"},{\"@type\":\"ListItem\",\"position\":2,\"name\":\"Contact us\"}]},{\"@type\":\"WebSite\",\"@id\":\"https:\\\/\\\/maksyboats.com\\\/#website\",\"url\":\"https:\\\/\\\/maksyboats.com\\\/\",\"name\":\"MaksyBoats Boat Hire Mallorca\",\"description\":\"Boat Hire Mallorca, Charters, Trips &amp; much more\",\"publisher\":{\"@id\":\"https:\\\/\\\/maksyboats.com\\\/#organization\"},\"potentialAction\":[{\"@type\":\"SearchAction\",\"target\":{\"@type\":\"EntryPoint\",\"urlTemplate\":\"https:\\\/\\\/maksyboats.com\\\/?s={search_term_string}\"},\"query-input\":{\"@type\":\"PropertyValueSpecification\",\"valueRequired\":true,\"valueName\":\"search_term_string\"}}],\"inLanguage\":\"es\"},{\"@type\":\"Organization\",\"@id\":\"https:\\\/\\\/maksyboats.com\\\/#organization\",\"name\":\"MaksyBoats Boat Hire Mallorca\",\"url\":\"https:\\\/\\\/maksyboats.com\\\/\",\"logo\":{\"@type\":\"ImageObject\",\"inLanguage\":\"es\",\"@id\":\"https:\\\/\\\/maksyboats.com\\\/#\\\/schema\\\/logo\\\/image\\\/\",\"url\":\"https:\\\/\\\/i0.wp.com\\\/maksyboats.com\\\/wpm\\\/wp-content\\\/uploads\\\/2020\\\/05\\\/maksyboats-boat-hire-2020.png?fit=350%2C70&ssl=1\",\"contentUrl\":\"https:\\\/\\\/i0.wp.com\\\/maksyboats.com\\\/wpm\\\/wp-content\\\/uploads\\\/2020\\\/05\\\/maksyboats-boat-hire-2020.png?fit=350%2C70&ssl=1\",\"width\":350,\"height\":70,\"caption\":\"MaksyBoats Boat Hire Mallorca\"},\"image\":{\"@id\":\"https:\\\/\\\/maksyboats.com\\\/#\\\/schema\\\/logo\\\/image\\\/\"},\"sameAs\":[\"https:\\\/\\\/www.facebook.com\\\/maksyboats\\\/\",\"https:\\\/\\\/x.com\\\/maksyboats\",\"https:\\\/\\\/www.instagram.com\\\/maksyboats\\\/\"]}]}<\/script>\n<!-- \/ Yoast SEO plugin. -->","yoast_head_json":{"title":"Cont\u00e1ctenos - MaksyBoats Soluciones N\u00e1uticas Mallorca","description":"MaksyBoats ofrece servicios de Alquiler de Barcos y Charters en Mallorca. No dude en ponerse en contacto con nosotros para cualquier pregunta que tenga sobre nuestros servicios, \u00a1estaremos encantados de atenderle! Hablamos ingl\u00e9s, espa\u00f1ol, ucraniano y ruso. +34 699 27 01 42 \/\/ info@maksyboats.com","robots":{"index":"index","follow":"follow","max-snippet":"max-snippet:-1","max-image-preview":"max-image-preview:large","max-video-preview":"max-video-preview:-1"},"canonical":"https:\/\/maksyboats.com\/es\/contacto\/","og_locale":"es_ES","og_type":"article","og_title":"Contact Us - MaksyBoats Nautical Solutions Mallorca","og_description":"MaksyBoats offers Boat Rental services and Charters in Mallorca. Feel free to contact us for any questions you have about our services, we will be happy to assist you! We speak English, Spanish, Ukrainian and Russian. +34 699 27 01 42 \/\/ info@maksyboats.com","og_url":"https:\/\/maksyboats.com\/es\/contacto\/","og_site_name":"MaksyBoats","article_publisher":"https:\/\/www.facebook.com\/maksyboats\/","article_modified_time":"2024-01-18T18:32:54+00:00","og_image":[{"width":960,"height":638,"url":"https:\/\/maksyboats.com\/wpm\/wp-content\/uploads\/2017\/03\/rent-boat-mallorca-yacht-hire-3.jpg","type":"image\/jpeg"}],"twitter_card":"summary_large_image","twitter_site":"@maksyboats","twitter_misc":{"Tiempo de lectura":"2 minutos"},"schema":{"@context":"https:\/\/schema.org","@graph":[{"@type":"WebPage","@id":"https:\/\/maksyboats.com\/contact\/","url":"https:\/\/maksyboats.com\/contact\/","name":"Cont\u00e1ctenos - MaksyBoats Soluciones N\u00e1uticas Mallorca","isPartOf":{"@id":"https:\/\/maksyboats.com\/#website"},"primaryImageOfPage":{"@id":"https:\/\/maksyboats.com\/contact\/#primaryimage"},"image":{"@id":"https:\/\/maksyboats.com\/contact\/#primaryimage"},"thumbnailUrl":"https:\/\/i0.wp.com\/maksyboats.com\/wpm\/wp-content\/uploads\/2017\/03\/rent-boat-mallorca-yacht-hire-3.jpg?fit=960%2C638&ssl=1","datePublished":"2016-09-29T15:47:44+00:00","dateModified":"2024-01-18T18:32:54+00:00","description":"MaksyBoats ofrece servicios de Alquiler de Barcos y Charters en Mallorca. No dude en ponerse en contacto con nosotros para cualquier pregunta que tenga sobre nuestros servicios, \u00a1estaremos encantados de atenderle! Hablamos ingl\u00e9s, espa\u00f1ol, ucraniano y ruso. +34 699 27 01 42 \/\/ info@maksyboats.com","breadcrumb":{"@id":"https:\/\/maksyboats.com\/contact\/#breadcrumb"},"inLanguage":"es","potentialAction":[{"@type":"ReadAction","target":["https:\/\/maksyboats.com\/contact\/"]}]},{"@type":"ImageObject","inLanguage":"es","@id":"https:\/\/maksyboats.com\/contact\/#primaryimage","url":"https:\/\/i0.wp.com\/maksyboats.com\/wpm\/wp-content\/uploads\/2017\/03\/rent-boat-mallorca-yacht-hire-3.jpg?fit=960%2C638&ssl=1","contentUrl":"https:\/\/i0.wp.com\/maksyboats.com\/wpm\/wp-content\/uploads\/2017\/03\/rent-boat-mallorca-yacht-hire-3.jpg?fit=960%2C638&ssl=1","width":960,"height":638},{"@type":"BreadcrumbList","@id":"https:\/\/maksyboats.com\/contact\/#breadcrumb","itemListElement":[{"@type":"ListItem","position":1,"name":"Home","item":"https:\/\/maksyboats.com\/"},{"@type":"ListItem","position":2,"name":"Contact us"}]},{"@type":"WebSite","@id":"https:\/\/maksyboats.com\/#website","url":"https:\/\/maksyboats.com\/","name":"Alquiler de barcos MaksyBoats Mallorca","description":"Alquiler de barcos en Mallorca, charters, viajes y mucho m\u00e1s","publisher":{"@id":"https:\/\/maksyboats.com\/#organization"},"potentialAction":[{"@type":"SearchAction","target":{"@type":"EntryPoint","urlTemplate":"https:\/\/maksyboats.com\/?s={search_term_string}"},"query-input":{"@type":"PropertyValueSpecification","valueRequired":true,"valueName":"search_term_string"}}],"inLanguage":"es"},{"@type":"Organization","@id":"https:\/\/maksyboats.com\/#organization","name":"Alquiler de barcos MaksyBoats Mallorca","url":"https:\/\/maksyboats.com\/","logo":{"@type":"ImageObject","inLanguage":"es","@id":"https:\/\/maksyboats.com\/#\/schema\/logo\/image\/","url":"https:\/\/i0.wp.com\/maksyboats.com\/wpm\/wp-content\/uploads\/2020\/05\/maksyboats-boat-hire-2020.png?fit=350%2C70&ssl=1","contentUrl":"https:\/\/i0.wp.com\/maksyboats.com\/wpm\/wp-content\/uploads\/2020\/05\/maksyboats-boat-hire-2020.png?fit=350%2C70&ssl=1","width":350,"height":70,"caption":"MaksyBoats Boat Hire Mallorca"},"image":{"@id":"https:\/\/maksyboats.com\/#\/schema\/logo\/image\/"},"sameAs":["https:\/\/www.facebook.com\/maksyboats\/","https:\/\/x.com\/maksyboats","https:\/\/www.instagram.com\/maksyboats\/"]}]}},"jetpack_sharing_enabled":true,"_links":{"self":[{"href":"https:\/\/maksyboats.com\/es\/wp-json\/wp\/v2\/pages\/11758","targetHints":{"allow":["GET"]}}],"collection":[{"href":"https:\/\/maksyboats.com\/es\/wp-json\/wp\/v2\/pages"}],"about":[{"href":"https:\/\/maksyboats.com\/es\/wp-json\/wp\/v2\/types\/page"}],"author":[{"embeddable":true,"href":"https:\/\/maksyboats.com\/es\/wp-json\/wp\/v2\/users\/1"}],"replies":[{"embeddable":true,"href":"https:\/\/maksyboats.com\/es\/wp-json\/wp\/v2\/comments?post=11758"}],"version-history":[{"count":0,"href":"https:\/\/maksyboats.com\/es\/wp-json\/wp\/v2\/pages\/11758\/revisions"}],"wp:featuredmedia":[{"embeddable":true,"href":"https:\/\/maksyboats.com\/es\/wp-json\/wp\/v2\/media\/12035"}],"wp:attachment":[{"href":"https:\/\/maksyboats.com\/es\/wp-json\/wp\/v2\/media?parent=11758"}],"wp:term":[{"taxonomy":"post_tag","embeddable":true,"href":"https:\/\/maksyboats.com\/es\/wp-json\/wp\/v2\/tags?post=11758"}],"curies":[{"name":"Gracias","href":"https:\/\/api.w.org\/{rel}","templated":true}]}}