{"id":11756,"date":"2016-09-29T15:45:13","date_gmt":"2016-09-29T15:45:13","guid":{"rendered":"http:\/\/maksyboats.com\/?page_id=11756"},"modified":"2023-01-17T13:23:50","modified_gmt":"2023-01-17T12:23:50","slug":"barcos-en-venta","status":"publish","type":"page","link":"https:\/\/maksyboats.com\/es\/boats-for-sale\/","title":{"rendered":"Barcos en venta"},"content":{"rendered":"<div id=\"pl-11756\"  class=\"panel-layout\" ><div id=\"pg-11756-0\"  class=\"panel-grid panel-no-style\" ><div id=\"pgc-11756-0-0\"  class=\"panel-grid-cell\" ><div id=\"panel-11756-0-0-0\" class=\"so-panel widget widget_sow-editor panel-first-child panel-last-child\" data-index=\"0\" ><div\n\t\t\t\n\t\t\tclass=\"so-widget-sow-editor so-widget-sow-editor-base\"\n\t\t\t\n\t\t>\n<div class=\"siteorigin-widget-tinymce textwidget\">\n\t<div id=\"breadcrumbs\"><span><span><a href=\"https:\/\/maksyboats.com\/es\/\">Inicio<\/a><\/span><\/span><\/div>\n<\/div>\n<\/div><\/div><\/div><\/div><div id=\"pg-11756-1\"  class=\"panel-grid panel-no-style\" ><div id=\"pgc-11756-1-0\"  class=\"panel-grid-cell\" ><div id=\"panel-11756-1-0-0\" class=\"so-panel widget widget_sow-editor panel-first-child panel-last-child\" data-index=\"1\" ><div\n\t\t\t\n\t\t\tclass=\"so-widget-sow-editor so-widget-sow-editor-base\"\n\t\t\t\n\t\t>\n<div class=\"siteorigin-widget-tinymce textwidget\">\n\t<p>En MaksyBoats somos especialistas en <strong>barcos en venta en Mallorca<\/strong>, tanto nuevos como usados. RIB, veleros, lanchas a motor, yates y m\u00e1s. Si no encuentra lo que busca, no dude en consultarnos.<\/p>\n<\/div>\n<\/div><\/div><\/div><\/div><div id=\"pg-11756-2\"  class=\"panel-grid panel-no-style\" ><div id=\"pgc-11756-2-0\"  class=\"panel-grid-cell\" ><div id=\"panel-11756-2-0-0\" class=\"so-panel widget widget_sow-editor panel-first-child panel-last-child\" data-index=\"2\" ><div\n\t\t\t\n\t\t\tclass=\"so-widget-sow-editor so-widget-sow-editor-base\"\n\t\t\t\n\t\t><h3 class=\"widget-title\">Tarp\u00f3n 470 LX<\/h3>\n<div class=\"siteorigin-widget-tinymce textwidget\">\n\t<p><a href=\"http:\/\/maksyboats.com\/es\/barcos-en-venta\/sabalo-470-lx\/\"><img fetchpriority=\"high\" data-recalc-dims=\"1\" decoding=\"async\" class=\"alignnone wp-image-12461 size-full\" src=\"https:\/\/i0.wp.com\/maksyboats.com\/wpm\/wp-content\/uploads\/2018\/03\/boat-sale-mallorca-tarpon-470-port-soller-01.jpg?resize=960%2C638\" alt=\"\" width=\"960\" height=\"638\" srcset=\"https:\/\/i0.wp.com\/maksyboats.com\/wpm\/wp-content\/uploads\/2018\/03\/boat-sale-mallorca-tarpon-470-port-soller-01.jpg?w=960&amp;ssl=1 960w, https:\/\/i0.wp.com\/maksyboats.com\/wpm\/wp-content\/uploads\/2018\/03\/boat-sale-mallorca-tarpon-470-port-soller-01.jpg?resize=300%2C199&amp;ssl=1 300w, https:\/\/i0.wp.com\/maksyboats.com\/wpm\/wp-content\/uploads\/2018\/03\/boat-sale-mallorca-tarpon-470-port-soller-01.jpg?resize=768%2C510&amp;ssl=1 768w, https:\/\/i0.wp.com\/maksyboats.com\/wpm\/wp-content\/uploads\/2018\/03\/boat-sale-mallorca-tarpon-470-port-soller-01.jpg?resize=30%2C20&amp;ssl=1 30w, https:\/\/i0.wp.com\/maksyboats.com\/wpm\/wp-content\/uploads\/2018\/03\/boat-sale-mallorca-tarpon-470-port-soller-01.jpg?resize=272%2C182&amp;ssl=1 272w\" sizes=\"(max-width: 960px) 100vw, 960px\" \/><\/a><\/p>\n<table class=\"table table-condensed table-striped\" width=\"100%\">\n<thead>\n<tr>\n<th>Precio<\/th>\n<th>Consultar precio<\/th>\n<\/tr>\n<\/thead>\n<tbody>\n<tr>\n<td>Fabricante<\/td>\n<td>Neuvisa<\/td>\n<\/tr>\n<tr>\n<td>Modelo<\/td>\n<td>Tarp\u00f3n 470 LX<\/td>\n<\/tr>\n<tr>\n<td>A\u00f1o de construcci\u00f3n<\/td>\n<td>Nuevo, sin usar<\/td>\n<\/tr>\n<tr>\n<td>Eslora<\/td>\n<td>4,70 metros<\/td>\n<\/tr>\n<tr>\n<td>Amplio<\/td>\n<td>2,23 metros<\/td>\n<\/tr>\n<\/tbody>\n<\/table>\n<p><a class=\"btn btn-primary\" href=\"http:\/\/maksyboats.com\/es\/barcos-en-venta\/sabalo-470-lx\/\">Ver detalles \u00bb<\/a><\/p>\n<\/div>\n<\/div><\/div><\/div><div id=\"pgc-11756-2-1\"  class=\"panel-grid-cell\" ><div id=\"panel-11756-2-1-0\" class=\"so-panel widget widget_sow-editor panel-first-child panel-last-child\" data-index=\"3\" ><div\n\t\t\t\n\t\t\tclass=\"so-widget-sow-editor so-widget-sow-editor-base\"\n\t\t\t\n\t\t><h3 class=\"widget-title\">Tarp\u00f3n 590 LX<\/h3>\n<div class=\"siteorigin-widget-tinymce textwidget\">\n\t<p><a href=\"http:\/\/maksyboats.com\/es\/barcos-en-venta\/sabalo-590-lx\/\"><img loading=\"lazy\" data-recalc-dims=\"1\" decoding=\"async\" class=\"alignnone wp-image-12451 size-full\" src=\"https:\/\/i0.wp.com\/maksyboats.com\/wpm\/wp-content\/uploads\/2018\/03\/boat-sale-mallorca-tarpon-590-port-soller-01.jpg?resize=960%2C638\" alt=\"\" width=\"960\" height=\"638\" srcset=\"https:\/\/i0.wp.com\/maksyboats.com\/wpm\/wp-content\/uploads\/2018\/03\/boat-sale-mallorca-tarpon-590-port-soller-01.jpg?w=960&amp;ssl=1 960w, https:\/\/i0.wp.com\/maksyboats.com\/wpm\/wp-content\/uploads\/2018\/03\/boat-sale-mallorca-tarpon-590-port-soller-01.jpg?resize=300%2C199&amp;ssl=1 300w, https:\/\/i0.wp.com\/maksyboats.com\/wpm\/wp-content\/uploads\/2018\/03\/boat-sale-mallorca-tarpon-590-port-soller-01.jpg?resize=768%2C510&amp;ssl=1 768w, https:\/\/i0.wp.com\/maksyboats.com\/wpm\/wp-content\/uploads\/2018\/03\/boat-sale-mallorca-tarpon-590-port-soller-01.jpg?resize=30%2C20&amp;ssl=1 30w, https:\/\/i0.wp.com\/maksyboats.com\/wpm\/wp-content\/uploads\/2018\/03\/boat-sale-mallorca-tarpon-590-port-soller-01.jpg?resize=272%2C182&amp;ssl=1 272w\" sizes=\"(max-width: 960px) 100vw, 960px\" \/><\/a><\/p>\n<table class=\"table table-condensed table-striped\" width=\"100%\">\n<thead>\n<tr>\n<th>Precio<\/th>\n<th>Consultar precio<\/th>\n<\/tr>\n<\/thead>\n<tbody>\n<tr>\n<td>Fabricante<\/td>\n<td>Neuvisa<\/td>\n<\/tr>\n<tr>\n<td>Modelo<\/td>\n<td>Tarp\u00f3n 590 LX<\/td>\n<\/tr>\n<tr>\n<td>A\u00f1o de construcci\u00f3n<\/td>\n<td>Nuevo, sin usar<\/td>\n<\/tr>\n<tr>\n<td>Eslora<\/td>\n<td>5,90 metros<\/td>\n<\/tr>\n<tr>\n<td>Amplio<\/td>\n<td>2,34 metros<\/td>\n<\/tr>\n<\/tbody>\n<\/table>\n<p><a class=\"btn btn-primary\" href=\"http:\/\/maksyboats.com\/es\/barcos-en-venta\/sabalo-590-lx\/\">Ver detalles \u00bb<\/a><\/p>\n<\/div>\n<\/div><\/div><\/div><div id=\"pgc-11756-2-2\"  class=\"panel-grid-cell\" ><div id=\"panel-11756-2-2-0\" class=\"so-panel widget widget_sow-editor panel-first-child panel-last-child\" data-index=\"4\" ><div\n\t\t\t\n\t\t\tclass=\"so-widget-sow-editor so-widget-sow-editor-base\"\n\t\t\t\n\t\t><h3 class=\"widget-title\">Tarp\u00f3n 790 LX<\/h3>\n<div class=\"siteorigin-widget-tinymce textwidget\">\n\t<p><a href=\"http:\/\/maksyboats.com\/es\/barcos-en-venta\/sabalo-790-lx\/\"><img loading=\"lazy\" data-recalc-dims=\"1\" decoding=\"async\" class=\"alignnone wp-image-12443 size-full\" src=\"https:\/\/i0.wp.com\/maksyboats.com\/wpm\/wp-content\/uploads\/2018\/03\/boat-sale-mallorca-tarpon-790-lx-port-soller-02.jpg?resize=960%2C638\" alt=\"\" width=\"960\" height=\"638\" srcset=\"https:\/\/i0.wp.com\/maksyboats.com\/wpm\/wp-content\/uploads\/2018\/03\/boat-sale-mallorca-tarpon-790-lx-port-soller-02.jpg?w=960&amp;ssl=1 960w, https:\/\/i0.wp.com\/maksyboats.com\/wpm\/wp-content\/uploads\/2018\/03\/boat-sale-mallorca-tarpon-790-lx-port-soller-02.jpg?resize=300%2C199&amp;ssl=1 300w, https:\/\/i0.wp.com\/maksyboats.com\/wpm\/wp-content\/uploads\/2018\/03\/boat-sale-mallorca-tarpon-790-lx-port-soller-02.jpg?resize=768%2C510&amp;ssl=1 768w, https:\/\/i0.wp.com\/maksyboats.com\/wpm\/wp-content\/uploads\/2018\/03\/boat-sale-mallorca-tarpon-790-lx-port-soller-02.jpg?resize=30%2C20&amp;ssl=1 30w, https:\/\/i0.wp.com\/maksyboats.com\/wpm\/wp-content\/uploads\/2018\/03\/boat-sale-mallorca-tarpon-790-lx-port-soller-02.jpg?resize=272%2C182&amp;ssl=1 272w\" sizes=\"(max-width: 960px) 100vw, 960px\" \/><\/a><\/p>\n<table class=\"table table-condensed table-striped\" width=\"100%\">\n<thead>\n<tr>\n<th>Precio<\/th>\n<th>Consultar precio<\/th>\n<\/tr>\n<\/thead>\n<tbody>\n<tr>\n<td>Fabricante<\/td>\n<td>Neuvisa<\/td>\n<\/tr>\n<tr>\n<td>Modelo<\/td>\n<td>Tarp\u00f3n 790 LX<\/td>\n<\/tr>\n<tr>\n<td>A\u00f1o de construcci\u00f3n<\/td>\n<td>Nuevo, sin usar<\/td>\n<\/tr>\n<tr>\n<td>Eslora<\/td>\n<td>7,90 m<\/td>\n<\/tr>\n<tr>\n<td>Amplio<\/td>\n<td>3,10 m<\/td>\n<\/tr>\n<\/tbody>\n<\/table>\n<p><a class=\"btn btn-primary\" href=\"http:\/\/maksyboats.com\/es\/barcos-en-venta\/sabalo-790-lx\/\">Ver detalles \u00bb<\/a><\/p>\n<\/div>\n<\/div><\/div><\/div><\/div><div id=\"pg-11756-3\"  class=\"panel-grid panel-no-style\" ><div id=\"pgc-11756-3-0\"  class=\"panel-grid-cell panel-grid-cell-empty\" ><\/div><div id=\"pgc-11756-3-1\"  class=\"panel-grid-cell panel-grid-cell-empty panel-grid-cell-mobile-last\" ><\/div><div id=\"pgc-11756-3-2\"  class=\"panel-grid-cell panel-grid-cell-empty\" ><\/div><\/div><div id=\"pg-11756-4\"  class=\"panel-grid panel-no-style\" ><div id=\"pgc-11756-4-0\"  class=\"panel-grid-cell panel-grid-cell-empty\" ><\/div><div id=\"pgc-11756-4-1\"  class=\"panel-grid-cell panel-grid-cell-empty panel-grid-cell-mobile-last\" ><\/div><div id=\"pgc-11756-4-2\"  class=\"panel-grid-cell panel-grid-cell-empty\" ><\/div><\/div><div id=\"pg-11756-5\"  class=\"panel-grid panel-no-style\" ><div id=\"pgc-11756-5-0\"  class=\"panel-grid-cell panel-grid-cell-empty\" ><\/div><div id=\"pgc-11756-5-1\"  class=\"panel-grid-cell panel-grid-cell-empty panel-grid-cell-mobile-last\" ><\/div><div id=\"pgc-11756-5-2\"  class=\"panel-grid-cell panel-grid-cell-empty\" ><\/div><\/div><div id=\"pg-11756-6\"  class=\"panel-grid panel-no-style\" ><div id=\"pgc-11756-6-0\"  class=\"panel-grid-cell panel-grid-cell-empty\" ><\/div><\/div><\/div>","protected":false},"excerpt":{"rendered":"<p>En MaksyBoats somos especialistas en barcos en venta en Mallorca, tanto nuevos como usados. RIB, veleros, lanchas a motor, yates y m\u00e1s. Si no encuentra lo que busca, no dude en consultarnos.<\/p>","protected":false},"author":1,"featured_media":12851,"parent":0,"menu_order":0,"comment_status":"closed","ping_status":"closed","template":"","meta":{"generate_page_header":"","jetpack_post_was_ever_published":false,"footnotes":""},"tags":[],"class_list":["post-11756","page","type-page","status-publish","has-post-thumbnail"],"yoast_head":"<!-- This site is optimized with the Yoast SEO plugin v27.3 - https:\/\/yoast.com\/product\/yoast-seo-wordpress\/ -->\n<title>Boats and Yachts for Sale in Mallorca - MaksyBoats<\/title>\n<meta name=\"description\" content=\"At MaksyBoats we are specialists in boats for sale in Mallorca, both new and used. RIBs, sailboats, powerboats, yachts and more. If you do not find what\" \/>\n<meta name=\"robots\" content=\"index, follow, max-snippet:-1, max-image-preview:large, max-video-preview:-1\" \/>\n<link rel=\"canonical\" href=\"https:\/\/maksyboats.com\/es\/barcos-en-venta\/\" \/>\n<meta property=\"og:locale\" content=\"es_ES\" \/>\n<meta property=\"og:type\" content=\"article\" \/>\n<meta property=\"og:title\" content=\"Boats and Yachts for Sale in Mallorca - MaksyBoats\" \/>\n<meta property=\"og:description\" content=\"At MaksyBoats we are specialists in boats for sale in Mallorca, both new and used. RIBs, sailboats, powerboats, yachts and more. If you do not find what\" \/>\n<meta property=\"og:url\" content=\"https:\/\/maksyboats.com\/es\/barcos-en-venta\/\" \/>\n<meta property=\"og:site_name\" content=\"MaksyBoats\" \/>\n<meta property=\"article:publisher\" content=\"https:\/\/www.facebook.com\/maksyboats\/\" \/>\n<meta property=\"article:modified_time\" content=\"2023-01-17T12:23:50+00:00\" \/>\n<meta property=\"og:image\" content=\"https:\/\/maksyboats.com\/wpm\/wp-content\/uploads\/2019\/10\/sunseeker-manhattan-62-sale-mallorca-00.jpg\" \/>\n\t<meta property=\"og:image:width\" content=\"1200\" \/>\n\t<meta property=\"og:image:height\" content=\"600\" \/>\n\t<meta property=\"og:image:type\" content=\"image\/jpeg\" \/>\n<meta name=\"twitter:card\" content=\"summary_large_image\" \/>\n<meta name=\"twitter:site\" content=\"@maksyboats\" \/>\n<meta name=\"twitter:label1\" content=\"Tiempo de lectura\" \/>\n\t<meta name=\"twitter:data1\" content=\"2 minutos\" \/>\n<script type=\"application\/ld+json\" class=\"yoast-schema-graph\">{\"@context\":\"https:\\\/\\\/schema.org\",\"@graph\":[{\"@type\":\"WebPage\",\"@id\":\"https:\\\/\\\/maksyboats.com\\\/boats-for-sale\\\/\",\"url\":\"https:\\\/\\\/maksyboats.com\\\/boats-for-sale\\\/\",\"name\":\"Boats and Yachts for Sale in Mallorca - MaksyBoats\",\"isPartOf\":{\"@id\":\"https:\\\/\\\/maksyboats.com\\\/#website\"},\"primaryImageOfPage\":{\"@id\":\"https:\\\/\\\/maksyboats.com\\\/boats-for-sale\\\/#primaryimage\"},\"image\":{\"@id\":\"https:\\\/\\\/maksyboats.com\\\/boats-for-sale\\\/#primaryimage\"},\"thumbnailUrl\":\"https:\\\/\\\/i0.wp.com\\\/maksyboats.com\\\/wpm\\\/wp-content\\\/uploads\\\/2019\\\/10\\\/sunseeker-manhattan-62-sale-mallorca-00.jpg?fit=1200%2C600&ssl=1\",\"datePublished\":\"2016-09-29T15:45:13+00:00\",\"dateModified\":\"2023-01-17T12:23:50+00:00\",\"description\":\"At MaksyBoats we are specialists in boats for sale in Mallorca, both new and used. RIBs, sailboats, powerboats, yachts and more. If you do not find what\",\"breadcrumb\":{\"@id\":\"https:\\\/\\\/maksyboats.com\\\/boats-for-sale\\\/#breadcrumb\"},\"inLanguage\":\"es\",\"potentialAction\":[{\"@type\":\"ReadAction\",\"target\":[\"https:\\\/\\\/maksyboats.com\\\/boats-for-sale\\\/\"]}]},{\"@type\":\"ImageObject\",\"inLanguage\":\"es\",\"@id\":\"https:\\\/\\\/maksyboats.com\\\/boats-for-sale\\\/#primaryimage\",\"url\":\"https:\\\/\\\/i0.wp.com\\\/maksyboats.com\\\/wpm\\\/wp-content\\\/uploads\\\/2019\\\/10\\\/sunseeker-manhattan-62-sale-mallorca-00.jpg?fit=1200%2C600&ssl=1\",\"contentUrl\":\"https:\\\/\\\/i0.wp.com\\\/maksyboats.com\\\/wpm\\\/wp-content\\\/uploads\\\/2019\\\/10\\\/sunseeker-manhattan-62-sale-mallorca-00.jpg?fit=1200%2C600&ssl=1\",\"width\":1200,\"height\":600,\"caption\":\"Sunseeker Manhattan 62 for sale in Mallorca\"},{\"@type\":\"BreadcrumbList\",\"@id\":\"https:\\\/\\\/maksyboats.com\\\/boats-for-sale\\\/#breadcrumb\",\"itemListElement\":[{\"@type\":\"ListItem\",\"position\":1,\"name\":\"Home\",\"item\":\"https:\\\/\\\/maksyboats.com\\\/\"},{\"@type\":\"ListItem\",\"position\":2,\"name\":\"Boats for sale\"}]},{\"@type\":\"WebSite\",\"@id\":\"https:\\\/\\\/maksyboats.com\\\/#website\",\"url\":\"https:\\\/\\\/maksyboats.com\\\/\",\"name\":\"MaksyBoats Boat Hire Mallorca\",\"description\":\"Boat Hire Mallorca, Charters, Trips &amp; much more\",\"publisher\":{\"@id\":\"https:\\\/\\\/maksyboats.com\\\/#organization\"},\"potentialAction\":[{\"@type\":\"SearchAction\",\"target\":{\"@type\":\"EntryPoint\",\"urlTemplate\":\"https:\\\/\\\/maksyboats.com\\\/?s={search_term_string}\"},\"query-input\":{\"@type\":\"PropertyValueSpecification\",\"valueRequired\":true,\"valueName\":\"search_term_string\"}}],\"inLanguage\":\"es\"},{\"@type\":\"Organization\",\"@id\":\"https:\\\/\\\/maksyboats.com\\\/#organization\",\"name\":\"MaksyBoats Boat Hire Mallorca\",\"url\":\"https:\\\/\\\/maksyboats.com\\\/\",\"logo\":{\"@type\":\"ImageObject\",\"inLanguage\":\"es\",\"@id\":\"https:\\\/\\\/maksyboats.com\\\/#\\\/schema\\\/logo\\\/image\\\/\",\"url\":\"https:\\\/\\\/i0.wp.com\\\/maksyboats.com\\\/wpm\\\/wp-content\\\/uploads\\\/2020\\\/05\\\/maksyboats-boat-hire-2020.png?fit=350%2C70&ssl=1\",\"contentUrl\":\"https:\\\/\\\/i0.wp.com\\\/maksyboats.com\\\/wpm\\\/wp-content\\\/uploads\\\/2020\\\/05\\\/maksyboats-boat-hire-2020.png?fit=350%2C70&ssl=1\",\"width\":350,\"height\":70,\"caption\":\"MaksyBoats Boat Hire Mallorca\"},\"image\":{\"@id\":\"https:\\\/\\\/maksyboats.com\\\/#\\\/schema\\\/logo\\\/image\\\/\"},\"sameAs\":[\"https:\\\/\\\/www.facebook.com\\\/maksyboats\\\/\",\"https:\\\/\\\/x.com\\\/maksyboats\",\"https:\\\/\\\/www.instagram.com\\\/maksyboats\\\/\"]}]}<\/script>\n<!-- \/ Yoast SEO plugin. -->","yoast_head_json":{"title":"Barcos y Yates en Venta en Mallorca - MaksyBoats","description":"En MaksyBoats somos especialistas en barcos en venta en Mallorca, tanto nuevos como de ocasi\u00f3n. Semirr\u00edgidas, veleros, lanchas motoras, yates y m\u00e1s. Si no encuentras lo que","robots":{"index":"index","follow":"follow","max-snippet":"max-snippet:-1","max-image-preview":"max-image-preview:large","max-video-preview":"max-video-preview:-1"},"canonical":"https:\/\/maksyboats.com\/es\/barcos-en-venta\/","og_locale":"es_ES","og_type":"article","og_title":"Boats and Yachts for Sale in Mallorca - MaksyBoats","og_description":"At MaksyBoats we are specialists in boats for sale in Mallorca, both new and used. RIBs, sailboats, powerboats, yachts and more. If you do not find what","og_url":"https:\/\/maksyboats.com\/es\/barcos-en-venta\/","og_site_name":"MaksyBoats","article_publisher":"https:\/\/www.facebook.com\/maksyboats\/","article_modified_time":"2023-01-17T12:23:50+00:00","og_image":[{"width":1200,"height":600,"url":"https:\/\/maksyboats.com\/wpm\/wp-content\/uploads\/2019\/10\/sunseeker-manhattan-62-sale-mallorca-00.jpg","type":"image\/jpeg"}],"twitter_card":"summary_large_image","twitter_site":"@maksyboats","twitter_misc":{"Tiempo de lectura":"2 minutos"},"schema":{"@context":"https:\/\/schema.org","@graph":[{"@type":"WebPage","@id":"https:\/\/maksyboats.com\/boats-for-sale\/","url":"https:\/\/maksyboats.com\/boats-for-sale\/","name":"Barcos y Yates en Venta en Mallorca - MaksyBoats","isPartOf":{"@id":"https:\/\/maksyboats.com\/#website"},"primaryImageOfPage":{"@id":"https:\/\/maksyboats.com\/boats-for-sale\/#primaryimage"},"image":{"@id":"https:\/\/maksyboats.com\/boats-for-sale\/#primaryimage"},"thumbnailUrl":"https:\/\/i0.wp.com\/maksyboats.com\/wpm\/wp-content\/uploads\/2019\/10\/sunseeker-manhattan-62-sale-mallorca-00.jpg?fit=1200%2C600&ssl=1","datePublished":"2016-09-29T15:45:13+00:00","dateModified":"2023-01-17T12:23:50+00:00","description":"En MaksyBoats somos especialistas en barcos en venta en Mallorca, tanto nuevos como de ocasi\u00f3n. Semirr\u00edgidas, veleros, lanchas motoras, yates y m\u00e1s. Si no encuentras lo que","breadcrumb":{"@id":"https:\/\/maksyboats.com\/boats-for-sale\/#breadcrumb"},"inLanguage":"es","potentialAction":[{"@type":"ReadAction","target":["https:\/\/maksyboats.com\/boats-for-sale\/"]}]},{"@type":"ImageObject","inLanguage":"es","@id":"https:\/\/maksyboats.com\/boats-for-sale\/#primaryimage","url":"https:\/\/i0.wp.com\/maksyboats.com\/wpm\/wp-content\/uploads\/2019\/10\/sunseeker-manhattan-62-sale-mallorca-00.jpg?fit=1200%2C600&ssl=1","contentUrl":"https:\/\/i0.wp.com\/maksyboats.com\/wpm\/wp-content\/uploads\/2019\/10\/sunseeker-manhattan-62-sale-mallorca-00.jpg?fit=1200%2C600&ssl=1","width":1200,"height":600,"caption":"Sunseeker Manhattan 62 for sale in Mallorca"},{"@type":"BreadcrumbList","@id":"https:\/\/maksyboats.com\/boats-for-sale\/#breadcrumb","itemListElement":[{"@type":"ListItem","position":1,"name":"Home","item":"https:\/\/maksyboats.com\/"},{"@type":"ListItem","position":2,"name":"Boats for sale"}]},{"@type":"WebSite","@id":"https:\/\/maksyboats.com\/#website","url":"https:\/\/maksyboats.com\/","name":"Alquiler de barcos MaksyBoats Mallorca","description":"Alquiler de barcos en Mallorca, charters, viajes y mucho m\u00e1s","publisher":{"@id":"https:\/\/maksyboats.com\/#organization"},"potentialAction":[{"@type":"SearchAction","target":{"@type":"EntryPoint","urlTemplate":"https:\/\/maksyboats.com\/?s={search_term_string}"},"query-input":{"@type":"PropertyValueSpecification","valueRequired":true,"valueName":"search_term_string"}}],"inLanguage":"es"},{"@type":"Organization","@id":"https:\/\/maksyboats.com\/#organization","name":"Alquiler de barcos MaksyBoats Mallorca","url":"https:\/\/maksyboats.com\/","logo":{"@type":"ImageObject","inLanguage":"es","@id":"https:\/\/maksyboats.com\/#\/schema\/logo\/image\/","url":"https:\/\/i0.wp.com\/maksyboats.com\/wpm\/wp-content\/uploads\/2020\/05\/maksyboats-boat-hire-2020.png?fit=350%2C70&ssl=1","contentUrl":"https:\/\/i0.wp.com\/maksyboats.com\/wpm\/wp-content\/uploads\/2020\/05\/maksyboats-boat-hire-2020.png?fit=350%2C70&ssl=1","width":350,"height":70,"caption":"MaksyBoats Boat Hire Mallorca"},"image":{"@id":"https:\/\/maksyboats.com\/#\/schema\/logo\/image\/"},"sameAs":["https:\/\/www.facebook.com\/maksyboats\/","https:\/\/x.com\/maksyboats","https:\/\/www.instagram.com\/maksyboats\/"]}]}},"jetpack_sharing_enabled":true,"_links":{"self":[{"href":"https:\/\/maksyboats.com\/es\/wp-json\/wp\/v2\/pages\/11756","targetHints":{"allow":["GET"]}}],"collection":[{"href":"https:\/\/maksyboats.com\/es\/wp-json\/wp\/v2\/pages"}],"about":[{"href":"https:\/\/maksyboats.com\/es\/wp-json\/wp\/v2\/types\/page"}],"author":[{"embeddable":true,"href":"https:\/\/maksyboats.com\/es\/wp-json\/wp\/v2\/users\/1"}],"replies":[{"embeddable":true,"href":"https:\/\/maksyboats.com\/es\/wp-json\/wp\/v2\/comments?post=11756"}],"version-history":[{"count":0,"href":"https:\/\/maksyboats.com\/es\/wp-json\/wp\/v2\/pages\/11756\/revisions"}],"wp:featuredmedia":[{"embeddable":true,"href":"https:\/\/maksyboats.com\/es\/wp-json\/wp\/v2\/media\/12851"}],"wp:attachment":[{"href":"https:\/\/maksyboats.com\/es\/wp-json\/wp\/v2\/media?parent=11756"}],"wp:term":[{"taxonomy":"post_tag","embeddable":true,"href":"https:\/\/maksyboats.com\/es\/wp-json\/wp\/v2\/tags?post=11756"}],"curies":[{"name":"Gracias","href":"https:\/\/api.w.org\/{rel}","templated":true}]}}